{"id":1188,"date":"2020-06-03T15:13:18","date_gmt":"2020-06-03T15:13:18","guid":{"rendered":"https:\/\/guthardegg.at\/?page_id=1188"},"modified":"2026-03-30T14:34:39","modified_gmt":"2026-03-30T12:34:39","slug":"blog","status":"publish","type":"page","link":"https:\/\/guthardegg.at\/en\/blog\/","title":{"rendered":"Blog"},"content":{"rendered":"<div data-elementor-type=\"wp-page\" data-elementor-id=\"1188\" class=\"elementor elementor-1188\" data-elementor-post-type=\"page\">\n\t\t\t\t\t\t<section data-particle_enable=\"false\" data-particle-mobile-disabled=\"false\" class=\"elementor-section elementor-top-section elementor-element elementor-element-91690eb elementor-section-boxed elementor-section-height-default elementor-section-height-default\" data-id=\"91690eb\" data-element_type=\"section\">\n\t\t\t\t\t\t<div class=\"elementor-container elementor-column-gap-default\">\n\t\t\t\t\t<div class=\"elementor-column elementor-col-100 elementor-top-column elementor-element elementor-element-ad87dd3\" data-id=\"ad87dd3\" data-element_type=\"column\">\n\t\t\t<div class=\"elementor-widget-wrap elementor-element-populated\">\n\t\t\t\t\t\t<div class=\"elementor-element elementor-element-5d0edec elementor-widget__width-initial elementor-grid-3 elementor-grid-tablet-2 elementor-grid-mobile-1 elementor-posts--thumbnail-top elementor-widget elementor-widget-posts\" data-id=\"5d0edec\" data-element_type=\"widget\" data-settings=\"{&quot;pagination_type&quot;:&quot;numbers_and_prev_next&quot;,&quot;classic_columns&quot;:&quot;3&quot;,&quot;classic_columns_tablet&quot;:&quot;2&quot;,&quot;classic_columns_mobile&quot;:&quot;1&quot;,&quot;classic_row_gap&quot;:{&quot;unit&quot;:&quot;px&quot;,&quot;size&quot;:35,&quot;sizes&quot;:[]},&quot;classic_row_gap_tablet&quot;:{&quot;unit&quot;:&quot;px&quot;,&quot;size&quot;:&quot;&quot;,&quot;sizes&quot;:[]},&quot;classic_row_gap_mobile&quot;:{&quot;unit&quot;:&quot;px&quot;,&quot;size&quot;:&quot;&quot;,&quot;sizes&quot;:[]}}\" data-widget_type=\"posts.classic\">\n\t\t\t\t<div class=\"elementor-widget-container\">\n\t\t\t\t\t\t\t<div class=\"elementor-posts-container elementor-posts elementor-posts--skin-classic elementor-grid\">\n\t\t\t\t<article class=\"elementor-post elementor-grid-item post-8360 post type-post status-publish format-standard has-post-thumbnail hentry category-uncategorized category-veranstaltungen tag-embrizzo tag-verkostung tag-viognier tag-weingut-graf-hardegg tag-weintour-weinviertel\">\n\t\t\t\t<a class=\"elementor-post__thumbnail__link\" href=\"https:\/\/guthardegg.at\/en\/es-ist-wieder-soweit-weintour-weinviertel\/\" tabindex=\"-1\" >\n\t\t\t<div class=\"elementor-post__thumbnail\"><img fetchpriority=\"high\" decoding=\"async\" width=\"600\" height=\"600\" src=\"https:\/\/guthardegg.at\/wp-content\/uploads\/weintour_weinviertel_social_media_1080x1080px-600x600.jpg\" class=\"attachment-medium size-medium wp-image-8362\" alt=\"\" srcset=\"https:\/\/guthardegg.at\/wp-content\/uploads\/weintour_weinviertel_social_media_1080x1080px-600x600.jpg 600w, https:\/\/guthardegg.at\/wp-content\/uploads\/weintour_weinviertel_social_media_1080x1080px-360x360.jpg 360w, https:\/\/guthardegg.at\/wp-content\/uploads\/weintour_weinviertel_social_media_1080x1080px-768x768.jpg 768w, https:\/\/guthardegg.at\/wp-content\/uploads\/weintour_weinviertel_social_media_1080x1080px-12x12.jpg 12w, https:\/\/guthardegg.at\/wp-content\/uploads\/weintour_weinviertel_social_media_1080x1080px-100x100.jpg 100w, https:\/\/guthardegg.at\/wp-content\/uploads\/weintour_weinviertel_social_media_1080x1080px-64x64.jpg 64w, https:\/\/guthardegg.at\/wp-content\/uploads\/weintour_weinviertel_social_media_1080x1080px.jpg 1080w\" sizes=\"(max-width: 600px) 100vw, 600px\" \/><\/div>\n\t\t<\/a>\n\t\t\t\t<div class=\"elementor-post__text\">\n\t\t\t\t<h1 class=\"elementor-post__title\">\n\t\t\t<a href=\"https:\/\/guthardegg.at\/en\/es-ist-wieder-soweit-weintour-weinviertel\/\" >\n\t\t\t\tEs ist wieder soweit: die Weintour-Weinviertel erwartet Sie!\t\t\t<\/a>\n\t\t<\/h1>\n\t\t\t\t<div class=\"elementor-post__meta-data\">\n\t\t\t\t\t<span class=\"elementor-post-date\">\n\t\t\t27. March 2026\t\t<\/span>\n\t\t\t\t<span class=\"elementor-post-avatar\">\n\t\t\tNo Comments\t\t<\/span>\n\t\t\t\t<\/div>\n\t\t\t\t<div class=\"elementor-post__excerpt\">\n\t\t\t<p>WEINTOUR-WEINVIERTEL \u2013 Sa. 11. &amp; So. 12. Apriljeweils von 10 bis 19 Uhr Das Weingut Graf Hardegg l\u00e4dt herzlich ein! Freuen Sie sich bei entspannter Fr\u00fchlingsstimmung auf tolle Wein-&amp; Sektverkostungen und vorallem auf ein Kennenlernen unserer hochgelobten EMBRIZZO-Getr\u00e4nke! BRANDNEU: EMBRIZZO Sparkling Tea &#8211; in zwei Geschmacksrichtungen \u2013 F\u00fchrung durch unseren wundersch\u00f6nen 400 Jahre alten Hofkeller\u2060\u2013 Verkostung unseres legend\u00e4ren VIOGNIER inklusive [&#8230;]<\/p>\n\t\t<\/div>\n\t\t\n\t\t<a class=\"elementor-post__read-more\" href=\"https:\/\/guthardegg.at\/en\/es-ist-wieder-soweit-weintour-weinviertel\/\" aria-label=\"Read more about Es ist wieder soweit: die Weintour-Weinviertel erwartet Sie!\" tabindex=\"-1\" >\n\t\t\tRead More \u00bb\t\t<\/a>\n\n\t\t\t\t<\/div>\n\t\t\t\t<\/article>\n\t\t\t\t<article class=\"elementor-post elementor-grid-item post-8188 post type-post status-publish format-standard has-post-thumbnail hentry category-uncategorized tag-embrizzo tag-gold-und-silbe tag-gut-hardegg tag-internationale-medaillen tag-traubenkombuche\">\n\t\t\t\t<a class=\"elementor-post__thumbnail__link\" href=\"https:\/\/guthardegg.at\/en\/internationales-gold-und-silber-fuer-embrizzo\/\" tabindex=\"-1\" >\n\t\t\t<div class=\"elementor-post__thumbnail\"><img decoding=\"async\" width=\"600\" height=\"426\" src=\"https:\/\/guthardegg.at\/wp-content\/uploads\/embrizzo_traubenkombucha_hibiskus_hagebutte_und_zitronenmelisse_holunderblueten-medaillen-600x426.jpg\" class=\"attachment-medium size-medium wp-image-8180\" alt=\"\" srcset=\"https:\/\/guthardegg.at\/wp-content\/uploads\/embrizzo_traubenkombucha_hibiskus_hagebutte_und_zitronenmelisse_holunderblueten-medaillen-600x426.jpg 600w, https:\/\/guthardegg.at\/wp-content\/uploads\/embrizzo_traubenkombucha_hibiskus_hagebutte_und_zitronenmelisse_holunderblueten-medaillen-768x545.jpg 768w, https:\/\/guthardegg.at\/wp-content\/uploads\/embrizzo_traubenkombucha_hibiskus_hagebutte_und_zitronenmelisse_holunderblueten-medaillen-18x12.jpg 18w, https:\/\/guthardegg.at\/wp-content\/uploads\/embrizzo_traubenkombucha_hibiskus_hagebutte_und_zitronenmelisse_holunderblueten-medaillen-64x45.jpg 64w, https:\/\/guthardegg.at\/wp-content\/uploads\/embrizzo_traubenkombucha_hibiskus_hagebutte_und_zitronenmelisse_holunderblueten-medaillen.jpg 1280w\" sizes=\"(max-width: 600px) 100vw, 600px\" \/><\/div>\n\t\t<\/a>\n\t\t\t\t<div class=\"elementor-post__text\">\n\t\t\t\t<h1 class=\"elementor-post__title\">\n\t\t\t<a href=\"https:\/\/guthardegg.at\/en\/internationales-gold-und-silber-fuer-embrizzo\/\" >\n\t\t\t\tInternationales Gold und Silber f\u00fcr EMBRIZZO\t\t\t<\/a>\n\t\t<\/h1>\n\t\t\t\t<div class=\"elementor-post__meta-data\">\n\t\t\t\t\t<span class=\"elementor-post-date\">\n\t\t\t26. March 2026\t\t<\/span>\n\t\t\t\t<span class=\"elementor-post-avatar\">\n\t\t\tNo Comments\t\t<\/span>\n\t\t\t\t<\/div>\n\t\t\t\t<div class=\"elementor-post__excerpt\">\n\t\t\t<p>Internationales Gold und Silber f\u00fcr Traubenkombucha aus dem n\u00f6rdlichen Weinviertel Seit 2025 produzieren wir unter unserer Premium-Marke Graf Hardegg den&nbsp;alkoholfreien EMBRIZZO&nbsp;in zwei Sorten und haben damit von Beginn an f\u00fcr Aufsehen am heimischen Markt gesorgt. Nun wurde die Sorte Zitronenmelisse &amp; Holunderbl\u00fcten vom britischen Fachmagazin The Drinks Business mit einer Goldmedaille ausgezeichnet, die Sorte Hibiskus &amp; Hagebutte erhielt eine Silbermedaille [&#8230;]<\/p>\n\t\t<\/div>\n\t\t\n\t\t<a class=\"elementor-post__read-more\" href=\"https:\/\/guthardegg.at\/en\/internationales-gold-und-silber-fuer-embrizzo\/\" aria-label=\"Read more about Internationales Gold und Silber f\u00fcr EMBRIZZO\" tabindex=\"-1\" >\n\t\t\tRead More \u00bb\t\t<\/a>\n\n\t\t\t\t<\/div>\n\t\t\t\t<\/article>\n\t\t\t\t<article class=\"elementor-post elementor-grid-item post-8374 post type-post status-publish format-standard has-post-thumbnail hentry category-uncategorized tag-gut-hardegg tag-schweinehaltung tag-tierwohl tag-zukunft-tierhaltung\">\n\t\t\t\t<a class=\"elementor-post__thumbnail__link\" href=\"https:\/\/guthardegg.at\/en\/neueste-ki-unterstuetzung-fuer-noch-mehr-tierwohl-mona-die-digitale-stallassistenz\/\" tabindex=\"-1\" >\n\t\t\t<div class=\"elementor-post__thumbnail\"><img decoding=\"async\" width=\"586\" height=\"600\" src=\"https:\/\/guthardegg.at\/wp-content\/uploads\/guthardegg_stall_2026_02A-586x600.jpg\" class=\"attachment-medium size-medium wp-image-8378\" alt=\"\" srcset=\"https:\/\/guthardegg.at\/wp-content\/uploads\/guthardegg_stall_2026_02A-586x600.jpg 586w, https:\/\/guthardegg.at\/wp-content\/uploads\/guthardegg_stall_2026_02A-768x787.jpg 768w, https:\/\/guthardegg.at\/wp-content\/uploads\/guthardegg_stall_2026_02A-12x12.jpg 12w, https:\/\/guthardegg.at\/wp-content\/uploads\/guthardegg_stall_2026_02A-600x615.jpg 600w, https:\/\/guthardegg.at\/wp-content\/uploads\/guthardegg_stall_2026_02A-64x66.jpg 64w, https:\/\/guthardegg.at\/wp-content\/uploads\/guthardegg_stall_2026_02A.jpg 900w\" sizes=\"(max-width: 586px) 100vw, 586px\" \/><\/div>\n\t\t<\/a>\n\t\t\t\t<div class=\"elementor-post__text\">\n\t\t\t\t<h1 class=\"elementor-post__title\">\n\t\t\t<a href=\"https:\/\/guthardegg.at\/en\/neueste-ki-unterstuetzung-fuer-noch-mehr-tierwohl-mona-die-digitale-stallassistenz\/\" >\n\t\t\t\tNeueste KI-Unterst\u00fctzung f\u00fcr noch mehr Tierwohl: \u201eMona\u201c &#8211;  die digitale Stallassistenz\t\t\t<\/a>\n\t\t<\/h1>\n\t\t\t\t<div class=\"elementor-post__meta-data\">\n\t\t\t\t\t<span class=\"elementor-post-date\">\n\t\t\t26. March 2026\t\t<\/span>\n\t\t\t\t<span class=\"elementor-post-avatar\">\n\t\t\tNo Comments\t\t<\/span>\n\t\t\t\t<\/div>\n\t\t\t\t<div class=\"elementor-post__excerpt\">\n\t\t\t<p>Zukunft Tierhaltung auf Gut Hardegg Gut Hardegg setzt auf Daten, Fakten, Transparenz und Technologie \u2013 und geht bewusst \u00fcber das gesetzlich Geforderte, n\u00e4mlich eine Tierhaltung per Schablone, hinaus. Wir starten durch! Unser Blick ist ganz nach vorne gerichtet, auf unsere Arbeit und das Wohl unserer Tiere, das stets den h\u00f6chsten Stellenwert hat. F\u00fcr uns sind Landwirtschaft und Tierhaltung eine Frage [&#8230;]<\/p>\n\t\t<\/div>\n\t\t\n\t\t<a class=\"elementor-post__read-more\" href=\"https:\/\/guthardegg.at\/en\/neueste-ki-unterstuetzung-fuer-noch-mehr-tierwohl-mona-die-digitale-stallassistenz\/\" aria-label=\"Read more about Neueste KI-Unterst\u00fctzung f\u00fcr noch mehr Tierwohl: \u201eMona\u201c &#8211;  die digitale Stallassistenz\" tabindex=\"-1\" >\n\t\t\tRead More \u00bb\t\t<\/a>\n\n\t\t\t\t<\/div>\n\t\t\t\t<\/article>\n\t\t\t\t<article class=\"elementor-post elementor-grid-item post-8137 post type-post status-publish format-standard has-post-thumbnail hentry category-uncategorized category-veranstaltungen tag-artenvielfalt tag-big-farmland-bird-count tag-gewinne tag-gewinnspiel tag-gut-hardegg tag-kiebitz tag-singvoegel tag-verlosung tag-vogelzaehlung\">\n\t\t\t\t<a class=\"elementor-post__thumbnail__link\" href=\"https:\/\/guthardegg.at\/en\/singvogelzaehlung-2026\/\" tabindex=\"-1\" >\n\t\t\t<div class=\"elementor-post__thumbnail\"><img loading=\"lazy\" decoding=\"async\" width=\"600\" height=\"360\" src=\"https:\/\/guthardegg.at\/wp-content\/uploads\/GH26_Print_Vogelzaehlung_150x90mm_300dpi_20250112-600x360.jpg\" class=\"attachment-medium size-medium wp-image-8135\" alt=\"\" srcset=\"https:\/\/guthardegg.at\/wp-content\/uploads\/GH26_Print_Vogelzaehlung_150x90mm_300dpi_20250112-600x360.jpg 600w, https:\/\/guthardegg.at\/wp-content\/uploads\/GH26_Print_Vogelzaehlung_150x90mm_300dpi_20250112-1440x864.jpg 1440w, https:\/\/guthardegg.at\/wp-content\/uploads\/GH26_Print_Vogelzaehlung_150x90mm_300dpi_20250112-768x461.jpg 768w, https:\/\/guthardegg.at\/wp-content\/uploads\/GH26_Print_Vogelzaehlung_150x90mm_300dpi_20250112-1536x921.jpg 1536w, https:\/\/guthardegg.at\/wp-content\/uploads\/GH26_Print_Vogelzaehlung_150x90mm_300dpi_20250112-18x12.jpg 18w, https:\/\/guthardegg.at\/wp-content\/uploads\/GH26_Print_Vogelzaehlung_150x90mm_300dpi_20250112-64x38.jpg 64w, https:\/\/guthardegg.at\/wp-content\/uploads\/GH26_Print_Vogelzaehlung_150x90mm_300dpi_20250112.jpg 1772w\" sizes=\"(max-width: 600px) 100vw, 600px\" \/><\/div>\n\t\t<\/a>\n\t\t\t\t<div class=\"elementor-post__text\">\n\t\t\t\t<h1 class=\"elementor-post__title\">\n\t\t\t<a href=\"https:\/\/guthardegg.at\/en\/singvogelzaehlung-2026\/\" >\n\t\t\t\tSingvogelz\u00e4hlung 2026\t\t\t<\/a>\n\t\t<\/h1>\n\t\t\t\t<div class=\"elementor-post__meta-data\">\n\t\t\t\t\t<span class=\"elementor-post-date\">\n\t\t\t13. January 2026\t\t<\/span>\n\t\t\t\t<span class=\"elementor-post-avatar\">\n\t\t\tNo Comments\t\t<\/span>\n\t\t\t\t<\/div>\n\t\t\t\t<div class=\"elementor-post__excerpt\">\n\t\t\t<p>Amsel, Drossel, Fink und Kiebitz, unsere V\u00f6gel z\u00e4hlen auf dich! Gut Hardegg Vogelz\u00e4hlung vom 6. bis 22. Februar Gut Hardegg l\u00e4dt ein: Gemeinsam mit dem britischen Game And Wildlife Conservation Trust und Game Conservancy Deutschland bittet Gut Hardegg im Februar wieder zur j\u00e4hrlichen europaweiten Sing- und Feldvogelz\u00e4hlung \u201eBig Farmland Bird Count\u201c. Mitmachen k\u00f6nnen alle, die sich f\u00fcr den Schutz unserer [&#8230;]<\/p>\n\t\t<\/div>\n\t\t\n\t\t<a class=\"elementor-post__read-more\" href=\"https:\/\/guthardegg.at\/en\/singvogelzaehlung-2026\/\" aria-label=\"Read more about Singvogelz\u00e4hlung 2026\" tabindex=\"-1\" >\n\t\t\tRead More \u00bb\t\t<\/a>\n\n\t\t\t\t<\/div>\n\t\t\t\t<\/article>\n\t\t\t\t<article class=\"elementor-post elementor-grid-item post-8251 post type-post status-publish format-standard has-post-thumbnail hentry category-uncategorized tag-gut-hardegg tag-schweinehaltung tag-tierwohl tag-zukunft-tierhaltung\">\n\t\t\t\t<a class=\"elementor-post__thumbnail__link\" href=\"https:\/\/guthardegg.at\/en\/gute-zukunft-fuer-unsere-schweine\/\" tabindex=\"-1\" >\n\t\t\t<div class=\"elementor-post__thumbnail\"><img loading=\"lazy\" decoding=\"async\" width=\"600\" height=\"426\" src=\"https:\/\/guthardegg.at\/wp-content\/uploads\/interview-dr-hesse-600x426.jpg\" class=\"attachment-medium size-medium wp-image-8213\" alt=\"\" srcset=\"https:\/\/guthardegg.at\/wp-content\/uploads\/interview-dr-hesse-600x426.jpg 600w, https:\/\/guthardegg.at\/wp-content\/uploads\/interview-dr-hesse-768x545.jpg 768w, https:\/\/guthardegg.at\/wp-content\/uploads\/interview-dr-hesse-18x12.jpg 18w, https:\/\/guthardegg.at\/wp-content\/uploads\/interview-dr-hesse-64x45.jpg 64w, https:\/\/guthardegg.at\/wp-content\/uploads\/interview-dr-hesse.jpg 800w\" sizes=\"(max-width: 600px) 100vw, 600px\" \/><\/div>\n\t\t<\/a>\n\t\t\t\t<div class=\"elementor-post__text\">\n\t\t\t\t<h1 class=\"elementor-post__title\">\n\t\t\t<a href=\"https:\/\/guthardegg.at\/en\/gute-zukunft-fuer-unsere-schweine\/\" >\n\t\t\t\tGute Zukunft f\u00fcr unsere Schweine\t\t\t<\/a>\n\t\t<\/h1>\n\t\t\t\t<div class=\"elementor-post__meta-data\">\n\t\t\t\t\t<span class=\"elementor-post-date\">\n\t\t\t10. January 2026\t\t<\/span>\n\t\t\t\t<span class=\"elementor-post-avatar\">\n\t\t\tNo Comments\t\t<\/span>\n\t\t\t\t<\/div>\n\t\t\t\t<div class=\"elementor-post__excerpt\">\n\t\t\t<p>Zukunft Tierhaltung auf Gut Hardegg Tierwohlexperte Dr. Dirk Hesse zu Besuch bei Maximilian Hardegg in Seefeld-Kadolz. Dr. Dirk Hesse, deutscher Experte f\u00fcr Tierwohl und Schweinehaltung, wurde eingeladen, unsere St\u00e4lle pers\u00f6nlich zu begutachten. Ziel ist es, im Sinne neuester wissenschaftlicher Erkenntnisse und der nat\u00fcrlichen Bed\u00fcrfnisse der Tiere, die Schweinehaltung kontinuierlich zu verbessern. Aber sehen Sie selbst im Gespr\u00e4ch mit Maximilian Hardegg [&#8230;]<\/p>\n\t\t<\/div>\n\t\t\n\t\t<a class=\"elementor-post__read-more\" href=\"https:\/\/guthardegg.at\/en\/gute-zukunft-fuer-unsere-schweine\/\" aria-label=\"Read more about Gute Zukunft f\u00fcr unsere Schweine\" tabindex=\"-1\" >\n\t\t\tRead More \u00bb\t\t<\/a>\n\n\t\t\t\t<\/div>\n\t\t\t\t<\/article>\n\t\t\t\t<article class=\"elementor-post elementor-grid-item post-8080 post type-post status-publish format-standard has-post-thumbnail hentry category-uncategorized\">\n\t\t\t\t<a class=\"elementor-post__thumbnail__link\" href=\"https:\/\/guthardegg.at\/en\/2025-ein-guter-flow-fuer-unser-weingut\/\" tabindex=\"-1\" >\n\t\t\t<div class=\"elementor-post__thumbnail\"><img loading=\"lazy\" decoding=\"async\" width=\"600\" height=\"347\" src=\"https:\/\/guthardegg.at\/wp-content\/uploads\/james-suckling-overview-600x347.jpg\" class=\"attachment-medium size-medium wp-image-8097\" alt=\"\" srcset=\"https:\/\/guthardegg.at\/wp-content\/uploads\/james-suckling-overview-600x347.jpg 600w, https:\/\/guthardegg.at\/wp-content\/uploads\/james-suckling-overview-1440x833.jpg 1440w, https:\/\/guthardegg.at\/wp-content\/uploads\/james-suckling-overview-768x444.jpg 768w, https:\/\/guthardegg.at\/wp-content\/uploads\/james-suckling-overview-18x10.jpg 18w, https:\/\/guthardegg.at\/wp-content\/uploads\/james-suckling-overview-64x37.jpg 64w, https:\/\/guthardegg.at\/wp-content\/uploads\/james-suckling-overview.jpg 1452w\" sizes=\"(max-width: 600px) 100vw, 600px\" \/><\/div>\n\t\t<\/a>\n\t\t\t\t<div class=\"elementor-post__text\">\n\t\t\t\t<h1 class=\"elementor-post__title\">\n\t\t\t<a href=\"https:\/\/guthardegg.at\/en\/2025-ein-guter-flow-fuer-unser-weingut\/\" >\n\t\t\t\t2025 \u2013 ein guter Flow f\u00fcr unser Weingut!\t\t\t<\/a>\n\t\t<\/h1>\n\t\t\t\t<div class=\"elementor-post__meta-data\">\n\t\t\t\t\t<span class=\"elementor-post-date\">\n\t\t\t13. December 2025\t\t<\/span>\n\t\t\t\t<span class=\"elementor-post-avatar\">\n\t\t\tNo Comments\t\t<\/span>\n\t\t\t\t<\/div>\n\t\t\t\t<div class=\"elementor-post__excerpt\">\n\t\t\t<p>Jede Menge nationale und internationale Top-Bewertungen f\u00fcr unser Weingut Graf Hardegg. Die konsequente biologisch-organische Bewirtschaftung seit 2006, Kreislaufwirtschaft und der seit jeher exklusive Sortenspiegel machen sich bezahlt. Langer Atem lohnt sich &#8230; \ud83d\ude09\u00a0 Aber sehen Sie selbst:<\/p>\n\t\t<\/div>\n\t\t\n\t\t<a class=\"elementor-post__read-more\" href=\"https:\/\/guthardegg.at\/en\/2025-ein-guter-flow-fuer-unser-weingut\/\" aria-label=\"Read more about 2025 \u2013 ein guter Flow f\u00fcr unser Weingut!\" tabindex=\"-1\" >\n\t\t\tRead More \u00bb\t\t<\/a>\n\n\t\t\t\t<\/div>\n\t\t\t\t<\/article>\n\t\t\t\t<\/div>\n\t\t\n\t\t\t\t<div class=\"e-load-more-anchor\" data-page=\"1\" data-max-page=\"14\" data-next-page=\"https:\/\/guthardegg.at\/en\/wp-json\/wp\/v2\/pages\/1188\/page\/2\/\"><\/div>\n\t\t\t\t<nav class=\"elementor-pagination\" aria-label=\"Pagination\">\n\t\t\t<span class=\"page-numbers prev\">&laquo; Previous<\/span>\n<span aria-current=\"page\" class=\"page-numbers current\"><span class=\"elementor-screen-only\">Page<\/span>1<\/span>\n<a class=\"page-numbers\" href=\"https:\/\/guthardegg.at\/en\/wp-json\/wp\/v2\/pages\/1188\/page\/2\/\"><span class=\"elementor-screen-only\">Page<\/span>2<\/a>\n<a class=\"page-numbers\" href=\"https:\/\/guthardegg.at\/en\/wp-json\/wp\/v2\/pages\/1188\/page\/3\/\"><span class=\"elementor-screen-only\">Page<\/span>3<\/a>\n<a class=\"page-numbers\" href=\"https:\/\/guthardegg.at\/en\/wp-json\/wp\/v2\/pages\/1188\/page\/4\/\"><span class=\"elementor-screen-only\">Page<\/span>4<\/a>\n<a class=\"page-numbers\" href=\"https:\/\/guthardegg.at\/en\/wp-json\/wp\/v2\/pages\/1188\/page\/5\/\"><span class=\"elementor-screen-only\">Page<\/span>5<\/a>\n<a class=\"page-numbers next\" href=\"https:\/\/guthardegg.at\/en\/wp-json\/wp\/v2\/pages\/1188\/page\/2\/\">Next &raquo;<\/a>\t\t<\/nav>\n\t\t\t\t\t\t<\/div>\n\t\t\t\t<\/div>\n\t\t\t\t\t<\/div>\n\t\t<\/div>\n\t\t\t\t\t<\/div>\n\t\t<\/section>\n\t\t\t\t<\/div>","protected":false},"excerpt":{"rendered":"","protected":false},"author":1810,"featured_media":0,"parent":0,"menu_order":0,"comment_status":"closed","ping_status":"closed","template":"","meta":{"_acf_changed":false,"footnotes":""},"class_list":["post-1188","page","type-page","status-publish","hentry"],"acf":[],"yoast_head":"<!-- This site is optimized with the Yoast SEO plugin v24.8.1 - https:\/\/yoast.com\/wordpress\/plugins\/seo\/ -->\n<title>Blog - Gut Hardegg<\/title>\n<meta name=\"robots\" content=\"index, follow, max-snippet:-1, max-image-preview:large, max-video-preview:-1\" \/>\n<link rel=\"canonical\" href=\"https:\/\/guthardegg.at\/en\/blog\/\" \/>\n<meta property=\"og:locale\" content=\"en_US\" \/>\n<meta property=\"og:type\" content=\"article\" \/>\n<meta property=\"og:title\" content=\"Blog - Gut Hardegg\" \/>\n<meta property=\"og:url\" content=\"https:\/\/guthardegg.at\/en\/blog\/\" \/>\n<meta property=\"og:site_name\" content=\"Gut Hardegg\" \/>\n<meta property=\"article:modified_time\" content=\"2026-03-30T12:34:39+00:00\" \/>\n<meta name=\"twitter:card\" content=\"summary_large_image\" \/>\n<meta name=\"twitter:label1\" content=\"Est. reading time\" \/>\n\t<meta name=\"twitter:data1\" content=\"5 minutes\" \/>\n<script type=\"application\/ld+json\" class=\"yoast-schema-graph\">{\"@context\":\"https:\/\/schema.org\",\"@graph\":[{\"@type\":\"WebPage\",\"@id\":\"https:\/\/guthardegg.at\/blog\/\",\"url\":\"https:\/\/guthardegg.at\/blog\/\",\"name\":\"Blog - Gut Hardegg\",\"isPartOf\":{\"@id\":\"https:\/\/guthardegg.at\/#website\"},\"datePublished\":\"2020-06-03T15:13:18+00:00\",\"dateModified\":\"2026-03-30T12:34:39+00:00\",\"breadcrumb\":{\"@id\":\"https:\/\/guthardegg.at\/blog\/#breadcrumb\"},\"inLanguage\":\"en-US\",\"potentialAction\":[{\"@type\":\"ReadAction\",\"target\":[\"https:\/\/guthardegg.at\/blog\/\"]}]},{\"@type\":\"BreadcrumbList\",\"@id\":\"https:\/\/guthardegg.at\/blog\/#breadcrumb\",\"itemListElement\":[{\"@type\":\"ListItem\",\"position\":1,\"name\":\"gut hardegg\",\"item\":\"https:\/\/guthardegg.at\/\"},{\"@type\":\"ListItem\",\"position\":2,\"name\":\"Blog\"}]},{\"@type\":\"WebSite\",\"@id\":\"https:\/\/guthardegg.at\/#website\",\"url\":\"https:\/\/guthardegg.at\/\",\"name\":\"Gut Hardegg\",\"description\":\"Gelebte Artenvielfalt\",\"publisher\":{\"@id\":\"https:\/\/guthardegg.at\/#organization\"},\"potentialAction\":[{\"@type\":\"SearchAction\",\"target\":{\"@type\":\"EntryPoint\",\"urlTemplate\":\"https:\/\/guthardegg.at\/?s={search_term_string}\"},\"query-input\":{\"@type\":\"PropertyValueSpecification\",\"valueRequired\":true,\"valueName\":\"search_term_string\"}}],\"inLanguage\":\"en-US\"},{\"@type\":\"Organization\",\"@id\":\"https:\/\/guthardegg.at\/#organization\",\"name\":\"Gut Hardegg\",\"url\":\"https:\/\/guthardegg.at\/\",\"logo\":{\"@type\":\"ImageObject\",\"inLanguage\":\"en-US\",\"@id\":\"https:\/\/guthardegg.at\/#\/schema\/logo\/image\/\",\"url\":\"https:\/\/guthardegg.at\/wp-content\/uploads\/2020\/05\/Gut-Hardegg-logo.png\",\"contentUrl\":\"https:\/\/guthardegg.at\/wp-content\/uploads\/2020\/05\/Gut-Hardegg-logo.png\",\"width\":945,\"height\":560,\"caption\":\"Gut Hardegg\"},\"image\":{\"@id\":\"https:\/\/guthardegg.at\/#\/schema\/logo\/image\/\"}}]}<\/script>\n<!-- \/ Yoast SEO plugin. -->","yoast_head_json":{"title":"Blog - Gut Hardegg","robots":{"index":"index","follow":"follow","max-snippet":"max-snippet:-1","max-image-preview":"max-image-preview:large","max-video-preview":"max-video-preview:-1"},"canonical":"https:\/\/guthardegg.at\/en\/blog\/","og_locale":"en_US","og_type":"article","og_title":"Blog - Gut Hardegg","og_url":"https:\/\/guthardegg.at\/en\/blog\/","og_site_name":"Gut Hardegg","article_modified_time":"2026-03-30T12:34:39+00:00","twitter_card":"summary_large_image","twitter_misc":{"Est. reading time":"5 minutes"},"schema":{"@context":"https:\/\/schema.org","@graph":[{"@type":"WebPage","@id":"https:\/\/guthardegg.at\/blog\/","url":"https:\/\/guthardegg.at\/blog\/","name":"Blog - Gut Hardegg","isPartOf":{"@id":"https:\/\/guthardegg.at\/#website"},"datePublished":"2020-06-03T15:13:18+00:00","dateModified":"2026-03-30T12:34:39+00:00","breadcrumb":{"@id":"https:\/\/guthardegg.at\/blog\/#breadcrumb"},"inLanguage":"en-US","potentialAction":[{"@type":"ReadAction","target":["https:\/\/guthardegg.at\/blog\/"]}]},{"@type":"BreadcrumbList","@id":"https:\/\/guthardegg.at\/blog\/#breadcrumb","itemListElement":[{"@type":"ListItem","position":1,"name":"gut hardegg","item":"https:\/\/guthardegg.at\/"},{"@type":"ListItem","position":2,"name":"Blog"}]},{"@type":"WebSite","@id":"https:\/\/guthardegg.at\/#website","url":"https:\/\/guthardegg.at\/","name":"Gut Hardegg","description":"Gelebte Artenvielfalt","publisher":{"@id":"https:\/\/guthardegg.at\/#organization"},"potentialAction":[{"@type":"SearchAction","target":{"@type":"EntryPoint","urlTemplate":"https:\/\/guthardegg.at\/?s={search_term_string}"},"query-input":{"@type":"PropertyValueSpecification","valueRequired":true,"valueName":"search_term_string"}}],"inLanguage":"en-US"},{"@type":"Organization","@id":"https:\/\/guthardegg.at\/#organization","name":"Gut Hardegg","url":"https:\/\/guthardegg.at\/","logo":{"@type":"ImageObject","inLanguage":"en-US","@id":"https:\/\/guthardegg.at\/#\/schema\/logo\/image\/","url":"https:\/\/guthardegg.at\/wp-content\/uploads\/2020\/05\/Gut-Hardegg-logo.png","contentUrl":"https:\/\/guthardegg.at\/wp-content\/uploads\/2020\/05\/Gut-Hardegg-logo.png","width":945,"height":560,"caption":"Gut Hardegg"},"image":{"@id":"https:\/\/guthardegg.at\/#\/schema\/logo\/image\/"}}]}},"_links":{"self":[{"href":"https:\/\/guthardegg.at\/en\/wp-json\/wp\/v2\/pages\/1188","targetHints":{"allow":["GET"]}}],"collection":[{"href":"https:\/\/guthardegg.at\/en\/wp-json\/wp\/v2\/pages"}],"about":[{"href":"https:\/\/guthardegg.at\/en\/wp-json\/wp\/v2\/types\/page"}],"author":[{"embeddable":true,"href":"https:\/\/guthardegg.at\/en\/wp-json\/wp\/v2\/users\/1810"}],"replies":[{"embeddable":true,"href":"https:\/\/guthardegg.at\/en\/wp-json\/wp\/v2\/comments?post=1188"}],"version-history":[{"count":11,"href":"https:\/\/guthardegg.at\/en\/wp-json\/wp\/v2\/pages\/1188\/revisions"}],"predecessor-version":[{"id":8474,"href":"https:\/\/guthardegg.at\/en\/wp-json\/wp\/v2\/pages\/1188\/revisions\/8474"}],"wp:attachment":[{"href":"https:\/\/guthardegg.at\/en\/wp-json\/wp\/v2\/media?parent=1188"}],"curies":[{"name":"wp","href":"https:\/\/api.w.org\/{rel}","templated":true}]}}