{"id":3163,"date":"2020-07-20T10:36:07","date_gmt":"2020-07-20T08:36:07","guid":{"rendered":"https:\/\/guthardegg.at\/?page_id=3163"},"modified":"2025-04-01T16:32:38","modified_gmt":"2025-04-01T14:32:38","slug":"impressum","status":"publish","type":"page","link":"https:\/\/guthardegg.at\/en\/impressum\/","title":{"rendered":"Impressum"},"content":{"rendered":"<div data-elementor-type=\"wp-post\" data-elementor-id=\"3163\" class=\"elementor elementor-3163\" data-elementor-post-type=\"page\">\n\t\t\t\t\t\t<section data-particle_enable=\"false\" data-particle-mobile-disabled=\"false\" class=\"elementor-section elementor-top-section elementor-element elementor-element-2c84f819 elementor-section-boxed elementor-section-height-default elementor-section-height-default\" data-id=\"2c84f819\" data-element_type=\"section\" data-settings=\"{&quot;background_background&quot;:&quot;classic&quot;}\">\n\t\t\t\t\t\t<div class=\"elementor-container elementor-column-gap-default\">\n\t\t\t\t\t<div class=\"elementor-column elementor-col-100 elementor-top-column elementor-element elementor-element-4d2f2932\" data-id=\"4d2f2932\" data-element_type=\"column\">\n\t\t\t<div class=\"elementor-widget-wrap elementor-element-populated\">\n\t\t\t\t\t\t<section data-particle_enable=\"false\" data-particle-mobile-disabled=\"false\" class=\"elementor-section elementor-inner-section elementor-element elementor-element-1c0e1748 elementor-section-boxed elementor-section-height-default elementor-section-height-default\" data-id=\"1c0e1748\" data-element_type=\"section\">\n\t\t\t\t\t\t<div class=\"elementor-container elementor-column-gap-default\">\n\t\t\t\t\t<div class=\"elementor-column elementor-col-100 elementor-inner-column elementor-element elementor-element-38b04aaf\" data-id=\"38b04aaf\" data-element_type=\"column\">\n\t\t\t<div class=\"elementor-widget-wrap elementor-element-populated\">\n\t\t\t\t\t\t<div class=\"elementor-element elementor-element-5fd4aa53 elementor-widget elementor-widget-heading\" data-id=\"5fd4aa53\" data-element_type=\"widget\" data-widget_type=\"heading.default\">\n\t\t\t\t<div class=\"elementor-widget-container\">\n\t\t\t\t\t<h2 class=\"elementor-heading-title elementor-size-default\">impressum<\/h2>\t\t\t\t<\/div>\n\t\t\t\t<\/div>\n\t\t\t\t<div class=\"elementor-element elementor-element-fc81564 elementor-widget elementor-widget-text-editor\" data-id=\"fc81564\" data-element_type=\"widget\" data-widget_type=\"text-editor.default\">\n\t\t\t\t<div class=\"elementor-widget-container\">\n\t\t\t\t\t\t\t\t\t<p style=\"text-align: center;\"><strong>Medieninhaber und f\u00fcr den Inhalt verantwortlich:<\/strong><b><br \/><\/b><\/p><p style=\"text-align: center;\"><b>GUT HARDEGG<\/b><br \/>Ladef\u00e4hige Anschrift:<br \/>Gro\u00dfkadolz 1, A-2062 Seefeld-Kadolz<\/p><p style=\"text-align: center;\">Eigent\u00fcmer: Dipl.-Ing. Maximilian Hardegg &#8211; Landwirt<br \/>Telefon: +43 (0)2943\/2203, Fax: +43 (0)2943\/2203\/10<br \/>E-Mail:\u00a0<a href=\"mailto:office@guthardegg.at\" target=\"_blank\" rel=\"noopener\">office@guthardegg.at<\/a><br \/>Web: www.guthardegg.at<\/p><p style=\"text-align: center;\">Kammerzugeh\u00f6rigkeit: N\u00d6 Landwirtschaftskammer<br \/>UID-Nr: ATU18096600<\/p>\t\t\t\t\t\t\t\t<\/div>\n\t\t\t\t<\/div>\n\t\t\t\t\t<\/div>\n\t\t<\/div>\n\t\t\t\t\t<\/div>\n\t\t<\/section>\n\t\t\t\t<section data-particle_enable=\"false\" data-particle-mobile-disabled=\"false\" class=\"elementor-section elementor-inner-section elementor-element elementor-element-44f3fb0e elementor-section-boxed elementor-section-height-default elementor-section-height-default\" data-id=\"44f3fb0e\" data-element_type=\"section\">\n\t\t\t\t\t\t<div class=\"elementor-container elementor-column-gap-default\">\n\t\t\t\t\t<div class=\"elementor-column elementor-col-50 elementor-inner-column elementor-element elementor-element-268580ab\" data-id=\"268580ab\" data-element_type=\"column\">\n\t\t\t<div class=\"elementor-widget-wrap elementor-element-populated\">\n\t\t\t\t\t\t<div class=\"elementor-element elementor-element-572a81ef elementor-widget elementor-widget-text-editor\" data-id=\"572a81ef\" data-element_type=\"widget\" data-widget_type=\"text-editor.default\">\n\t\t\t\t<div class=\"elementor-widget-container\">\n\t\t\t\t\t\t\t\t\t<p><b>Haftungsausschluss<br \/><\/b>Die Informationen auf dieser Website wurden von Gut Hardegg sorgf\u00e4ltig zusammengestellt, recherchiert und die technischen Services wurden bestm\u00f6glich programmiert. F\u00fcr dennoch auftretende Fehler kann keine Haftung \u00fcbernommen werden. Sollte Ihnen etwas auffallen, freuen wir uns \u00fcber Hinweise oder Verbesserungsvorschl\u00e4ge.<\/p><p>Unser Angebot enth\u00e4lt Links zu externen Webseiten Dritter. Auf die Inhalte, Datenschutzrichtlinien bzw. den Umgang mit geltenden Datenschutzregelungen der auf unserer Website verlinkten externen Seiten haben wir keinerlei Einfluss. Diese liegen ausschlie\u00dflich im Verantwortungsbereich der jeweiligen Eigent\u00fcmer, inhaltlich Verantwortlichen, Betreiber oder anderer. F\u00fcr fehlerhafte und unvollst\u00e4ndige Inhalte verlinkter Seiten haftet allein\u00a0der Anbieter.<\/p><p><b>Teilnahmebedingungen <\/b>an Gewinnspielen von Gut Hardegg: <a href=\"https:\/\/guthardegg.at\/en\/teilnahmebedingungen-gewinnspiel\/\">https:\/\/guthardegg.at\/teilnahmebedingungen-gewinnspiel\/<\/a><br \/><br \/><\/p>\t\t\t\t\t\t\t\t<\/div>\n\t\t\t\t<\/div>\n\t\t\t\t\t<\/div>\n\t\t<\/div>\n\t\t\t\t<div class=\"elementor-column elementor-col-50 elementor-inner-column elementor-element elementor-element-649c052d\" data-id=\"649c052d\" data-element_type=\"column\">\n\t\t\t<div class=\"elementor-widget-wrap elementor-element-populated\">\n\t\t\t\t\t\t<div class=\"elementor-element elementor-element-19ac0935 elementor-widget elementor-widget-text-editor\" data-id=\"19ac0935\" data-element_type=\"widget\" data-widget_type=\"text-editor.default\">\n\t\t\t\t<div class=\"elementor-widget-container\">\n\t\t\t\t\t\t\t\t\t<p><b>Copyright \u00a9&nbsp;<br><\/b>Das Layout und die Gestaltung des Online-Angebots sowie seiner einzelnen Elemente wie Bilder, Logos, Fotos, Filme und Videos usw. sind urheberrechtlich gesch\u00fctzt und d\u00fcrfen \u2013 wenn nicht ausdr\u00fccklich daf\u00fcr vorgesehen (Presse-Download, Share-Buttons etc.) oder gekennzeichnet \u2013 ohne schriftlicher Genehmigung durch Gut Hardegg oder seiner Partner weder vervielf\u00e4ltigt, noch verarbeitet oder verbreitet werden.<\/p>\n<p><strong>\u00a9 Vogelstimme<\/strong> Bluth\u00e4nfling (Header):<br><a href=\"https:\/\/de.wikipedia.org\/wiki\/Datei:Carduelis_cannabina_singing.flac\" target=\"_blank\" rel=\"noopener\">Nefronus, Wikipedia &#8211; Creative Commons<\/a><\/p>\n<p><strong>\u00a9 Bilder<\/strong> \u2013 soferne nicht explizit anders angegeben wurden die Nutzungsrechte von folgenden Fotografen\/Quellen durch Gut Hardegg erworben (alphabetisch): Klaus Fritsch, Robert A. Herbst, Philipp Horak, Robert Lehmann, privat, shutterstock.com.<\/p>\n<p><strong>\u00a9 Texte<\/strong> \u2013 Gut Hardegg &amp; Alexander Stock<\/p>\t\t\t\t\t\t\t\t<\/div>\n\t\t\t\t<\/div>\n\t\t\t\t\t<\/div>\n\t\t<\/div>\n\t\t\t\t\t<\/div>\n\t\t<\/section>\n\t\t\t\t<section data-particle_enable=\"false\" data-particle-mobile-disabled=\"false\" class=\"elementor-section elementor-inner-section elementor-element elementor-element-d97615b elementor-section-boxed elementor-section-height-default elementor-section-height-default\" data-id=\"d97615b\" data-element_type=\"section\">\n\t\t\t\t\t\t<div class=\"elementor-container elementor-column-gap-default\">\n\t\t\t\t\t<div class=\"elementor-column elementor-col-100 elementor-inner-column elementor-element elementor-element-17ccfa3\" data-id=\"17ccfa3\" data-element_type=\"column\">\n\t\t\t<div class=\"elementor-widget-wrap elementor-element-populated\">\n\t\t\t\t\t\t<div class=\"elementor-element elementor-element-45a16a0 elementor-widget elementor-widget-text-editor\" data-id=\"45a16a0\" data-element_type=\"widget\" data-widget_type=\"text-editor.default\">\n\t\t\t\t<div class=\"elementor-widget-container\">\n\t\t\t\t\t\t\t\t\t<p style=\"text-align: center;\"><strong>Konzept &amp; Design . Content<\/strong><br \/>Mag. Alexander Stock | B\u00fcro f\u00fcr Design &amp; Kommunikation<br \/><a href=\"\/en\/stockdesignoffice@gmail.com\/\" target=\"_blank\" rel=\"noopener\">stockdesignoffice[at]gmail.com<\/a><\/p><p style=\"text-align: center;\"><strong>Programmierung<\/strong><br \/>Ivan Dukic BA &amp; Team | Digitalfaktur Innsbruck<br \/><a href=\"https:\/\/www.digitalfaktur.com\/\" target=\"_blank\" rel=\"noopener\">www.digitalfaktur.com<\/a>\u00a0<\/p>\t\t\t\t\t\t\t\t<\/div>\n\t\t\t\t<\/div>\n\t\t\t\t\t<\/div>\n\t\t<\/div>\n\t\t\t\t\t<\/div>\n\t\t<\/section>\n\t\t\t\t\t<\/div>\n\t\t<\/div>\n\t\t\t\t\t<\/div>\n\t\t<\/section>\n\t\t\t\t<section data-particle_enable=\"false\" data-particle-mobile-disabled=\"false\" class=\"elementor-section elementor-top-section elementor-element elementor-element-ee3d9f0 elementor-section-boxed elementor-section-height-default elementor-section-height-default\" data-id=\"ee3d9f0\" data-element_type=\"section\">\n\t\t\t\t\t\t<div class=\"elementor-container elementor-column-gap-default\">\n\t\t\t\t\t<div class=\"elementor-column elementor-col-100 elementor-top-column elementor-element elementor-element-9833163\" data-id=\"9833163\" data-element_type=\"column\">\n\t\t\t<div class=\"elementor-widget-wrap elementor-element-populated\">\n\t\t\t\t\t\t<div class=\"elementor-element elementor-element-1526570 elementor-align-center elementor-widget elementor-widget-button\" data-id=\"1526570\" data-element_type=\"widget\" data-widget_type=\"button.default\">\n\t\t\t\t<div class=\"elementor-widget-container\">\n\t\t\t\t\t\t\t\t\t<div class=\"elementor-button-wrapper\">\n\t\t\t\t\t<a class=\"elementor-button elementor-button-link elementor-size-md\" href=\"\/en\/datenschutz\/\" target=\"_blank\">\n\t\t\t\t\t\t<span class=\"elementor-button-content-wrapper\">\n\t\t\t\t\t\t<span class=\"elementor-button-icon\">\n\t\t\t\t<i aria-hidden=\"true\" class=\"fas fa-info-circle\"><\/i>\t\t\t<\/span>\n\t\t\t\t\t\t\t\t\t<span class=\"elementor-button-text\">Datenschutzerkl\u00e4rung<\/span>\n\t\t\t\t\t<\/span>\n\t\t\t\t\t<\/a>\n\t\t\t\t<\/div>\n\t\t\t\t\t\t\t\t<\/div>\n\t\t\t\t<\/div>\n\t\t\t\t<div class=\"elementor-element elementor-element-c5dbdcb elementor-align-center elementor-widget elementor-widget-button\" data-id=\"c5dbdcb\" data-element_type=\"widget\" data-widget_type=\"button.default\">\n\t\t\t\t<div class=\"elementor-widget-container\">\n\t\t\t\t\t\t\t\t\t<div class=\"elementor-button-wrapper\">\n\t\t\t\t\t<a class=\"elementor-button elementor-button-link elementor-size-md\" href=\"\/en\/agb\/\" target=\"_blank\">\n\t\t\t\t\t\t<span class=\"elementor-button-content-wrapper\">\n\t\t\t\t\t\t<span class=\"elementor-button-icon\">\n\t\t\t\t<i aria-hidden=\"true\" class=\"fas fa-info-circle\"><\/i>\t\t\t<\/span>\n\t\t\t\t\t\t\t\t\t<span class=\"elementor-button-text\">GUT Hardegg - AGB<\/span>\n\t\t\t\t\t<\/span>\n\t\t\t\t\t<\/a>\n\t\t\t\t<\/div>\n\t\t\t\t\t\t\t\t<\/div>\n\t\t\t\t<\/div>\n\t\t\t\t\t<\/div>\n\t\t<\/div>\n\t\t\t\t\t<\/div>\n\t\t<\/section>\n\t\t\t\t<\/div>","protected":false},"excerpt":{"rendered":"<p>impressum Medieninhaber und f\u00fcr den Inhalt verantwortlich: GUT HARDEGGLadef\u00e4hige Anschrift:Gro\u00dfkadolz 1, A-2062 Seefeld-Kadolz Eigent\u00fcmer: Dipl.-Ing. Maximilian Hardegg &#8211; LandwirtTelefon: +43 (0)2943\/2203, Fax: +43 (0)2943\/2203\/10E-Mail:\u00a0office@guthardegg.atWeb: www.guthardegg.at Kammerzugeh\u00f6rigkeit: N\u00d6 LandwirtschaftskammerUID-Nr: ATU18096600 HaftungsausschlussDie Informationen auf dieser Website wurden von Gut Hardegg sorgf\u00e4ltig zusammengestellt, recherchiert und die technischen Services wurden bestm\u00f6glich programmiert. F\u00fcr dennoch auftretende Fehler kann keine Haftung [&#8230;]<\/p>","protected":false},"author":3,"featured_media":0,"parent":0,"menu_order":0,"comment_status":"closed","ping_status":"closed","template":"","meta":{"_acf_changed":false,"footnotes":""},"class_list":["post-3163","page","type-page","status-publish","hentry"],"acf":[],"yoast_head":"<!-- This site is optimized with the Yoast SEO plugin v24.8.1 - https:\/\/yoast.com\/wordpress\/plugins\/seo\/ -->\n<title>Impressum - Gut Hardegg<\/title>\n<meta name=\"robots\" content=\"index, follow, max-snippet:-1, max-image-preview:large, max-video-preview:-1\" \/>\n<link rel=\"canonical\" href=\"https:\/\/guthardegg.at\/en\/impressum\/\" \/>\n<meta property=\"og:locale\" content=\"en_US\" \/>\n<meta property=\"og:type\" content=\"article\" \/>\n<meta property=\"og:title\" content=\"Impressum - Gut Hardegg\" \/>\n<meta property=\"og:description\" content=\"impressum Medieninhaber und f\u00fcr den Inhalt verantwortlich: GUT HARDEGGLadef\u00e4hige Anschrift:Gro\u00dfkadolz 1, A-2062 Seefeld-Kadolz Eigent\u00fcmer: Dipl.-Ing. Maximilian Hardegg &#8211; LandwirtTelefon: +43 (0)2943\/2203, Fax: +43 (0)2943\/2203\/10E-Mail:\u00a0office@guthardegg.atWeb: www.guthardegg.at Kammerzugeh\u00f6rigkeit: N\u00d6 LandwirtschaftskammerUID-Nr: ATU18096600 HaftungsausschlussDie Informationen auf dieser Website wurden von Gut Hardegg sorgf\u00e4ltig zusammengestellt, recherchiert und die technischen Services wurden bestm\u00f6glich programmiert. F\u00fcr dennoch auftretende Fehler kann keine Haftung [...]\" \/>\n<meta property=\"og:url\" content=\"https:\/\/guthardegg.at\/en\/impressum\/\" \/>\n<meta property=\"og:site_name\" content=\"Gut Hardegg\" \/>\n<meta property=\"article:modified_time\" content=\"2025-04-01T14:32:38+00:00\" \/>\n<meta name=\"twitter:card\" content=\"summary_large_image\" \/>\n<meta name=\"twitter:label1\" content=\"Est. reading time\" \/>\n\t<meta name=\"twitter:data1\" content=\"2 minutes\" \/>\n<script type=\"application\/ld+json\" class=\"yoast-schema-graph\">{\"@context\":\"https:\/\/schema.org\",\"@graph\":[{\"@type\":\"WebPage\",\"@id\":\"https:\/\/guthardegg.at\/impressum\/\",\"url\":\"https:\/\/guthardegg.at\/impressum\/\",\"name\":\"Impressum - Gut Hardegg\",\"isPartOf\":{\"@id\":\"https:\/\/guthardegg.at\/#website\"},\"datePublished\":\"2020-07-20T08:36:07+00:00\",\"dateModified\":\"2025-04-01T14:32:38+00:00\",\"breadcrumb\":{\"@id\":\"https:\/\/guthardegg.at\/impressum\/#breadcrumb\"},\"inLanguage\":\"en-US\",\"potentialAction\":[{\"@type\":\"ReadAction\",\"target\":[\"https:\/\/guthardegg.at\/impressum\/\"]}]},{\"@type\":\"BreadcrumbList\",\"@id\":\"https:\/\/guthardegg.at\/impressum\/#breadcrumb\",\"itemListElement\":[{\"@type\":\"ListItem\",\"position\":1,\"name\":\"gut hardegg\",\"item\":\"https:\/\/guthardegg.at\/\"},{\"@type\":\"ListItem\",\"position\":2,\"name\":\"Impressum\"}]},{\"@type\":\"WebSite\",\"@id\":\"https:\/\/guthardegg.at\/#website\",\"url\":\"https:\/\/guthardegg.at\/\",\"name\":\"Gut Hardegg\",\"description\":\"Gelebte Artenvielfalt\",\"publisher\":{\"@id\":\"https:\/\/guthardegg.at\/#organization\"},\"potentialAction\":[{\"@type\":\"SearchAction\",\"target\":{\"@type\":\"EntryPoint\",\"urlTemplate\":\"https:\/\/guthardegg.at\/?s={search_term_string}\"},\"query-input\":{\"@type\":\"PropertyValueSpecification\",\"valueRequired\":true,\"valueName\":\"search_term_string\"}}],\"inLanguage\":\"en-US\"},{\"@type\":\"Organization\",\"@id\":\"https:\/\/guthardegg.at\/#organization\",\"name\":\"Gut Hardegg\",\"url\":\"https:\/\/guthardegg.at\/\",\"logo\":{\"@type\":\"ImageObject\",\"inLanguage\":\"en-US\",\"@id\":\"https:\/\/guthardegg.at\/#\/schema\/logo\/image\/\",\"url\":\"https:\/\/guthardegg.at\/wp-content\/uploads\/2020\/05\/Gut-Hardegg-logo.png\",\"contentUrl\":\"https:\/\/guthardegg.at\/wp-content\/uploads\/2020\/05\/Gut-Hardegg-logo.png\",\"width\":945,\"height\":560,\"caption\":\"Gut Hardegg\"},\"image\":{\"@id\":\"https:\/\/guthardegg.at\/#\/schema\/logo\/image\/\"}}]}<\/script>\n<!-- \/ Yoast SEO plugin. -->","yoast_head_json":{"title":"Impressum - Gut Hardegg","robots":{"index":"index","follow":"follow","max-snippet":"max-snippet:-1","max-image-preview":"max-image-preview:large","max-video-preview":"max-video-preview:-1"},"canonical":"https:\/\/guthardegg.at\/en\/impressum\/","og_locale":"en_US","og_type":"article","og_title":"Impressum - Gut Hardegg","og_description":"impressum Medieninhaber und f\u00fcr den Inhalt verantwortlich: GUT HARDEGGLadef\u00e4hige Anschrift:Gro\u00dfkadolz 1, A-2062 Seefeld-Kadolz Eigent\u00fcmer: Dipl.-Ing. Maximilian Hardegg &#8211; LandwirtTelefon: +43 (0)2943\/2203, Fax: +43 (0)2943\/2203\/10E-Mail:\u00a0office@guthardegg.atWeb: www.guthardegg.at Kammerzugeh\u00f6rigkeit: N\u00d6 LandwirtschaftskammerUID-Nr: ATU18096600 HaftungsausschlussDie Informationen auf dieser Website wurden von Gut Hardegg sorgf\u00e4ltig zusammengestellt, recherchiert und die technischen Services wurden bestm\u00f6glich programmiert. F\u00fcr dennoch auftretende Fehler kann keine Haftung [...]","og_url":"https:\/\/guthardegg.at\/en\/impressum\/","og_site_name":"Gut Hardegg","article_modified_time":"2025-04-01T14:32:38+00:00","twitter_card":"summary_large_image","twitter_misc":{"Est. reading time":"2 minutes"},"schema":{"@context":"https:\/\/schema.org","@graph":[{"@type":"WebPage","@id":"https:\/\/guthardegg.at\/impressum\/","url":"https:\/\/guthardegg.at\/impressum\/","name":"Impressum - Gut Hardegg","isPartOf":{"@id":"https:\/\/guthardegg.at\/#website"},"datePublished":"2020-07-20T08:36:07+00:00","dateModified":"2025-04-01T14:32:38+00:00","breadcrumb":{"@id":"https:\/\/guthardegg.at\/impressum\/#breadcrumb"},"inLanguage":"en-US","potentialAction":[{"@type":"ReadAction","target":["https:\/\/guthardegg.at\/impressum\/"]}]},{"@type":"BreadcrumbList","@id":"https:\/\/guthardegg.at\/impressum\/#breadcrumb","itemListElement":[{"@type":"ListItem","position":1,"name":"gut hardegg","item":"https:\/\/guthardegg.at\/"},{"@type":"ListItem","position":2,"name":"Impressum"}]},{"@type":"WebSite","@id":"https:\/\/guthardegg.at\/#website","url":"https:\/\/guthardegg.at\/","name":"Gut Hardegg","description":"Gelebte Artenvielfalt","publisher":{"@id":"https:\/\/guthardegg.at\/#organization"},"potentialAction":[{"@type":"SearchAction","target":{"@type":"EntryPoint","urlTemplate":"https:\/\/guthardegg.at\/?s={search_term_string}"},"query-input":{"@type":"PropertyValueSpecification","valueRequired":true,"valueName":"search_term_string"}}],"inLanguage":"en-US"},{"@type":"Organization","@id":"https:\/\/guthardegg.at\/#organization","name":"Gut Hardegg","url":"https:\/\/guthardegg.at\/","logo":{"@type":"ImageObject","inLanguage":"en-US","@id":"https:\/\/guthardegg.at\/#\/schema\/logo\/image\/","url":"https:\/\/guthardegg.at\/wp-content\/uploads\/2020\/05\/Gut-Hardegg-logo.png","contentUrl":"https:\/\/guthardegg.at\/wp-content\/uploads\/2020\/05\/Gut-Hardegg-logo.png","width":945,"height":560,"caption":"Gut Hardegg"},"image":{"@id":"https:\/\/guthardegg.at\/#\/schema\/logo\/image\/"}}]}},"_links":{"self":[{"href":"https:\/\/guthardegg.at\/en\/wp-json\/wp\/v2\/pages\/3163","targetHints":{"allow":["GET"]}}],"collection":[{"href":"https:\/\/guthardegg.at\/en\/wp-json\/wp\/v2\/pages"}],"about":[{"href":"https:\/\/guthardegg.at\/en\/wp-json\/wp\/v2\/types\/page"}],"author":[{"embeddable":true,"href":"https:\/\/guthardegg.at\/en\/wp-json\/wp\/v2\/users\/3"}],"replies":[{"embeddable":true,"href":"https:\/\/guthardegg.at\/en\/wp-json\/wp\/v2\/comments?post=3163"}],"version-history":[{"count":32,"href":"https:\/\/guthardegg.at\/en\/wp-json\/wp\/v2\/pages\/3163\/revisions"}],"predecessor-version":[{"id":7418,"href":"https:\/\/guthardegg.at\/en\/wp-json\/wp\/v2\/pages\/3163\/revisions\/7418"}],"wp:attachment":[{"href":"https:\/\/guthardegg.at\/en\/wp-json\/wp\/v2\/media?parent=3163"}],"curies":[{"name":"wp","href":"https:\/\/api.w.org\/{rel}","templated":true}]}}