{"id":3181,"date":"2020-07-20T13:31:20","date_gmt":"2020-07-20T11:31:20","guid":{"rendered":"https:\/\/guthardegg.at\/?page_id=3181"},"modified":"2025-04-01T14:21:00","modified_gmt":"2025-04-01T12:21:00","slug":"versandkosten-lieferung","status":"publish","type":"page","link":"https:\/\/guthardegg.at\/en\/shop\/info\/versandkosten-lieferung\/","title":{"rendered":"Versandkosten &#038; Lieferung"},"content":{"rendered":"<div data-elementor-type=\"wp-post\" data-elementor-id=\"3181\" class=\"elementor elementor-3181\" data-elementor-post-type=\"page\">\n\t\t\t\t\t\t<section data-particle_enable=\"false\" data-particle-mobile-disabled=\"false\" class=\"elementor-section elementor-top-section elementor-element elementor-element-2c84f819 elementor-section-boxed elementor-section-height-default elementor-section-height-default\" data-id=\"2c84f819\" data-element_type=\"section\" data-settings=\"{&quot;background_background&quot;:&quot;classic&quot;}\">\n\t\t\t\t\t\t<div class=\"elementor-container elementor-column-gap-default\">\n\t\t\t\t\t<div class=\"elementor-column elementor-col-100 elementor-top-column elementor-element elementor-element-4d2f2932\" data-id=\"4d2f2932\" data-element_type=\"column\">\n\t\t\t<div class=\"elementor-widget-wrap elementor-element-populated\">\n\t\t\t\t\t\t<div class=\"elementor-element elementor-element-5fd4aa53 elementor-widget elementor-widget-heading\" data-id=\"5fd4aa53\" data-element_type=\"widget\" data-widget_type=\"heading.default\">\n\t\t\t\t<div class=\"elementor-widget-container\">\n\t\t\t\t\t<h2 class=\"elementor-heading-title elementor-size-default\">versandkosten &amp; lieferung<\/h2>\t\t\t\t<\/div>\n\t\t\t\t<\/div>\n\t\t\t\t<section data-particle_enable=\"false\" data-particle-mobile-disabled=\"false\" class=\"elementor-section elementor-inner-section elementor-element elementor-element-8a81dbc elementor-section-boxed elementor-section-height-default elementor-section-height-default\" data-id=\"8a81dbc\" data-element_type=\"section\">\n\t\t\t\t\t\t<div class=\"elementor-container elementor-column-gap-default\">\n\t\t\t\t\t<div class=\"elementor-column elementor-col-50 elementor-inner-column elementor-element elementor-element-cfb5730\" data-id=\"cfb5730\" data-element_type=\"column\">\n\t\t\t<div class=\"elementor-widget-wrap elementor-element-populated\">\n\t\t\t\t\t\t<div class=\"elementor-element elementor-element-61c3319 elementor-widget elementor-widget-text-editor\" data-id=\"61c3319\" data-element_type=\"widget\" data-widget_type=\"text-editor.default\">\n\t\t\t\t<div class=\"elementor-widget-container\">\n\t\t\t\t\t\t\t\t\t<p style=\"margin-top: 0px; margin-bottom: 0.9rem;\"><span style=\"font-weight: bolder;\">Versandkostenfreie Lieferung<br \/><\/span>Ab einem\u00a0<u>Bruttowarenwert<\/u>\u00a0<span style=\"font-weight: bolder;\">ab \u20ac 199,\u2013<\/span>\u00a0\u00fcbernimmt Gut Hardegg die Versandkosten\u00a0<span style=\"font-weight: bolder;\">nach \u00d6sterreich, Deutschland, Niederlande und Tschechiens.\u00a0<\/span><\/p><p style=\"margin-top: 0px; margin-bottom: 0.9rem;\"><span style=\"font-weight: bolder;\">Versandkostenpflichtige Lieferung<br \/><\/span>Ab einer Brutto-Bestellwert\u00a0<span style=\"font-weight: bolder;\">unter \u20ac 199,\u2013<\/span>\u00a0gliedern sich die\u00a0<u>Versandkosten inkl. Ust.<\/u>\u00a0pauschal aktuell wie folgt:<\/p><p style=\"margin-top: 0px; margin-bottom: 0.9rem;\"><span style=\"font-weight: bolder;\">\u2013 \u00d6sterreich = 10,30<\/span><br \/><span style=\"font-weight: bolder;\">\u2013 Deutschland = 17,50<\/span><br \/><span style=\"font-weight: bolder;\">\u2013 Tschechien = 20,30<\/span><br \/><span style=\"font-weight: bolder;\">\u2013 Niederlande = 20,70<\/span><\/p><p style=\"margin-top: 0px; margin-bottom: 0.9rem;\">Die Lieferung erfolgt \u2013 sofern nicht anders vereinbart \u2013 an die vom Kunden genannte Lieferadresse in \u00d6sterreich, Deutschland, Niederlande oder Tschechien nach Eingang der Zahlung auf dem Konto der Verk\u00e4uferin oder nach Best\u00e4tigung der Zahlung durch das jeweilige Kreditkarten-Unternehmen. Die Lieferzeit betr\u00e4gt in der Regel 3\u20135 Werktage nach Eingang der f\u00e4lligen Zahlung.<\/p>\t\t\t\t\t\t\t\t<\/div>\n\t\t\t\t<\/div>\n\t\t\t\t\t<\/div>\n\t\t<\/div>\n\t\t\t\t<div class=\"elementor-column elementor-col-50 elementor-inner-column elementor-element elementor-element-0bdda6c\" data-id=\"0bdda6c\" data-element_type=\"column\">\n\t\t\t<div class=\"elementor-widget-wrap elementor-element-populated\">\n\t\t\t\t\t\t<div class=\"elementor-element elementor-element-0b56486 elementor-widget elementor-widget-text-editor\" data-id=\"0b56486\" data-element_type=\"widget\" data-widget_type=\"text-editor.default\">\n\t\t\t\t<div class=\"elementor-widget-container\">\n\t\t\t\t\t\t\t\t\t<div><b>F\u00fcr Lieferungen in andere L\u00e4nder<\/b> als \u00d6sterreich und Deutschland, die Niederlande oder Tschechien, wenden Sie sich gerne an unsere internationalen Vertriebspartner oder direkt an uns per E-Mail unter office[at]guthardegg.at<\/div><div><b>\u00a0<\/b><\/div><div><b>Transportsch\u00e4den <\/b><br \/>F\u00fcr Sch\u00e4den und Beeintr\u00e4chtigungen, welche w\u00e4hrend des Transportes entstehen, leisten wir Ihnen unter folgenden Bedingungen Ersatz:<br \/><strong>(1)<\/strong> Die eintreffende Ware ist sofort auf Ordnungsm\u00e4\u00dfigkeit und Vollst\u00e4ndigkeit zu \u00fcberpr\u00fcfen. <br \/><strong>(2)<\/strong> Eine Beanstandung der Ware ist innerhalb von 8 Tagen mitzuteilen.<br \/><strong>(3)<\/strong> Alle Beanstandungen m\u00fcssen vom Transportunternehmen best\u00e4tigt werden.<\/div>\t\t\t\t\t\t\t\t<\/div>\n\t\t\t\t<\/div>\n\t\t\t\t\t<\/div>\n\t\t<\/div>\n\t\t\t\t\t<\/div>\n\t\t<\/section>\n\t\t\t\t\t<\/div>\n\t\t<\/div>\n\t\t\t\t\t<\/div>\n\t\t<\/section>\n\t\t\t\t<section data-particle_enable=\"false\" data-particle-mobile-disabled=\"false\" class=\"elementor-section elementor-top-section elementor-element elementor-element-2854063 elementor-section-boxed elementor-section-height-default elementor-section-height-default\" data-id=\"2854063\" data-element_type=\"section\">\n\t\t\t\t\t\t<div class=\"elementor-container elementor-column-gap-default\">\n\t\t\t\t\t<div class=\"elementor-column elementor-col-100 elementor-top-column elementor-element elementor-element-606d622\" data-id=\"606d622\" data-element_type=\"column\">\n\t\t\t<div class=\"elementor-widget-wrap elementor-element-populated\">\n\t\t\t\t\t\t<section data-particle_enable=\"false\" data-particle-mobile-disabled=\"false\" class=\"elementor-section elementor-inner-section elementor-element elementor-element-c7b3390 elementor-section-boxed elementor-section-height-default elementor-section-height-default\" data-id=\"c7b3390\" data-element_type=\"section\">\n\t\t\t\t\t\t<div class=\"elementor-container elementor-column-gap-default\">\n\t\t\t\t\t<div class=\"elementor-column elementor-col-100 elementor-inner-column elementor-element elementor-element-3e32b23\" data-id=\"3e32b23\" data-element_type=\"column\">\n\t\t\t<div class=\"elementor-widget-wrap elementor-element-populated\">\n\t\t\t\t\t\t<div class=\"elementor-element elementor-element-fae1a20 elementor-widget elementor-widget-text-editor\" data-id=\"fae1a20\" data-element_type=\"widget\" data-widget_type=\"text-editor.default\">\n\t\t\t\t<div class=\"elementor-widget-container\">\n\t\t\t\t\t\t\t\t\t<p>\u00c4nderungen vorbehalten.<br>Stand: April 2025<\/p>\t\t\t\t\t\t\t\t<\/div>\n\t\t\t\t<\/div>\n\t\t\t\t\t<\/div>\n\t\t<\/div>\n\t\t\t\t\t<\/div>\n\t\t<\/section>\n\t\t\t\t\t<\/div>\n\t\t<\/div>\n\t\t\t\t\t<\/div>\n\t\t<\/section>\n\t\t\t\t<section data-particle_enable=\"false\" data-particle-mobile-disabled=\"false\" class=\"elementor-section elementor-top-section elementor-element elementor-element-ee3d9f0 elementor-section-boxed elementor-section-height-default elementor-section-height-default\" data-id=\"ee3d9f0\" data-element_type=\"section\">\n\t\t\t\t\t\t<div class=\"elementor-container elementor-column-gap-default\">\n\t\t\t\t\t<div class=\"elementor-column elementor-col-100 elementor-top-column elementor-element elementor-element-9833163\" data-id=\"9833163\" data-element_type=\"column\">\n\t\t\t<div class=\"elementor-widget-wrap elementor-element-populated\">\n\t\t\t\t\t\t<div class=\"elementor-element elementor-element-1526570 elementor-align-center elementor-widget elementor-widget-button\" data-id=\"1526570\" data-element_type=\"widget\" data-widget_type=\"button.default\">\n\t\t\t\t<div class=\"elementor-widget-container\">\n\t\t\t\t\t\t\t\t\t<div class=\"elementor-button-wrapper\">\n\t\t\t\t\t<a class=\"elementor-button elementor-button-link elementor-size-md\" href=\"\/en\/datenschutz\/\" target=\"_blank\">\n\t\t\t\t\t\t<span class=\"elementor-button-content-wrapper\">\n\t\t\t\t\t\t<span class=\"elementor-button-icon\">\n\t\t\t\t<i aria-hidden=\"true\" class=\"fas fa-info-circle\"><\/i>\t\t\t<\/span>\n\t\t\t\t\t\t\t\t\t<span class=\"elementor-button-text\">Datenschutzerkl\u00e4rung<\/span>\n\t\t\t\t\t<\/span>\n\t\t\t\t\t<\/a>\n\t\t\t\t<\/div>\n\t\t\t\t\t\t\t\t<\/div>\n\t\t\t\t<\/div>\n\t\t\t\t<div class=\"elementor-element elementor-element-7bb98c8 elementor-align-center elementor-widget elementor-widget-button\" data-id=\"7bb98c8\" data-element_type=\"widget\" data-widget_type=\"button.default\">\n\t\t\t\t<div class=\"elementor-widget-container\">\n\t\t\t\t\t\t\t\t\t<div class=\"elementor-button-wrapper\">\n\t\t\t\t\t<a class=\"elementor-button elementor-button-link elementor-size-md\" href=\"\/en\/agb\/\" target=\"_blank\">\n\t\t\t\t\t\t<span class=\"elementor-button-content-wrapper\">\n\t\t\t\t\t\t<span class=\"elementor-button-icon\">\n\t\t\t\t<i aria-hidden=\"true\" class=\"fas fa-info-circle\"><\/i>\t\t\t<\/span>\n\t\t\t\t\t\t\t\t\t<span class=\"elementor-button-text\">GUT HARDEGG - AGB<\/span>\n\t\t\t\t\t<\/span>\n\t\t\t\t\t<\/a>\n\t\t\t\t<\/div>\n\t\t\t\t\t\t\t\t<\/div>\n\t\t\t\t<\/div>\n\t\t\t\t\t<\/div>\n\t\t<\/div>\n\t\t\t\t\t<\/div>\n\t\t<\/section>\n\t\t\t\t<\/div>","protected":false},"excerpt":{"rendered":"<p>versandkosten &amp; lieferung Versandkostenfreie LieferungAb einem\u00a0Bruttowarenwert\u00a0ab \u20ac 199,\u2013\u00a0\u00fcbernimmt Gut Hardegg die Versandkosten\u00a0nach \u00d6sterreich, Deutschland, Niederlande und Tschechiens.\u00a0 Versandkostenpflichtige LieferungAb einer Brutto-Bestellwert\u00a0unter \u20ac 199,\u2013\u00a0gliedern sich die\u00a0Versandkosten inkl. Ust.\u00a0pauschal aktuell wie folgt: \u2013 \u00d6sterreich = 10,30\u2013 Deutschland = 17,50\u2013 Tschechien = 20,30\u2013 Niederlande = 20,70 Die Lieferung erfolgt \u2013 sofern nicht anders vereinbart \u2013 an die vom [&#8230;]<\/p>","protected":false},"author":3,"featured_media":0,"parent":3201,"menu_order":0,"comment_status":"closed","ping_status":"closed","template":"","meta":{"_acf_changed":false,"footnotes":""},"class_list":["post-3181","page","type-page","status-publish","hentry"],"acf":[],"yoast_head":"<!-- This site is optimized with the Yoast SEO plugin v24.8.1 - https:\/\/yoast.com\/wordpress\/plugins\/seo\/ -->\n<title>Versandkosten &amp; Lieferung - Gut Hardegg<\/title>\n<meta name=\"robots\" content=\"index, follow, max-snippet:-1, max-image-preview:large, max-video-preview:-1\" \/>\n<link rel=\"canonical\" href=\"https:\/\/guthardegg.at\/en\/shop\/info\/versandkosten-lieferung\/\" \/>\n<meta property=\"og:locale\" content=\"en_US\" \/>\n<meta property=\"og:type\" content=\"article\" \/>\n<meta property=\"og:title\" content=\"Versandkosten &amp; Lieferung - Gut Hardegg\" \/>\n<meta property=\"og:description\" content=\"versandkosten &amp; lieferung Versandkostenfreie LieferungAb einem\u00a0Bruttowarenwert\u00a0ab \u20ac 199,\u2013\u00a0\u00fcbernimmt Gut Hardegg die Versandkosten\u00a0nach \u00d6sterreich, Deutschland, Niederlande und Tschechiens.\u00a0 Versandkostenpflichtige LieferungAb einer Brutto-Bestellwert\u00a0unter \u20ac 199,\u2013\u00a0gliedern sich die\u00a0Versandkosten inkl. Ust.\u00a0pauschal aktuell wie folgt: \u2013 \u00d6sterreich = 10,30\u2013 Deutschland = 17,50\u2013 Tschechien = 20,30\u2013 Niederlande = 20,70 Die Lieferung erfolgt \u2013 sofern nicht anders vereinbart \u2013 an die vom [...]\" \/>\n<meta property=\"og:url\" content=\"https:\/\/guthardegg.at\/en\/shop\/info\/versandkosten-lieferung\/\" \/>\n<meta property=\"og:site_name\" content=\"Gut Hardegg\" \/>\n<meta property=\"article:modified_time\" content=\"2025-04-01T12:21:00+00:00\" \/>\n<meta name=\"twitter:card\" content=\"summary_large_image\" \/>\n<meta name=\"twitter:label1\" content=\"Est. reading time\" \/>\n\t<meta name=\"twitter:data1\" content=\"2 minutes\" \/>\n<script type=\"application\/ld+json\" class=\"yoast-schema-graph\">{\"@context\":\"https:\/\/schema.org\",\"@graph\":[{\"@type\":\"WebPage\",\"@id\":\"https:\/\/guthardegg.at\/shop\/info\/versandkosten-lieferung\/\",\"url\":\"https:\/\/guthardegg.at\/shop\/info\/versandkosten-lieferung\/\",\"name\":\"Versandkosten & Lieferung - Gut Hardegg\",\"isPartOf\":{\"@id\":\"https:\/\/guthardegg.at\/#website\"},\"datePublished\":\"2020-07-20T11:31:20+00:00\",\"dateModified\":\"2025-04-01T12:21:00+00:00\",\"breadcrumb\":{\"@id\":\"https:\/\/guthardegg.at\/shop\/info\/versandkosten-lieferung\/#breadcrumb\"},\"inLanguage\":\"en-US\",\"potentialAction\":[{\"@type\":\"ReadAction\",\"target\":[\"https:\/\/guthardegg.at\/shop\/info\/versandkosten-lieferung\/\"]}]},{\"@type\":\"BreadcrumbList\",\"@id\":\"https:\/\/guthardegg.at\/shop\/info\/versandkosten-lieferung\/#breadcrumb\",\"itemListElement\":[{\"@type\":\"ListItem\",\"position\":1,\"name\":\"gut hardegg\",\"item\":\"https:\/\/guthardegg.at\/\"},{\"@type\":\"ListItem\",\"position\":2,\"name\":\"Shop\",\"item\":\"https:\/\/guthardegg.at\/shop\/\"},{\"@type\":\"ListItem\",\"position\":3,\"name\":\"Info\",\"item\":\"https:\/\/guthardegg.at\/shop\/info\/\"},{\"@type\":\"ListItem\",\"position\":4,\"name\":\"Versandkosten &#038; Lieferung\"}]},{\"@type\":\"WebSite\",\"@id\":\"https:\/\/guthardegg.at\/#website\",\"url\":\"https:\/\/guthardegg.at\/\",\"name\":\"Gut Hardegg\",\"description\":\"Gelebte Artenvielfalt\",\"publisher\":{\"@id\":\"https:\/\/guthardegg.at\/#organization\"},\"potentialAction\":[{\"@type\":\"SearchAction\",\"target\":{\"@type\":\"EntryPoint\",\"urlTemplate\":\"https:\/\/guthardegg.at\/?s={search_term_string}\"},\"query-input\":{\"@type\":\"PropertyValueSpecification\",\"valueRequired\":true,\"valueName\":\"search_term_string\"}}],\"inLanguage\":\"en-US\"},{\"@type\":\"Organization\",\"@id\":\"https:\/\/guthardegg.at\/#organization\",\"name\":\"Gut Hardegg\",\"url\":\"https:\/\/guthardegg.at\/\",\"logo\":{\"@type\":\"ImageObject\",\"inLanguage\":\"en-US\",\"@id\":\"https:\/\/guthardegg.at\/#\/schema\/logo\/image\/\",\"url\":\"https:\/\/guthardegg.at\/wp-content\/uploads\/2020\/05\/Gut-Hardegg-logo.png\",\"contentUrl\":\"https:\/\/guthardegg.at\/wp-content\/uploads\/2020\/05\/Gut-Hardegg-logo.png\",\"width\":945,\"height\":560,\"caption\":\"Gut Hardegg\"},\"image\":{\"@id\":\"https:\/\/guthardegg.at\/#\/schema\/logo\/image\/\"}}]}<\/script>\n<!-- \/ Yoast SEO plugin. -->","yoast_head_json":{"title":"Versandkosten & Lieferung - Gut Hardegg","robots":{"index":"index","follow":"follow","max-snippet":"max-snippet:-1","max-image-preview":"max-image-preview:large","max-video-preview":"max-video-preview:-1"},"canonical":"https:\/\/guthardegg.at\/en\/shop\/info\/versandkosten-lieferung\/","og_locale":"en_US","og_type":"article","og_title":"Versandkosten & Lieferung - Gut Hardegg","og_description":"versandkosten &amp; lieferung Versandkostenfreie LieferungAb einem\u00a0Bruttowarenwert\u00a0ab \u20ac 199,\u2013\u00a0\u00fcbernimmt Gut Hardegg die Versandkosten\u00a0nach \u00d6sterreich, Deutschland, Niederlande und Tschechiens.\u00a0 Versandkostenpflichtige LieferungAb einer Brutto-Bestellwert\u00a0unter \u20ac 199,\u2013\u00a0gliedern sich die\u00a0Versandkosten inkl. Ust.\u00a0pauschal aktuell wie folgt: \u2013 \u00d6sterreich = 10,30\u2013 Deutschland = 17,50\u2013 Tschechien = 20,30\u2013 Niederlande = 20,70 Die Lieferung erfolgt \u2013 sofern nicht anders vereinbart \u2013 an die vom [...]","og_url":"https:\/\/guthardegg.at\/en\/shop\/info\/versandkosten-lieferung\/","og_site_name":"Gut Hardegg","article_modified_time":"2025-04-01T12:21:00+00:00","twitter_card":"summary_large_image","twitter_misc":{"Est. reading time":"2 minutes"},"schema":{"@context":"https:\/\/schema.org","@graph":[{"@type":"WebPage","@id":"https:\/\/guthardegg.at\/shop\/info\/versandkosten-lieferung\/","url":"https:\/\/guthardegg.at\/shop\/info\/versandkosten-lieferung\/","name":"Versandkosten & Lieferung - Gut Hardegg","isPartOf":{"@id":"https:\/\/guthardegg.at\/#website"},"datePublished":"2020-07-20T11:31:20+00:00","dateModified":"2025-04-01T12:21:00+00:00","breadcrumb":{"@id":"https:\/\/guthardegg.at\/shop\/info\/versandkosten-lieferung\/#breadcrumb"},"inLanguage":"en-US","potentialAction":[{"@type":"ReadAction","target":["https:\/\/guthardegg.at\/shop\/info\/versandkosten-lieferung\/"]}]},{"@type":"BreadcrumbList","@id":"https:\/\/guthardegg.at\/shop\/info\/versandkosten-lieferung\/#breadcrumb","itemListElement":[{"@type":"ListItem","position":1,"name":"gut hardegg","item":"https:\/\/guthardegg.at\/"},{"@type":"ListItem","position":2,"name":"Shop","item":"https:\/\/guthardegg.at\/shop\/"},{"@type":"ListItem","position":3,"name":"Info","item":"https:\/\/guthardegg.at\/shop\/info\/"},{"@type":"ListItem","position":4,"name":"Versandkosten &#038; Lieferung"}]},{"@type":"WebSite","@id":"https:\/\/guthardegg.at\/#website","url":"https:\/\/guthardegg.at\/","name":"Gut Hardegg","description":"Gelebte Artenvielfalt","publisher":{"@id":"https:\/\/guthardegg.at\/#organization"},"potentialAction":[{"@type":"SearchAction","target":{"@type":"EntryPoint","urlTemplate":"https:\/\/guthardegg.at\/?s={search_term_string}"},"query-input":{"@type":"PropertyValueSpecification","valueRequired":true,"valueName":"search_term_string"}}],"inLanguage":"en-US"},{"@type":"Organization","@id":"https:\/\/guthardegg.at\/#organization","name":"Gut Hardegg","url":"https:\/\/guthardegg.at\/","logo":{"@type":"ImageObject","inLanguage":"en-US","@id":"https:\/\/guthardegg.at\/#\/schema\/logo\/image\/","url":"https:\/\/guthardegg.at\/wp-content\/uploads\/2020\/05\/Gut-Hardegg-logo.png","contentUrl":"https:\/\/guthardegg.at\/wp-content\/uploads\/2020\/05\/Gut-Hardegg-logo.png","width":945,"height":560,"caption":"Gut Hardegg"},"image":{"@id":"https:\/\/guthardegg.at\/#\/schema\/logo\/image\/"}}]}},"_links":{"self":[{"href":"https:\/\/guthardegg.at\/en\/wp-json\/wp\/v2\/pages\/3181","targetHints":{"allow":["GET"]}}],"collection":[{"href":"https:\/\/guthardegg.at\/en\/wp-json\/wp\/v2\/pages"}],"about":[{"href":"https:\/\/guthardegg.at\/en\/wp-json\/wp\/v2\/types\/page"}],"author":[{"embeddable":true,"href":"https:\/\/guthardegg.at\/en\/wp-json\/wp\/v2\/users\/3"}],"replies":[{"embeddable":true,"href":"https:\/\/guthardegg.at\/en\/wp-json\/wp\/v2\/comments?post=3181"}],"version-history":[{"count":24,"href":"https:\/\/guthardegg.at\/en\/wp-json\/wp\/v2\/pages\/3181\/revisions"}],"predecessor-version":[{"id":7397,"href":"https:\/\/guthardegg.at\/en\/wp-json\/wp\/v2\/pages\/3181\/revisions\/7397"}],"up":[{"embeddable":true,"href":"https:\/\/guthardegg.at\/en\/wp-json\/wp\/v2\/pages\/3201"}],"wp:attachment":[{"href":"https:\/\/guthardegg.at\/en\/wp-json\/wp\/v2\/media?parent=3181"}],"curies":[{"name":"wp","href":"https:\/\/api.w.org\/{rel}","templated":true}]}}