{"id":3185,"date":"2020-07-20T13:39:30","date_gmt":"2020-07-20T11:39:30","guid":{"rendered":"https:\/\/guthardegg.at\/?page_id=3185"},"modified":"2025-04-02T14:26:09","modified_gmt":"2025-04-02T12:26:09","slug":"zahlungsmethoden","status":"publish","type":"page","link":"https:\/\/guthardegg.at\/en\/shop\/info\/zahlungsmethoden\/","title":{"rendered":"Zahlungsmethoden"},"content":{"rendered":"<div data-elementor-type=\"wp-post\" data-elementor-id=\"3185\" class=\"elementor elementor-3185\" data-elementor-post-type=\"page\">\n\t\t\t\t\t\t<section data-particle_enable=\"false\" data-particle-mobile-disabled=\"false\" class=\"elementor-section elementor-top-section elementor-element elementor-element-2c84f819 elementor-section-boxed elementor-section-height-default elementor-section-height-default\" data-id=\"2c84f819\" data-element_type=\"section\" data-settings=\"{&quot;background_background&quot;:&quot;classic&quot;}\">\n\t\t\t\t\t\t<div class=\"elementor-container elementor-column-gap-default\">\n\t\t\t\t\t<div class=\"elementor-column elementor-col-100 elementor-top-column elementor-element elementor-element-4d2f2932\" data-id=\"4d2f2932\" data-element_type=\"column\">\n\t\t\t<div class=\"elementor-widget-wrap elementor-element-populated\">\n\t\t\t\t\t\t<div class=\"elementor-element elementor-element-5fd4aa53 elementor-widget elementor-widget-heading\" data-id=\"5fd4aa53\" data-element_type=\"widget\" data-widget_type=\"heading.default\">\n\t\t\t\t<div class=\"elementor-widget-container\">\n\t\t\t\t\t<h2 class=\"elementor-heading-title elementor-size-default\">zahlung<\/h2>\t\t\t\t<\/div>\n\t\t\t\t<\/div>\n\t\t\t\t<section data-particle_enable=\"false\" data-particle-mobile-disabled=\"false\" class=\"elementor-section elementor-inner-section elementor-element elementor-element-84a5fc0 elementor-section-boxed elementor-section-height-default elementor-section-height-default\" data-id=\"84a5fc0\" data-element_type=\"section\">\n\t\t\t\t\t\t<div class=\"elementor-container elementor-column-gap-default\">\n\t\t\t\t\t<div class=\"elementor-column elementor-col-100 elementor-inner-column elementor-element elementor-element-cd457c2\" data-id=\"cd457c2\" data-element_type=\"column\">\n\t\t\t<div class=\"elementor-widget-wrap elementor-element-populated\">\n\t\t\t\t\t\t<div class=\"elementor-element elementor-element-45a16a0 elementor-widget elementor-widget-text-editor\" data-id=\"45a16a0\" data-element_type=\"widget\" data-widget_type=\"text-editor.default\">\n\t\t\t\t<div class=\"elementor-widget-container\">\n\t\t\t\t\t\t\t\t\t<p style=\"text-align: center;\">Alle Preise in unserem Online Shop sind in <strong>\u20ac<\/strong> [Euro] und verstehen sich einschlie\u00dflich der jeweils g\u00fcltigen gesetzlichen Umsatzsteuer. Verpackungs- und Versandkosten werden, sofern solche anfallen, gesondert berechnet und ausgewiesen. Ihnen steht die beim Abschluss des Bestellprozesses angezeigte Zahlart zur Verf\u00fcgung. Zahlung per <strong><span style=\"text-decoration: underline;\">Kreditkarte<\/span> (Visa oder MasterCard), per <span style=\"text-decoration: underline;\">PayPal<\/span>, per <span style=\"text-decoration: underline;\">eps-\u00dcberweisung<\/span> (nur \u00f6sterreichisch Banken)<span style=\"text-decoration: underline;\"> <\/span>&nbsp;. <span style=\"text-decoration: underline;\">Vorkasse<\/span> (\u00dcberweisung).<\/strong> Die eingegebenen Daten werden nicht bei uns gespeichert, jedoch ggf. beim jeweiligen Zahlungsanbieter.<\/p>\n<p style=\"text-align: center;\">Bei Auswahl der Zahlungsart <strong>Vorkasse<\/strong> nennen wir Ihnen unsere Bankverbindung und liefern die Ware nach Zahlungseingang. Bitte geben Sie als Verwendungszweck die Bestellnummer und Ihren Namen an. Die Bestellnummer erhalten Sie mit der Best\u00e4tigungsemail.<\/p>\n<p style=\"text-align: center;\"><b>(i)<\/b> Eine allf\u00e4llige R\u00fcckerstattung von Ihnen geleisteter Zahlungen erfolgt auf jenes Zahlungsmittel, welches Sie bei Ihrer Bestellung verwendet haben.<\/p>\n<p style=\"text-align: center;\"><b>Eigentumsvorbehalt<\/b><br>Bis zur vollst\u00e4ndigen Bezahlung verbleibt die gelieferte Ware in unserem Eigentum.<\/p>\n<p><b>Widerrufsrecht<\/b><br>Es gilt das Widerrufsrecht von Verbrauchern. Detaillierte Infos dazu finden Sie in <a href=\"\/en\/agb\/\" target=\"_blank\" rel=\"noopener\">unseren AGB.<\/a><\/p>\t\t\t\t\t\t\t\t<\/div>\n\t\t\t\t<\/div>\n\t\t\t\t\t<\/div>\n\t\t<\/div>\n\t\t\t\t\t<\/div>\n\t\t<\/section>\n\t\t\t\t\t<\/div>\n\t\t<\/div>\n\t\t\t\t\t<\/div>\n\t\t<\/section>\n\t\t\t\t<section data-particle_enable=\"false\" data-particle-mobile-disabled=\"false\" class=\"elementor-section elementor-top-section elementor-element elementor-element-2854063 elementor-section-boxed elementor-section-height-default elementor-section-height-default\" data-id=\"2854063\" data-element_type=\"section\">\n\t\t\t\t\t\t<div class=\"elementor-container elementor-column-gap-default\">\n\t\t\t\t\t<div class=\"elementor-column elementor-col-100 elementor-top-column elementor-element elementor-element-606d622\" data-id=\"606d622\" data-element_type=\"column\">\n\t\t\t<div class=\"elementor-widget-wrap elementor-element-populated\">\n\t\t\t\t\t\t<section data-particle_enable=\"false\" data-particle-mobile-disabled=\"false\" class=\"elementor-section elementor-inner-section elementor-element elementor-element-c7b3390 elementor-section-boxed elementor-section-height-default elementor-section-height-default\" data-id=\"c7b3390\" data-element_type=\"section\">\n\t\t\t\t\t\t<div class=\"elementor-container elementor-column-gap-default\">\n\t\t\t\t\t<div class=\"elementor-column elementor-col-100 elementor-inner-column elementor-element elementor-element-3e32b23\" data-id=\"3e32b23\" data-element_type=\"column\">\n\t\t\t<div class=\"elementor-widget-wrap elementor-element-populated\">\n\t\t\t\t\t\t<div class=\"elementor-element elementor-element-fae1a20 elementor-widget elementor-widget-text-editor\" data-id=\"fae1a20\" data-element_type=\"widget\" data-widget_type=\"text-editor.default\">\n\t\t\t\t<div class=\"elementor-widget-container\">\n\t\t\t\t\t\t\t\t\t<p>\u00c4nderungen vorbehalten.<br \/>Stand: April 2025<\/p>\t\t\t\t\t\t\t\t<\/div>\n\t\t\t\t<\/div>\n\t\t\t\t\t<\/div>\n\t\t<\/div>\n\t\t\t\t\t<\/div>\n\t\t<\/section>\n\t\t\t\t\t<\/div>\n\t\t<\/div>\n\t\t\t\t\t<\/div>\n\t\t<\/section>\n\t\t\t\t<section data-particle_enable=\"false\" data-particle-mobile-disabled=\"false\" class=\"elementor-section elementor-top-section elementor-element elementor-element-ee3d9f0 elementor-section-boxed elementor-section-height-default elementor-section-height-default\" data-id=\"ee3d9f0\" data-element_type=\"section\">\n\t\t\t\t\t\t<div class=\"elementor-container elementor-column-gap-default\">\n\t\t\t\t\t<div class=\"elementor-column elementor-col-100 elementor-top-column elementor-element elementor-element-9833163\" data-id=\"9833163\" data-element_type=\"column\">\n\t\t\t<div class=\"elementor-widget-wrap elementor-element-populated\">\n\t\t\t\t\t\t<div class=\"elementor-element elementor-element-1526570 elementor-align-center elementor-widget elementor-widget-button\" data-id=\"1526570\" data-element_type=\"widget\" data-widget_type=\"button.default\">\n\t\t\t\t<div class=\"elementor-widget-container\">\n\t\t\t\t\t\t\t\t\t<div class=\"elementor-button-wrapper\">\n\t\t\t\t\t<a class=\"elementor-button elementor-button-link elementor-size-md\" href=\"\/en\/datenschutz\/\" target=\"_blank\">\n\t\t\t\t\t\t<span class=\"elementor-button-content-wrapper\">\n\t\t\t\t\t\t<span class=\"elementor-button-icon\">\n\t\t\t\t<i aria-hidden=\"true\" class=\"fas fa-info-circle\"><\/i>\t\t\t<\/span>\n\t\t\t\t\t\t\t\t\t<span class=\"elementor-button-text\">Datenschutzerkl\u00e4rung<\/span>\n\t\t\t\t\t<\/span>\n\t\t\t\t\t<\/a>\n\t\t\t\t<\/div>\n\t\t\t\t\t\t\t\t<\/div>\n\t\t\t\t<\/div>\n\t\t\t\t<div class=\"elementor-element elementor-element-7bb98c8 elementor-align-center elementor-widget elementor-widget-button\" data-id=\"7bb98c8\" data-element_type=\"widget\" data-widget_type=\"button.default\">\n\t\t\t\t<div class=\"elementor-widget-container\">\n\t\t\t\t\t\t\t\t\t<div class=\"elementor-button-wrapper\">\n\t\t\t\t\t<a class=\"elementor-button elementor-button-link elementor-size-md\" href=\"\/en\/agb\/\" target=\"_blank\">\n\t\t\t\t\t\t<span class=\"elementor-button-content-wrapper\">\n\t\t\t\t\t\t<span class=\"elementor-button-icon\">\n\t\t\t\t<i aria-hidden=\"true\" class=\"fas fa-info-circle\"><\/i>\t\t\t<\/span>\n\t\t\t\t\t\t\t\t\t<span class=\"elementor-button-text\">GUT HARDEGG - AGB<\/span>\n\t\t\t\t\t<\/span>\n\t\t\t\t\t<\/a>\n\t\t\t\t<\/div>\n\t\t\t\t\t\t\t\t<\/div>\n\t\t\t\t<\/div>\n\t\t\t\t\t<\/div>\n\t\t<\/div>\n\t\t\t\t\t<\/div>\n\t\t<\/section>\n\t\t\t\t<\/div>","protected":false},"excerpt":{"rendered":"<p>zahlung Alle Preise in unserem Online Shop sind in \u20ac [Euro] und verstehen sich einschlie\u00dflich der jeweils g\u00fcltigen gesetzlichen Umsatzsteuer. Verpackungs- und Versandkosten werden, sofern solche anfallen, gesondert berechnet und ausgewiesen. Ihnen steht die beim Abschluss des Bestellprozesses angezeigte Zahlart zur Verf\u00fcgung. Zahlung per Kreditkarte (Visa oder MasterCard), per PayPal, per eps-\u00dcberweisung (nur \u00f6sterreichisch Banken) [&#8230;]<\/p>","protected":false},"author":3,"featured_media":0,"parent":3201,"menu_order":0,"comment_status":"closed","ping_status":"closed","template":"","meta":{"_acf_changed":false,"footnotes":""},"class_list":["post-3185","page","type-page","status-publish","hentry"],"acf":[],"yoast_head":"<!-- This site is optimized with the Yoast SEO plugin v24.8.1 - https:\/\/yoast.com\/wordpress\/plugins\/seo\/ -->\n<title>Zahlungsmethoden - Gut Hardegg<\/title>\n<meta name=\"robots\" content=\"index, follow, max-snippet:-1, max-image-preview:large, max-video-preview:-1\" \/>\n<link rel=\"canonical\" href=\"https:\/\/guthardegg.at\/en\/shop\/info\/zahlungsmethoden\/\" \/>\n<meta property=\"og:locale\" content=\"en_US\" \/>\n<meta property=\"og:type\" content=\"article\" \/>\n<meta property=\"og:title\" content=\"Zahlungsmethoden - Gut Hardegg\" \/>\n<meta property=\"og:description\" content=\"zahlung Alle Preise in unserem Online Shop sind in \u20ac [Euro] und verstehen sich einschlie\u00dflich der jeweils g\u00fcltigen gesetzlichen Umsatzsteuer. Verpackungs- und Versandkosten werden, sofern solche anfallen, gesondert berechnet und ausgewiesen. Ihnen steht die beim Abschluss des Bestellprozesses angezeigte Zahlart zur Verf\u00fcgung. Zahlung per Kreditkarte (Visa oder MasterCard), per PayPal, per eps-\u00dcberweisung (nur \u00f6sterreichisch Banken) [...]\" \/>\n<meta property=\"og:url\" content=\"https:\/\/guthardegg.at\/en\/shop\/info\/zahlungsmethoden\/\" \/>\n<meta property=\"og:site_name\" content=\"Gut Hardegg\" \/>\n<meta property=\"article:modified_time\" content=\"2025-04-02T12:26:09+00:00\" \/>\n<meta name=\"twitter:card\" content=\"summary_large_image\" \/>\n<meta name=\"twitter:label1\" content=\"Est. reading time\" \/>\n\t<meta name=\"twitter:data1\" content=\"1 minute\" \/>\n<script type=\"application\/ld+json\" class=\"yoast-schema-graph\">{\"@context\":\"https:\/\/schema.org\",\"@graph\":[{\"@type\":\"WebPage\",\"@id\":\"https:\/\/guthardegg.at\/shop\/info\/zahlungsmethoden\/\",\"url\":\"https:\/\/guthardegg.at\/shop\/info\/zahlungsmethoden\/\",\"name\":\"Zahlungsmethoden - Gut Hardegg\",\"isPartOf\":{\"@id\":\"https:\/\/guthardegg.at\/#website\"},\"datePublished\":\"2020-07-20T11:39:30+00:00\",\"dateModified\":\"2025-04-02T12:26:09+00:00\",\"breadcrumb\":{\"@id\":\"https:\/\/guthardegg.at\/shop\/info\/zahlungsmethoden\/#breadcrumb\"},\"inLanguage\":\"en-US\",\"potentialAction\":[{\"@type\":\"ReadAction\",\"target\":[\"https:\/\/guthardegg.at\/shop\/info\/zahlungsmethoden\/\"]}]},{\"@type\":\"BreadcrumbList\",\"@id\":\"https:\/\/guthardegg.at\/shop\/info\/zahlungsmethoden\/#breadcrumb\",\"itemListElement\":[{\"@type\":\"ListItem\",\"position\":1,\"name\":\"gut hardegg\",\"item\":\"https:\/\/guthardegg.at\/\"},{\"@type\":\"ListItem\",\"position\":2,\"name\":\"Shop\",\"item\":\"https:\/\/guthardegg.at\/shop\/\"},{\"@type\":\"ListItem\",\"position\":3,\"name\":\"Info\",\"item\":\"https:\/\/guthardegg.at\/shop\/info\/\"},{\"@type\":\"ListItem\",\"position\":4,\"name\":\"Zahlungsmethoden\"}]},{\"@type\":\"WebSite\",\"@id\":\"https:\/\/guthardegg.at\/#website\",\"url\":\"https:\/\/guthardegg.at\/\",\"name\":\"Gut Hardegg\",\"description\":\"Gelebte Artenvielfalt\",\"publisher\":{\"@id\":\"https:\/\/guthardegg.at\/#organization\"},\"potentialAction\":[{\"@type\":\"SearchAction\",\"target\":{\"@type\":\"EntryPoint\",\"urlTemplate\":\"https:\/\/guthardegg.at\/?s={search_term_string}\"},\"query-input\":{\"@type\":\"PropertyValueSpecification\",\"valueRequired\":true,\"valueName\":\"search_term_string\"}}],\"inLanguage\":\"en-US\"},{\"@type\":\"Organization\",\"@id\":\"https:\/\/guthardegg.at\/#organization\",\"name\":\"Gut Hardegg\",\"url\":\"https:\/\/guthardegg.at\/\",\"logo\":{\"@type\":\"ImageObject\",\"inLanguage\":\"en-US\",\"@id\":\"https:\/\/guthardegg.at\/#\/schema\/logo\/image\/\",\"url\":\"https:\/\/guthardegg.at\/wp-content\/uploads\/2020\/05\/Gut-Hardegg-logo.png\",\"contentUrl\":\"https:\/\/guthardegg.at\/wp-content\/uploads\/2020\/05\/Gut-Hardegg-logo.png\",\"width\":945,\"height\":560,\"caption\":\"Gut Hardegg\"},\"image\":{\"@id\":\"https:\/\/guthardegg.at\/#\/schema\/logo\/image\/\"}}]}<\/script>\n<!-- \/ Yoast SEO plugin. -->","yoast_head_json":{"title":"Zahlungsmethoden - Gut Hardegg","robots":{"index":"index","follow":"follow","max-snippet":"max-snippet:-1","max-image-preview":"max-image-preview:large","max-video-preview":"max-video-preview:-1"},"canonical":"https:\/\/guthardegg.at\/en\/shop\/info\/zahlungsmethoden\/","og_locale":"en_US","og_type":"article","og_title":"Zahlungsmethoden - Gut Hardegg","og_description":"zahlung Alle Preise in unserem Online Shop sind in \u20ac [Euro] und verstehen sich einschlie\u00dflich der jeweils g\u00fcltigen gesetzlichen Umsatzsteuer. Verpackungs- und Versandkosten werden, sofern solche anfallen, gesondert berechnet und ausgewiesen. Ihnen steht die beim Abschluss des Bestellprozesses angezeigte Zahlart zur Verf\u00fcgung. Zahlung per Kreditkarte (Visa oder MasterCard), per PayPal, per eps-\u00dcberweisung (nur \u00f6sterreichisch Banken) [...]","og_url":"https:\/\/guthardegg.at\/en\/shop\/info\/zahlungsmethoden\/","og_site_name":"Gut Hardegg","article_modified_time":"2025-04-02T12:26:09+00:00","twitter_card":"summary_large_image","twitter_misc":{"Est. reading time":"1 minute"},"schema":{"@context":"https:\/\/schema.org","@graph":[{"@type":"WebPage","@id":"https:\/\/guthardegg.at\/shop\/info\/zahlungsmethoden\/","url":"https:\/\/guthardegg.at\/shop\/info\/zahlungsmethoden\/","name":"Zahlungsmethoden - Gut Hardegg","isPartOf":{"@id":"https:\/\/guthardegg.at\/#website"},"datePublished":"2020-07-20T11:39:30+00:00","dateModified":"2025-04-02T12:26:09+00:00","breadcrumb":{"@id":"https:\/\/guthardegg.at\/shop\/info\/zahlungsmethoden\/#breadcrumb"},"inLanguage":"en-US","potentialAction":[{"@type":"ReadAction","target":["https:\/\/guthardegg.at\/shop\/info\/zahlungsmethoden\/"]}]},{"@type":"BreadcrumbList","@id":"https:\/\/guthardegg.at\/shop\/info\/zahlungsmethoden\/#breadcrumb","itemListElement":[{"@type":"ListItem","position":1,"name":"gut hardegg","item":"https:\/\/guthardegg.at\/"},{"@type":"ListItem","position":2,"name":"Shop","item":"https:\/\/guthardegg.at\/shop\/"},{"@type":"ListItem","position":3,"name":"Info","item":"https:\/\/guthardegg.at\/shop\/info\/"},{"@type":"ListItem","position":4,"name":"Zahlungsmethoden"}]},{"@type":"WebSite","@id":"https:\/\/guthardegg.at\/#website","url":"https:\/\/guthardegg.at\/","name":"Gut Hardegg","description":"Gelebte Artenvielfalt","publisher":{"@id":"https:\/\/guthardegg.at\/#organization"},"potentialAction":[{"@type":"SearchAction","target":{"@type":"EntryPoint","urlTemplate":"https:\/\/guthardegg.at\/?s={search_term_string}"},"query-input":{"@type":"PropertyValueSpecification","valueRequired":true,"valueName":"search_term_string"}}],"inLanguage":"en-US"},{"@type":"Organization","@id":"https:\/\/guthardegg.at\/#organization","name":"Gut Hardegg","url":"https:\/\/guthardegg.at\/","logo":{"@type":"ImageObject","inLanguage":"en-US","@id":"https:\/\/guthardegg.at\/#\/schema\/logo\/image\/","url":"https:\/\/guthardegg.at\/wp-content\/uploads\/2020\/05\/Gut-Hardegg-logo.png","contentUrl":"https:\/\/guthardegg.at\/wp-content\/uploads\/2020\/05\/Gut-Hardegg-logo.png","width":945,"height":560,"caption":"Gut Hardegg"},"image":{"@id":"https:\/\/guthardegg.at\/#\/schema\/logo\/image\/"}}]}},"_links":{"self":[{"href":"https:\/\/guthardegg.at\/en\/wp-json\/wp\/v2\/pages\/3185","targetHints":{"allow":["GET"]}}],"collection":[{"href":"https:\/\/guthardegg.at\/en\/wp-json\/wp\/v2\/pages"}],"about":[{"href":"https:\/\/guthardegg.at\/en\/wp-json\/wp\/v2\/types\/page"}],"author":[{"embeddable":true,"href":"https:\/\/guthardegg.at\/en\/wp-json\/wp\/v2\/users\/3"}],"replies":[{"embeddable":true,"href":"https:\/\/guthardegg.at\/en\/wp-json\/wp\/v2\/comments?post=3185"}],"version-history":[{"count":22,"href":"https:\/\/guthardegg.at\/en\/wp-json\/wp\/v2\/pages\/3185\/revisions"}],"predecessor-version":[{"id":7435,"href":"https:\/\/guthardegg.at\/en\/wp-json\/wp\/v2\/pages\/3185\/revisions\/7435"}],"up":[{"embeddable":true,"href":"https:\/\/guthardegg.at\/en\/wp-json\/wp\/v2\/pages\/3201"}],"wp:attachment":[{"href":"https:\/\/guthardegg.at\/en\/wp-json\/wp\/v2\/media?parent=3185"}],"curies":[{"name":"wp","href":"https:\/\/api.w.org\/{rel}","templated":true}]}}