{"id":3337,"date":"2020-07-23T08:38:31","date_gmt":"2020-07-23T06:38:31","guid":{"rendered":"https:\/\/guthardegg.at\/?page_id=3337"},"modified":"2026-03-04T09:23:59","modified_gmt":"2026-03-04T08:23:59","slug":"kontakt","status":"publish","type":"page","link":"https:\/\/guthardegg.at\/en\/kontakt\/","title":{"rendered":"Contact"},"content":{"rendered":"<div data-elementor-type=\"wp-post\" data-elementor-id=\"3337\" class=\"elementor elementor-3337\" data-elementor-post-type=\"page\">\n\t\t\t\t\t\t<section data-particle_enable=\"false\" data-particle-mobile-disabled=\"false\" class=\"elementor-section elementor-top-section elementor-element elementor-element-2c84f819 elementor-section-boxed elementor-section-height-default elementor-section-height-default\" data-id=\"2c84f819\" data-element_type=\"section\" data-settings=\"{&quot;background_background&quot;:&quot;classic&quot;}\">\n\t\t\t\t\t\t<div class=\"elementor-container elementor-column-gap-default\">\n\t\t\t\t\t<div class=\"elementor-column elementor-col-100 elementor-top-column elementor-element elementor-element-4d2f2932\" data-id=\"4d2f2932\" data-element_type=\"column\">\n\t\t\t<div class=\"elementor-widget-wrap elementor-element-populated\">\n\t\t\t\t\t\t<section data-particle_enable=\"false\" data-particle-mobile-disabled=\"false\" class=\"elementor-section elementor-inner-section elementor-element elementor-element-1c0e1748 elementor-section-boxed elementor-section-height-default elementor-section-height-default\" data-id=\"1c0e1748\" data-element_type=\"section\">\n\t\t\t\t\t\t<div class=\"elementor-container elementor-column-gap-default\">\n\t\t\t\t\t<div class=\"elementor-column elementor-col-100 elementor-inner-column elementor-element elementor-element-38b04aaf\" data-id=\"38b04aaf\" data-element_type=\"column\">\n\t\t\t<div class=\"elementor-widget-wrap elementor-element-populated\">\n\t\t\t\t\t\t<div class=\"elementor-element elementor-element-5fd4aa53 elementor-widget elementor-widget-heading\" data-id=\"5fd4aa53\" data-element_type=\"widget\" data-widget_type=\"heading.default\">\n\t\t\t\t<div class=\"elementor-widget-container\">\n\t\t\t\t\t<h2 class=\"elementor-heading-title elementor-size-default\">Contact<\/h2>\t\t\t\t<\/div>\n\t\t\t\t<\/div>\n\t\t\t\t<div class=\"elementor-element elementor-element-fc81564 elementor-widget elementor-widget-text-editor\" data-id=\"fc81564\" data-element_type=\"widget\" data-widget_type=\"text-editor.default\">\n\t\t\t\t<div class=\"elementor-widget-container\">\n\t\t\t\t\t\t\t\t\t<p style=\"text-align: center;\"><b>GUT HARDEGG<br \/><\/b>Dipl.-Ing. Maximilian Hardegg<br \/>Gro\u00dfkadolz 1, A-2062 Seefeld-Kadolz<\/p><p style=\"text-align: center;\">Telefon: +43 (0)2943\/2203, Fax: +43 (0)2943\/2203-10<br \/>E-Mail:\u00a0<a href=\"mailto:office@guthardegg.at\" target=\"_blank\" rel=\"noopener\">office@guthardegg.at<\/a><\/p><p style=\"text-align: center;\">www.guthardegg.at<\/p>\t\t\t\t\t\t\t\t<\/div>\n\t\t\t\t<\/div>\n\t\t\t\t<div class=\"elementor-element elementor-element-05398e4 elementor-widget elementor-widget-text-editor\" data-id=\"05398e4\" data-element_type=\"widget\" data-widget_type=\"text-editor.default\">\n\t\t\t\t<div class=\"elementor-widget-container\">\n\t\t\t\t\t\t\t\t\t<p style=\"text-align: center;\"><span style=\"font-size: 10pt;\">\u00d6ffnungszeiten B\u00fcro der Gutsverwaltung und der Gesch\u00e4ftsstelle des Zuchtunternehmens Gut Hardegg: Mo.-Do. 07.30<\/span><span style=\"color: rgb(122, 122, 122); font-family: &quot;Noto Serif&quot;, sans-serif; font-size: 13.3333px; background-color: rgb(242, 241, 240);\">\u2013<\/span><span style=\"font-size: 10pt;\">17.00 Uhr &amp; Fr. 07.30<\/span><span style=\"color: rgb(122, 122, 122); font-family: &quot;Noto Serif&quot;, sans-serif; font-size: 13.3333px; background-color: rgb(242, 241, 240);\">\u2013<\/span><span style=\"font-size: 10pt;\">13.30 Uhr<\/span><\/p>\t\t\t\t\t\t\t\t<\/div>\n\t\t\t\t<\/div>\n\t\t\t\t<div class=\"elementor-element elementor-element-044e1e2 elementor-widget elementor-widget-text-editor\" data-id=\"044e1e2\" data-element_type=\"widget\" data-widget_type=\"text-editor.default\">\n\t\t\t\t<div class=\"elementor-widget-container\">\n\t\t\t\t\t\t\t\t\t<p style=\"text-align: center;\"><span style=\"font-size: 12pt;\"><a href=\"https:\/\/guthardegg.at\/wp-content\/uploads\/1138481_Zertifikat-BIO-Nationale-Anlage.pdf\" target=\"_blank\" rel=\"noopener\"><u>BIO-ZERTIFIKAT<\/u><\/a> Weingut- &amp; Weingutsprodukte<\/span><\/p>\t\t\t\t\t\t\t\t<\/div>\n\t\t\t\t<\/div>\n\t\t\t\t\t<\/div>\n\t\t<\/div>\n\t\t\t\t\t<\/div>\n\t\t<\/section>\n\t\t\t\t<section data-particle_enable=\"false\" data-particle-mobile-disabled=\"false\" class=\"elementor-section elementor-inner-section elementor-element elementor-element-44f3fb0e elementor-section-boxed elementor-section-height-default elementor-section-height-default\" data-id=\"44f3fb0e\" data-element_type=\"section\">\n\t\t\t\t\t\t<div class=\"elementor-container elementor-column-gap-default\">\n\t\t\t\t\t<div class=\"elementor-column elementor-col-100 elementor-inner-column elementor-element elementor-element-268580ab\" data-id=\"268580ab\" data-element_type=\"column\">\n\t\t\t<div class=\"elementor-widget-wrap elementor-element-populated\">\n\t\t\t\t\t\t<div class=\"elementor-element elementor-element-b4f4cfb elementor-widget elementor-widget-google_maps\" data-id=\"b4f4cfb\" data-element_type=\"widget\" data-widget_type=\"google_maps.default\">\n\t\t\t\t<div class=\"elementor-widget-container\">\n\t\t\t\t\t\t\t<div class=\"elementor-custom-embed\">\n\t\t\t<iframe loading=\"lazy\"\n\t\t\t\t\tsrc=\"https:\/\/maps.google.com\/maps?q=2062%20Gro%C3%9Fkadolz%201&#038;t=m&#038;z=12&#038;output=embed&#038;iwloc=near\"\n\t\t\t\t\ttitle=\"2062 Gro\u00dfkadolz 1\"\n\t\t\t\t\taria-label=\"2062 Gro\u00dfkadolz 1\"\n\t\t\t><\/iframe>\n\t\t<\/div>\n\t\t\t\t\t\t<\/div>\n\t\t\t\t<\/div>\n\t\t\t\t\t<\/div>\n\t\t<\/div>\n\t\t\t\t\t<\/div>\n\t\t<\/section>\n\t\t\t\t\t<\/div>\n\t\t<\/div>\n\t\t\t\t\t<\/div>\n\t\t<\/section>\n\t\t\t\t<section data-particle_enable=\"false\" data-particle-mobile-disabled=\"false\" class=\"elementor-section elementor-top-section elementor-element elementor-element-ee3d9f0 elementor-section-boxed elementor-section-height-default elementor-section-height-default\" data-id=\"ee3d9f0\" data-element_type=\"section\">\n\t\t\t\t\t\t<div class=\"elementor-container elementor-column-gap-default\">\n\t\t\t\t\t<div class=\"elementor-column elementor-col-100 elementor-top-column elementor-element elementor-element-9833163\" data-id=\"9833163\" data-element_type=\"column\">\n\t\t\t<div class=\"elementor-widget-wrap elementor-element-populated\">\n\t\t\t\t\t\t<div class=\"elementor-element elementor-element-1526570 elementor-align-center elementor-widget elementor-widget-button\" data-id=\"1526570\" data-element_type=\"widget\" data-widget_type=\"button.default\">\n\t\t\t\t<div class=\"elementor-widget-container\">\n\t\t\t\t\t\t\t\t\t<div class=\"elementor-button-wrapper\">\n\t\t\t\t\t<a class=\"elementor-button elementor-button-link elementor-size-md\" href=\"\/en\/impressum\/\">\n\t\t\t\t\t\t<span class=\"elementor-button-content-wrapper\">\n\t\t\t\t\t\t<span class=\"elementor-button-icon\">\n\t\t\t\t<i aria-hidden=\"true\" class=\"fas fa-info-circle\"><\/i>\t\t\t<\/span>\n\t\t\t\t\t\t\t\t\t<span class=\"elementor-button-text\">impressum<\/span>\n\t\t\t\t\t<\/span>\n\t\t\t\t\t<\/a>\n\t\t\t\t<\/div>\n\t\t\t\t\t\t\t\t<\/div>\n\t\t\t\t<\/div>\n\t\t\t\t\t<\/div>\n\t\t<\/div>\n\t\t\t\t\t<\/div>\n\t\t<\/section>\n\t\t\t\t<\/div>","protected":false},"excerpt":{"rendered":"<p>Kontakt GUT HARDEGGDipl.-Ing. Maximilian HardeggGro\u00dfkadolz 1, A-2062 Seefeld-Kadolz Telefon: +43 (0)2943\/2203, Fax: +43 (0)2943\/2203-10E-Mail:\u00a0office@guthardegg.at www.guthardegg.at \u00d6ffnungszeiten B\u00fcro der Gutsverwaltung und der Gesch\u00e4ftsstelle des Zuchtunternehmens Gut Hardegg: Mo.-Do. 07.30\u201317.00 Uhr &amp; Fr. 07.30\u201313.30 Uhr BIO-ZERTIFIKAT Weingut- &amp; Weingutsprodukte impressum<\/p>","protected":false},"author":3,"featured_media":0,"parent":0,"menu_order":0,"comment_status":"closed","ping_status":"closed","template":"","meta":{"_acf_changed":false,"footnotes":""},"class_list":["post-3337","page","type-page","status-publish","hentry"],"acf":[],"yoast_head":"<!-- This site is optimized with the Yoast SEO plugin v24.8.1 - https:\/\/yoast.com\/wordpress\/plugins\/seo\/ -->\n<title>Kontakt - Gut Hardegg<\/title>\n<meta name=\"robots\" content=\"index, follow, max-snippet:-1, max-image-preview:large, max-video-preview:-1\" \/>\n<link rel=\"canonical\" href=\"https:\/\/guthardegg.at\/en\/kontakt\/\" \/>\n<meta property=\"og:locale\" content=\"en_US\" \/>\n<meta property=\"og:type\" content=\"article\" \/>\n<meta property=\"og:title\" content=\"Kontakt - Gut Hardegg\" \/>\n<meta property=\"og:description\" content=\"Kontakt GUT HARDEGGDipl.-Ing. Maximilian HardeggGro\u00dfkadolz 1, A-2062 Seefeld-Kadolz Telefon: +43 (0)2943\/2203, Fax: +43 (0)2943\/2203-10E-Mail:\u00a0office@guthardegg.at www.guthardegg.at \u00d6ffnungszeiten B\u00fcro der Gutsverwaltung und der Gesch\u00e4ftsstelle des Zuchtunternehmens Gut Hardegg: Mo.-Do. 07.30\u201317.00 Uhr &amp; Fr. 07.30\u201313.30 Uhr BIO-ZERTIFIKAT Weingut- &amp; Weingutsprodukte impressum\" \/>\n<meta property=\"og:url\" content=\"https:\/\/guthardegg.at\/en\/kontakt\/\" \/>\n<meta property=\"og:site_name\" content=\"Gut Hardegg\" \/>\n<meta property=\"article:modified_time\" content=\"2026-03-04T08:23:59+00:00\" \/>\n<meta name=\"twitter:card\" content=\"summary_large_image\" \/>\n<meta name=\"twitter:label1\" content=\"Est. reading time\" \/>\n\t<meta name=\"twitter:data1\" content=\"1 minute\" \/>\n<script type=\"application\/ld+json\" class=\"yoast-schema-graph\">{\"@context\":\"https:\/\/schema.org\",\"@graph\":[{\"@type\":\"WebPage\",\"@id\":\"https:\/\/guthardegg.at\/kontakt\/\",\"url\":\"https:\/\/guthardegg.at\/kontakt\/\",\"name\":\"Kontakt - Gut Hardegg\",\"isPartOf\":{\"@id\":\"https:\/\/guthardegg.at\/#website\"},\"datePublished\":\"2020-07-23T06:38:31+00:00\",\"dateModified\":\"2026-03-04T08:23:59+00:00\",\"breadcrumb\":{\"@id\":\"https:\/\/guthardegg.at\/kontakt\/#breadcrumb\"},\"inLanguage\":\"en-US\",\"potentialAction\":[{\"@type\":\"ReadAction\",\"target\":[\"https:\/\/guthardegg.at\/kontakt\/\"]}]},{\"@type\":\"BreadcrumbList\",\"@id\":\"https:\/\/guthardegg.at\/kontakt\/#breadcrumb\",\"itemListElement\":[{\"@type\":\"ListItem\",\"position\":1,\"name\":\"gut hardegg\",\"item\":\"https:\/\/guthardegg.at\/\"},{\"@type\":\"ListItem\",\"position\":2,\"name\":\"Kontakt\"}]},{\"@type\":\"WebSite\",\"@id\":\"https:\/\/guthardegg.at\/#website\",\"url\":\"https:\/\/guthardegg.at\/\",\"name\":\"Gut Hardegg\",\"description\":\"Gelebte Artenvielfalt\",\"publisher\":{\"@id\":\"https:\/\/guthardegg.at\/#organization\"},\"potentialAction\":[{\"@type\":\"SearchAction\",\"target\":{\"@type\":\"EntryPoint\",\"urlTemplate\":\"https:\/\/guthardegg.at\/?s={search_term_string}\"},\"query-input\":{\"@type\":\"PropertyValueSpecification\",\"valueRequired\":true,\"valueName\":\"search_term_string\"}}],\"inLanguage\":\"en-US\"},{\"@type\":\"Organization\",\"@id\":\"https:\/\/guthardegg.at\/#organization\",\"name\":\"Gut Hardegg\",\"url\":\"https:\/\/guthardegg.at\/\",\"logo\":{\"@type\":\"ImageObject\",\"inLanguage\":\"en-US\",\"@id\":\"https:\/\/guthardegg.at\/#\/schema\/logo\/image\/\",\"url\":\"https:\/\/guthardegg.at\/wp-content\/uploads\/2020\/05\/Gut-Hardegg-logo.png\",\"contentUrl\":\"https:\/\/guthardegg.at\/wp-content\/uploads\/2020\/05\/Gut-Hardegg-logo.png\",\"width\":945,\"height\":560,\"caption\":\"Gut Hardegg\"},\"image\":{\"@id\":\"https:\/\/guthardegg.at\/#\/schema\/logo\/image\/\"}}]}<\/script>\n<!-- \/ Yoast SEO plugin. -->","yoast_head_json":{"title":"Kontakt - Gut Hardegg","robots":{"index":"index","follow":"follow","max-snippet":"max-snippet:-1","max-image-preview":"max-image-preview:large","max-video-preview":"max-video-preview:-1"},"canonical":"https:\/\/guthardegg.at\/en\/kontakt\/","og_locale":"en_US","og_type":"article","og_title":"Kontakt - Gut Hardegg","og_description":"Kontakt GUT HARDEGGDipl.-Ing. Maximilian HardeggGro\u00dfkadolz 1, A-2062 Seefeld-Kadolz Telefon: +43 (0)2943\/2203, Fax: +43 (0)2943\/2203-10E-Mail:\u00a0office@guthardegg.at www.guthardegg.at \u00d6ffnungszeiten B\u00fcro der Gutsverwaltung und der Gesch\u00e4ftsstelle des Zuchtunternehmens Gut Hardegg: Mo.-Do. 07.30\u201317.00 Uhr &amp; Fr. 07.30\u201313.30 Uhr BIO-ZERTIFIKAT Weingut- &amp; Weingutsprodukte impressum","og_url":"https:\/\/guthardegg.at\/en\/kontakt\/","og_site_name":"Gut Hardegg","article_modified_time":"2026-03-04T08:23:59+00:00","twitter_card":"summary_large_image","twitter_misc":{"Est. reading time":"1 minute"},"schema":{"@context":"https:\/\/schema.org","@graph":[{"@type":"WebPage","@id":"https:\/\/guthardegg.at\/kontakt\/","url":"https:\/\/guthardegg.at\/kontakt\/","name":"Kontakt - Gut Hardegg","isPartOf":{"@id":"https:\/\/guthardegg.at\/#website"},"datePublished":"2020-07-23T06:38:31+00:00","dateModified":"2026-03-04T08:23:59+00:00","breadcrumb":{"@id":"https:\/\/guthardegg.at\/kontakt\/#breadcrumb"},"inLanguage":"en-US","potentialAction":[{"@type":"ReadAction","target":["https:\/\/guthardegg.at\/kontakt\/"]}]},{"@type":"BreadcrumbList","@id":"https:\/\/guthardegg.at\/kontakt\/#breadcrumb","itemListElement":[{"@type":"ListItem","position":1,"name":"gut hardegg","item":"https:\/\/guthardegg.at\/"},{"@type":"ListItem","position":2,"name":"Kontakt"}]},{"@type":"WebSite","@id":"https:\/\/guthardegg.at\/#website","url":"https:\/\/guthardegg.at\/","name":"Gut Hardegg","description":"Gelebte Artenvielfalt","publisher":{"@id":"https:\/\/guthardegg.at\/#organization"},"potentialAction":[{"@type":"SearchAction","target":{"@type":"EntryPoint","urlTemplate":"https:\/\/guthardegg.at\/?s={search_term_string}"},"query-input":{"@type":"PropertyValueSpecification","valueRequired":true,"valueName":"search_term_string"}}],"inLanguage":"en-US"},{"@type":"Organization","@id":"https:\/\/guthardegg.at\/#organization","name":"Gut Hardegg","url":"https:\/\/guthardegg.at\/","logo":{"@type":"ImageObject","inLanguage":"en-US","@id":"https:\/\/guthardegg.at\/#\/schema\/logo\/image\/","url":"https:\/\/guthardegg.at\/wp-content\/uploads\/2020\/05\/Gut-Hardegg-logo.png","contentUrl":"https:\/\/guthardegg.at\/wp-content\/uploads\/2020\/05\/Gut-Hardegg-logo.png","width":945,"height":560,"caption":"Gut Hardegg"},"image":{"@id":"https:\/\/guthardegg.at\/#\/schema\/logo\/image\/"}}]}},"_links":{"self":[{"href":"https:\/\/guthardegg.at\/en\/wp-json\/wp\/v2\/pages\/3337","targetHints":{"allow":["GET"]}}],"collection":[{"href":"https:\/\/guthardegg.at\/en\/wp-json\/wp\/v2\/pages"}],"about":[{"href":"https:\/\/guthardegg.at\/en\/wp-json\/wp\/v2\/types\/page"}],"author":[{"embeddable":true,"href":"https:\/\/guthardegg.at\/en\/wp-json\/wp\/v2\/users\/3"}],"replies":[{"embeddable":true,"href":"https:\/\/guthardegg.at\/en\/wp-json\/wp\/v2\/comments?post=3337"}],"version-history":[{"count":22,"href":"https:\/\/guthardegg.at\/en\/wp-json\/wp\/v2\/pages\/3337\/revisions"}],"predecessor-version":[{"id":8335,"href":"https:\/\/guthardegg.at\/en\/wp-json\/wp\/v2\/pages\/3337\/revisions\/8335"}],"wp:attachment":[{"href":"https:\/\/guthardegg.at\/en\/wp-json\/wp\/v2\/media?parent=3337"}],"curies":[{"name":"wp","href":"https:\/\/api.w.org\/{rel}","templated":true}]}}