{"id":4711,"date":"2021-11-20T18:17:29","date_gmt":"2021-11-20T17:17:29","guid":{"rendered":"https:\/\/guthardegg.at\/?page_id=4711"},"modified":"2021-11-21T11:26:16","modified_gmt":"2021-11-21T10:26:16","slug":"steuer","status":"publish","type":"page","link":"https:\/\/guthardegg.at\/en\/shop\/steuer\/","title":{"rendered":"Steuerinformationen"},"content":{"rendered":"<div data-elementor-type=\"wp-page\" data-elementor-id=\"4711\" class=\"elementor elementor-4711\" data-elementor-post-type=\"page\">\n\t\t\t\t\t\t<section data-particle_enable=\"false\" data-particle-mobile-disabled=\"false\" class=\"elementor-section elementor-top-section elementor-element elementor-element-3ea3bbb elementor-section-boxed elementor-section-height-default elementor-section-height-default\" data-id=\"3ea3bbb\" data-element_type=\"section\">\n\t\t\t\t\t\t<div class=\"elementor-container elementor-column-gap-default\">\n\t\t\t\t\t<div class=\"elementor-column elementor-col-100 elementor-top-column elementor-element elementor-element-97ad9fb\" data-id=\"97ad9fb\" data-element_type=\"column\">\n\t\t\t<div class=\"elementor-widget-wrap elementor-element-populated\">\n\t\t\t\t\t\t<div class=\"elementor-element elementor-element-74886ad elementor-widget elementor-widget-heading\" data-id=\"74886ad\" data-element_type=\"widget\" data-widget_type=\"heading.default\">\n\t\t\t\t<div class=\"elementor-widget-container\">\n\t\t\t\t\t<h1 class=\"elementor-heading-title elementor-size-default\">Steuerinformationen<\/h1>\t\t\t\t<\/div>\n\t\t\t\t<\/div>\n\t\t\t\t<div class=\"elementor-element elementor-element-32fde3e elementor-widget elementor-widget-text-editor\" data-id=\"32fde3e\" data-element_type=\"widget\" data-widget_type=\"text-editor.default\">\n\t\t\t\t<div class=\"elementor-widget-container\">\n\t\t\t\t\t\t\t\t\t<p class=\"p1\">F\u00fcr Waren, die auf <a href=\"https:\/\/guthardegg.at\/en\/\"><span class=\"s1\">guthardegg.at<\/span><\/a> angeboten werden und an Lieferadressen innerhalb der EU versandt werden, muss nach geltenden EU-Gesetzen die innerhalb der Mitgliedsstaaten variierende Umsatzsteuer berrechnet werden. Die H\u00f6he der zu verrechnenden Umsatzsteuer richtet sich nach der Art der Produkte und den entsprechenden Umsatzssteuers\u00e4tzen im Bestimmungsland (Lieferadresse).<\/p>\n<p class=\"p1\">Die Preise auf unserer Website werden in Euro inkl. Umsatzsteuer ausgewiesen. <strong>Bitte beachten Sie, dass der Endpreis Ihrer Bestellung die tats\u00e4chliche Umsatzsteuer, abh\u00e4ngig vom ZIELORT (Lieferadresse), ber\u00fccksichtigt.<\/strong> Dh. z. B., auch wenn der Rechnungsempf\u00e4nger (Besteller) in \u00d6sterreich ist, seine Bestellung aber nach Tschechien liefern l\u00e4sst, gelten die tschechischen Steuers\u00e4tze. Den Endpreis inklusive der f\u00fcr die bestellten Artikel g\u00fcltigen Umsatzsteuers\u00e4tze f\u00fcr den gew\u00e4hlten Zielort sehen Sie auf der letzten Seite des Bestellformulars (Checkout). Derzeit liefern wir innerhalb \u00d6sterreichs, nach Deutschland, in die Niederlande und nach Tschechien.<\/p>\n<p class=\"p1\">Bis auf weiteres bieten wir keine Lieferoption f\u00fcr Unternehmen mit Umsatzsteuer-Identifikationsnummer.<\/p>\t\t\t\t\t\t\t\t<\/div>\n\t\t\t\t<\/div>\n\t\t\t\t\t<\/div>\n\t\t<\/div>\n\t\t\t\t\t<\/div>\n\t\t<\/section>\n\t\t\t\t<\/div>","protected":false},"excerpt":{"rendered":"<p>Steuerinformationen F\u00fcr Waren, die auf guthardegg.at angeboten werden und an Lieferadressen innerhalb der EU versandt werden, muss nach geltenden EU-Gesetzen die innerhalb der Mitgliedsstaaten variierende Umsatzsteuer berrechnet werden. Die H\u00f6he der zu verrechnenden Umsatzsteuer richtet sich nach der Art der Produkte und den entsprechenden Umsatzssteuers\u00e4tzen im Bestimmungsland (Lieferadresse). Die Preise auf unserer Website werden in [&#8230;]<\/p>","protected":false},"author":1810,"featured_media":0,"parent":265,"menu_order":0,"comment_status":"closed","ping_status":"closed","template":"elementor_header_footer","meta":{"_acf_changed":false,"footnotes":""},"class_list":["post-4711","page","type-page","status-publish","hentry"],"acf":[],"yoast_head":"<!-- This site is optimized with the Yoast SEO plugin v24.8.1 - https:\/\/yoast.com\/wordpress\/plugins\/seo\/ -->\n<title>Steuerinformationen - Gut Hardegg<\/title>\n<meta name=\"robots\" content=\"index, follow, max-snippet:-1, max-image-preview:large, max-video-preview:-1\" \/>\n<link rel=\"canonical\" href=\"https:\/\/guthardegg.at\/en\/shop\/steuer\/\" \/>\n<meta property=\"og:locale\" content=\"en_US\" \/>\n<meta property=\"og:type\" content=\"article\" \/>\n<meta property=\"og:title\" content=\"Steuerinformationen - Gut Hardegg\" \/>\n<meta property=\"og:description\" content=\"Steuerinformationen F\u00fcr Waren, die auf guthardegg.at angeboten werden und an Lieferadressen innerhalb der EU versandt werden, muss nach geltenden EU-Gesetzen die innerhalb der Mitgliedsstaaten variierende Umsatzsteuer berrechnet werden. Die H\u00f6he der zu verrechnenden Umsatzsteuer richtet sich nach der Art der Produkte und den entsprechenden Umsatzssteuers\u00e4tzen im Bestimmungsland (Lieferadresse). Die Preise auf unserer Website werden in [...]\" \/>\n<meta property=\"og:url\" content=\"https:\/\/guthardegg.at\/en\/shop\/steuer\/\" \/>\n<meta property=\"og:site_name\" content=\"Gut Hardegg\" \/>\n<meta property=\"article:modified_time\" content=\"2021-11-21T10:26:16+00:00\" \/>\n<meta name=\"twitter:card\" content=\"summary_large_image\" \/>\n<meta name=\"twitter:label1\" content=\"Est. reading time\" \/>\n\t<meta name=\"twitter:data1\" content=\"1 minute\" \/>\n<script type=\"application\/ld+json\" class=\"yoast-schema-graph\">{\"@context\":\"https:\/\/schema.org\",\"@graph\":[{\"@type\":\"WebPage\",\"@id\":\"https:\/\/guthardegg.at\/shop\/steuer\/\",\"url\":\"https:\/\/guthardegg.at\/shop\/steuer\/\",\"name\":\"Steuerinformationen - Gut Hardegg\",\"isPartOf\":{\"@id\":\"https:\/\/guthardegg.at\/#website\"},\"datePublished\":\"2021-11-20T17:17:29+00:00\",\"dateModified\":\"2021-11-21T10:26:16+00:00\",\"breadcrumb\":{\"@id\":\"https:\/\/guthardegg.at\/shop\/steuer\/#breadcrumb\"},\"inLanguage\":\"en-US\",\"potentialAction\":[{\"@type\":\"ReadAction\",\"target\":[\"https:\/\/guthardegg.at\/shop\/steuer\/\"]}]},{\"@type\":\"BreadcrumbList\",\"@id\":\"https:\/\/guthardegg.at\/shop\/steuer\/#breadcrumb\",\"itemListElement\":[{\"@type\":\"ListItem\",\"position\":1,\"name\":\"gut hardegg\",\"item\":\"https:\/\/guthardegg.at\/\"},{\"@type\":\"ListItem\",\"position\":2,\"name\":\"Shop\",\"item\":\"https:\/\/guthardegg.at\/shop\/\"},{\"@type\":\"ListItem\",\"position\":3,\"name\":\"Steuerinformationen\"}]},{\"@type\":\"WebSite\",\"@id\":\"https:\/\/guthardegg.at\/#website\",\"url\":\"https:\/\/guthardegg.at\/\",\"name\":\"Gut Hardegg\",\"description\":\"Gelebte Artenvielfalt\",\"publisher\":{\"@id\":\"https:\/\/guthardegg.at\/#organization\"},\"potentialAction\":[{\"@type\":\"SearchAction\",\"target\":{\"@type\":\"EntryPoint\",\"urlTemplate\":\"https:\/\/guthardegg.at\/?s={search_term_string}\"},\"query-input\":{\"@type\":\"PropertyValueSpecification\",\"valueRequired\":true,\"valueName\":\"search_term_string\"}}],\"inLanguage\":\"en-US\"},{\"@type\":\"Organization\",\"@id\":\"https:\/\/guthardegg.at\/#organization\",\"name\":\"Gut Hardegg\",\"url\":\"https:\/\/guthardegg.at\/\",\"logo\":{\"@type\":\"ImageObject\",\"inLanguage\":\"en-US\",\"@id\":\"https:\/\/guthardegg.at\/#\/schema\/logo\/image\/\",\"url\":\"https:\/\/guthardegg.at\/wp-content\/uploads\/2020\/05\/Gut-Hardegg-logo.png\",\"contentUrl\":\"https:\/\/guthardegg.at\/wp-content\/uploads\/2020\/05\/Gut-Hardegg-logo.png\",\"width\":945,\"height\":560,\"caption\":\"Gut Hardegg\"},\"image\":{\"@id\":\"https:\/\/guthardegg.at\/#\/schema\/logo\/image\/\"}}]}<\/script>\n<!-- \/ Yoast SEO plugin. -->","yoast_head_json":{"title":"Steuerinformationen - Gut Hardegg","robots":{"index":"index","follow":"follow","max-snippet":"max-snippet:-1","max-image-preview":"max-image-preview:large","max-video-preview":"max-video-preview:-1"},"canonical":"https:\/\/guthardegg.at\/en\/shop\/steuer\/","og_locale":"en_US","og_type":"article","og_title":"Steuerinformationen - Gut Hardegg","og_description":"Steuerinformationen F\u00fcr Waren, die auf guthardegg.at angeboten werden und an Lieferadressen innerhalb der EU versandt werden, muss nach geltenden EU-Gesetzen die innerhalb der Mitgliedsstaaten variierende Umsatzsteuer berrechnet werden. Die H\u00f6he der zu verrechnenden Umsatzsteuer richtet sich nach der Art der Produkte und den entsprechenden Umsatzssteuers\u00e4tzen im Bestimmungsland (Lieferadresse). Die Preise auf unserer Website werden in [...]","og_url":"https:\/\/guthardegg.at\/en\/shop\/steuer\/","og_site_name":"Gut Hardegg","article_modified_time":"2021-11-21T10:26:16+00:00","twitter_card":"summary_large_image","twitter_misc":{"Est. reading time":"1 minute"},"schema":{"@context":"https:\/\/schema.org","@graph":[{"@type":"WebPage","@id":"https:\/\/guthardegg.at\/shop\/steuer\/","url":"https:\/\/guthardegg.at\/shop\/steuer\/","name":"Steuerinformationen - Gut Hardegg","isPartOf":{"@id":"https:\/\/guthardegg.at\/#website"},"datePublished":"2021-11-20T17:17:29+00:00","dateModified":"2021-11-21T10:26:16+00:00","breadcrumb":{"@id":"https:\/\/guthardegg.at\/shop\/steuer\/#breadcrumb"},"inLanguage":"en-US","potentialAction":[{"@type":"ReadAction","target":["https:\/\/guthardegg.at\/shop\/steuer\/"]}]},{"@type":"BreadcrumbList","@id":"https:\/\/guthardegg.at\/shop\/steuer\/#breadcrumb","itemListElement":[{"@type":"ListItem","position":1,"name":"gut hardegg","item":"https:\/\/guthardegg.at\/"},{"@type":"ListItem","position":2,"name":"Shop","item":"https:\/\/guthardegg.at\/shop\/"},{"@type":"ListItem","position":3,"name":"Steuerinformationen"}]},{"@type":"WebSite","@id":"https:\/\/guthardegg.at\/#website","url":"https:\/\/guthardegg.at\/","name":"Gut Hardegg","description":"Gelebte Artenvielfalt","publisher":{"@id":"https:\/\/guthardegg.at\/#organization"},"potentialAction":[{"@type":"SearchAction","target":{"@type":"EntryPoint","urlTemplate":"https:\/\/guthardegg.at\/?s={search_term_string}"},"query-input":{"@type":"PropertyValueSpecification","valueRequired":true,"valueName":"search_term_string"}}],"inLanguage":"en-US"},{"@type":"Organization","@id":"https:\/\/guthardegg.at\/#organization","name":"Gut Hardegg","url":"https:\/\/guthardegg.at\/","logo":{"@type":"ImageObject","inLanguage":"en-US","@id":"https:\/\/guthardegg.at\/#\/schema\/logo\/image\/","url":"https:\/\/guthardegg.at\/wp-content\/uploads\/2020\/05\/Gut-Hardegg-logo.png","contentUrl":"https:\/\/guthardegg.at\/wp-content\/uploads\/2020\/05\/Gut-Hardegg-logo.png","width":945,"height":560,"caption":"Gut Hardegg"},"image":{"@id":"https:\/\/guthardegg.at\/#\/schema\/logo\/image\/"}}]}},"_links":{"self":[{"href":"https:\/\/guthardegg.at\/en\/wp-json\/wp\/v2\/pages\/4711","targetHints":{"allow":["GET"]}}],"collection":[{"href":"https:\/\/guthardegg.at\/en\/wp-json\/wp\/v2\/pages"}],"about":[{"href":"https:\/\/guthardegg.at\/en\/wp-json\/wp\/v2\/types\/page"}],"author":[{"embeddable":true,"href":"https:\/\/guthardegg.at\/en\/wp-json\/wp\/v2\/users\/1810"}],"replies":[{"embeddable":true,"href":"https:\/\/guthardegg.at\/en\/wp-json\/wp\/v2\/comments?post=4711"}],"version-history":[{"count":7,"href":"https:\/\/guthardegg.at\/en\/wp-json\/wp\/v2\/pages\/4711\/revisions"}],"predecessor-version":[{"id":4726,"href":"https:\/\/guthardegg.at\/en\/wp-json\/wp\/v2\/pages\/4711\/revisions\/4726"}],"up":[{"embeddable":true,"href":"https:\/\/guthardegg.at\/en\/wp-json\/wp\/v2\/pages\/265"}],"wp:attachment":[{"href":"https:\/\/guthardegg.at\/en\/wp-json\/wp\/v2\/media?parent=4711"}],"curies":[{"name":"wp","href":"https:\/\/api.w.org\/{rel}","templated":true}]}}