{"id":5968,"date":"2023-02-23T16:20:54","date_gmt":"2023-02-23T15:20:54","guid":{"rendered":"https:\/\/guthardegg.at\/?page_id=5968"},"modified":"2023-02-23T16:26:38","modified_gmt":"2023-02-23T15:26:38","slug":"teilnahmebedingungen-gewinnspiel","status":"publish","type":"page","link":"https:\/\/guthardegg.at\/en\/teilnahmebedingungen-gewinnspiel\/","title":{"rendered":"Teilnahmebedingungen"},"content":{"rendered":"<div data-elementor-type=\"wp-post\" data-elementor-id=\"5968\" class=\"elementor elementor-5968\" data-elementor-post-type=\"page\">\n\t\t\t\t\t\t<section data-particle_enable=\"false\" data-particle-mobile-disabled=\"false\" class=\"elementor-section elementor-top-section elementor-element elementor-element-2c84f819 elementor-section-boxed elementor-section-height-default elementor-section-height-default\" data-id=\"2c84f819\" data-element_type=\"section\" data-settings=\"{&quot;background_background&quot;:&quot;classic&quot;}\">\n\t\t\t\t\t\t<div class=\"elementor-container elementor-column-gap-default\">\n\t\t\t\t\t<div class=\"elementor-column elementor-col-100 elementor-top-column elementor-element elementor-element-4d2f2932\" data-id=\"4d2f2932\" data-element_type=\"column\">\n\t\t\t<div class=\"elementor-widget-wrap elementor-element-populated\">\n\t\t\t\t\t\t<section data-particle_enable=\"false\" data-particle-mobile-disabled=\"false\" class=\"elementor-section elementor-inner-section elementor-element elementor-element-1c0e1748 elementor-section-boxed elementor-section-height-default elementor-section-height-default\" data-id=\"1c0e1748\" data-element_type=\"section\">\n\t\t\t\t\t\t<div class=\"elementor-container elementor-column-gap-default\">\n\t\t\t\t\t<div class=\"elementor-column elementor-col-100 elementor-inner-column elementor-element elementor-element-38b04aaf\" data-id=\"38b04aaf\" data-element_type=\"column\">\n\t\t\t<div class=\"elementor-widget-wrap elementor-element-populated\">\n\t\t\t\t\t\t<div class=\"elementor-element elementor-element-5fd4aa53 elementor-widget elementor-widget-heading\" data-id=\"5fd4aa53\" data-element_type=\"widget\" data-widget_type=\"heading.default\">\n\t\t\t\t<div class=\"elementor-widget-container\">\n\t\t\t\t\t<h2 class=\"elementor-heading-title elementor-size-default\">teilnahmebedingungen<\/h2>\t\t\t\t<\/div>\n\t\t\t\t<\/div>\n\t\t\t\t<div class=\"elementor-element elementor-element-fc81564 elementor-widget elementor-widget-text-editor\" data-id=\"fc81564\" data-element_type=\"widget\" data-widget_type=\"text-editor.default\">\n\t\t\t\t<div class=\"elementor-widget-container\">\n\t\t\t\t\t\t\t\t\t<p style=\"text-align: center;\"><b>f\u00fcr Instagram\/Facebook-Gewinnspiele von Gut Hardegg<\/b><\/p>\t\t\t\t\t\t\t\t<\/div>\n\t\t\t\t<\/div>\n\t\t\t\t\t<\/div>\n\t\t<\/div>\n\t\t\t\t\t<\/div>\n\t\t<\/section>\n\t\t\t\t<section data-particle_enable=\"false\" data-particle-mobile-disabled=\"false\" class=\"elementor-section elementor-inner-section elementor-element elementor-element-44f3fb0e elementor-section-boxed elementor-section-height-default elementor-section-height-default\" data-id=\"44f3fb0e\" data-element_type=\"section\">\n\t\t\t\t\t\t<div class=\"elementor-container elementor-column-gap-default\">\n\t\t\t\t\t<div class=\"elementor-column elementor-col-50 elementor-inner-column elementor-element elementor-element-268580ab\" data-id=\"268580ab\" data-element_type=\"column\">\n\t\t\t<div class=\"elementor-widget-wrap elementor-element-populated\">\n\t\t\t\t\t\t<div class=\"elementor-element elementor-element-572a81ef elementor-widget elementor-widget-text-editor\" data-id=\"572a81ef\" data-element_type=\"widget\" data-widget_type=\"text-editor.default\">\n\t\t\t\t<div class=\"elementor-widget-container\">\n\t\t\t\t\t\t\t\t\t<p>1. Veranstalter des Gewinnspiels ist die Gutsverwaltung Hardegg, Gro\u00dfkadolz 1, A-2062 Seefeld-Kadolz. Das Gewinnspiel steht in keiner Verbindung zu Facebook und Instagram und wird in keiner Weise von Facebook oder Instagram gesponsert, unterst\u00fctzt oder organisiert.<\/p><p>2. Das Gewinnspiel startet mit der Ver\u00f6ffentlichung des jeweiligen Posts und endet zu dem im Gewinnspiel-Post angegeben Zeitpunkt. Die L\u00e4nge des Durchf\u00fchrungszeitraumes k\u00f6nnen sie dem Gewinnspiel-Post entnehmen.<\/p><p>3. Die Teilnahme an der Verlosung setzt spezifische Aktionen laut Gewinnspiel-Post auf Facebook oder Instagram, auf ebendiesen Plattformen voraus. Diese k\u00f6nnen variieren und sind immer dem jeweiligen Gewinnspiel-Post zu entnehmen. Pro Person ist nur eine Teilnahme m\u00f6glich.<\/p><p>Kommentare die gegen die Facebook oder Instagram Richtlinien, \u00f6sterreichisches- oder europ\u00e4isches Recht versto\u00dfen, werden nach Kenntnisnahme ohne Ank\u00fcndigung entfernt. Die Teilnahme am Gewinnspiel ist damit ausgeschlossen.<\/p><p>4. Das Gewinnspiel steht nur f\u00fcr TeilnehmerInnen \u00fcber 16 Jahren aus \u00d6sterreich und Deutschland offen. Ausgenommen von der Teilnahme sind MitarbeiterInnen von Gut Hardegg sowie deren Angeh\u00f6rige. Der Rechtsweg sowie die Barabl\u00f6se von Gewinnen sind ausgeschlossen. Der Gewinn ist nicht auf Dritte \u00fcbertragbar. Die Verwendung von Sachpreisen erfolgt auf Gefahr der GewinnerInnen.<\/p><p>5. Der\/die Gewinner\/In wird durch eine Verlosung unter Gew\u00e4hrleistung des Zufallsprinzips sowie der Einhaltung des Vier-Augen-Prinzips ermittelt, sofern nicht im Gewinnspielpost andere Angaben zur Gewinnermittlung (zB. Bildeinsendung: das Bild mit den meisten \u201eLikes\u201c gewinnt) gemacht wurden.<\/p>\t\t\t\t\t\t\t\t<\/div>\n\t\t\t\t<\/div>\n\t\t\t\t\t<\/div>\n\t\t<\/div>\n\t\t\t\t<div class=\"elementor-column elementor-col-50 elementor-inner-column elementor-element elementor-element-649c052d\" data-id=\"649c052d\" data-element_type=\"column\">\n\t\t\t<div class=\"elementor-widget-wrap elementor-element-populated\">\n\t\t\t\t\t\t<div class=\"elementor-element elementor-element-19ac0935 elementor-widget elementor-widget-text-editor\" data-id=\"19ac0935\" data-element_type=\"widget\" data-widget_type=\"text-editor.default\">\n\t\t\t\t<div class=\"elementor-widget-container\">\n\t\t\t\t\t\t\t\t\t<p>6. Der\/die Gewinner\/In wird unmittelbar nach Ende des Durchf\u00fchrungszeitraumes, durch ein weiteres Posting oder Storyvideo, sowie eine Privatnachricht per Instagram-Nachrichtenfunktion informiert. Daraufhin muss der\/die Gewinner\/In seine Adressdaten innerhalb von 5 Tagen per Mail an office@guthardegg.at senden, damit der Gewinn versandt werden kann (diese Angaben dienen ausschlie\u00dflich der \u00dcbersendung des Gewinns). Sollte sich der\/die Gewinner\/In nicht innerhalb dieser Frist melden, verf\u00e4llt der Gewinn ersatzlos. In diesem Fall wird kein Ersatz Gewinner\/Gewinnerin ermittelt.<\/p><p>F\u00fcr die Entrichtung allf\u00e4lliger mit dem Gewinn verbundenen Steuern oder sonstigen gesetzlichen Abgaben sind die GewinnerInnen zust\u00e4ndig.<\/p><p>7. Der Abbruch oder die vorzeitige Beendigung des Gewinnspiels bleibt jederzeit und ohne Angabe von Gr\u00fcnden vorbehalten.<\/p><p>8. Die von den Teilnehmer\/innen angegebenen Daten und Informationen im Rahmen des Gewinnspiels werden nur zum Zwecke der Abwicklung und Dokumentation des Gewinnspiels verwendet und unmittelbar nach der Ermittlung der Gewinner\/Innen gel\u00f6scht, die Kommentare auf Facebook\/Instagram bleiben allerdings bestehen und sind weiterhin \u00f6ffentlich einsehbar. Der\/Die Teilnehmer\/in erkl\u00e4rt sich damit ausdr\u00fccklich einverstanden. Diese Zustimmung kann jederzeit durch E-Mail an office@guthardegg.at widerrufen werden. Im Falle eines Widerrufs wird der\/die Teilnehmer\/in vom Gewinnspiel ausgeschlossen.<\/p><p>Weitere Infos zum Datenschutz finden Sie in unserer\u00a0<a href=\"https:\/\/guthardegg.at\/en\/datenschutz\/\" target=\"_blank\" rel=\"noopener\">Datenschutzerkl\u00e4rung<\/a>.<\/p>\t\t\t\t\t\t\t\t<\/div>\n\t\t\t\t<\/div>\n\t\t\t\t\t<\/div>\n\t\t<\/div>\n\t\t\t\t\t<\/div>\n\t\t<\/section>\n\t\t\t\t<section data-particle_enable=\"false\" data-particle-mobile-disabled=\"false\" class=\"elementor-section elementor-inner-section elementor-element elementor-element-d97615b elementor-hidden-desktop elementor-hidden-tablet elementor-hidden-mobile elementor-section-boxed elementor-section-height-default elementor-section-height-default\" data-id=\"d97615b\" data-element_type=\"section\">\n\t\t\t\t\t\t<div class=\"elementor-container elementor-column-gap-default\">\n\t\t\t\t\t<div class=\"elementor-column elementor-col-100 elementor-inner-column elementor-element elementor-element-17ccfa3\" data-id=\"17ccfa3\" data-element_type=\"column\">\n\t\t\t<div class=\"elementor-widget-wrap elementor-element-populated\">\n\t\t\t\t\t\t<div class=\"elementor-element elementor-element-45a16a0 elementor-widget elementor-widget-text-editor\" data-id=\"45a16a0\" data-element_type=\"widget\" data-widget_type=\"text-editor.default\">\n\t\t\t\t<div class=\"elementor-widget-container\">\n\t\t\t\t\t\t\t\t\t<p style=\"text-align: center;\"><strong>Konzept &amp; Design . Content<\/strong><br \/>Mag. Alexander Stock | B\u00fcro f\u00fcr Design &amp; Kommunikation<br \/><a href=\"\/en\/stockdesignoffice@gmail.com\/\" target=\"_blank\" rel=\"noopener\">stockdesignoffice[at]gmail.com<\/a><\/p><p style=\"text-align: center;\"><strong>Programmierung<\/strong><br \/>Ivan Dukic BA &amp; Team | Digitalfaktur Innsbruck<br \/><a href=\"https:\/\/www.digitalfaktur.com\/\" target=\"_blank\" rel=\"noopener\">www.digitalfaktur.com<\/a>\u00a0<\/p>\t\t\t\t\t\t\t\t<\/div>\n\t\t\t\t<\/div>\n\t\t\t\t\t<\/div>\n\t\t<\/div>\n\t\t\t\t\t<\/div>\n\t\t<\/section>\n\t\t\t\t\t<\/div>\n\t\t<\/div>\n\t\t\t\t\t<\/div>\n\t\t<\/section>\n\t\t\t\t<section data-particle_enable=\"false\" data-particle-mobile-disabled=\"false\" class=\"elementor-section elementor-top-section elementor-element elementor-element-ee3d9f0 elementor-section-boxed elementor-section-height-default elementor-section-height-default\" data-id=\"ee3d9f0\" data-element_type=\"section\">\n\t\t\t\t\t\t<div class=\"elementor-container elementor-column-gap-default\">\n\t\t\t\t\t<div class=\"elementor-column elementor-col-100 elementor-top-column elementor-element elementor-element-9833163\" data-id=\"9833163\" data-element_type=\"column\">\n\t\t\t<div class=\"elementor-widget-wrap elementor-element-populated\">\n\t\t\t\t\t\t<div class=\"elementor-element elementor-element-1526570 elementor-align-center elementor-widget elementor-widget-button\" data-id=\"1526570\" data-element_type=\"widget\" data-widget_type=\"button.default\">\n\t\t\t\t<div class=\"elementor-widget-container\">\n\t\t\t\t\t\t\t\t\t<div class=\"elementor-button-wrapper\">\n\t\t\t\t\t<a class=\"elementor-button elementor-button-link elementor-size-md\" href=\"\/en\/datenschutz\/\" target=\"_blank\">\n\t\t\t\t\t\t<span class=\"elementor-button-content-wrapper\">\n\t\t\t\t\t\t<span class=\"elementor-button-icon\">\n\t\t\t\t<i aria-hidden=\"true\" class=\"fas fa-info-circle\"><\/i>\t\t\t<\/span>\n\t\t\t\t\t\t\t\t\t<span class=\"elementor-button-text\">Datenschutzerkl\u00e4rung<\/span>\n\t\t\t\t\t<\/span>\n\t\t\t\t\t<\/a>\n\t\t\t\t<\/div>\n\t\t\t\t\t\t\t\t<\/div>\n\t\t\t\t<\/div>\n\t\t\t\t<div class=\"elementor-element elementor-element-c5dbdcb elementor-align-center elementor-widget elementor-widget-button\" data-id=\"c5dbdcb\" data-element_type=\"widget\" data-widget_type=\"button.default\">\n\t\t\t\t<div class=\"elementor-widget-container\">\n\t\t\t\t\t\t\t\t\t<div class=\"elementor-button-wrapper\">\n\t\t\t\t\t<a class=\"elementor-button elementor-button-link elementor-size-md\" href=\"\/en\/agb\/\" target=\"_blank\">\n\t\t\t\t\t\t<span class=\"elementor-button-content-wrapper\">\n\t\t\t\t\t\t<span class=\"elementor-button-icon\">\n\t\t\t\t<i aria-hidden=\"true\" class=\"fas fa-info-circle\"><\/i>\t\t\t<\/span>\n\t\t\t\t\t\t\t\t\t<span class=\"elementor-button-text\">GUT Hardegg - AGB<\/span>\n\t\t\t\t\t<\/span>\n\t\t\t\t\t<\/a>\n\t\t\t\t<\/div>\n\t\t\t\t\t\t\t\t<\/div>\n\t\t\t\t<\/div>\n\t\t\t\t\t<\/div>\n\t\t<\/div>\n\t\t\t\t\t<\/div>\n\t\t<\/section>\n\t\t\t\t<\/div>","protected":false},"excerpt":{"rendered":"<p>teilnahmebedingungen f\u00fcr Instagram\/Facebook-Gewinnspiele von Gut Hardegg 1. Veranstalter des Gewinnspiels ist die Gutsverwaltung Hardegg, Gro\u00dfkadolz 1, A-2062 Seefeld-Kadolz. Das Gewinnspiel steht in keiner Verbindung zu Facebook und Instagram und wird in keiner Weise von Facebook oder Instagram gesponsert, unterst\u00fctzt oder organisiert. 2. Das Gewinnspiel startet mit der Ver\u00f6ffentlichung des jeweiligen Posts und endet zu dem [&#8230;]<\/p>","protected":false},"author":3,"featured_media":0,"parent":0,"menu_order":0,"comment_status":"closed","ping_status":"closed","template":"","meta":{"_acf_changed":false,"footnotes":""},"class_list":["post-5968","page","type-page","status-publish","hentry"],"acf":[],"yoast_head":"<!-- This site is optimized with the Yoast SEO plugin v24.8.1 - https:\/\/yoast.com\/wordpress\/plugins\/seo\/ -->\n<title>Teilnahmebedingungen - Gut Hardegg<\/title>\n<meta name=\"robots\" content=\"index, follow, max-snippet:-1, max-image-preview:large, max-video-preview:-1\" \/>\n<link rel=\"canonical\" href=\"https:\/\/guthardegg.at\/en\/teilnahmebedingungen-gewinnspiel\/\" \/>\n<meta property=\"og:locale\" content=\"en_US\" \/>\n<meta property=\"og:type\" content=\"article\" \/>\n<meta property=\"og:title\" content=\"Teilnahmebedingungen - Gut Hardegg\" \/>\n<meta property=\"og:description\" content=\"teilnahmebedingungen f\u00fcr Instagram\/Facebook-Gewinnspiele von Gut Hardegg 1. Veranstalter des Gewinnspiels ist die Gutsverwaltung Hardegg, Gro\u00dfkadolz 1, A-2062 Seefeld-Kadolz. Das Gewinnspiel steht in keiner Verbindung zu Facebook und Instagram und wird in keiner Weise von Facebook oder Instagram gesponsert, unterst\u00fctzt oder organisiert. 2. Das Gewinnspiel startet mit der Ver\u00f6ffentlichung des jeweiligen Posts und endet zu dem [...]\" \/>\n<meta property=\"og:url\" content=\"https:\/\/guthardegg.at\/en\/teilnahmebedingungen-gewinnspiel\/\" \/>\n<meta property=\"og:site_name\" content=\"Gut Hardegg\" \/>\n<meta property=\"article:modified_time\" content=\"2023-02-23T15:26:38+00:00\" \/>\n<meta name=\"twitter:card\" content=\"summary_large_image\" \/>\n<meta name=\"twitter:label1\" content=\"Est. reading time\" \/>\n\t<meta name=\"twitter:data1\" content=\"2 minutes\" \/>\n<script type=\"application\/ld+json\" class=\"yoast-schema-graph\">{\"@context\":\"https:\/\/schema.org\",\"@graph\":[{\"@type\":\"WebPage\",\"@id\":\"https:\/\/guthardegg.at\/teilnahmebedingungen-gewinnspiel\/\",\"url\":\"https:\/\/guthardegg.at\/teilnahmebedingungen-gewinnspiel\/\",\"name\":\"Teilnahmebedingungen - Gut Hardegg\",\"isPartOf\":{\"@id\":\"https:\/\/guthardegg.at\/#website\"},\"datePublished\":\"2023-02-23T15:20:54+00:00\",\"dateModified\":\"2023-02-23T15:26:38+00:00\",\"breadcrumb\":{\"@id\":\"https:\/\/guthardegg.at\/teilnahmebedingungen-gewinnspiel\/#breadcrumb\"},\"inLanguage\":\"en-US\",\"potentialAction\":[{\"@type\":\"ReadAction\",\"target\":[\"https:\/\/guthardegg.at\/teilnahmebedingungen-gewinnspiel\/\"]}]},{\"@type\":\"BreadcrumbList\",\"@id\":\"https:\/\/guthardegg.at\/teilnahmebedingungen-gewinnspiel\/#breadcrumb\",\"itemListElement\":[{\"@type\":\"ListItem\",\"position\":1,\"name\":\"gut hardegg\",\"item\":\"https:\/\/guthardegg.at\/\"},{\"@type\":\"ListItem\",\"position\":2,\"name\":\"Teilnahmebedingungen\"}]},{\"@type\":\"WebSite\",\"@id\":\"https:\/\/guthardegg.at\/#website\",\"url\":\"https:\/\/guthardegg.at\/\",\"name\":\"Gut Hardegg\",\"description\":\"Gelebte Artenvielfalt\",\"publisher\":{\"@id\":\"https:\/\/guthardegg.at\/#organization\"},\"potentialAction\":[{\"@type\":\"SearchAction\",\"target\":{\"@type\":\"EntryPoint\",\"urlTemplate\":\"https:\/\/guthardegg.at\/?s={search_term_string}\"},\"query-input\":{\"@type\":\"PropertyValueSpecification\",\"valueRequired\":true,\"valueName\":\"search_term_string\"}}],\"inLanguage\":\"en-US\"},{\"@type\":\"Organization\",\"@id\":\"https:\/\/guthardegg.at\/#organization\",\"name\":\"Gut Hardegg\",\"url\":\"https:\/\/guthardegg.at\/\",\"logo\":{\"@type\":\"ImageObject\",\"inLanguage\":\"en-US\",\"@id\":\"https:\/\/guthardegg.at\/#\/schema\/logo\/image\/\",\"url\":\"https:\/\/guthardegg.at\/wp-content\/uploads\/2020\/05\/Gut-Hardegg-logo.png\",\"contentUrl\":\"https:\/\/guthardegg.at\/wp-content\/uploads\/2020\/05\/Gut-Hardegg-logo.png\",\"width\":945,\"height\":560,\"caption\":\"Gut Hardegg\"},\"image\":{\"@id\":\"https:\/\/guthardegg.at\/#\/schema\/logo\/image\/\"}}]}<\/script>\n<!-- \/ Yoast SEO plugin. -->","yoast_head_json":{"title":"Teilnahmebedingungen - Gut Hardegg","robots":{"index":"index","follow":"follow","max-snippet":"max-snippet:-1","max-image-preview":"max-image-preview:large","max-video-preview":"max-video-preview:-1"},"canonical":"https:\/\/guthardegg.at\/en\/teilnahmebedingungen-gewinnspiel\/","og_locale":"en_US","og_type":"article","og_title":"Teilnahmebedingungen - Gut Hardegg","og_description":"teilnahmebedingungen f\u00fcr Instagram\/Facebook-Gewinnspiele von Gut Hardegg 1. Veranstalter des Gewinnspiels ist die Gutsverwaltung Hardegg, Gro\u00dfkadolz 1, A-2062 Seefeld-Kadolz. Das Gewinnspiel steht in keiner Verbindung zu Facebook und Instagram und wird in keiner Weise von Facebook oder Instagram gesponsert, unterst\u00fctzt oder organisiert. 2. Das Gewinnspiel startet mit der Ver\u00f6ffentlichung des jeweiligen Posts und endet zu dem [...]","og_url":"https:\/\/guthardegg.at\/en\/teilnahmebedingungen-gewinnspiel\/","og_site_name":"Gut Hardegg","article_modified_time":"2023-02-23T15:26:38+00:00","twitter_card":"summary_large_image","twitter_misc":{"Est. reading time":"2 minutes"},"schema":{"@context":"https:\/\/schema.org","@graph":[{"@type":"WebPage","@id":"https:\/\/guthardegg.at\/teilnahmebedingungen-gewinnspiel\/","url":"https:\/\/guthardegg.at\/teilnahmebedingungen-gewinnspiel\/","name":"Teilnahmebedingungen - Gut Hardegg","isPartOf":{"@id":"https:\/\/guthardegg.at\/#website"},"datePublished":"2023-02-23T15:20:54+00:00","dateModified":"2023-02-23T15:26:38+00:00","breadcrumb":{"@id":"https:\/\/guthardegg.at\/teilnahmebedingungen-gewinnspiel\/#breadcrumb"},"inLanguage":"en-US","potentialAction":[{"@type":"ReadAction","target":["https:\/\/guthardegg.at\/teilnahmebedingungen-gewinnspiel\/"]}]},{"@type":"BreadcrumbList","@id":"https:\/\/guthardegg.at\/teilnahmebedingungen-gewinnspiel\/#breadcrumb","itemListElement":[{"@type":"ListItem","position":1,"name":"gut hardegg","item":"https:\/\/guthardegg.at\/"},{"@type":"ListItem","position":2,"name":"Teilnahmebedingungen"}]},{"@type":"WebSite","@id":"https:\/\/guthardegg.at\/#website","url":"https:\/\/guthardegg.at\/","name":"Gut Hardegg","description":"Gelebte Artenvielfalt","publisher":{"@id":"https:\/\/guthardegg.at\/#organization"},"potentialAction":[{"@type":"SearchAction","target":{"@type":"EntryPoint","urlTemplate":"https:\/\/guthardegg.at\/?s={search_term_string}"},"query-input":{"@type":"PropertyValueSpecification","valueRequired":true,"valueName":"search_term_string"}}],"inLanguage":"en-US"},{"@type":"Organization","@id":"https:\/\/guthardegg.at\/#organization","name":"Gut Hardegg","url":"https:\/\/guthardegg.at\/","logo":{"@type":"ImageObject","inLanguage":"en-US","@id":"https:\/\/guthardegg.at\/#\/schema\/logo\/image\/","url":"https:\/\/guthardegg.at\/wp-content\/uploads\/2020\/05\/Gut-Hardegg-logo.png","contentUrl":"https:\/\/guthardegg.at\/wp-content\/uploads\/2020\/05\/Gut-Hardegg-logo.png","width":945,"height":560,"caption":"Gut Hardegg"},"image":{"@id":"https:\/\/guthardegg.at\/#\/schema\/logo\/image\/"}}]}},"_links":{"self":[{"href":"https:\/\/guthardegg.at\/en\/wp-json\/wp\/v2\/pages\/5968","targetHints":{"allow":["GET"]}}],"collection":[{"href":"https:\/\/guthardegg.at\/en\/wp-json\/wp\/v2\/pages"}],"about":[{"href":"https:\/\/guthardegg.at\/en\/wp-json\/wp\/v2\/types\/page"}],"author":[{"embeddable":true,"href":"https:\/\/guthardegg.at\/en\/wp-json\/wp\/v2\/users\/3"}],"replies":[{"embeddable":true,"href":"https:\/\/guthardegg.at\/en\/wp-json\/wp\/v2\/comments?post=5968"}],"version-history":[{"count":10,"href":"https:\/\/guthardegg.at\/en\/wp-json\/wp\/v2\/pages\/5968\/revisions"}],"predecessor-version":[{"id":5978,"href":"https:\/\/guthardegg.at\/en\/wp-json\/wp\/v2\/pages\/5968\/revisions\/5978"}],"wp:attachment":[{"href":"https:\/\/guthardegg.at\/en\/wp-json\/wp\/v2\/media?parent=5968"}],"curies":[{"name":"wp","href":"https:\/\/api.w.org\/{rel}","templated":true}]}}