{"id":6510,"date":"2024-01-20T14:26:38","date_gmt":"2024-01-20T13:26:38","guid":{"rendered":"https:\/\/guthardegg.at\/?page_id=6510"},"modified":"2026-02-23T09:06:31","modified_gmt":"2026-02-23T08:06:31","slug":"vogelzaehlung","status":"publish","type":"page","link":"https:\/\/guthardegg.at\/en\/vogelzaehlung\/","title":{"rendered":"Vogelz\u00e4hlung"},"content":{"rendered":"<div data-elementor-type=\"wp-post\" data-elementor-id=\"6510\" class=\"elementor elementor-6510\" data-elementor-post-type=\"page\">\n\t\t\t\t\t\t<section data-particle_enable=\"false\" data-particle-mobile-disabled=\"false\" class=\"elementor-section elementor-top-section elementor-element elementor-element-2c84f819 elementor-section-boxed elementor-section-height-default elementor-section-height-default\" data-id=\"2c84f819\" data-element_type=\"section\" data-settings=\"{&quot;background_background&quot;:&quot;classic&quot;}\">\n\t\t\t\t\t\t<div class=\"elementor-container elementor-column-gap-default\">\n\t\t\t\t\t<div class=\"elementor-column elementor-col-100 elementor-top-column elementor-element elementor-element-4d2f2932\" data-id=\"4d2f2932\" data-element_type=\"column\">\n\t\t\t<div class=\"elementor-widget-wrap elementor-element-populated\">\n\t\t\t\t\t\t<section data-particle_enable=\"false\" data-particle-mobile-disabled=\"false\" class=\"elementor-section elementor-inner-section elementor-element elementor-element-1c0e1748 elementor-section-boxed elementor-section-height-default elementor-section-height-default\" data-id=\"1c0e1748\" data-element_type=\"section\">\n\t\t\t\t\t\t<div class=\"elementor-container elementor-column-gap-default\">\n\t\t\t\t\t<div class=\"elementor-column elementor-col-100 elementor-inner-column elementor-element elementor-element-38b04aaf\" data-id=\"38b04aaf\" data-element_type=\"column\">\n\t\t\t<div class=\"elementor-widget-wrap elementor-element-populated\">\n\t\t\t\t\t\t<div class=\"elementor-element elementor-element-5fd4aa53 elementor-widget elementor-widget-heading\" data-id=\"5fd4aa53\" data-element_type=\"widget\" data-widget_type=\"heading.default\">\n\t\t\t\t<div class=\"elementor-widget-container\">\n\t\t\t\t\t<h2 class=\"elementor-heading-title elementor-size-default\">GUT HARDEGG ONLINE-VOGELZ\u00c4HLUNG 2026<\/h2>\t\t\t\t<\/div>\n\t\t\t\t<\/div>\n\t\t\t\t\t<\/div>\n\t\t<\/div>\n\t\t\t\t\t<\/div>\n\t\t<\/section>\n\t\t\t\t<div class=\"elementor-element elementor-element-aa54f04 elementor-hidden-desktop elementor-hidden-tablet elementor-hidden-mobile elementor-widget elementor-widget-text-editor\" data-id=\"aa54f04\" data-element_type=\"widget\" data-widget_type=\"text-editor.default\">\n\t\t\t\t<div class=\"elementor-widget-container\">\n\t\t\t\t\t\t\t\t\t<div style=\"text-align: center;\"><strong>Die Z\u00e4hlung ist beendet.<\/strong><\/div><div style=\"text-align: center;\">Wir bedanken uns f\u00fcr Ihre Teilnahme!\u00a0<\/div>\t\t\t\t\t\t\t\t<\/div>\n\t\t\t\t<\/div>\n\t\t\t\t\t<\/div>\n\t\t<\/div>\n\t\t\t\t\t<\/div>\n\t\t<\/section>\n\t\t\t\t<section data-particle_enable=\"false\" data-particle-mobile-disabled=\"false\" class=\"elementor-section elementor-top-section elementor-element elementor-element-bb3a702 elementor-section-boxed elementor-section-height-default elementor-section-height-default\" data-id=\"bb3a702\" data-element_type=\"section\">\n\t\t\t\t\t\t<div class=\"elementor-container elementor-column-gap-default\">\n\t\t\t\t\t<div class=\"elementor-column elementor-col-100 elementor-top-column elementor-element elementor-element-19e9d19\" data-id=\"19e9d19\" data-element_type=\"column\">\n\t\t\t<div class=\"elementor-widget-wrap elementor-element-populated\">\n\t\t\t\t\t\t<div class=\"elementor-element elementor-element-e3b11f2 elementor-widget elementor-widget-html\" data-id=\"e3b11f2\" data-element_type=\"widget\" data-widget_type=\"html.default\">\n\t\t\t\t<div class=\"elementor-widget-container\">\n\t\t\t\t\t<div id=\"surveyhero-embed-gntd99ti\"><\/div>\n<script src=\"https:\/\/embed-cdn.surveyhero.com\/js\/user\/embed.gntd99ti.js\" async><\/script>\t\t\t\t<\/div>\n\t\t\t\t<\/div>\n\t\t\t\t\t<\/div>\n\t\t<\/div>\n\t\t\t\t\t<\/div>\n\t\t<\/section>\n\t\t\t\t<\/div>","protected":false},"excerpt":{"rendered":"<p>GUT HARDEGG ONLINE-VOGELZ\u00c4HLUNG 2026 Die Z\u00e4hlung ist beendet.Wir bedanken uns f\u00fcr Ihre Teilnahme!\u00a0<\/p>","protected":false},"author":3,"featured_media":8135,"parent":0,"menu_order":0,"comment_status":"closed","ping_status":"closed","template":"","meta":{"_acf_changed":false,"footnotes":""},"class_list":["post-6510","page","type-page","status-publish","has-post-thumbnail","hentry"],"acf":[],"yoast_head":"<!-- This site is optimized with the Yoast SEO plugin v24.8.1 - https:\/\/yoast.com\/wordpress\/plugins\/seo\/ -->\n<title>Vogelz\u00e4hlung - Gut Hardegg<\/title>\n<meta name=\"description\" content=\"Amsel, Drossel, Fink und Kiebitz: Unsere V\u00f6gel z\u00e4hlen auf dich! Gut Hardegg setzt ein Zeichen f\u00fcr die Vogelvielfalt. Gemeinsam mit dem britischen Game &amp; Wildlife Conservation Trust und Game Conservancy Deutschland ruft Maximilian Hardegg von 6. bis 22. Februar zur europaweiten Sing- und Feldvogelz\u00e4hlung \u201eBig Farmland Bird Count\u201c auf. Teilnehmen k\u00f6nnen alle, die sich f\u00fcr den Schutz heimischer V\u00f6gel engagieren m\u00f6chten. Auch Stadtbewohner sind willkommen!\" \/>\n<meta name=\"robots\" content=\"index, follow, max-snippet:-1, max-image-preview:large, max-video-preview:-1\" \/>\n<link rel=\"canonical\" href=\"https:\/\/guthardegg.at\/en\/vogelzaehlung\/\" \/>\n<meta property=\"og:locale\" content=\"en_US\" \/>\n<meta property=\"og:type\" content=\"article\" \/>\n<meta property=\"og:title\" content=\"Amsel, Drossel, Fink und Kiebitz: Unsere V\u00f6gel z\u00e4hlen auf dich!\" \/>\n<meta property=\"og:description\" content=\"Gut Hardegg setzt ein Zeichen f\u00fcr die Vogelvielfalt. Gemeinsam mit dem britischen Game &amp; Wildlife Conservation Trust und Game Conservancy Deutschland ruft Maximilian Hardegg von 6. bis 22. Februar zur europaweiten Sing- und Feldvogelz\u00e4hlung \u201eBig Farmland Bird Count\u201c auf. Teilnehmen k\u00f6nnen alle, die sich f\u00fcr den Schutz heimischer V\u00f6gel engagieren m\u00f6chten. Auch Stadtbewohner sind willkommen!\" \/>\n<meta property=\"og:url\" content=\"https:\/\/guthardegg.at\/en\/vogelzaehlung\/\" \/>\n<meta property=\"og:site_name\" content=\"Gut Hardegg\" \/>\n<meta property=\"article:modified_time\" content=\"2026-02-23T08:06:31+00:00\" \/>\n<meta property=\"og:image\" content=\"https:\/\/guthardegg.at\/wp-content\/uploads\/GH26_Print_Vogelzaehlung_150x90mm_300dpi_20250112.jpg\" \/>\n\t<meta property=\"og:image:width\" content=\"1772\" \/>\n\t<meta property=\"og:image:height\" content=\"1063\" \/>\n\t<meta property=\"og:image:type\" content=\"image\/jpeg\" \/>\n<meta name=\"twitter:card\" content=\"summary_large_image\" \/>\n<meta name=\"twitter:label1\" content=\"Est. reading time\" \/>\n\t<meta name=\"twitter:data1\" content=\"1 minute\" \/>\n<script type=\"application\/ld+json\" class=\"yoast-schema-graph\">{\"@context\":\"https:\/\/schema.org\",\"@graph\":[{\"@type\":\"WebPage\",\"@id\":\"https:\/\/guthardegg.at\/vogelzaehlung\/\",\"url\":\"https:\/\/guthardegg.at\/vogelzaehlung\/\",\"name\":\"Vogelz\u00e4hlung - Gut Hardegg\",\"isPartOf\":{\"@id\":\"https:\/\/guthardegg.at\/#website\"},\"primaryImageOfPage\":{\"@id\":\"https:\/\/guthardegg.at\/vogelzaehlung\/#primaryimage\"},\"image\":{\"@id\":\"https:\/\/guthardegg.at\/vogelzaehlung\/#primaryimage\"},\"thumbnailUrl\":\"https:\/\/guthardegg.at\/wp-content\/uploads\/GH26_Print_Vogelzaehlung_150x90mm_300dpi_20250112.jpg\",\"datePublished\":\"2024-01-20T13:26:38+00:00\",\"dateModified\":\"2026-02-23T08:06:31+00:00\",\"description\":\"Amsel, Drossel, Fink und Kiebitz: Unsere V\u00f6gel z\u00e4hlen auf dich! Gut Hardegg setzt ein Zeichen f\u00fcr die Vogelvielfalt. Gemeinsam mit dem britischen Game & Wildlife Conservation Trust und Game Conservancy Deutschland ruft Maximilian Hardegg von 6. bis 22. Februar zur europaweiten Sing- und Feldvogelz\u00e4hlung \u201eBig Farmland Bird Count\u201c auf. Teilnehmen k\u00f6nnen alle, die sich f\u00fcr den Schutz heimischer V\u00f6gel engagieren m\u00f6chten. Auch Stadtbewohner sind willkommen!\",\"breadcrumb\":{\"@id\":\"https:\/\/guthardegg.at\/vogelzaehlung\/#breadcrumb\"},\"inLanguage\":\"en-US\",\"potentialAction\":[{\"@type\":\"ReadAction\",\"target\":[\"https:\/\/guthardegg.at\/vogelzaehlung\/\"]}]},{\"@type\":\"ImageObject\",\"inLanguage\":\"en-US\",\"@id\":\"https:\/\/guthardegg.at\/vogelzaehlung\/#primaryimage\",\"url\":\"https:\/\/guthardegg.at\/wp-content\/uploads\/GH26_Print_Vogelzaehlung_150x90mm_300dpi_20250112.jpg\",\"contentUrl\":\"https:\/\/guthardegg.at\/wp-content\/uploads\/GH26_Print_Vogelzaehlung_150x90mm_300dpi_20250112.jpg\",\"width\":1772,\"height\":1063},{\"@type\":\"BreadcrumbList\",\"@id\":\"https:\/\/guthardegg.at\/vogelzaehlung\/#breadcrumb\",\"itemListElement\":[{\"@type\":\"ListItem\",\"position\":1,\"name\":\"gut hardegg\",\"item\":\"https:\/\/guthardegg.at\/\"},{\"@type\":\"ListItem\",\"position\":2,\"name\":\"Vogelz\u00e4hlung\"}]},{\"@type\":\"WebSite\",\"@id\":\"https:\/\/guthardegg.at\/#website\",\"url\":\"https:\/\/guthardegg.at\/\",\"name\":\"Gut Hardegg\",\"description\":\"Gelebte Artenvielfalt\",\"publisher\":{\"@id\":\"https:\/\/guthardegg.at\/#organization\"},\"potentialAction\":[{\"@type\":\"SearchAction\",\"target\":{\"@type\":\"EntryPoint\",\"urlTemplate\":\"https:\/\/guthardegg.at\/?s={search_term_string}\"},\"query-input\":{\"@type\":\"PropertyValueSpecification\",\"valueRequired\":true,\"valueName\":\"search_term_string\"}}],\"inLanguage\":\"en-US\"},{\"@type\":\"Organization\",\"@id\":\"https:\/\/guthardegg.at\/#organization\",\"name\":\"Gut Hardegg\",\"url\":\"https:\/\/guthardegg.at\/\",\"logo\":{\"@type\":\"ImageObject\",\"inLanguage\":\"en-US\",\"@id\":\"https:\/\/guthardegg.at\/#\/schema\/logo\/image\/\",\"url\":\"https:\/\/guthardegg.at\/wp-content\/uploads\/2020\/05\/Gut-Hardegg-logo.png\",\"contentUrl\":\"https:\/\/guthardegg.at\/wp-content\/uploads\/2020\/05\/Gut-Hardegg-logo.png\",\"width\":945,\"height\":560,\"caption\":\"Gut Hardegg\"},\"image\":{\"@id\":\"https:\/\/guthardegg.at\/#\/schema\/logo\/image\/\"}}]}<\/script>\n<!-- \/ Yoast SEO plugin. -->","yoast_head_json":{"title":"Vogelz\u00e4hlung - Gut Hardegg","description":"Amsel, Drossel, Fink und Kiebitz: Unsere V\u00f6gel z\u00e4hlen auf dich! Gut Hardegg setzt ein Zeichen f\u00fcr die Vogelvielfalt. Gemeinsam mit dem britischen Game & Wildlife Conservation Trust und Game Conservancy Deutschland ruft Maximilian Hardegg von 6. bis 22. Februar zur europaweiten Sing- und Feldvogelz\u00e4hlung \u201eBig Farmland Bird Count\u201c auf. Teilnehmen k\u00f6nnen alle, die sich f\u00fcr den Schutz heimischer V\u00f6gel engagieren m\u00f6chten. Auch Stadtbewohner sind willkommen!","robots":{"index":"index","follow":"follow","max-snippet":"max-snippet:-1","max-image-preview":"max-image-preview:large","max-video-preview":"max-video-preview:-1"},"canonical":"https:\/\/guthardegg.at\/en\/vogelzaehlung\/","og_locale":"en_US","og_type":"article","og_title":"Amsel, Drossel, Fink und Kiebitz: Unsere V\u00f6gel z\u00e4hlen auf dich!","og_description":"Gut Hardegg setzt ein Zeichen f\u00fcr die Vogelvielfalt. Gemeinsam mit dem britischen Game & Wildlife Conservation Trust und Game Conservancy Deutschland ruft Maximilian Hardegg von 6. bis 22. Februar zur europaweiten Sing- und Feldvogelz\u00e4hlung \u201eBig Farmland Bird Count\u201c auf. Teilnehmen k\u00f6nnen alle, die sich f\u00fcr den Schutz heimischer V\u00f6gel engagieren m\u00f6chten. Auch Stadtbewohner sind willkommen!","og_url":"https:\/\/guthardegg.at\/en\/vogelzaehlung\/","og_site_name":"Gut Hardegg","article_modified_time":"2026-02-23T08:06:31+00:00","og_image":[{"width":1772,"height":1063,"url":"https:\/\/guthardegg.at\/wp-content\/uploads\/GH26_Print_Vogelzaehlung_150x90mm_300dpi_20250112.jpg","type":"image\/jpeg"}],"twitter_card":"summary_large_image","twitter_misc":{"Est. reading time":"1 minute"},"schema":{"@context":"https:\/\/schema.org","@graph":[{"@type":"WebPage","@id":"https:\/\/guthardegg.at\/vogelzaehlung\/","url":"https:\/\/guthardegg.at\/vogelzaehlung\/","name":"Vogelz\u00e4hlung - Gut Hardegg","isPartOf":{"@id":"https:\/\/guthardegg.at\/#website"},"primaryImageOfPage":{"@id":"https:\/\/guthardegg.at\/vogelzaehlung\/#primaryimage"},"image":{"@id":"https:\/\/guthardegg.at\/vogelzaehlung\/#primaryimage"},"thumbnailUrl":"https:\/\/guthardegg.at\/wp-content\/uploads\/GH26_Print_Vogelzaehlung_150x90mm_300dpi_20250112.jpg","datePublished":"2024-01-20T13:26:38+00:00","dateModified":"2026-02-23T08:06:31+00:00","description":"Amsel, Drossel, Fink und Kiebitz: Unsere V\u00f6gel z\u00e4hlen auf dich! Gut Hardegg setzt ein Zeichen f\u00fcr die Vogelvielfalt. Gemeinsam mit dem britischen Game & Wildlife Conservation Trust und Game Conservancy Deutschland ruft Maximilian Hardegg von 6. bis 22. Februar zur europaweiten Sing- und Feldvogelz\u00e4hlung \u201eBig Farmland Bird Count\u201c auf. Teilnehmen k\u00f6nnen alle, die sich f\u00fcr den Schutz heimischer V\u00f6gel engagieren m\u00f6chten. Auch Stadtbewohner sind willkommen!","breadcrumb":{"@id":"https:\/\/guthardegg.at\/vogelzaehlung\/#breadcrumb"},"inLanguage":"en-US","potentialAction":[{"@type":"ReadAction","target":["https:\/\/guthardegg.at\/vogelzaehlung\/"]}]},{"@type":"ImageObject","inLanguage":"en-US","@id":"https:\/\/guthardegg.at\/vogelzaehlung\/#primaryimage","url":"https:\/\/guthardegg.at\/wp-content\/uploads\/GH26_Print_Vogelzaehlung_150x90mm_300dpi_20250112.jpg","contentUrl":"https:\/\/guthardegg.at\/wp-content\/uploads\/GH26_Print_Vogelzaehlung_150x90mm_300dpi_20250112.jpg","width":1772,"height":1063},{"@type":"BreadcrumbList","@id":"https:\/\/guthardegg.at\/vogelzaehlung\/#breadcrumb","itemListElement":[{"@type":"ListItem","position":1,"name":"gut hardegg","item":"https:\/\/guthardegg.at\/"},{"@type":"ListItem","position":2,"name":"Vogelz\u00e4hlung"}]},{"@type":"WebSite","@id":"https:\/\/guthardegg.at\/#website","url":"https:\/\/guthardegg.at\/","name":"Gut Hardegg","description":"Gelebte Artenvielfalt","publisher":{"@id":"https:\/\/guthardegg.at\/#organization"},"potentialAction":[{"@type":"SearchAction","target":{"@type":"EntryPoint","urlTemplate":"https:\/\/guthardegg.at\/?s={search_term_string}"},"query-input":{"@type":"PropertyValueSpecification","valueRequired":true,"valueName":"search_term_string"}}],"inLanguage":"en-US"},{"@type":"Organization","@id":"https:\/\/guthardegg.at\/#organization","name":"Gut Hardegg","url":"https:\/\/guthardegg.at\/","logo":{"@type":"ImageObject","inLanguage":"en-US","@id":"https:\/\/guthardegg.at\/#\/schema\/logo\/image\/","url":"https:\/\/guthardegg.at\/wp-content\/uploads\/2020\/05\/Gut-Hardegg-logo.png","contentUrl":"https:\/\/guthardegg.at\/wp-content\/uploads\/2020\/05\/Gut-Hardegg-logo.png","width":945,"height":560,"caption":"Gut Hardegg"},"image":{"@id":"https:\/\/guthardegg.at\/#\/schema\/logo\/image\/"}}]}},"_links":{"self":[{"href":"https:\/\/guthardegg.at\/en\/wp-json\/wp\/v2\/pages\/6510","targetHints":{"allow":["GET"]}}],"collection":[{"href":"https:\/\/guthardegg.at\/en\/wp-json\/wp\/v2\/pages"}],"about":[{"href":"https:\/\/guthardegg.at\/en\/wp-json\/wp\/v2\/types\/page"}],"author":[{"embeddable":true,"href":"https:\/\/guthardegg.at\/en\/wp-json\/wp\/v2\/users\/3"}],"replies":[{"embeddable":true,"href":"https:\/\/guthardegg.at\/en\/wp-json\/wp\/v2\/comments?post=6510"}],"version-history":[{"count":101,"href":"https:\/\/guthardegg.at\/en\/wp-json\/wp\/v2\/pages\/6510\/revisions"}],"predecessor-version":[{"id":8314,"href":"https:\/\/guthardegg.at\/en\/wp-json\/wp\/v2\/pages\/6510\/revisions\/8314"}],"wp:featuredmedia":[{"embeddable":true,"href":"https:\/\/guthardegg.at\/en\/wp-json\/wp\/v2\/media\/8135"}],"wp:attachment":[{"href":"https:\/\/guthardegg.at\/en\/wp-json\/wp\/v2\/media?parent=6510"}],"curies":[{"name":"wp","href":"https:\/\/api.w.org\/{rel}","templated":true}]}}