{"id":2624,"date":"2020-07-06T15:21:37","date_gmt":"2020-07-06T13:21:37","guid":{"rendered":"https:\/\/guthardegg.at\/?post_type=product&#038;p=2624"},"modified":"2025-04-01T12:22:29","modified_gmt":"2025-04-01T10:22:29","slug":"lagenwein-3er-kostpaket","status":"publish","type":"product","link":"https:\/\/guthardegg.at\/en\/shop\/weine\/lagen-reserveweine\/lagenwein-3er-kostpaket\/","title":{"rendered":"Der LAGENWEIN 3er"},"content":{"rendered":"<p><strong>Eine exklusive Auswahl unserer Spitzenweine aus der Ried Steinb\u00fcgel!<\/strong><br \/>\n1x Roter Veltliner 2023 \u2013 Weinviertler Toplage, perfekt interpretiert \u2013 1x Riesling 2023, rassig und finnessenreich, sehr gute Lagerf\u00e4higkeit und 1x unser Pinot Noir 2023, ein Klasse f\u00fcr sich, au\u00dfergew\u00f6hnlich \u201dburgundisch\u201d und mit gro\u00dfem Potenzial.<\/p>\n<p><strong>Die Ried Steinbu\u0308gel,<\/strong> unsere beste Lage, liegt etwas oberhalb von Schloss Seefeld und schlie\u00dft direkt ans Weingut an. Sie ist gro\u00dfteils eine nach Su\u0308den ausgerichtete Hanglage und besteht aus einem durchl\u00e4ssigen tonigen Rohsandboden marinen Urprungs, der sehr kalkh\u00e4ltig ist. Die gro\u00dfen Schwankungen zwischen Tag- und Nachttemperaturen sorgen f\u00fcr eine frische, knackige S\u00e4ure und ausgepr\u00e4gte Aromenvielfalt in den Trauben. Durch die luftige Lage k\u00f6nnen die Trauben im Herbst lange am Stock gesund reifen. So entstehen aus dieser Einzellage besonders langlebige, jahrgangs- und sortentypische Weine.<\/p>","protected":false},"excerpt":{"rendered":"<p>Eine exklusive Auswahl unserer Spitzenweine aus der Ried Steinb\u00fcgel! 1x Roter Veltliner 2023 \u2013 Weinviertler Toplage, perfekt interpretiert \u2013 1x Riesling 2023, rassig und finnessenreich, sehr gute Lagerf\u00e4higkeit und 1x unser Pinot Noir 2023, ein Klasse f\u00fcr sich, au\u00dfergew\u00f6hnlich \u201dburgundisch\u201d und mit gro\u00dfem Potenzial. Die Ried Steinbu\u0308gel, unsere beste Lage, liegt etwas oberhalb von Schloss [&#8230;]<\/p>","protected":false},"featured_media":7372,"template":"","meta":{"_acf_changed":false},"product_brand":[],"product_cat":[76,30,24],"product_tag":[],"class_list":{"0":"post-2624","1":"product","2":"type-product","3":"status-publish","4":"has-post-thumbnail","6":"product_cat-angebote","7":"product_cat-lagen-reserveweine","8":"product_cat-weine","10":"first","11":"instock","12":"sale","13":"taxable","14":"shipping-taxable","15":"purchasable","16":"product-type-simple"},"acf":[],"yoast_head":"<!-- This site is optimized with the Yoast SEO plugin v24.8.1 - https:\/\/yoast.com\/wordpress\/plugins\/seo\/ -->\n<title>Der LAGENWEIN 3er - Gut Hardegg<\/title>\n<meta name=\"description\" content=\"Eine exklusive Auswahl unserer Spitzenweine aus der Ried Steinb\u00fcgel!1x Roter Veltliner 2023 \u2013 Weinviertler Toplage, perfekt interpretiert \u2013 1x Riesling 2023, rassig und finnessenreich, sehr gute Lagerf\u00e4higkeit und 1x unser Pinot Noir 2023, ein Klasse f\u00fcr sich, au\u00dfergew\u00f6hnlich \u201dburgundisch\u201d und mit gro\u00dfem Potenzial.\" \/>\n<meta name=\"robots\" content=\"index, follow, max-snippet:-1, max-image-preview:large, max-video-preview:-1\" \/>\n<link rel=\"canonical\" href=\"https:\/\/guthardegg.at\/en\/shop\/weine\/lagen-reserveweine\/lagenwein-3er-kostpaket\/\" \/>\n<meta property=\"og:locale\" content=\"en_US\" \/>\n<meta property=\"og:type\" content=\"article\" \/>\n<meta property=\"og:title\" content=\"Der LAGENWEIN 3er\" \/>\n<meta property=\"og:description\" content=\"Eine exklusive Auswahl unserer Spitzenweine aus der Ried Steinb\u00fcgel!1x Roter Veltliner 2023 \u2013 Weinviertler Toplage, perfekt interpretiert \u2013 1x Riesling 2023, rassig und finnessenreich, sehr gute Lagerf\u00e4higkeit und 1x unser Pinot Noir 2023, ein Klasse f\u00fcr sich, au\u00dfergew\u00f6hnlich \u201dburgundisch\u201d und mit gro\u00dfem Potenzial.\" \/>\n<meta property=\"og:url\" content=\"https:\/\/guthardegg.at\/en\/shop\/weine\/lagen-reserveweine\/lagenwein-3er-kostpaket\/\" \/>\n<meta property=\"og:site_name\" content=\"Gut Hardegg\" \/>\n<meta property=\"article:modified_time\" content=\"2025-04-01T10:22:29+00:00\" \/>\n<meta property=\"og:image\" content=\"https:\/\/guthardegg.at\/wp-content\/uploads\/3er_lagenwein_paket_2025.jpg\" \/>\n\t<meta property=\"og:image:width\" content=\"600\" \/>\n\t<meta property=\"og:image:height\" content=\"800\" \/>\n\t<meta property=\"og:image:type\" content=\"image\/jpeg\" \/>\n<meta name=\"twitter:card\" content=\"summary_large_image\" \/>\n<meta name=\"twitter:label1\" content=\"Est. reading time\" \/>\n\t<meta name=\"twitter:data1\" content=\"1 minute\" \/>\n<script type=\"application\/ld+json\" class=\"yoast-schema-graph\">{\"@context\":\"https:\/\/schema.org\",\"@graph\":[{\"@type\":\"WebPage\",\"@id\":\"https:\/\/guthardegg.at\/shop\/weine\/lagen-reserveweine\/lagenwein-3er-kostpaket\/\",\"url\":\"https:\/\/guthardegg.at\/shop\/weine\/lagen-reserveweine\/lagenwein-3er-kostpaket\/\",\"name\":\"Der LAGENWEIN 3er - Gut Hardegg\",\"isPartOf\":{\"@id\":\"https:\/\/guthardegg.at\/#website\"},\"primaryImageOfPage\":{\"@id\":\"https:\/\/guthardegg.at\/shop\/weine\/lagen-reserveweine\/lagenwein-3er-kostpaket\/#primaryimage\"},\"image\":{\"@id\":\"https:\/\/guthardegg.at\/shop\/weine\/lagen-reserveweine\/lagenwein-3er-kostpaket\/#primaryimage\"},\"thumbnailUrl\":\"https:\/\/guthardegg.at\/wp-content\/uploads\/3er_lagenwein_paket_2025.jpg\",\"datePublished\":\"2020-07-06T13:21:37+00:00\",\"dateModified\":\"2025-04-01T10:22:29+00:00\",\"description\":\"Eine exklusive Auswahl unserer Spitzenweine aus der Ried Steinb\u00fcgel!1x Roter Veltliner 2023 \u2013 Weinviertler Toplage, perfekt interpretiert \u2013 1x Riesling 2023, rassig und finnessenreich, sehr gute Lagerf\u00e4higkeit und 1x unser Pinot Noir 2023, ein Klasse f\u00fcr sich, au\u00dfergew\u00f6hnlich \u201dburgundisch\u201d und mit gro\u00dfem Potenzial.\",\"breadcrumb\":{\"@id\":\"https:\/\/guthardegg.at\/shop\/weine\/lagen-reserveweine\/lagenwein-3er-kostpaket\/#breadcrumb\"},\"inLanguage\":\"en-US\",\"potentialAction\":[{\"@type\":\"ReadAction\",\"target\":[\"https:\/\/guthardegg.at\/shop\/weine\/lagen-reserveweine\/lagenwein-3er-kostpaket\/\"]}]},{\"@type\":\"ImageObject\",\"inLanguage\":\"en-US\",\"@id\":\"https:\/\/guthardegg.at\/shop\/weine\/lagen-reserveweine\/lagenwein-3er-kostpaket\/#primaryimage\",\"url\":\"https:\/\/guthardegg.at\/wp-content\/uploads\/3er_lagenwein_paket_2025.jpg\",\"contentUrl\":\"https:\/\/guthardegg.at\/wp-content\/uploads\/3er_lagenwein_paket_2025.jpg\",\"width\":600,\"height\":800},{\"@type\":\"BreadcrumbList\",\"@id\":\"https:\/\/guthardegg.at\/shop\/weine\/lagen-reserveweine\/lagenwein-3er-kostpaket\/#breadcrumb\",\"itemListElement\":[{\"@type\":\"ListItem\",\"position\":1,\"name\":\"gut hardegg\",\"item\":\"https:\/\/guthardegg.at\/\"},{\"@type\":\"ListItem\",\"position\":2,\"name\":\"Shop\",\"item\":\"https:\/\/guthardegg.at\/shop\/\"},{\"@type\":\"ListItem\",\"position\":3,\"name\":\"Angebote\",\"item\":\"https:\/\/guthardegg.at\/kategorie\/angebote\/\"},{\"@type\":\"ListItem\",\"position\":4,\"name\":\"Der LAGENWEIN 3er\"}]},{\"@type\":\"WebSite\",\"@id\":\"https:\/\/guthardegg.at\/#website\",\"url\":\"https:\/\/guthardegg.at\/\",\"name\":\"Gut Hardegg\",\"description\":\"Gelebte Artenvielfalt\",\"publisher\":{\"@id\":\"https:\/\/guthardegg.at\/#organization\"},\"potentialAction\":[{\"@type\":\"SearchAction\",\"target\":{\"@type\":\"EntryPoint\",\"urlTemplate\":\"https:\/\/guthardegg.at\/?s={search_term_string}\"},\"query-input\":{\"@type\":\"PropertyValueSpecification\",\"valueRequired\":true,\"valueName\":\"search_term_string\"}}],\"inLanguage\":\"en-US\"},{\"@type\":\"Organization\",\"@id\":\"https:\/\/guthardegg.at\/#organization\",\"name\":\"Gut Hardegg\",\"url\":\"https:\/\/guthardegg.at\/\",\"logo\":{\"@type\":\"ImageObject\",\"inLanguage\":\"en-US\",\"@id\":\"https:\/\/guthardegg.at\/#\/schema\/logo\/image\/\",\"url\":\"https:\/\/guthardegg.at\/wp-content\/uploads\/2020\/05\/Gut-Hardegg-logo.png\",\"contentUrl\":\"https:\/\/guthardegg.at\/wp-content\/uploads\/2020\/05\/Gut-Hardegg-logo.png\",\"width\":945,\"height\":560,\"caption\":\"Gut Hardegg\"},\"image\":{\"@id\":\"https:\/\/guthardegg.at\/#\/schema\/logo\/image\/\"}}]}<\/script>\n<!-- \/ Yoast SEO plugin. -->","yoast_head_json":{"title":"Der LAGENWEIN 3er - Gut Hardegg","description":"Eine exklusive Auswahl unserer Spitzenweine aus der Ried Steinb\u00fcgel!1x Roter Veltliner 2023 \u2013 Weinviertler Toplage, perfekt interpretiert \u2013 1x Riesling 2023, rassig und finnessenreich, sehr gute Lagerf\u00e4higkeit und 1x unser Pinot Noir 2023, ein Klasse f\u00fcr sich, au\u00dfergew\u00f6hnlich \u201dburgundisch\u201d und mit gro\u00dfem Potenzial.","robots":{"index":"index","follow":"follow","max-snippet":"max-snippet:-1","max-image-preview":"max-image-preview:large","max-video-preview":"max-video-preview:-1"},"canonical":"https:\/\/guthardegg.at\/en\/shop\/weine\/lagen-reserveweine\/lagenwein-3er-kostpaket\/","og_locale":"en_US","og_type":"article","og_title":"Der LAGENWEIN 3er","og_description":"Eine exklusive Auswahl unserer Spitzenweine aus der Ried Steinb\u00fcgel!1x Roter Veltliner 2023 \u2013 Weinviertler Toplage, perfekt interpretiert \u2013 1x Riesling 2023, rassig und finnessenreich, sehr gute Lagerf\u00e4higkeit und 1x unser Pinot Noir 2023, ein Klasse f\u00fcr sich, au\u00dfergew\u00f6hnlich \u201dburgundisch\u201d und mit gro\u00dfem Potenzial.","og_url":"https:\/\/guthardegg.at\/en\/shop\/weine\/lagen-reserveweine\/lagenwein-3er-kostpaket\/","og_site_name":"Gut Hardegg","article_modified_time":"2025-04-01T10:22:29+00:00","og_image":[{"width":600,"height":800,"url":"https:\/\/guthardegg.at\/wp-content\/uploads\/3er_lagenwein_paket_2025.jpg","type":"image\/jpeg"}],"twitter_card":"summary_large_image","twitter_misc":{"Est. reading time":"1 minute"},"schema":{"@context":"https:\/\/schema.org","@graph":[{"@type":"WebPage","@id":"https:\/\/guthardegg.at\/shop\/weine\/lagen-reserveweine\/lagenwein-3er-kostpaket\/","url":"https:\/\/guthardegg.at\/shop\/weine\/lagen-reserveweine\/lagenwein-3er-kostpaket\/","name":"Der LAGENWEIN 3er - Gut Hardegg","isPartOf":{"@id":"https:\/\/guthardegg.at\/#website"},"primaryImageOfPage":{"@id":"https:\/\/guthardegg.at\/shop\/weine\/lagen-reserveweine\/lagenwein-3er-kostpaket\/#primaryimage"},"image":{"@id":"https:\/\/guthardegg.at\/shop\/weine\/lagen-reserveweine\/lagenwein-3er-kostpaket\/#primaryimage"},"thumbnailUrl":"https:\/\/guthardegg.at\/wp-content\/uploads\/3er_lagenwein_paket_2025.jpg","datePublished":"2020-07-06T13:21:37+00:00","dateModified":"2025-04-01T10:22:29+00:00","description":"Eine exklusive Auswahl unserer Spitzenweine aus der Ried Steinb\u00fcgel!1x Roter Veltliner 2023 \u2013 Weinviertler Toplage, perfekt interpretiert \u2013 1x Riesling 2023, rassig und finnessenreich, sehr gute Lagerf\u00e4higkeit und 1x unser Pinot Noir 2023, ein Klasse f\u00fcr sich, au\u00dfergew\u00f6hnlich \u201dburgundisch\u201d und mit gro\u00dfem Potenzial.","breadcrumb":{"@id":"https:\/\/guthardegg.at\/shop\/weine\/lagen-reserveweine\/lagenwein-3er-kostpaket\/#breadcrumb"},"inLanguage":"en-US","potentialAction":[{"@type":"ReadAction","target":["https:\/\/guthardegg.at\/shop\/weine\/lagen-reserveweine\/lagenwein-3er-kostpaket\/"]}]},{"@type":"ImageObject","inLanguage":"en-US","@id":"https:\/\/guthardegg.at\/shop\/weine\/lagen-reserveweine\/lagenwein-3er-kostpaket\/#primaryimage","url":"https:\/\/guthardegg.at\/wp-content\/uploads\/3er_lagenwein_paket_2025.jpg","contentUrl":"https:\/\/guthardegg.at\/wp-content\/uploads\/3er_lagenwein_paket_2025.jpg","width":600,"height":800},{"@type":"BreadcrumbList","@id":"https:\/\/guthardegg.at\/shop\/weine\/lagen-reserveweine\/lagenwein-3er-kostpaket\/#breadcrumb","itemListElement":[{"@type":"ListItem","position":1,"name":"gut hardegg","item":"https:\/\/guthardegg.at\/"},{"@type":"ListItem","position":2,"name":"Shop","item":"https:\/\/guthardegg.at\/shop\/"},{"@type":"ListItem","position":3,"name":"Angebote","item":"https:\/\/guthardegg.at\/kategorie\/angebote\/"},{"@type":"ListItem","position":4,"name":"Der LAGENWEIN 3er"}]},{"@type":"WebSite","@id":"https:\/\/guthardegg.at\/#website","url":"https:\/\/guthardegg.at\/","name":"Gut Hardegg","description":"Gelebte Artenvielfalt","publisher":{"@id":"https:\/\/guthardegg.at\/#organization"},"potentialAction":[{"@type":"SearchAction","target":{"@type":"EntryPoint","urlTemplate":"https:\/\/guthardegg.at\/?s={search_term_string}"},"query-input":{"@type":"PropertyValueSpecification","valueRequired":true,"valueName":"search_term_string"}}],"inLanguage":"en-US"},{"@type":"Organization","@id":"https:\/\/guthardegg.at\/#organization","name":"Gut Hardegg","url":"https:\/\/guthardegg.at\/","logo":{"@type":"ImageObject","inLanguage":"en-US","@id":"https:\/\/guthardegg.at\/#\/schema\/logo\/image\/","url":"https:\/\/guthardegg.at\/wp-content\/uploads\/2020\/05\/Gut-Hardegg-logo.png","contentUrl":"https:\/\/guthardegg.at\/wp-content\/uploads\/2020\/05\/Gut-Hardegg-logo.png","width":945,"height":560,"caption":"Gut Hardegg"},"image":{"@id":"https:\/\/guthardegg.at\/#\/schema\/logo\/image\/"}}]}},"_links":{"self":[{"href":"https:\/\/guthardegg.at\/en\/wp-json\/wp\/v2\/product\/2624","targetHints":{"allow":["GET"]}}],"collection":[{"href":"https:\/\/guthardegg.at\/en\/wp-json\/wp\/v2\/product"}],"about":[{"href":"https:\/\/guthardegg.at\/en\/wp-json\/wp\/v2\/types\/product"}],"wp:featuredmedia":[{"embeddable":true,"href":"https:\/\/guthardegg.at\/en\/wp-json\/wp\/v2\/media\/7372"}],"wp:attachment":[{"href":"https:\/\/guthardegg.at\/en\/wp-json\/wp\/v2\/media?parent=2624"}],"wp:term":[{"taxonomy":"product_brand","embeddable":true,"href":"https:\/\/guthardegg.at\/en\/wp-json\/wp\/v2\/product_brand?post=2624"},{"taxonomy":"product_cat","embeddable":true,"href":"https:\/\/guthardegg.at\/en\/wp-json\/wp\/v2\/product_cat?post=2624"},{"taxonomy":"product_tag","embeddable":true,"href":"https:\/\/guthardegg.at\/en\/wp-json\/wp\/v2\/product_tag?post=2624"}],"curies":[{"name":"wp","href":"https:\/\/api.w.org\/{rel}","templated":true}]}}