{"id":3631,"date":"2020-10-15T12:13:02","date_gmt":"2020-10-15T10:13:02","guid":{"rendered":"https:\/\/guthardegg.at\/?post_type=product&#038;p=3631"},"modified":"2023-10-24T11:14:11","modified_gmt":"2023-10-24T09:14:11","slug":"futterhaeuschen-3er-pack","status":"publish","type":"product","link":"https:\/\/guthardegg.at\/en\/shop\/vogelfutter-co\/futterhaeuschen-3er-pack\/","title":{"rendered":"FUTTERH\u00c4USCHEN 3er-Pack"},"content":{"rendered":"<p><b>Ein kleiner Beitrag mit gro\u00dfer Wirkung.<\/b><br \/>\nUnser innovatives Futterh\u00e4uschen aus hochwertigem Naturkarton ist so attraktiv wie praktisch und wird in jedem Garten, auf der Dachterrasse oder am Balkon zum sympathischen Botschafter der Artenvielfalt. Es eignet sich perfekt als Geschenk und sinnstiftendes \u201eMitbringsel\u201c. Ob zum sommerlichen Gartenfest oder zu Weihnachten \u2013 es ist zu allen Jahreszeiten eine sch\u00f6ne Geste fu\u0308r Freunde und Verwandte und nicht nur fu\u0308r V\u00f6gel ein eyecatch.<\/p>\n<p><strong>Das Futterh\u00e4uschen ist mit wenigen Handgriffen einsatzbereit<\/strong> und wird anschlie\u00dfend mittels beiliegender Schnur in einen Baum oder unter das Vordach geh\u00e4ngt oder einfach an einen m\u00f6glichst wettergeschu\u0308tzten und erh\u00f6hten Platz gestellt. Ideal auch fu\u0308r Terrasse und Balkon, so k\u00f6nnen die V\u00f6gel aus n\u00e4chster N\u00e4he beobachtet werden. Das H\u00e4uschen ist bereits mit <a href=\"https:\/\/guthardegg.at\/en\/shop\/vogelfutter-co\/premium-wildvogelfutter\/\">GUT HARDEGG Premium-Wildvogelfutter<\/a> befu\u0308llt. Dieses rieselt immer perfekt dosiert von oben nach. Geeignet f\u00fcr Sing- und Wildv\u00f6gel.<\/p>\n<p>Wir w\u00fcnschen viel Freude!<\/p>","protected":false},"excerpt":{"rendered":"<p>Ein kleiner Beitrag mit gro\u00dfer Wirkung. Unser innovatives Futterh\u00e4uschen aus hochwertigem Naturkarton ist so attraktiv wie praktisch und wird in jedem Garten, auf der Dachterrasse oder am Balkon zum sympathischen Botschafter der Artenvielfalt. Es eignet sich perfekt als Geschenk und sinnstiftendes \u201eMitbringsel\u201c. Ob zum sommerlichen Gartenfest oder zu Weihnachten \u2013 es ist zu allen Jahreszeiten [&#8230;]<\/p>","protected":false},"featured_media":3626,"template":"","meta":{"_acf_changed":false},"product_brand":[],"product_cat":[76,22],"product_tag":[],"class_list":{"0":"post-3631","1":"product","2":"type-product","3":"status-publish","4":"has-post-thumbnail","6":"product_cat-angebote","7":"product_cat-vogelfutter-co","8":"pa_groesse-1-kg-dose","9":"pa_groesse-2-kg-standbeutel","10":"pa_groesse-10-kg-sack","12":"first","13":"instock","14":"sale","15":"taxable","16":"shipping-taxable","17":"purchasable","18":"product-type-simple"},"acf":[],"yoast_head":"<!-- This site is optimized with the Yoast SEO plugin v24.8.1 - https:\/\/yoast.com\/wordpress\/plugins\/seo\/ -->\n<title>FUTTERH\u00c4USCHEN 3er-Pack - Gut Hardegg<\/title>\n<meta name=\"robots\" content=\"index, follow, max-snippet:-1, max-image-preview:large, max-video-preview:-1\" \/>\n<link rel=\"canonical\" href=\"https:\/\/guthardegg.at\/en\/shop\/vogelfutter-co\/futterhaeuschen-3er-pack\/\" \/>\n<meta property=\"og:locale\" content=\"en_US\" \/>\n<meta property=\"og:type\" content=\"article\" \/>\n<meta property=\"og:title\" content=\"FUTTERH\u00c4USCHEN 3er-Pack - Gut Hardegg\" \/>\n<meta property=\"og:description\" content=\"Ein kleiner Beitrag mit gro\u00dfer Wirkung. Unser innovatives Futterh\u00e4uschen aus hochwertigem Naturkarton ist so attraktiv wie praktisch und wird in jedem Garten, auf der Dachterrasse oder am Balkon zum sympathischen Botschafter der Artenvielfalt. Es eignet sich perfekt als Geschenk und sinnstiftendes \u201eMitbringsel\u201c. Ob zum sommerlichen Gartenfest oder zu Weihnachten \u2013 es ist zu allen Jahreszeiten [...]\" \/>\n<meta property=\"og:url\" content=\"https:\/\/guthardegg.at\/en\/shop\/vogelfutter-co\/futterhaeuschen-3er-pack\/\" \/>\n<meta property=\"og:site_name\" content=\"Gut Hardegg\" \/>\n<meta property=\"article:modified_time\" content=\"2023-10-24T09:14:11+00:00\" \/>\n<meta property=\"og:image\" content=\"https:\/\/guthardegg.at\/wp-content\/uploads\/116_2019_3xFutterhaeuschen.jpg\" \/>\n\t<meta property=\"og:image:width\" content=\"600\" \/>\n\t<meta property=\"og:image:height\" content=\"800\" \/>\n\t<meta property=\"og:image:type\" content=\"image\/jpeg\" \/>\n<meta name=\"twitter:card\" content=\"summary_large_image\" \/>\n<meta name=\"twitter:label1\" content=\"Est. reading time\" \/>\n\t<meta name=\"twitter:data1\" content=\"1 minute\" \/>\n<script type=\"application\/ld+json\" class=\"yoast-schema-graph\">{\"@context\":\"https:\/\/schema.org\",\"@graph\":[{\"@type\":\"WebPage\",\"@id\":\"https:\/\/guthardegg.at\/shop\/vogelfutter-co\/futterhaeuschen-3er-pack\/\",\"url\":\"https:\/\/guthardegg.at\/shop\/vogelfutter-co\/futterhaeuschen-3er-pack\/\",\"name\":\"FUTTERH\u00c4USCHEN 3er-Pack - Gut Hardegg\",\"isPartOf\":{\"@id\":\"https:\/\/guthardegg.at\/#website\"},\"primaryImageOfPage\":{\"@id\":\"https:\/\/guthardegg.at\/shop\/vogelfutter-co\/futterhaeuschen-3er-pack\/#primaryimage\"},\"image\":{\"@id\":\"https:\/\/guthardegg.at\/shop\/vogelfutter-co\/futterhaeuschen-3er-pack\/#primaryimage\"},\"thumbnailUrl\":\"https:\/\/guthardegg.at\/wp-content\/uploads\/116_2019_3xFutterhaeuschen.jpg\",\"datePublished\":\"2020-10-15T10:13:02+00:00\",\"dateModified\":\"2023-10-24T09:14:11+00:00\",\"breadcrumb\":{\"@id\":\"https:\/\/guthardegg.at\/shop\/vogelfutter-co\/futterhaeuschen-3er-pack\/#breadcrumb\"},\"inLanguage\":\"en-US\",\"potentialAction\":[{\"@type\":\"ReadAction\",\"target\":[\"https:\/\/guthardegg.at\/shop\/vogelfutter-co\/futterhaeuschen-3er-pack\/\"]}]},{\"@type\":\"ImageObject\",\"inLanguage\":\"en-US\",\"@id\":\"https:\/\/guthardegg.at\/shop\/vogelfutter-co\/futterhaeuschen-3er-pack\/#primaryimage\",\"url\":\"https:\/\/guthardegg.at\/wp-content\/uploads\/116_2019_3xFutterhaeuschen.jpg\",\"contentUrl\":\"https:\/\/guthardegg.at\/wp-content\/uploads\/116_2019_3xFutterhaeuschen.jpg\",\"width\":600,\"height\":800},{\"@type\":\"BreadcrumbList\",\"@id\":\"https:\/\/guthardegg.at\/shop\/vogelfutter-co\/futterhaeuschen-3er-pack\/#breadcrumb\",\"itemListElement\":[{\"@type\":\"ListItem\",\"position\":1,\"name\":\"gut hardegg\",\"item\":\"https:\/\/guthardegg.at\/\"},{\"@type\":\"ListItem\",\"position\":2,\"name\":\"Shop\",\"item\":\"https:\/\/guthardegg.at\/shop\/\"},{\"@type\":\"ListItem\",\"position\":3,\"name\":\"Vogelfutter &amp; Co\",\"item\":\"https:\/\/guthardegg.at\/kategorie\/vogelfutter-co\/\"},{\"@type\":\"ListItem\",\"position\":4,\"name\":\"FUTTERH\u00c4USCHEN 3er-Pack\"}]},{\"@type\":\"WebSite\",\"@id\":\"https:\/\/guthardegg.at\/#website\",\"url\":\"https:\/\/guthardegg.at\/\",\"name\":\"Gut Hardegg\",\"description\":\"Gelebte Artenvielfalt\",\"publisher\":{\"@id\":\"https:\/\/guthardegg.at\/#organization\"},\"potentialAction\":[{\"@type\":\"SearchAction\",\"target\":{\"@type\":\"EntryPoint\",\"urlTemplate\":\"https:\/\/guthardegg.at\/?s={search_term_string}\"},\"query-input\":{\"@type\":\"PropertyValueSpecification\",\"valueRequired\":true,\"valueName\":\"search_term_string\"}}],\"inLanguage\":\"en-US\"},{\"@type\":\"Organization\",\"@id\":\"https:\/\/guthardegg.at\/#organization\",\"name\":\"Gut Hardegg\",\"url\":\"https:\/\/guthardegg.at\/\",\"logo\":{\"@type\":\"ImageObject\",\"inLanguage\":\"en-US\",\"@id\":\"https:\/\/guthardegg.at\/#\/schema\/logo\/image\/\",\"url\":\"https:\/\/guthardegg.at\/wp-content\/uploads\/2020\/05\/Gut-Hardegg-logo.png\",\"contentUrl\":\"https:\/\/guthardegg.at\/wp-content\/uploads\/2020\/05\/Gut-Hardegg-logo.png\",\"width\":945,\"height\":560,\"caption\":\"Gut Hardegg\"},\"image\":{\"@id\":\"https:\/\/guthardegg.at\/#\/schema\/logo\/image\/\"}}]}<\/script>\n<!-- \/ Yoast SEO plugin. -->","yoast_head_json":{"title":"FUTTERH\u00c4USCHEN 3er-Pack - Gut Hardegg","robots":{"index":"index","follow":"follow","max-snippet":"max-snippet:-1","max-image-preview":"max-image-preview:large","max-video-preview":"max-video-preview:-1"},"canonical":"https:\/\/guthardegg.at\/en\/shop\/vogelfutter-co\/futterhaeuschen-3er-pack\/","og_locale":"en_US","og_type":"article","og_title":"FUTTERH\u00c4USCHEN 3er-Pack - Gut Hardegg","og_description":"Ein kleiner Beitrag mit gro\u00dfer Wirkung. Unser innovatives Futterh\u00e4uschen aus hochwertigem Naturkarton ist so attraktiv wie praktisch und wird in jedem Garten, auf der Dachterrasse oder am Balkon zum sympathischen Botschafter der Artenvielfalt. Es eignet sich perfekt als Geschenk und sinnstiftendes \u201eMitbringsel\u201c. Ob zum sommerlichen Gartenfest oder zu Weihnachten \u2013 es ist zu allen Jahreszeiten [...]","og_url":"https:\/\/guthardegg.at\/en\/shop\/vogelfutter-co\/futterhaeuschen-3er-pack\/","og_site_name":"Gut Hardegg","article_modified_time":"2023-10-24T09:14:11+00:00","og_image":[{"width":600,"height":800,"url":"https:\/\/guthardegg.at\/wp-content\/uploads\/116_2019_3xFutterhaeuschen.jpg","type":"image\/jpeg"}],"twitter_card":"summary_large_image","twitter_misc":{"Est. reading time":"1 minute"},"schema":{"@context":"https:\/\/schema.org","@graph":[{"@type":"WebPage","@id":"https:\/\/guthardegg.at\/shop\/vogelfutter-co\/futterhaeuschen-3er-pack\/","url":"https:\/\/guthardegg.at\/shop\/vogelfutter-co\/futterhaeuschen-3er-pack\/","name":"FUTTERH\u00c4USCHEN 3er-Pack - Gut Hardegg","isPartOf":{"@id":"https:\/\/guthardegg.at\/#website"},"primaryImageOfPage":{"@id":"https:\/\/guthardegg.at\/shop\/vogelfutter-co\/futterhaeuschen-3er-pack\/#primaryimage"},"image":{"@id":"https:\/\/guthardegg.at\/shop\/vogelfutter-co\/futterhaeuschen-3er-pack\/#primaryimage"},"thumbnailUrl":"https:\/\/guthardegg.at\/wp-content\/uploads\/116_2019_3xFutterhaeuschen.jpg","datePublished":"2020-10-15T10:13:02+00:00","dateModified":"2023-10-24T09:14:11+00:00","breadcrumb":{"@id":"https:\/\/guthardegg.at\/shop\/vogelfutter-co\/futterhaeuschen-3er-pack\/#breadcrumb"},"inLanguage":"en-US","potentialAction":[{"@type":"ReadAction","target":["https:\/\/guthardegg.at\/shop\/vogelfutter-co\/futterhaeuschen-3er-pack\/"]}]},{"@type":"ImageObject","inLanguage":"en-US","@id":"https:\/\/guthardegg.at\/shop\/vogelfutter-co\/futterhaeuschen-3er-pack\/#primaryimage","url":"https:\/\/guthardegg.at\/wp-content\/uploads\/116_2019_3xFutterhaeuschen.jpg","contentUrl":"https:\/\/guthardegg.at\/wp-content\/uploads\/116_2019_3xFutterhaeuschen.jpg","width":600,"height":800},{"@type":"BreadcrumbList","@id":"https:\/\/guthardegg.at\/shop\/vogelfutter-co\/futterhaeuschen-3er-pack\/#breadcrumb","itemListElement":[{"@type":"ListItem","position":1,"name":"gut hardegg","item":"https:\/\/guthardegg.at\/"},{"@type":"ListItem","position":2,"name":"Shop","item":"https:\/\/guthardegg.at\/shop\/"},{"@type":"ListItem","position":3,"name":"Vogelfutter &amp; Co","item":"https:\/\/guthardegg.at\/kategorie\/vogelfutter-co\/"},{"@type":"ListItem","position":4,"name":"FUTTERH\u00c4USCHEN 3er-Pack"}]},{"@type":"WebSite","@id":"https:\/\/guthardegg.at\/#website","url":"https:\/\/guthardegg.at\/","name":"Gut Hardegg","description":"Gelebte Artenvielfalt","publisher":{"@id":"https:\/\/guthardegg.at\/#organization"},"potentialAction":[{"@type":"SearchAction","target":{"@type":"EntryPoint","urlTemplate":"https:\/\/guthardegg.at\/?s={search_term_string}"},"query-input":{"@type":"PropertyValueSpecification","valueRequired":true,"valueName":"search_term_string"}}],"inLanguage":"en-US"},{"@type":"Organization","@id":"https:\/\/guthardegg.at\/#organization","name":"Gut Hardegg","url":"https:\/\/guthardegg.at\/","logo":{"@type":"ImageObject","inLanguage":"en-US","@id":"https:\/\/guthardegg.at\/#\/schema\/logo\/image\/","url":"https:\/\/guthardegg.at\/wp-content\/uploads\/2020\/05\/Gut-Hardegg-logo.png","contentUrl":"https:\/\/guthardegg.at\/wp-content\/uploads\/2020\/05\/Gut-Hardegg-logo.png","width":945,"height":560,"caption":"Gut Hardegg"},"image":{"@id":"https:\/\/guthardegg.at\/#\/schema\/logo\/image\/"}}]}},"_links":{"self":[{"href":"https:\/\/guthardegg.at\/en\/wp-json\/wp\/v2\/product\/3631","targetHints":{"allow":["GET"]}}],"collection":[{"href":"https:\/\/guthardegg.at\/en\/wp-json\/wp\/v2\/product"}],"about":[{"href":"https:\/\/guthardegg.at\/en\/wp-json\/wp\/v2\/types\/product"}],"wp:featuredmedia":[{"embeddable":true,"href":"https:\/\/guthardegg.at\/en\/wp-json\/wp\/v2\/media\/3626"}],"wp:attachment":[{"href":"https:\/\/guthardegg.at\/en\/wp-json\/wp\/v2\/media?parent=3631"}],"wp:term":[{"taxonomy":"product_brand","embeddable":true,"href":"https:\/\/guthardegg.at\/en\/wp-json\/wp\/v2\/product_brand?post=3631"},{"taxonomy":"product_cat","embeddable":true,"href":"https:\/\/guthardegg.at\/en\/wp-json\/wp\/v2\/product_cat?post=3631"},{"taxonomy":"product_tag","embeddable":true,"href":"https:\/\/guthardegg.at\/en\/wp-json\/wp\/v2\/product_tag?post=3631"}],"curies":[{"name":"wp","href":"https:\/\/api.w.org\/{rel}","templated":true}]}}