{"id":4739,"date":"2021-11-23T12:43:16","date_gmt":"2021-11-23T11:43:16","guid":{"rendered":"https:\/\/guthardegg.at\/?post_type=product&#038;p=4739"},"modified":"2022-10-16T11:04:01","modified_gmt":"2022-10-16T09:04:01","slug":"dinkelmehl","status":"publish","type":"product","link":"https:\/\/guthardegg.at\/en\/shop\/honig-mehl-oel\/dinkelmehl\/","title":{"rendered":"DINKELMEHL"},"content":{"rendered":"<p class=\"p1\"><strong>Regional &amp; nachhaltig.<\/strong><br \/>\nUnser Dinkelmehl wird ausschlie\u00dflich aus feinstem Getreide im nachhaltigen Anbau auf Gut Hardegg gewonnen und mit gro\u00dfer Sorgfalt in der nieder\u00f6sterreichischen Kittel M\u00fchle vermahlen. Die gesamte Verarbeitung wird dabei mit 100% \u00d6ko-Strom aus dem Wasserkraftwerk der Kittel M\u00fchle angetrieben und tr\u00e4gt so zus\u00e4tzlich zum Wohl unserer Umwelt bei. Dinkel ist eine der \u00e4ltesten Getreidesorten enth\u00e4lt reichlich hochwertiges Eiwei\u00df, Vitamine und Mineralstoffe. Als lebensfrohen Botschafter der Artenvielfalt finden Sie den <em>\u201eLantus collurio\u201c<\/em> aus der Sperlingsfamilie auf der Verpackung. Durch eine reiche Natur mit \u00fcppigen Hecken, Windschutz- und Bl\u00fchstreifen schaffen wir beste Lebensbedingungen f\u00fcr diesen selten gewordenen Vogel. GUT HARDEGG wurde bereits mehrfach f\u00fcr seine nachhaltige Landbewirtschaftung ausgezeichnet.<\/p>\n<p class=\"p1\">Universell zum Backen und Kochen, auch als gute Alternative zu Weizenmehl geeignet.<\/p>","protected":false},"excerpt":{"rendered":"<p>Regional &amp; nachhaltig. Unser Dinkelmehl wird ausschlie\u00dflich aus feinstem Getreide im nachhaltigen Anbau auf Gut Hardegg gewonnen und mit gro\u00dfer Sorgfalt in der nieder\u00f6sterreichischen Kittel M\u00fchle vermahlen. Die gesamte Verarbeitung wird dabei mit 100% \u00d6ko-Strom aus dem Wasserkraftwerk der Kittel M\u00fchle angetrieben und tr\u00e4gt so zus\u00e4tzlich zum Wohl unserer Umwelt bei. Dinkel ist eine der [&#8230;]<\/p>","protected":false},"featured_media":5535,"template":"","meta":{"_acf_changed":false},"product_brand":[],"product_cat":[34],"product_tag":[],"class_list":{"0":"post-4739","1":"product","2":"type-product","3":"status-publish","4":"has-post-thumbnail","6":"product_cat-honig-mehl-oel","8":"first","9":"instock","10":"taxable","11":"shipping-taxable","12":"purchasable","13":"product-type-simple"},"acf":[],"yoast_head":"<!-- This site is optimized with the Yoast SEO plugin v24.8.1 - https:\/\/yoast.com\/wordpress\/plugins\/seo\/ -->\n<title>DINKELMEHL - Gut Hardegg<\/title>\n<meta name=\"description\" content=\"Regional &amp; nachhaltig.Unser Dinkelmehl wird ausschlie\u00dflich aus feinstem Getreide im nachhaltigen Anbau auf Gut Hardegg gewonnen und mit gro\u00dfer Sorgfalt in der nieder\u00f6sterreichischen Kittel M\u00fchle vermahlen. Die gesamte Verarbeitung wird dabei mit 100% \u00d6ko-Strom aus dem Wasserkraftwerk der Kittel M\u00fchle angetrieben und tr\u00e4gt so zus\u00e4tzlich zum Wohl unserer Umwelt bei. Dinkel ist eine der \u00e4ltesten Getreidesorten enth\u00e4lt reichlich hochwertiges Eiwei\u00df, Vitamine und Mineralstoffe. Als lebensfrohen Botschafter der Artenvielfalt finden Sie den \u201eLantus collurio\u201c aus der Sperlingsfamilie auf der Verpackung. Durch eine reiche Natur mit \u00fcppigen Hecken, Windschutz- und Bl\u00fchstreifen schaffen wir beste Lebensbedingungen f\u00fcr diesen selten gewordenen Vogel. GUT HARDEGG wurde bereits mehrfach f\u00fcr seine nachhaltige Landbewirtschaftung ausgezeichnet. Universell zum Backen und Kochen, auch als gute Alternative zu Weizenmehl geeignet.\" \/>\n<meta name=\"robots\" content=\"index, follow, max-snippet:-1, max-image-preview:large, max-video-preview:-1\" \/>\n<link rel=\"canonical\" href=\"https:\/\/guthardegg.at\/en\/shop\/honig-mehl-oel\/dinkelmehl\/\" \/>\n<meta property=\"og:locale\" content=\"en_US\" \/>\n<meta property=\"og:type\" content=\"article\" \/>\n<meta property=\"og:title\" content=\"Gut Hardegg Dinkelmehl\" \/>\n<meta property=\"og:description\" content=\"Regional &amp; nachhaltig.Unser Dinkelmehl wird ausschlie\u00dflich aus feinstem Getreide im nachhaltigen Anbau auf Gut Hardegg gewonnen und mit gro\u00dfer Sorgfalt in der nieder\u00f6sterreichischen Kittel M\u00fchle vermahlen. Die gesamte Verarbeitung wird dabei mit 100% \u00d6ko-Strom aus dem Wasserkraftwerk der Kittel M\u00fchle angetrieben und tr\u00e4gt so zus\u00e4tzlich zum Wohl unserer Umwelt bei. Dinkel ist eine der \u00e4ltesten Getreidesorten enth\u00e4lt reichlich hochwertiges Eiwei\u00df, Vitamine und Mineralstoffe. Als lebensfrohen Botschafter der Artenvielfalt finden Sie den \u201eLantus collurio\u201c aus der Sperlingsfamilie auf der Verpackung. Durch eine reiche Natur mit \u00fcppigen Hecken, Windschutz- und Bl\u00fchstreifen schaffen wir beste Lebensbedingungen f\u00fcr diesen selten gewordenen Vogel. GUT HARDEGG wurde bereits mehrfach f\u00fcr seine nachhaltige Landbewirtschaftung ausgezeichnet.\" \/>\n<meta property=\"og:url\" content=\"https:\/\/guthardegg.at\/en\/shop\/honig-mehl-oel\/dinkelmehl\/\" \/>\n<meta property=\"og:site_name\" content=\"Gut Hardegg\" \/>\n<meta property=\"article:modified_time\" content=\"2022-10-16T09:04:01+00:00\" \/>\n<meta property=\"og:image\" content=\"https:\/\/guthardegg.at\/wp-content\/uploads\/Banner_Mehl_Honig_2021-2.jpg\" \/>\n\t<meta property=\"og:image:width\" content=\"1312\" \/>\n\t<meta property=\"og:image:height\" content=\"727\" \/>\n\t<meta property=\"og:image:type\" content=\"image\/jpeg\" \/>\n<meta name=\"twitter:card\" content=\"summary_large_image\" \/>\n<meta name=\"twitter:label1\" content=\"Est. reading time\" \/>\n\t<meta name=\"twitter:data1\" content=\"1 minute\" \/>\n<script type=\"application\/ld+json\" class=\"yoast-schema-graph\">{\"@context\":\"https:\/\/schema.org\",\"@graph\":[{\"@type\":\"WebPage\",\"@id\":\"https:\/\/guthardegg.at\/shop\/honig-mehl-oel\/dinkelmehl\/\",\"url\":\"https:\/\/guthardegg.at\/shop\/honig-mehl-oel\/dinkelmehl\/\",\"name\":\"DINKELMEHL - Gut Hardegg\",\"isPartOf\":{\"@id\":\"https:\/\/guthardegg.at\/#website\"},\"primaryImageOfPage\":{\"@id\":\"https:\/\/guthardegg.at\/shop\/honig-mehl-oel\/dinkelmehl\/#primaryimage\"},\"image\":{\"@id\":\"https:\/\/guthardegg.at\/shop\/honig-mehl-oel\/dinkelmehl\/#primaryimage\"},\"thumbnailUrl\":\"https:\/\/guthardegg.at\/wp-content\/uploads\/GUT-HARDEGG-MEHL-DINKEL.jpg\",\"datePublished\":\"2021-11-23T11:43:16+00:00\",\"dateModified\":\"2022-10-16T09:04:01+00:00\",\"description\":\"Regional & nachhaltig.Unser Dinkelmehl wird ausschlie\u00dflich aus feinstem Getreide im nachhaltigen Anbau auf Gut Hardegg gewonnen und mit gro\u00dfer Sorgfalt in der nieder\u00f6sterreichischen Kittel M\u00fchle vermahlen. Die gesamte Verarbeitung wird dabei mit 100% \u00d6ko-Strom aus dem Wasserkraftwerk der Kittel M\u00fchle angetrieben und tr\u00e4gt so zus\u00e4tzlich zum Wohl unserer Umwelt bei. Dinkel ist eine der \u00e4ltesten Getreidesorten enth\u00e4lt reichlich hochwertiges Eiwei\u00df, Vitamine und Mineralstoffe. Als lebensfrohen Botschafter der Artenvielfalt finden Sie den \u201eLantus collurio\u201c aus der Sperlingsfamilie auf der Verpackung. Durch eine reiche Natur mit \u00fcppigen Hecken, Windschutz- und Bl\u00fchstreifen schaffen wir beste Lebensbedingungen f\u00fcr diesen selten gewordenen Vogel. GUT HARDEGG wurde bereits mehrfach f\u00fcr seine nachhaltige Landbewirtschaftung ausgezeichnet. Universell zum Backen und Kochen, auch als gute Alternative zu Weizenmehl geeignet.\",\"breadcrumb\":{\"@id\":\"https:\/\/guthardegg.at\/shop\/honig-mehl-oel\/dinkelmehl\/#breadcrumb\"},\"inLanguage\":\"en-US\",\"potentialAction\":[{\"@type\":\"ReadAction\",\"target\":[\"https:\/\/guthardegg.at\/shop\/honig-mehl-oel\/dinkelmehl\/\"]}]},{\"@type\":\"ImageObject\",\"inLanguage\":\"en-US\",\"@id\":\"https:\/\/guthardegg.at\/shop\/honig-mehl-oel\/dinkelmehl\/#primaryimage\",\"url\":\"https:\/\/guthardegg.at\/wp-content\/uploads\/GUT-HARDEGG-MEHL-DINKEL.jpg\",\"contentUrl\":\"https:\/\/guthardegg.at\/wp-content\/uploads\/GUT-HARDEGG-MEHL-DINKEL.jpg\",\"width\":600,\"height\":800},{\"@type\":\"BreadcrumbList\",\"@id\":\"https:\/\/guthardegg.at\/shop\/honig-mehl-oel\/dinkelmehl\/#breadcrumb\",\"itemListElement\":[{\"@type\":\"ListItem\",\"position\":1,\"name\":\"gut hardegg\",\"item\":\"https:\/\/guthardegg.at\/\"},{\"@type\":\"ListItem\",\"position\":2,\"name\":\"Shop\",\"item\":\"https:\/\/guthardegg.at\/shop\/\"},{\"@type\":\"ListItem\",\"position\":3,\"name\":\"Honig, Mehl &amp; \u00d6l\",\"item\":\"https:\/\/guthardegg.at\/kategorie\/honig-mehl-oel\/\"},{\"@type\":\"ListItem\",\"position\":4,\"name\":\"DINKELMEHL\"}]},{\"@type\":\"WebSite\",\"@id\":\"https:\/\/guthardegg.at\/#website\",\"url\":\"https:\/\/guthardegg.at\/\",\"name\":\"Gut Hardegg\",\"description\":\"Gelebte Artenvielfalt\",\"publisher\":{\"@id\":\"https:\/\/guthardegg.at\/#organization\"},\"potentialAction\":[{\"@type\":\"SearchAction\",\"target\":{\"@type\":\"EntryPoint\",\"urlTemplate\":\"https:\/\/guthardegg.at\/?s={search_term_string}\"},\"query-input\":{\"@type\":\"PropertyValueSpecification\",\"valueRequired\":true,\"valueName\":\"search_term_string\"}}],\"inLanguage\":\"en-US\"},{\"@type\":\"Organization\",\"@id\":\"https:\/\/guthardegg.at\/#organization\",\"name\":\"Gut Hardegg\",\"url\":\"https:\/\/guthardegg.at\/\",\"logo\":{\"@type\":\"ImageObject\",\"inLanguage\":\"en-US\",\"@id\":\"https:\/\/guthardegg.at\/#\/schema\/logo\/image\/\",\"url\":\"https:\/\/guthardegg.at\/wp-content\/uploads\/2020\/05\/Gut-Hardegg-logo.png\",\"contentUrl\":\"https:\/\/guthardegg.at\/wp-content\/uploads\/2020\/05\/Gut-Hardegg-logo.png\",\"width\":945,\"height\":560,\"caption\":\"Gut Hardegg\"},\"image\":{\"@id\":\"https:\/\/guthardegg.at\/#\/schema\/logo\/image\/\"}}]}<\/script>\n<!-- \/ Yoast SEO plugin. -->","yoast_head_json":{"title":"DINKELMEHL - Gut Hardegg","description":"Regional & nachhaltig.Unser Dinkelmehl wird ausschlie\u00dflich aus feinstem Getreide im nachhaltigen Anbau auf Gut Hardegg gewonnen und mit gro\u00dfer Sorgfalt in der nieder\u00f6sterreichischen Kittel M\u00fchle vermahlen. Die gesamte Verarbeitung wird dabei mit 100% \u00d6ko-Strom aus dem Wasserkraftwerk der Kittel M\u00fchle angetrieben und tr\u00e4gt so zus\u00e4tzlich zum Wohl unserer Umwelt bei. Dinkel ist eine der \u00e4ltesten Getreidesorten enth\u00e4lt reichlich hochwertiges Eiwei\u00df, Vitamine und Mineralstoffe. Als lebensfrohen Botschafter der Artenvielfalt finden Sie den \u201eLantus collurio\u201c aus der Sperlingsfamilie auf der Verpackung. Durch eine reiche Natur mit \u00fcppigen Hecken, Windschutz- und Bl\u00fchstreifen schaffen wir beste Lebensbedingungen f\u00fcr diesen selten gewordenen Vogel. GUT HARDEGG wurde bereits mehrfach f\u00fcr seine nachhaltige Landbewirtschaftung ausgezeichnet. Universell zum Backen und Kochen, auch als gute Alternative zu Weizenmehl geeignet.","robots":{"index":"index","follow":"follow","max-snippet":"max-snippet:-1","max-image-preview":"max-image-preview:large","max-video-preview":"max-video-preview:-1"},"canonical":"https:\/\/guthardegg.at\/en\/shop\/honig-mehl-oel\/dinkelmehl\/","og_locale":"en_US","og_type":"article","og_title":"Gut Hardegg Dinkelmehl","og_description":"Regional & nachhaltig.Unser Dinkelmehl wird ausschlie\u00dflich aus feinstem Getreide im nachhaltigen Anbau auf Gut Hardegg gewonnen und mit gro\u00dfer Sorgfalt in der nieder\u00f6sterreichischen Kittel M\u00fchle vermahlen. Die gesamte Verarbeitung wird dabei mit 100% \u00d6ko-Strom aus dem Wasserkraftwerk der Kittel M\u00fchle angetrieben und tr\u00e4gt so zus\u00e4tzlich zum Wohl unserer Umwelt bei. Dinkel ist eine der \u00e4ltesten Getreidesorten enth\u00e4lt reichlich hochwertiges Eiwei\u00df, Vitamine und Mineralstoffe. Als lebensfrohen Botschafter der Artenvielfalt finden Sie den \u201eLantus collurio\u201c aus der Sperlingsfamilie auf der Verpackung. Durch eine reiche Natur mit \u00fcppigen Hecken, Windschutz- und Bl\u00fchstreifen schaffen wir beste Lebensbedingungen f\u00fcr diesen selten gewordenen Vogel. GUT HARDEGG wurde bereits mehrfach f\u00fcr seine nachhaltige Landbewirtschaftung ausgezeichnet.","og_url":"https:\/\/guthardegg.at\/en\/shop\/honig-mehl-oel\/dinkelmehl\/","og_site_name":"Gut Hardegg","article_modified_time":"2022-10-16T09:04:01+00:00","og_image":[{"width":1312,"height":727,"url":"https:\/\/guthardegg.at\/wp-content\/uploads\/Banner_Mehl_Honig_2021-2.jpg","type":"image\/jpeg"}],"twitter_card":"summary_large_image","twitter_misc":{"Est. reading time":"1 minute"},"schema":{"@context":"https:\/\/schema.org","@graph":[{"@type":"WebPage","@id":"https:\/\/guthardegg.at\/shop\/honig-mehl-oel\/dinkelmehl\/","url":"https:\/\/guthardegg.at\/shop\/honig-mehl-oel\/dinkelmehl\/","name":"DINKELMEHL - Gut Hardegg","isPartOf":{"@id":"https:\/\/guthardegg.at\/#website"},"primaryImageOfPage":{"@id":"https:\/\/guthardegg.at\/shop\/honig-mehl-oel\/dinkelmehl\/#primaryimage"},"image":{"@id":"https:\/\/guthardegg.at\/shop\/honig-mehl-oel\/dinkelmehl\/#primaryimage"},"thumbnailUrl":"https:\/\/guthardegg.at\/wp-content\/uploads\/GUT-HARDEGG-MEHL-DINKEL.jpg","datePublished":"2021-11-23T11:43:16+00:00","dateModified":"2022-10-16T09:04:01+00:00","description":"Regional & nachhaltig.Unser Dinkelmehl wird ausschlie\u00dflich aus feinstem Getreide im nachhaltigen Anbau auf Gut Hardegg gewonnen und mit gro\u00dfer Sorgfalt in der nieder\u00f6sterreichischen Kittel M\u00fchle vermahlen. Die gesamte Verarbeitung wird dabei mit 100% \u00d6ko-Strom aus dem Wasserkraftwerk der Kittel M\u00fchle angetrieben und tr\u00e4gt so zus\u00e4tzlich zum Wohl unserer Umwelt bei. Dinkel ist eine der \u00e4ltesten Getreidesorten enth\u00e4lt reichlich hochwertiges Eiwei\u00df, Vitamine und Mineralstoffe. Als lebensfrohen Botschafter der Artenvielfalt finden Sie den \u201eLantus collurio\u201c aus der Sperlingsfamilie auf der Verpackung. Durch eine reiche Natur mit \u00fcppigen Hecken, Windschutz- und Bl\u00fchstreifen schaffen wir beste Lebensbedingungen f\u00fcr diesen selten gewordenen Vogel. GUT HARDEGG wurde bereits mehrfach f\u00fcr seine nachhaltige Landbewirtschaftung ausgezeichnet. Universell zum Backen und Kochen, auch als gute Alternative zu Weizenmehl geeignet.","breadcrumb":{"@id":"https:\/\/guthardegg.at\/shop\/honig-mehl-oel\/dinkelmehl\/#breadcrumb"},"inLanguage":"en-US","potentialAction":[{"@type":"ReadAction","target":["https:\/\/guthardegg.at\/shop\/honig-mehl-oel\/dinkelmehl\/"]}]},{"@type":"ImageObject","inLanguage":"en-US","@id":"https:\/\/guthardegg.at\/shop\/honig-mehl-oel\/dinkelmehl\/#primaryimage","url":"https:\/\/guthardegg.at\/wp-content\/uploads\/GUT-HARDEGG-MEHL-DINKEL.jpg","contentUrl":"https:\/\/guthardegg.at\/wp-content\/uploads\/GUT-HARDEGG-MEHL-DINKEL.jpg","width":600,"height":800},{"@type":"BreadcrumbList","@id":"https:\/\/guthardegg.at\/shop\/honig-mehl-oel\/dinkelmehl\/#breadcrumb","itemListElement":[{"@type":"ListItem","position":1,"name":"gut hardegg","item":"https:\/\/guthardegg.at\/"},{"@type":"ListItem","position":2,"name":"Shop","item":"https:\/\/guthardegg.at\/shop\/"},{"@type":"ListItem","position":3,"name":"Honig, Mehl &amp; \u00d6l","item":"https:\/\/guthardegg.at\/kategorie\/honig-mehl-oel\/"},{"@type":"ListItem","position":4,"name":"DINKELMEHL"}]},{"@type":"WebSite","@id":"https:\/\/guthardegg.at\/#website","url":"https:\/\/guthardegg.at\/","name":"Gut Hardegg","description":"Gelebte Artenvielfalt","publisher":{"@id":"https:\/\/guthardegg.at\/#organization"},"potentialAction":[{"@type":"SearchAction","target":{"@type":"EntryPoint","urlTemplate":"https:\/\/guthardegg.at\/?s={search_term_string}"},"query-input":{"@type":"PropertyValueSpecification","valueRequired":true,"valueName":"search_term_string"}}],"inLanguage":"en-US"},{"@type":"Organization","@id":"https:\/\/guthardegg.at\/#organization","name":"Gut Hardegg","url":"https:\/\/guthardegg.at\/","logo":{"@type":"ImageObject","inLanguage":"en-US","@id":"https:\/\/guthardegg.at\/#\/schema\/logo\/image\/","url":"https:\/\/guthardegg.at\/wp-content\/uploads\/2020\/05\/Gut-Hardegg-logo.png","contentUrl":"https:\/\/guthardegg.at\/wp-content\/uploads\/2020\/05\/Gut-Hardegg-logo.png","width":945,"height":560,"caption":"Gut Hardegg"},"image":{"@id":"https:\/\/guthardegg.at\/#\/schema\/logo\/image\/"}}]}},"_links":{"self":[{"href":"https:\/\/guthardegg.at\/en\/wp-json\/wp\/v2\/product\/4739","targetHints":{"allow":["GET"]}}],"collection":[{"href":"https:\/\/guthardegg.at\/en\/wp-json\/wp\/v2\/product"}],"about":[{"href":"https:\/\/guthardegg.at\/en\/wp-json\/wp\/v2\/types\/product"}],"wp:featuredmedia":[{"embeddable":true,"href":"https:\/\/guthardegg.at\/en\/wp-json\/wp\/v2\/media\/5535"}],"wp:attachment":[{"href":"https:\/\/guthardegg.at\/en\/wp-json\/wp\/v2\/media?parent=4739"}],"wp:term":[{"taxonomy":"product_brand","embeddable":true,"href":"https:\/\/guthardegg.at\/en\/wp-json\/wp\/v2\/product_brand?post=4739"},{"taxonomy":"product_cat","embeddable":true,"href":"https:\/\/guthardegg.at\/en\/wp-json\/wp\/v2\/product_cat?post=4739"},{"taxonomy":"product_tag","embeddable":true,"href":"https:\/\/guthardegg.at\/en\/wp-json\/wp\/v2\/product_tag?post=4739"}],"curies":[{"name":"wp","href":"https:\/\/api.w.org\/{rel}","templated":true}]}}