{"id":4742,"date":"2021-11-23T13:34:21","date_gmt":"2021-11-23T12:34:21","guid":{"rendered":"https:\/\/guthardegg.at\/?post_type=product&#038;p=4742"},"modified":"2022-10-16T11:03:24","modified_gmt":"2022-10-16T09:03:24","slug":"weizenmehl-griffig","status":"publish","type":"product","link":"https:\/\/guthardegg.at\/en\/shop\/honig-mehl-oel\/weizenmehl-griffig\/","title":{"rendered":"WEIZENMEHL"},"content":{"rendered":"<p class=\"p1\"><strong>Regional &amp; nachhaltig.<\/strong><br \/>\nDieses Weizenmehl wird aus feinstem Getreide von den Feldern auf Gut Hardegg gewonnen und mit gro\u00dfer Sorgfalt in der nieder\u00f6sterreichischen Kittel M\u00fchle vermahlen. Die Verarbeitung wird dabei mit 100% \u00d6ko-Strom aus dem Wasserkraftwerk der Kittel M\u00fchle angetrieben und tr\u00e4gt so zus\u00e4tzlich zum Wohl unserer Umwelt bei. Als lebensfrohen Botschafter der Artenvielfalt finden Sie die <em>Feldlerche<\/em> auf der Verpackung. Sie lebt und bru\u0308tet bevorzugt in Weizenfeldern \u2013 durch \u201eLerchenfenster\u201c am Acker, reichlich Blu\u0308hstreifen und Hecken schaffen wir beste Lebensbedingungen. GUT HARDEGG wurde bereits mehrfach f\u00fcr seine nachhaltige Landbewirtschaftung ausgezeichnet.<\/p>\n<p class=\"p1\">Ein besonders hochwertiges und gehaltvolles Weizenmehl aus dem n\u00f6rdlichen Weinviertel. Als griffiges Mehl eignet es sich besonders f\u00fcr Teig, der quellen soll: z. B. Kn\u00f6del, Nockerl, Sp\u00e4tzle etc.<\/p>","protected":false},"excerpt":{"rendered":"<p>Regional &amp; nachhaltig. Dieses Weizenmehl wird aus feinstem Getreide von den Feldern auf Gut Hardegg gewonnen und mit gro\u00dfer Sorgfalt in der nieder\u00f6sterreichischen Kittel M\u00fchle vermahlen. Die Verarbeitung wird dabei mit 100% \u00d6ko-Strom aus dem Wasserkraftwerk der Kittel M\u00fchle angetrieben und tr\u00e4gt so zus\u00e4tzlich zum Wohl unserer Umwelt bei. Als lebensfrohen Botschafter der Artenvielfalt finden [&#8230;]<\/p>","protected":false},"featured_media":5531,"template":"","meta":{"_acf_changed":false},"product_brand":[],"product_cat":[34],"product_tag":[],"class_list":{"0":"post-4742","1":"product","2":"type-product","3":"status-publish","4":"has-post-thumbnail","6":"product_cat-honig-mehl-oel","8":"first","9":"instock","10":"taxable","11":"shipping-taxable","12":"purchasable","13":"product-type-simple"},"acf":[],"yoast_head":"<!-- This site is optimized with the Yoast SEO plugin v24.8.1 - https:\/\/yoast.com\/wordpress\/plugins\/seo\/ -->\n<title>WEIZENMEHL - Gut Hardegg<\/title>\n<meta name=\"robots\" content=\"index, follow, max-snippet:-1, max-image-preview:large, max-video-preview:-1\" \/>\n<link rel=\"canonical\" href=\"https:\/\/guthardegg.at\/en\/shop\/honig-mehl-oel\/weizenmehl-griffig\/\" \/>\n<meta property=\"og:locale\" content=\"en_US\" \/>\n<meta property=\"og:type\" content=\"article\" \/>\n<meta property=\"og:title\" content=\"WEIZENMEHL - Gut Hardegg\" \/>\n<meta property=\"og:description\" content=\"Regional &amp; nachhaltig. Dieses Weizenmehl wird aus feinstem Getreide von den Feldern auf Gut Hardegg gewonnen und mit gro\u00dfer Sorgfalt in der nieder\u00f6sterreichischen Kittel M\u00fchle vermahlen. Die Verarbeitung wird dabei mit 100% \u00d6ko-Strom aus dem Wasserkraftwerk der Kittel M\u00fchle angetrieben und tr\u00e4gt so zus\u00e4tzlich zum Wohl unserer Umwelt bei. Als lebensfrohen Botschafter der Artenvielfalt finden [...]\" \/>\n<meta property=\"og:url\" content=\"https:\/\/guthardegg.at\/en\/shop\/honig-mehl-oel\/weizenmehl-griffig\/\" \/>\n<meta property=\"og:site_name\" content=\"Gut Hardegg\" \/>\n<meta property=\"article:modified_time\" content=\"2022-10-16T09:03:24+00:00\" \/>\n<meta property=\"og:image\" content=\"https:\/\/guthardegg.at\/wp-content\/uploads\/GUT-HARDEGG-MEHL-WEIZEN-GRIFFIG.jpg\" \/>\n\t<meta property=\"og:image:width\" content=\"600\" \/>\n\t<meta property=\"og:image:height\" content=\"800\" \/>\n\t<meta property=\"og:image:type\" content=\"image\/jpeg\" \/>\n<meta name=\"twitter:card\" content=\"summary_large_image\" \/>\n<meta name=\"twitter:label1\" content=\"Est. reading time\" \/>\n\t<meta name=\"twitter:data1\" content=\"1 minute\" \/>\n<script type=\"application\/ld+json\" class=\"yoast-schema-graph\">{\"@context\":\"https:\/\/schema.org\",\"@graph\":[{\"@type\":\"WebPage\",\"@id\":\"https:\/\/guthardegg.at\/shop\/honig-mehl-oel\/weizenmehl-griffig\/\",\"url\":\"https:\/\/guthardegg.at\/shop\/honig-mehl-oel\/weizenmehl-griffig\/\",\"name\":\"WEIZENMEHL - Gut Hardegg\",\"isPartOf\":{\"@id\":\"https:\/\/guthardegg.at\/#website\"},\"primaryImageOfPage\":{\"@id\":\"https:\/\/guthardegg.at\/shop\/honig-mehl-oel\/weizenmehl-griffig\/#primaryimage\"},\"image\":{\"@id\":\"https:\/\/guthardegg.at\/shop\/honig-mehl-oel\/weizenmehl-griffig\/#primaryimage\"},\"thumbnailUrl\":\"https:\/\/guthardegg.at\/wp-content\/uploads\/GUT-HARDEGG-MEHL-WEIZEN-GRIFFIG.jpg\",\"datePublished\":\"2021-11-23T12:34:21+00:00\",\"dateModified\":\"2022-10-16T09:03:24+00:00\",\"breadcrumb\":{\"@id\":\"https:\/\/guthardegg.at\/shop\/honig-mehl-oel\/weizenmehl-griffig\/#breadcrumb\"},\"inLanguage\":\"en-US\",\"potentialAction\":[{\"@type\":\"ReadAction\",\"target\":[\"https:\/\/guthardegg.at\/shop\/honig-mehl-oel\/weizenmehl-griffig\/\"]}]},{\"@type\":\"ImageObject\",\"inLanguage\":\"en-US\",\"@id\":\"https:\/\/guthardegg.at\/shop\/honig-mehl-oel\/weizenmehl-griffig\/#primaryimage\",\"url\":\"https:\/\/guthardegg.at\/wp-content\/uploads\/GUT-HARDEGG-MEHL-WEIZEN-GRIFFIG.jpg\",\"contentUrl\":\"https:\/\/guthardegg.at\/wp-content\/uploads\/GUT-HARDEGG-MEHL-WEIZEN-GRIFFIG.jpg\",\"width\":600,\"height\":800},{\"@type\":\"BreadcrumbList\",\"@id\":\"https:\/\/guthardegg.at\/shop\/honig-mehl-oel\/weizenmehl-griffig\/#breadcrumb\",\"itemListElement\":[{\"@type\":\"ListItem\",\"position\":1,\"name\":\"gut hardegg\",\"item\":\"https:\/\/guthardegg.at\/\"},{\"@type\":\"ListItem\",\"position\":2,\"name\":\"Shop\",\"item\":\"https:\/\/guthardegg.at\/shop\/\"},{\"@type\":\"ListItem\",\"position\":3,\"name\":\"Honig, Mehl &amp; \u00d6l\",\"item\":\"https:\/\/guthardegg.at\/kategorie\/honig-mehl-oel\/\"},{\"@type\":\"ListItem\",\"position\":4,\"name\":\"WEIZENMEHL\"}]},{\"@type\":\"WebSite\",\"@id\":\"https:\/\/guthardegg.at\/#website\",\"url\":\"https:\/\/guthardegg.at\/\",\"name\":\"Gut Hardegg\",\"description\":\"Gelebte Artenvielfalt\",\"publisher\":{\"@id\":\"https:\/\/guthardegg.at\/#organization\"},\"potentialAction\":[{\"@type\":\"SearchAction\",\"target\":{\"@type\":\"EntryPoint\",\"urlTemplate\":\"https:\/\/guthardegg.at\/?s={search_term_string}\"},\"query-input\":{\"@type\":\"PropertyValueSpecification\",\"valueRequired\":true,\"valueName\":\"search_term_string\"}}],\"inLanguage\":\"en-US\"},{\"@type\":\"Organization\",\"@id\":\"https:\/\/guthardegg.at\/#organization\",\"name\":\"Gut Hardegg\",\"url\":\"https:\/\/guthardegg.at\/\",\"logo\":{\"@type\":\"ImageObject\",\"inLanguage\":\"en-US\",\"@id\":\"https:\/\/guthardegg.at\/#\/schema\/logo\/image\/\",\"url\":\"https:\/\/guthardegg.at\/wp-content\/uploads\/2020\/05\/Gut-Hardegg-logo.png\",\"contentUrl\":\"https:\/\/guthardegg.at\/wp-content\/uploads\/2020\/05\/Gut-Hardegg-logo.png\",\"width\":945,\"height\":560,\"caption\":\"Gut Hardegg\"},\"image\":{\"@id\":\"https:\/\/guthardegg.at\/#\/schema\/logo\/image\/\"}}]}<\/script>\n<!-- \/ Yoast SEO plugin. -->","yoast_head_json":{"title":"WEIZENMEHL - Gut Hardegg","robots":{"index":"index","follow":"follow","max-snippet":"max-snippet:-1","max-image-preview":"max-image-preview:large","max-video-preview":"max-video-preview:-1"},"canonical":"https:\/\/guthardegg.at\/en\/shop\/honig-mehl-oel\/weizenmehl-griffig\/","og_locale":"en_US","og_type":"article","og_title":"WEIZENMEHL - Gut Hardegg","og_description":"Regional &amp; nachhaltig. Dieses Weizenmehl wird aus feinstem Getreide von den Feldern auf Gut Hardegg gewonnen und mit gro\u00dfer Sorgfalt in der nieder\u00f6sterreichischen Kittel M\u00fchle vermahlen. Die Verarbeitung wird dabei mit 100% \u00d6ko-Strom aus dem Wasserkraftwerk der Kittel M\u00fchle angetrieben und tr\u00e4gt so zus\u00e4tzlich zum Wohl unserer Umwelt bei. Als lebensfrohen Botschafter der Artenvielfalt finden [...]","og_url":"https:\/\/guthardegg.at\/en\/shop\/honig-mehl-oel\/weizenmehl-griffig\/","og_site_name":"Gut Hardegg","article_modified_time":"2022-10-16T09:03:24+00:00","og_image":[{"width":600,"height":800,"url":"https:\/\/guthardegg.at\/wp-content\/uploads\/GUT-HARDEGG-MEHL-WEIZEN-GRIFFIG.jpg","type":"image\/jpeg"}],"twitter_card":"summary_large_image","twitter_misc":{"Est. reading time":"1 minute"},"schema":{"@context":"https:\/\/schema.org","@graph":[{"@type":"WebPage","@id":"https:\/\/guthardegg.at\/shop\/honig-mehl-oel\/weizenmehl-griffig\/","url":"https:\/\/guthardegg.at\/shop\/honig-mehl-oel\/weizenmehl-griffig\/","name":"WEIZENMEHL - Gut Hardegg","isPartOf":{"@id":"https:\/\/guthardegg.at\/#website"},"primaryImageOfPage":{"@id":"https:\/\/guthardegg.at\/shop\/honig-mehl-oel\/weizenmehl-griffig\/#primaryimage"},"image":{"@id":"https:\/\/guthardegg.at\/shop\/honig-mehl-oel\/weizenmehl-griffig\/#primaryimage"},"thumbnailUrl":"https:\/\/guthardegg.at\/wp-content\/uploads\/GUT-HARDEGG-MEHL-WEIZEN-GRIFFIG.jpg","datePublished":"2021-11-23T12:34:21+00:00","dateModified":"2022-10-16T09:03:24+00:00","breadcrumb":{"@id":"https:\/\/guthardegg.at\/shop\/honig-mehl-oel\/weizenmehl-griffig\/#breadcrumb"},"inLanguage":"en-US","potentialAction":[{"@type":"ReadAction","target":["https:\/\/guthardegg.at\/shop\/honig-mehl-oel\/weizenmehl-griffig\/"]}]},{"@type":"ImageObject","inLanguage":"en-US","@id":"https:\/\/guthardegg.at\/shop\/honig-mehl-oel\/weizenmehl-griffig\/#primaryimage","url":"https:\/\/guthardegg.at\/wp-content\/uploads\/GUT-HARDEGG-MEHL-WEIZEN-GRIFFIG.jpg","contentUrl":"https:\/\/guthardegg.at\/wp-content\/uploads\/GUT-HARDEGG-MEHL-WEIZEN-GRIFFIG.jpg","width":600,"height":800},{"@type":"BreadcrumbList","@id":"https:\/\/guthardegg.at\/shop\/honig-mehl-oel\/weizenmehl-griffig\/#breadcrumb","itemListElement":[{"@type":"ListItem","position":1,"name":"gut hardegg","item":"https:\/\/guthardegg.at\/"},{"@type":"ListItem","position":2,"name":"Shop","item":"https:\/\/guthardegg.at\/shop\/"},{"@type":"ListItem","position":3,"name":"Honig, Mehl &amp; \u00d6l","item":"https:\/\/guthardegg.at\/kategorie\/honig-mehl-oel\/"},{"@type":"ListItem","position":4,"name":"WEIZENMEHL"}]},{"@type":"WebSite","@id":"https:\/\/guthardegg.at\/#website","url":"https:\/\/guthardegg.at\/","name":"Gut Hardegg","description":"Gelebte Artenvielfalt","publisher":{"@id":"https:\/\/guthardegg.at\/#organization"},"potentialAction":[{"@type":"SearchAction","target":{"@type":"EntryPoint","urlTemplate":"https:\/\/guthardegg.at\/?s={search_term_string}"},"query-input":{"@type":"PropertyValueSpecification","valueRequired":true,"valueName":"search_term_string"}}],"inLanguage":"en-US"},{"@type":"Organization","@id":"https:\/\/guthardegg.at\/#organization","name":"Gut Hardegg","url":"https:\/\/guthardegg.at\/","logo":{"@type":"ImageObject","inLanguage":"en-US","@id":"https:\/\/guthardegg.at\/#\/schema\/logo\/image\/","url":"https:\/\/guthardegg.at\/wp-content\/uploads\/2020\/05\/Gut-Hardegg-logo.png","contentUrl":"https:\/\/guthardegg.at\/wp-content\/uploads\/2020\/05\/Gut-Hardegg-logo.png","width":945,"height":560,"caption":"Gut Hardegg"},"image":{"@id":"https:\/\/guthardegg.at\/#\/schema\/logo\/image\/"}}]}},"_links":{"self":[{"href":"https:\/\/guthardegg.at\/en\/wp-json\/wp\/v2\/product\/4742","targetHints":{"allow":["GET"]}}],"collection":[{"href":"https:\/\/guthardegg.at\/en\/wp-json\/wp\/v2\/product"}],"about":[{"href":"https:\/\/guthardegg.at\/en\/wp-json\/wp\/v2\/types\/product"}],"wp:featuredmedia":[{"embeddable":true,"href":"https:\/\/guthardegg.at\/en\/wp-json\/wp\/v2\/media\/5531"}],"wp:attachment":[{"href":"https:\/\/guthardegg.at\/en\/wp-json\/wp\/v2\/media?parent=4742"}],"wp:term":[{"taxonomy":"product_brand","embeddable":true,"href":"https:\/\/guthardegg.at\/en\/wp-json\/wp\/v2\/product_brand?post=4742"},{"taxonomy":"product_cat","embeddable":true,"href":"https:\/\/guthardegg.at\/en\/wp-json\/wp\/v2\/product_cat?post=4742"},{"taxonomy":"product_tag","embeddable":true,"href":"https:\/\/guthardegg.at\/en\/wp-json\/wp\/v2\/product_tag?post=4742"}],"curies":[{"name":"wp","href":"https:\/\/api.w.org\/{rel}","templated":true}]}}