{"id":4747,"date":"2021-11-23T14:04:13","date_gmt":"2021-11-23T13:04:13","guid":{"rendered":"https:\/\/guthardegg.at\/?post_type=product&#038;p=4747"},"modified":"2024-11-11T15:53:36","modified_gmt":"2024-11-11T14:53:36","slug":"bluetenhonig","status":"publish","type":"product","link":"https:\/\/guthardegg.at\/en\/shop\/honig-mehl-oel\/bluetenhonig\/","title":{"rendered":"BL\u00dcTENHONIG 400g"},"content":{"rendered":"<p class=\"p1\">Ein wichtiger Teil der Arbeit am Gut gilt der Gewinnung hochwertigen Honigs. Unsere Bienenv\u00f6lker profitieren von der vielf\u00e4ltigen Fruchtfolge mit Raps und Sonnenblume, den vielen bl\u00fchenden Feldgeh\u00f6lzen, Hecken und wasserreichen Biotopen. Damit folgt GUT HARDEGG ganz dem Anspruch anderer Qualit\u00e4tsimker, dass \u201eHonig ein Spiegelbild der Landschaft\u201c sei.<\/p>\n<p class=\"p1\"><strong>Klar und bernsteinfarben \u2013 ein regionstypischer Bl\u00fctenhonig, der die Bl\u00fctenvielfalt auf GUT HARDEGG besonders zur Geltung bringt. Ideal zum Backen, Verfeinern der Bratenkruste oder zum S\u00fc\u00dfen.<\/strong><\/p>","protected":false},"excerpt":{"rendered":"<p>Ein wichtiger Teil der Arbeit am Gut gilt der Gewinnung hochwertigen Honigs. Unsere Bienenv\u00f6lker profitieren von der vielf\u00e4ltigen Fruchtfolge mit Raps und Sonnenblume, den vielen bl\u00fchenden Feldgeh\u00f6lzen, Hecken und wasserreichen Biotopen. Damit folgt GUT HARDEGG ganz dem Anspruch anderer Qualit\u00e4tsimker, dass \u201eHonig ein Spiegelbild der Landschaft\u201c sei. Klar und bernsteinfarben \u2013 ein regionstypischer Bl\u00fctenhonig, der [&#8230;]<\/p>","protected":false},"featured_media":4746,"template":"","meta":{"_acf_changed":false},"product_brand":[],"product_cat":[34],"product_tag":[],"class_list":{"0":"post-4747","1":"product","2":"type-product","3":"status-publish","4":"has-post-thumbnail","6":"product_cat-honig-mehl-oel","8":"first","9":"instock","10":"taxable","11":"shipping-taxable","12":"purchasable","13":"product-type-simple"},"acf":[],"yoast_head":"<!-- This site is optimized with the Yoast SEO plugin v24.8.1 - https:\/\/yoast.com\/wordpress\/plugins\/seo\/ -->\n<title>BL\u00dcTENHONIG 400g - Gut Hardegg<\/title>\n<meta name=\"robots\" content=\"index, follow, max-snippet:-1, max-image-preview:large, max-video-preview:-1\" \/>\n<link rel=\"canonical\" href=\"https:\/\/guthardegg.at\/en\/shop\/honig-mehl-oel\/bluetenhonig\/\" \/>\n<meta property=\"og:locale\" content=\"en_US\" \/>\n<meta property=\"og:type\" content=\"article\" \/>\n<meta property=\"og:title\" content=\"BL\u00dcTENHONIG 400g - Gut Hardegg\" \/>\n<meta property=\"og:description\" content=\"Ein wichtiger Teil der Arbeit am Gut gilt der Gewinnung hochwertigen Honigs. Unsere Bienenv\u00f6lker profitieren von der vielf\u00e4ltigen Fruchtfolge mit Raps und Sonnenblume, den vielen bl\u00fchenden Feldgeh\u00f6lzen, Hecken und wasserreichen Biotopen. Damit folgt GUT HARDEGG ganz dem Anspruch anderer Qualit\u00e4tsimker, dass \u201eHonig ein Spiegelbild der Landschaft\u201c sei. Klar und bernsteinfarben \u2013 ein regionstypischer Bl\u00fctenhonig, der [...]\" \/>\n<meta property=\"og:url\" content=\"https:\/\/guthardegg.at\/en\/shop\/honig-mehl-oel\/bluetenhonig\/\" \/>\n<meta property=\"og:site_name\" content=\"Gut Hardegg\" \/>\n<meta property=\"article:modified_time\" content=\"2024-11-11T14:53:36+00:00\" \/>\n<meta property=\"og:image\" content=\"https:\/\/guthardegg.at\/wp-content\/uploads\/Produkte_webshop_600x800px_GH-bluetenhonig.jpg\" \/>\n\t<meta property=\"og:image:width\" content=\"600\" \/>\n\t<meta property=\"og:image:height\" content=\"800\" \/>\n\t<meta property=\"og:image:type\" content=\"image\/jpeg\" \/>\n<meta name=\"twitter:card\" content=\"summary_large_image\" \/>\n<meta name=\"twitter:label1\" content=\"Est. reading time\" \/>\n\t<meta name=\"twitter:data1\" content=\"1 minute\" \/>\n<script type=\"application\/ld+json\" class=\"yoast-schema-graph\">{\"@context\":\"https:\/\/schema.org\",\"@graph\":[{\"@type\":\"WebPage\",\"@id\":\"https:\/\/guthardegg.at\/shop\/honig-mehl-oel\/bluetenhonig\/\",\"url\":\"https:\/\/guthardegg.at\/shop\/honig-mehl-oel\/bluetenhonig\/\",\"name\":\"BL\u00dcTENHONIG 400g - Gut Hardegg\",\"isPartOf\":{\"@id\":\"https:\/\/guthardegg.at\/#website\"},\"primaryImageOfPage\":{\"@id\":\"https:\/\/guthardegg.at\/shop\/honig-mehl-oel\/bluetenhonig\/#primaryimage\"},\"image\":{\"@id\":\"https:\/\/guthardegg.at\/shop\/honig-mehl-oel\/bluetenhonig\/#primaryimage\"},\"thumbnailUrl\":\"https:\/\/guthardegg.at\/wp-content\/uploads\/Produkte_webshop_600x800px_GH-bluetenhonig.jpg\",\"datePublished\":\"2021-11-23T13:04:13+00:00\",\"dateModified\":\"2024-11-11T14:53:36+00:00\",\"breadcrumb\":{\"@id\":\"https:\/\/guthardegg.at\/shop\/honig-mehl-oel\/bluetenhonig\/#breadcrumb\"},\"inLanguage\":\"en-US\",\"potentialAction\":[{\"@type\":\"ReadAction\",\"target\":[\"https:\/\/guthardegg.at\/shop\/honig-mehl-oel\/bluetenhonig\/\"]}]},{\"@type\":\"ImageObject\",\"inLanguage\":\"en-US\",\"@id\":\"https:\/\/guthardegg.at\/shop\/honig-mehl-oel\/bluetenhonig\/#primaryimage\",\"url\":\"https:\/\/guthardegg.at\/wp-content\/uploads\/Produkte_webshop_600x800px_GH-bluetenhonig.jpg\",\"contentUrl\":\"https:\/\/guthardegg.at\/wp-content\/uploads\/Produkte_webshop_600x800px_GH-bluetenhonig.jpg\",\"width\":600,\"height\":800},{\"@type\":\"BreadcrumbList\",\"@id\":\"https:\/\/guthardegg.at\/shop\/honig-mehl-oel\/bluetenhonig\/#breadcrumb\",\"itemListElement\":[{\"@type\":\"ListItem\",\"position\":1,\"name\":\"gut hardegg\",\"item\":\"https:\/\/guthardegg.at\/\"},{\"@type\":\"ListItem\",\"position\":2,\"name\":\"Shop\",\"item\":\"https:\/\/guthardegg.at\/shop\/\"},{\"@type\":\"ListItem\",\"position\":3,\"name\":\"Honig, Mehl &amp; \u00d6l\",\"item\":\"https:\/\/guthardegg.at\/kategorie\/honig-mehl-oel\/\"},{\"@type\":\"ListItem\",\"position\":4,\"name\":\"BL\u00dcTENHONIG 400g\"}]},{\"@type\":\"WebSite\",\"@id\":\"https:\/\/guthardegg.at\/#website\",\"url\":\"https:\/\/guthardegg.at\/\",\"name\":\"Gut Hardegg\",\"description\":\"Gelebte Artenvielfalt\",\"publisher\":{\"@id\":\"https:\/\/guthardegg.at\/#organization\"},\"potentialAction\":[{\"@type\":\"SearchAction\",\"target\":{\"@type\":\"EntryPoint\",\"urlTemplate\":\"https:\/\/guthardegg.at\/?s={search_term_string}\"},\"query-input\":{\"@type\":\"PropertyValueSpecification\",\"valueRequired\":true,\"valueName\":\"search_term_string\"}}],\"inLanguage\":\"en-US\"},{\"@type\":\"Organization\",\"@id\":\"https:\/\/guthardegg.at\/#organization\",\"name\":\"Gut Hardegg\",\"url\":\"https:\/\/guthardegg.at\/\",\"logo\":{\"@type\":\"ImageObject\",\"inLanguage\":\"en-US\",\"@id\":\"https:\/\/guthardegg.at\/#\/schema\/logo\/image\/\",\"url\":\"https:\/\/guthardegg.at\/wp-content\/uploads\/2020\/05\/Gut-Hardegg-logo.png\",\"contentUrl\":\"https:\/\/guthardegg.at\/wp-content\/uploads\/2020\/05\/Gut-Hardegg-logo.png\",\"width\":945,\"height\":560,\"caption\":\"Gut Hardegg\"},\"image\":{\"@id\":\"https:\/\/guthardegg.at\/#\/schema\/logo\/image\/\"}}]}<\/script>\n<!-- \/ Yoast SEO plugin. -->","yoast_head_json":{"title":"BL\u00dcTENHONIG 400g - Gut Hardegg","robots":{"index":"index","follow":"follow","max-snippet":"max-snippet:-1","max-image-preview":"max-image-preview:large","max-video-preview":"max-video-preview:-1"},"canonical":"https:\/\/guthardegg.at\/en\/shop\/honig-mehl-oel\/bluetenhonig\/","og_locale":"en_US","og_type":"article","og_title":"BL\u00dcTENHONIG 400g - Gut Hardegg","og_description":"Ein wichtiger Teil der Arbeit am Gut gilt der Gewinnung hochwertigen Honigs. Unsere Bienenv\u00f6lker profitieren von der vielf\u00e4ltigen Fruchtfolge mit Raps und Sonnenblume, den vielen bl\u00fchenden Feldgeh\u00f6lzen, Hecken und wasserreichen Biotopen. Damit folgt GUT HARDEGG ganz dem Anspruch anderer Qualit\u00e4tsimker, dass \u201eHonig ein Spiegelbild der Landschaft\u201c sei. Klar und bernsteinfarben \u2013 ein regionstypischer Bl\u00fctenhonig, der [...]","og_url":"https:\/\/guthardegg.at\/en\/shop\/honig-mehl-oel\/bluetenhonig\/","og_site_name":"Gut Hardegg","article_modified_time":"2024-11-11T14:53:36+00:00","og_image":[{"width":600,"height":800,"url":"https:\/\/guthardegg.at\/wp-content\/uploads\/Produkte_webshop_600x800px_GH-bluetenhonig.jpg","type":"image\/jpeg"}],"twitter_card":"summary_large_image","twitter_misc":{"Est. reading time":"1 minute"},"schema":{"@context":"https:\/\/schema.org","@graph":[{"@type":"WebPage","@id":"https:\/\/guthardegg.at\/shop\/honig-mehl-oel\/bluetenhonig\/","url":"https:\/\/guthardegg.at\/shop\/honig-mehl-oel\/bluetenhonig\/","name":"BL\u00dcTENHONIG 400g - Gut Hardegg","isPartOf":{"@id":"https:\/\/guthardegg.at\/#website"},"primaryImageOfPage":{"@id":"https:\/\/guthardegg.at\/shop\/honig-mehl-oel\/bluetenhonig\/#primaryimage"},"image":{"@id":"https:\/\/guthardegg.at\/shop\/honig-mehl-oel\/bluetenhonig\/#primaryimage"},"thumbnailUrl":"https:\/\/guthardegg.at\/wp-content\/uploads\/Produkte_webshop_600x800px_GH-bluetenhonig.jpg","datePublished":"2021-11-23T13:04:13+00:00","dateModified":"2024-11-11T14:53:36+00:00","breadcrumb":{"@id":"https:\/\/guthardegg.at\/shop\/honig-mehl-oel\/bluetenhonig\/#breadcrumb"},"inLanguage":"en-US","potentialAction":[{"@type":"ReadAction","target":["https:\/\/guthardegg.at\/shop\/honig-mehl-oel\/bluetenhonig\/"]}]},{"@type":"ImageObject","inLanguage":"en-US","@id":"https:\/\/guthardegg.at\/shop\/honig-mehl-oel\/bluetenhonig\/#primaryimage","url":"https:\/\/guthardegg.at\/wp-content\/uploads\/Produkte_webshop_600x800px_GH-bluetenhonig.jpg","contentUrl":"https:\/\/guthardegg.at\/wp-content\/uploads\/Produkte_webshop_600x800px_GH-bluetenhonig.jpg","width":600,"height":800},{"@type":"BreadcrumbList","@id":"https:\/\/guthardegg.at\/shop\/honig-mehl-oel\/bluetenhonig\/#breadcrumb","itemListElement":[{"@type":"ListItem","position":1,"name":"gut hardegg","item":"https:\/\/guthardegg.at\/"},{"@type":"ListItem","position":2,"name":"Shop","item":"https:\/\/guthardegg.at\/shop\/"},{"@type":"ListItem","position":3,"name":"Honig, Mehl &amp; \u00d6l","item":"https:\/\/guthardegg.at\/kategorie\/honig-mehl-oel\/"},{"@type":"ListItem","position":4,"name":"BL\u00dcTENHONIG 400g"}]},{"@type":"WebSite","@id":"https:\/\/guthardegg.at\/#website","url":"https:\/\/guthardegg.at\/","name":"Gut Hardegg","description":"Gelebte Artenvielfalt","publisher":{"@id":"https:\/\/guthardegg.at\/#organization"},"potentialAction":[{"@type":"SearchAction","target":{"@type":"EntryPoint","urlTemplate":"https:\/\/guthardegg.at\/?s={search_term_string}"},"query-input":{"@type":"PropertyValueSpecification","valueRequired":true,"valueName":"search_term_string"}}],"inLanguage":"en-US"},{"@type":"Organization","@id":"https:\/\/guthardegg.at\/#organization","name":"Gut Hardegg","url":"https:\/\/guthardegg.at\/","logo":{"@type":"ImageObject","inLanguage":"en-US","@id":"https:\/\/guthardegg.at\/#\/schema\/logo\/image\/","url":"https:\/\/guthardegg.at\/wp-content\/uploads\/2020\/05\/Gut-Hardegg-logo.png","contentUrl":"https:\/\/guthardegg.at\/wp-content\/uploads\/2020\/05\/Gut-Hardegg-logo.png","width":945,"height":560,"caption":"Gut Hardegg"},"image":{"@id":"https:\/\/guthardegg.at\/#\/schema\/logo\/image\/"}}]}},"_links":{"self":[{"href":"https:\/\/guthardegg.at\/en\/wp-json\/wp\/v2\/product\/4747","targetHints":{"allow":["GET"]}}],"collection":[{"href":"https:\/\/guthardegg.at\/en\/wp-json\/wp\/v2\/product"}],"about":[{"href":"https:\/\/guthardegg.at\/en\/wp-json\/wp\/v2\/types\/product"}],"wp:featuredmedia":[{"embeddable":true,"href":"https:\/\/guthardegg.at\/en\/wp-json\/wp\/v2\/media\/4746"}],"wp:attachment":[{"href":"https:\/\/guthardegg.at\/en\/wp-json\/wp\/v2\/media?parent=4747"}],"wp:term":[{"taxonomy":"product_brand","embeddable":true,"href":"https:\/\/guthardegg.at\/en\/wp-json\/wp\/v2\/product_brand?post=4747"},{"taxonomy":"product_cat","embeddable":true,"href":"https:\/\/guthardegg.at\/en\/wp-json\/wp\/v2\/product_cat?post=4747"},{"taxonomy":"product_tag","embeddable":true,"href":"https:\/\/guthardegg.at\/en\/wp-json\/wp\/v2\/product_tag?post=4747"}],"curies":[{"name":"wp","href":"https:\/\/api.w.org\/{rel}","templated":true}]}}