{"id":4749,"date":"2021-11-23T15:35:18","date_gmt":"2021-11-23T14:35:18","guid":{"rendered":"https:\/\/guthardegg.at\/?post_type=product&#038;p=4749"},"modified":"2026-03-03T11:45:59","modified_gmt":"2026-03-03T10:45:59","slug":"rose-gimpel","status":"publish","type":"product","link":"https:\/\/guthardegg.at\/en\/shop\/weine\/vogel-edition\/rose-gimpel\/","title":{"rendered":"ROS\u00c9"},"content":{"rendered":"<p class=\"p1\">Helles Rosarot mit sch\u00f6nen Reflexen. In der Nase Waldbeeren, Kirsche und Cassis. Unsere spezielle Traubenselektion aus Merlot und Zweigelt verbindet Frische und Eleganz auf einzigartige Weise. Ein belebender Wein, nicht nur f\u00fcr warme Tage. Passt hervorragend als Aperitif, zu Antipasti, Gefl\u00fcgel oder gegrilltem Fisch.<\/p>\n<p><strong>Im Zeichen der Artenvielfalt. QR-Code einmal anders.<\/strong><br \/>\nDiese Wein-Edition wurde von uns entwickelt, um das Bewusstsein f\u00fcr Artenvielfalt &amp; Biodiversit\u00e4t auch im Alltag der Konsument*innen zu f\u00f6rdern. Eine Besonderheit dieser Edition sind die R\u00fcckenetiketten mit passender Vogelstimme, die \u00fcber einen QR-Code sofort abgerufen werden kann. Neugierig? Probieren Sie es doch einfach aus und holen Sie sich fr\u00f6hliches Vogelgezwitscher auf\u2019s Handy oder nach Hause!<\/p>\n<p><a href=\"http:\/\/qrco.de\/bgar7x\" target=\"_blank\" rel=\"noopener\">\u00bb N\u00e4hrwertdeklaration<\/a><\/p>","protected":false},"excerpt":{"rendered":"<p>Helles Rosarot mit sch\u00f6nen Reflexen. In der Nase Waldbeeren, Kirsche und Cassis. Unsere spezielle Traubenselektion aus Merlot und Zweigelt verbindet Frische und Eleganz auf einzigartige Weise. Ein belebender Wein, nicht nur f\u00fcr warme Tage. Passt hervorragend als Aperitif, zu Antipasti, Gefl\u00fcgel oder gegrilltem Fisch. Im Zeichen der Artenvielfalt. QR-Code einmal anders. Diese Wein-Edition wurde von [&#8230;]<\/p>","protected":false},"featured_media":4737,"template":"","meta":{"_acf_changed":false},"product_brand":[],"product_cat":[96],"product_tag":[],"class_list":{"0":"post-4749","1":"product","2":"type-product","3":"status-publish","4":"has-post-thumbnail","6":"product_cat-vogel-edition","8":"first","9":"instock","10":"taxable","11":"shipping-taxable","12":"purchasable","13":"product-type-simple"},"acf":[],"yoast_head":"<!-- This site is optimized with the Yoast SEO plugin v24.8.1 - https:\/\/yoast.com\/wordpress\/plugins\/seo\/ -->\n<title>ROS\u00c9 - Gut Hardegg<\/title>\n<meta name=\"robots\" content=\"index, follow, max-snippet:-1, max-image-preview:large, max-video-preview:-1\" \/>\n<link rel=\"canonical\" href=\"https:\/\/guthardegg.at\/en\/shop\/weine\/vogel-edition\/rose-gimpel\/\" \/>\n<meta property=\"og:locale\" content=\"en_US\" \/>\n<meta property=\"og:type\" content=\"article\" \/>\n<meta property=\"og:title\" content=\"ROS\u00c9 - Gut Hardegg\" \/>\n<meta property=\"og:description\" content=\"Helles Rosarot mit sch\u00f6nen Reflexen. In der Nase Waldbeeren, Kirsche und Cassis. Unsere spezielle Traubenselektion aus Merlot und Zweigelt verbindet Frische und Eleganz auf einzigartige Weise. Ein belebender Wein, nicht nur f\u00fcr warme Tage. Passt hervorragend als Aperitif, zu Antipasti, Gefl\u00fcgel oder gegrilltem Fisch. Im Zeichen der Artenvielfalt. QR-Code einmal anders. Diese Wein-Edition wurde von [...]\" \/>\n<meta property=\"og:url\" content=\"https:\/\/guthardegg.at\/en\/shop\/weine\/vogel-edition\/rose-gimpel\/\" \/>\n<meta property=\"og:site_name\" content=\"Gut Hardegg\" \/>\n<meta property=\"article:modified_time\" content=\"2026-03-03T10:45:59+00:00\" \/>\n<meta property=\"og:image\" content=\"https:\/\/guthardegg.at\/wp-content\/uploads\/Produkte_webshop_600x800px_ROSE_gimpel.jpg\" \/>\n\t<meta property=\"og:image:width\" content=\"600\" \/>\n\t<meta property=\"og:image:height\" content=\"800\" \/>\n\t<meta property=\"og:image:type\" content=\"image\/jpeg\" \/>\n<meta name=\"twitter:card\" content=\"summary_large_image\" \/>\n<meta name=\"twitter:label1\" content=\"Est. reading time\" \/>\n\t<meta name=\"twitter:data1\" content=\"1 minute\" \/>\n<script type=\"application\/ld+json\" class=\"yoast-schema-graph\">{\"@context\":\"https:\/\/schema.org\",\"@graph\":[{\"@type\":\"WebPage\",\"@id\":\"https:\/\/guthardegg.at\/shop\/weine\/vogel-edition\/rose-gimpel\/\",\"url\":\"https:\/\/guthardegg.at\/shop\/weine\/vogel-edition\/rose-gimpel\/\",\"name\":\"ROS\u00c9 - Gut Hardegg\",\"isPartOf\":{\"@id\":\"https:\/\/guthardegg.at\/#website\"},\"primaryImageOfPage\":{\"@id\":\"https:\/\/guthardegg.at\/shop\/weine\/vogel-edition\/rose-gimpel\/#primaryimage\"},\"image\":{\"@id\":\"https:\/\/guthardegg.at\/shop\/weine\/vogel-edition\/rose-gimpel\/#primaryimage\"},\"thumbnailUrl\":\"https:\/\/guthardegg.at\/wp-content\/uploads\/Produkte_webshop_600x800px_ROSE_gimpel.jpg\",\"datePublished\":\"2021-11-23T14:35:18+00:00\",\"dateModified\":\"2026-03-03T10:45:59+00:00\",\"breadcrumb\":{\"@id\":\"https:\/\/guthardegg.at\/shop\/weine\/vogel-edition\/rose-gimpel\/#breadcrumb\"},\"inLanguage\":\"en-US\",\"potentialAction\":[{\"@type\":\"ReadAction\",\"target\":[\"https:\/\/guthardegg.at\/shop\/weine\/vogel-edition\/rose-gimpel\/\"]}]},{\"@type\":\"ImageObject\",\"inLanguage\":\"en-US\",\"@id\":\"https:\/\/guthardegg.at\/shop\/weine\/vogel-edition\/rose-gimpel\/#primaryimage\",\"url\":\"https:\/\/guthardegg.at\/wp-content\/uploads\/Produkte_webshop_600x800px_ROSE_gimpel.jpg\",\"contentUrl\":\"https:\/\/guthardegg.at\/wp-content\/uploads\/Produkte_webshop_600x800px_ROSE_gimpel.jpg\",\"width\":600,\"height\":800},{\"@type\":\"BreadcrumbList\",\"@id\":\"https:\/\/guthardegg.at\/shop\/weine\/vogel-edition\/rose-gimpel\/#breadcrumb\",\"itemListElement\":[{\"@type\":\"ListItem\",\"position\":1,\"name\":\"gut hardegg\",\"item\":\"https:\/\/guthardegg.at\/\"},{\"@type\":\"ListItem\",\"position\":2,\"name\":\"Shop\",\"item\":\"https:\/\/guthardegg.at\/shop\/\"},{\"@type\":\"ListItem\",\"position\":3,\"name\":\"Weine\",\"item\":\"https:\/\/guthardegg.at\/kategorie\/weine\/\"},{\"@type\":\"ListItem\",\"position\":4,\"name\":\"Vogel-Edition\",\"item\":\"https:\/\/guthardegg.at\/kategorie\/weine\/vogel-edition\/\"},{\"@type\":\"ListItem\",\"position\":5,\"name\":\"ROS\u00c9\"}]},{\"@type\":\"WebSite\",\"@id\":\"https:\/\/guthardegg.at\/#website\",\"url\":\"https:\/\/guthardegg.at\/\",\"name\":\"Gut Hardegg\",\"description\":\"Gelebte Artenvielfalt\",\"publisher\":{\"@id\":\"https:\/\/guthardegg.at\/#organization\"},\"potentialAction\":[{\"@type\":\"SearchAction\",\"target\":{\"@type\":\"EntryPoint\",\"urlTemplate\":\"https:\/\/guthardegg.at\/?s={search_term_string}\"},\"query-input\":{\"@type\":\"PropertyValueSpecification\",\"valueRequired\":true,\"valueName\":\"search_term_string\"}}],\"inLanguage\":\"en-US\"},{\"@type\":\"Organization\",\"@id\":\"https:\/\/guthardegg.at\/#organization\",\"name\":\"Gut Hardegg\",\"url\":\"https:\/\/guthardegg.at\/\",\"logo\":{\"@type\":\"ImageObject\",\"inLanguage\":\"en-US\",\"@id\":\"https:\/\/guthardegg.at\/#\/schema\/logo\/image\/\",\"url\":\"https:\/\/guthardegg.at\/wp-content\/uploads\/2020\/05\/Gut-Hardegg-logo.png\",\"contentUrl\":\"https:\/\/guthardegg.at\/wp-content\/uploads\/2020\/05\/Gut-Hardegg-logo.png\",\"width\":945,\"height\":560,\"caption\":\"Gut Hardegg\"},\"image\":{\"@id\":\"https:\/\/guthardegg.at\/#\/schema\/logo\/image\/\"}}]}<\/script>\n<!-- \/ Yoast SEO plugin. -->","yoast_head_json":{"title":"ROS\u00c9 - Gut Hardegg","robots":{"index":"index","follow":"follow","max-snippet":"max-snippet:-1","max-image-preview":"max-image-preview:large","max-video-preview":"max-video-preview:-1"},"canonical":"https:\/\/guthardegg.at\/en\/shop\/weine\/vogel-edition\/rose-gimpel\/","og_locale":"en_US","og_type":"article","og_title":"ROS\u00c9 - Gut Hardegg","og_description":"Helles Rosarot mit sch\u00f6nen Reflexen. In der Nase Waldbeeren, Kirsche und Cassis. Unsere spezielle Traubenselektion aus Merlot und Zweigelt verbindet Frische und Eleganz auf einzigartige Weise. Ein belebender Wein, nicht nur f\u00fcr warme Tage. Passt hervorragend als Aperitif, zu Antipasti, Gefl\u00fcgel oder gegrilltem Fisch. Im Zeichen der Artenvielfalt. QR-Code einmal anders. Diese Wein-Edition wurde von [...]","og_url":"https:\/\/guthardegg.at\/en\/shop\/weine\/vogel-edition\/rose-gimpel\/","og_site_name":"Gut Hardegg","article_modified_time":"2026-03-03T10:45:59+00:00","og_image":[{"width":600,"height":800,"url":"https:\/\/guthardegg.at\/wp-content\/uploads\/Produkte_webshop_600x800px_ROSE_gimpel.jpg","type":"image\/jpeg"}],"twitter_card":"summary_large_image","twitter_misc":{"Est. reading time":"1 minute"},"schema":{"@context":"https:\/\/schema.org","@graph":[{"@type":"WebPage","@id":"https:\/\/guthardegg.at\/shop\/weine\/vogel-edition\/rose-gimpel\/","url":"https:\/\/guthardegg.at\/shop\/weine\/vogel-edition\/rose-gimpel\/","name":"ROS\u00c9 - Gut Hardegg","isPartOf":{"@id":"https:\/\/guthardegg.at\/#website"},"primaryImageOfPage":{"@id":"https:\/\/guthardegg.at\/shop\/weine\/vogel-edition\/rose-gimpel\/#primaryimage"},"image":{"@id":"https:\/\/guthardegg.at\/shop\/weine\/vogel-edition\/rose-gimpel\/#primaryimage"},"thumbnailUrl":"https:\/\/guthardegg.at\/wp-content\/uploads\/Produkte_webshop_600x800px_ROSE_gimpel.jpg","datePublished":"2021-11-23T14:35:18+00:00","dateModified":"2026-03-03T10:45:59+00:00","breadcrumb":{"@id":"https:\/\/guthardegg.at\/shop\/weine\/vogel-edition\/rose-gimpel\/#breadcrumb"},"inLanguage":"en-US","potentialAction":[{"@type":"ReadAction","target":["https:\/\/guthardegg.at\/shop\/weine\/vogel-edition\/rose-gimpel\/"]}]},{"@type":"ImageObject","inLanguage":"en-US","@id":"https:\/\/guthardegg.at\/shop\/weine\/vogel-edition\/rose-gimpel\/#primaryimage","url":"https:\/\/guthardegg.at\/wp-content\/uploads\/Produkte_webshop_600x800px_ROSE_gimpel.jpg","contentUrl":"https:\/\/guthardegg.at\/wp-content\/uploads\/Produkte_webshop_600x800px_ROSE_gimpel.jpg","width":600,"height":800},{"@type":"BreadcrumbList","@id":"https:\/\/guthardegg.at\/shop\/weine\/vogel-edition\/rose-gimpel\/#breadcrumb","itemListElement":[{"@type":"ListItem","position":1,"name":"gut hardegg","item":"https:\/\/guthardegg.at\/"},{"@type":"ListItem","position":2,"name":"Shop","item":"https:\/\/guthardegg.at\/shop\/"},{"@type":"ListItem","position":3,"name":"Weine","item":"https:\/\/guthardegg.at\/kategorie\/weine\/"},{"@type":"ListItem","position":4,"name":"Vogel-Edition","item":"https:\/\/guthardegg.at\/kategorie\/weine\/vogel-edition\/"},{"@type":"ListItem","position":5,"name":"ROS\u00c9"}]},{"@type":"WebSite","@id":"https:\/\/guthardegg.at\/#website","url":"https:\/\/guthardegg.at\/","name":"Gut Hardegg","description":"Gelebte Artenvielfalt","publisher":{"@id":"https:\/\/guthardegg.at\/#organization"},"potentialAction":[{"@type":"SearchAction","target":{"@type":"EntryPoint","urlTemplate":"https:\/\/guthardegg.at\/?s={search_term_string}"},"query-input":{"@type":"PropertyValueSpecification","valueRequired":true,"valueName":"search_term_string"}}],"inLanguage":"en-US"},{"@type":"Organization","@id":"https:\/\/guthardegg.at\/#organization","name":"Gut Hardegg","url":"https:\/\/guthardegg.at\/","logo":{"@type":"ImageObject","inLanguage":"en-US","@id":"https:\/\/guthardegg.at\/#\/schema\/logo\/image\/","url":"https:\/\/guthardegg.at\/wp-content\/uploads\/2020\/05\/Gut-Hardegg-logo.png","contentUrl":"https:\/\/guthardegg.at\/wp-content\/uploads\/2020\/05\/Gut-Hardegg-logo.png","width":945,"height":560,"caption":"Gut Hardegg"},"image":{"@id":"https:\/\/guthardegg.at\/#\/schema\/logo\/image\/"}}]}},"_links":{"self":[{"href":"https:\/\/guthardegg.at\/en\/wp-json\/wp\/v2\/product\/4749","targetHints":{"allow":["GET"]}}],"collection":[{"href":"https:\/\/guthardegg.at\/en\/wp-json\/wp\/v2\/product"}],"about":[{"href":"https:\/\/guthardegg.at\/en\/wp-json\/wp\/v2\/types\/product"}],"wp:featuredmedia":[{"embeddable":true,"href":"https:\/\/guthardegg.at\/en\/wp-json\/wp\/v2\/media\/4737"}],"wp:attachment":[{"href":"https:\/\/guthardegg.at\/en\/wp-json\/wp\/v2\/media?parent=4749"}],"wp:term":[{"taxonomy":"product_brand","embeddable":true,"href":"https:\/\/guthardegg.at\/en\/wp-json\/wp\/v2\/product_brand?post=4749"},{"taxonomy":"product_cat","embeddable":true,"href":"https:\/\/guthardegg.at\/en\/wp-json\/wp\/v2\/product_cat?post=4749"},{"taxonomy":"product_tag","embeddable":true,"href":"https:\/\/guthardegg.at\/en\/wp-json\/wp\/v2\/product_tag?post=4749"}],"curies":[{"name":"wp","href":"https:\/\/api.w.org\/{rel}","templated":true}]}}