{"id":5438,"date":"2022-08-05T12:24:30","date_gmt":"2022-08-05T10:24:30","guid":{"rendered":"https:\/\/guthardegg.at\/?post_type=product&#038;p=5438"},"modified":"2026-03-12T12:45:38","modified_gmt":"2026-03-12T11:45:38","slug":"weine-mit-vogelstimmen","status":"publish","type":"product","link":"https:\/\/guthardegg.at\/en\/shop\/weine\/vogel-edition\/weine-mit-vogelstimmen\/","title":{"rendered":"Weine mit Vogelstimmen"},"content":{"rendered":"<p class=\"p1\"><b>Frisch, fruchtig, fr\u00f6hlich! Unsere allseits beliebten &#8222;Vogelweine&#8220; haben Zuwachs bekommen: neu in der Vogelschar der Zweigelt &#8222;H\u00e4nfling&#8220;. Genau zu Fr\u00fchlingsbeginn alle drei Sorten im 6er-Paket \u2013 10%. Mit original Vogelstimmen f\u00fcrs Handy oder f\u00fcr zu Hause. 2x Ros\u00e9 &#8222;Gimpel&#8220;, Jahrgang 2025, 2x Gr\u00fcner Veltliner &#8222;Girlitz&#8220; 2024, und 2x Zweigelt &#8222;H\u00e4nfling&#8220; 2024.<\/b><b><\/b><\/p>\n<p><strong>Im Zeichen der Artenvielfalt. QR-Code einmal anders.<\/strong><br \/>\nDie Edition\u00a0<em>Gimpel<\/em>,\u00a0<em>Girlitz\u00a0<\/em>und<em>\u00a0H\u00e4nfling<\/em>\u00a0wurden von uns vor allem entwickelt, um das Bewusstsein f\u00fcr Artenvielfalt &amp; Biodiversit\u00e4t auch im Alltag zu f\u00f6rdern. Eine Besonderheit dieser Edition sind die R\u00fcckenetiketten mit passender Vogelstimme, die \u00fcber einen QR-Code sofort abgerufen werden kann. Neugierig? Probieren Sie es doch einfach aus und holen Sie sich fr\u00f6hliches Vogelgezwitscher (1 Minute lang) aufs Handy oder nach Hause!\u00a0F\u00fcr gr\u00f6\u00dfere Bestellungen kontaktieren Sie uns gerne unter <a href=\"mailto:office@guthardegg.at\" target=\"_blank\" rel=\"noopener\">office@guthardegg.at<\/a><\/p>\n<p class=\"p1\"><span class=\"s1\">N\u00e4hrwertdeklarationen: <a href=\"http:\/\/qrco.de\/bfh5OJ\"><span class=\"s2\"><span style=\"text-decoration: underline;\"><a href=\"http:\/\/qrco.de\/bgar7x\">Gimpel<\/a><span class=\"s3\"> \/ <\/span>Girlitz<\/span><\/span><\/a><span class=\"s2\"> \/<\/span><\/span> <span class=\"s3\"><a href=\"http:\/\/qrco.de\/bfvu0f\" target=\"_blank\" rel=\"noopener\"><span style=\"text-decoration: underline;\">H\u00e4nfling<\/span><\/a><\/span><\/p>\n<p>&nbsp;<\/p>","protected":false},"excerpt":{"rendered":"<p>Frisch, fruchtig, fr\u00f6hlich! Unsere allseits beliebten &#8222;Vogelweine&#8220; haben Zuwachs bekommen: neu in der Vogelschar der Zweigelt &#8222;H\u00e4nfling&#8220;. Genau zu Fr\u00fchlingsbeginn alle drei Sorten im 6er-Paket \u2013 10%. Mit original Vogelstimmen f\u00fcrs Handy oder f\u00fcr zu Hause. 2x Ros\u00e9 &#8222;Gimpel&#8220;, Jahrgang 2025, 2x Gr\u00fcner Veltliner &#8222;Girlitz&#8220; 2024, und 2x Zweigelt &#8222;H\u00e4nfling&#8220; 2024. Im Zeichen der Artenvielfalt. [&#8230;]<\/p>","protected":false},"featured_media":7371,"template":"","meta":{"_acf_changed":false},"product_brand":[],"product_cat":[76,96,24],"product_tag":[199,200,165,201,202,58,203,59,205],"class_list":{"0":"post-5438","1":"product","2":"type-product","3":"status-publish","4":"has-post-thumbnail","6":"product_cat-angebote","7":"product_cat-vogel-edition","8":"product_cat-weine","9":"product_tag-gimpel","10":"product_tag-girlitz","11":"product_tag-gruener-veltliner","12":"product_tag-haenfling","13":"product_tag-rose","14":"product_tag-rotwein","15":"product_tag-vogelstimmen","16":"product_tag-weisswein","17":"product_tag-zweigelt","19":"first","20":"instock","21":"sale","22":"taxable","23":"shipping-taxable","24":"purchasable","25":"product-type-simple"},"acf":[],"yoast_head":"<!-- This site is optimized with the Yoast SEO plugin v24.8.1 - https:\/\/yoast.com\/wordpress\/plugins\/seo\/ -->\n<title>Weine mit Vogelstimmen - Gut Hardegg<\/title>\n<meta name=\"description\" content=\"Frisch, fruchtig, fr\u00f6hlich! Unsere allseits beliebten &quot;Vogelweine&quot; haben Zuwachs bekommen: neu in der Vogelschar der Zweigelt &quot;H\u00e4nfling&quot;. Genau zu Fr\u00fchlingsbeginn alle drei Sorten im 6er-Paket \u2013 10%. Mit original Vogelstimmen f\u00fcrs Handy oder f\u00fcr zu Hause. 2x Gr\u00fcner Veltliner &quot;Girlitz&quot;, 2x Ros\u00e9 &quot;Gimpel&quot; und 2x Zweigelt &quot;H\u00e4nfling&quot;, Jahrgang 2024.\" \/>\n<meta name=\"robots\" content=\"index, follow, max-snippet:-1, max-image-preview:large, max-video-preview:-1\" \/>\n<link rel=\"canonical\" href=\"https:\/\/guthardegg.at\/en\/shop\/weine\/vogel-edition\/weine-mit-vogelstimmen\/\" \/>\n<meta property=\"og:locale\" content=\"en_US\" \/>\n<meta property=\"og:type\" content=\"article\" \/>\n<meta property=\"og:title\" content=\"Weine mit Vogelstimmen!\" \/>\n<meta property=\"og:description\" content=\"Frisch, fruchtig, fr\u00f6hlich! Unsere allseits beliebten &quot;Vogelweine&quot; haben Zuwachs bekommen: neu in der Vogelschar der Zweigelt &quot;H\u00e4nfling&quot;. Genau zu Fr\u00fchlingsbeginn alle drei Sorten im 6er-Paket \u2013 10%. Mit original Vogelstimmen f\u00fcrs Handy oder f\u00fcr zu Hause. 2x Gr\u00fcner Veltliner &quot;Girlitz&quot;, 2x Ros\u00e9 &quot;Gimpel&quot; und 2x Zweigelt &quot;H\u00e4nfling&quot;, Jahrgang 2024.\" \/>\n<meta property=\"og:url\" content=\"https:\/\/guthardegg.at\/en\/shop\/weine\/vogel-edition\/weine-mit-vogelstimmen\/\" \/>\n<meta property=\"og:site_name\" content=\"Gut Hardegg\" \/>\n<meta property=\"article:modified_time\" content=\"2026-03-12T11:45:38+00:00\" \/>\n<meta property=\"og:image\" content=\"https:\/\/guthardegg.at\/wp-content\/uploads\/6er_vogelweine_paket_2025.jpg\" \/>\n\t<meta property=\"og:image:width\" content=\"600\" \/>\n\t<meta property=\"og:image:height\" content=\"800\" \/>\n\t<meta property=\"og:image:type\" content=\"image\/jpeg\" \/>\n<meta name=\"twitter:card\" content=\"summary_large_image\" \/>\n<meta name=\"twitter:label1\" content=\"Est. reading time\" \/>\n\t<meta name=\"twitter:data1\" content=\"1 minute\" \/>\n<script type=\"application\/ld+json\" class=\"yoast-schema-graph\">{\"@context\":\"https:\/\/schema.org\",\"@graph\":[{\"@type\":\"WebPage\",\"@id\":\"https:\/\/guthardegg.at\/shop\/weine\/vogel-edition\/weine-mit-vogelstimmen\/\",\"url\":\"https:\/\/guthardegg.at\/shop\/weine\/vogel-edition\/weine-mit-vogelstimmen\/\",\"name\":\"Weine mit Vogelstimmen - Gut Hardegg\",\"isPartOf\":{\"@id\":\"https:\/\/guthardegg.at\/#website\"},\"primaryImageOfPage\":{\"@id\":\"https:\/\/guthardegg.at\/shop\/weine\/vogel-edition\/weine-mit-vogelstimmen\/#primaryimage\"},\"image\":{\"@id\":\"https:\/\/guthardegg.at\/shop\/weine\/vogel-edition\/weine-mit-vogelstimmen\/#primaryimage\"},\"thumbnailUrl\":\"https:\/\/guthardegg.at\/wp-content\/uploads\/6er_vogelweine_paket_2025.jpg\",\"datePublished\":\"2022-08-05T10:24:30+00:00\",\"dateModified\":\"2026-03-12T11:45:38+00:00\",\"description\":\"Frisch, fruchtig, fr\u00f6hlich! Unsere allseits beliebten \\\"Vogelweine\\\" haben Zuwachs bekommen: neu in der Vogelschar der Zweigelt \\\"H\u00e4nfling\\\". Genau zu Fr\u00fchlingsbeginn alle drei Sorten im 6er-Paket \u2013 10%. Mit original Vogelstimmen f\u00fcrs Handy oder f\u00fcr zu Hause. 2x Gr\u00fcner Veltliner \\\"Girlitz\\\", 2x Ros\u00e9 \\\"Gimpel\\\" und 2x Zweigelt \\\"H\u00e4nfling\\\", Jahrgang 2024.\",\"breadcrumb\":{\"@id\":\"https:\/\/guthardegg.at\/shop\/weine\/vogel-edition\/weine-mit-vogelstimmen\/#breadcrumb\"},\"inLanguage\":\"en-US\",\"potentialAction\":[{\"@type\":\"ReadAction\",\"target\":[\"https:\/\/guthardegg.at\/shop\/weine\/vogel-edition\/weine-mit-vogelstimmen\/\"]}]},{\"@type\":\"ImageObject\",\"inLanguage\":\"en-US\",\"@id\":\"https:\/\/guthardegg.at\/shop\/weine\/vogel-edition\/weine-mit-vogelstimmen\/#primaryimage\",\"url\":\"https:\/\/guthardegg.at\/wp-content\/uploads\/6er_vogelweine_paket_2025.jpg\",\"contentUrl\":\"https:\/\/guthardegg.at\/wp-content\/uploads\/6er_vogelweine_paket_2025.jpg\",\"width\":600,\"height\":800},{\"@type\":\"BreadcrumbList\",\"@id\":\"https:\/\/guthardegg.at\/shop\/weine\/vogel-edition\/weine-mit-vogelstimmen\/#breadcrumb\",\"itemListElement\":[{\"@type\":\"ListItem\",\"position\":1,\"name\":\"gut hardegg\",\"item\":\"https:\/\/guthardegg.at\/\"},{\"@type\":\"ListItem\",\"position\":2,\"name\":\"Shop\",\"item\":\"https:\/\/guthardegg.at\/shop\/\"},{\"@type\":\"ListItem\",\"position\":3,\"name\":\"Weine\",\"item\":\"https:\/\/guthardegg.at\/kategorie\/weine\/\"},{\"@type\":\"ListItem\",\"position\":4,\"name\":\"Weine mit Vogelstimmen\"}]},{\"@type\":\"WebSite\",\"@id\":\"https:\/\/guthardegg.at\/#website\",\"url\":\"https:\/\/guthardegg.at\/\",\"name\":\"Gut Hardegg\",\"description\":\"Gelebte Artenvielfalt\",\"publisher\":{\"@id\":\"https:\/\/guthardegg.at\/#organization\"},\"potentialAction\":[{\"@type\":\"SearchAction\",\"target\":{\"@type\":\"EntryPoint\",\"urlTemplate\":\"https:\/\/guthardegg.at\/?s={search_term_string}\"},\"query-input\":{\"@type\":\"PropertyValueSpecification\",\"valueRequired\":true,\"valueName\":\"search_term_string\"}}],\"inLanguage\":\"en-US\"},{\"@type\":\"Organization\",\"@id\":\"https:\/\/guthardegg.at\/#organization\",\"name\":\"Gut Hardegg\",\"url\":\"https:\/\/guthardegg.at\/\",\"logo\":{\"@type\":\"ImageObject\",\"inLanguage\":\"en-US\",\"@id\":\"https:\/\/guthardegg.at\/#\/schema\/logo\/image\/\",\"url\":\"https:\/\/guthardegg.at\/wp-content\/uploads\/2020\/05\/Gut-Hardegg-logo.png\",\"contentUrl\":\"https:\/\/guthardegg.at\/wp-content\/uploads\/2020\/05\/Gut-Hardegg-logo.png\",\"width\":945,\"height\":560,\"caption\":\"Gut Hardegg\"},\"image\":{\"@id\":\"https:\/\/guthardegg.at\/#\/schema\/logo\/image\/\"}}]}<\/script>\n<!-- \/ Yoast SEO plugin. -->","yoast_head_json":{"title":"Weine mit Vogelstimmen - Gut Hardegg","description":"Frisch, fruchtig, fr\u00f6hlich! Unsere allseits beliebten \"Vogelweine\" haben Zuwachs bekommen: neu in der Vogelschar der Zweigelt \"H\u00e4nfling\". Genau zu Fr\u00fchlingsbeginn alle drei Sorten im 6er-Paket \u2013 10%. Mit original Vogelstimmen f\u00fcrs Handy oder f\u00fcr zu Hause. 2x Gr\u00fcner Veltliner \"Girlitz\", 2x Ros\u00e9 \"Gimpel\" und 2x Zweigelt \"H\u00e4nfling\", Jahrgang 2024.","robots":{"index":"index","follow":"follow","max-snippet":"max-snippet:-1","max-image-preview":"max-image-preview:large","max-video-preview":"max-video-preview:-1"},"canonical":"https:\/\/guthardegg.at\/en\/shop\/weine\/vogel-edition\/weine-mit-vogelstimmen\/","og_locale":"en_US","og_type":"article","og_title":"Weine mit Vogelstimmen!","og_description":"Frisch, fruchtig, fr\u00f6hlich! Unsere allseits beliebten \"Vogelweine\" haben Zuwachs bekommen: neu in der Vogelschar der Zweigelt \"H\u00e4nfling\". Genau zu Fr\u00fchlingsbeginn alle drei Sorten im 6er-Paket \u2013 10%. Mit original Vogelstimmen f\u00fcrs Handy oder f\u00fcr zu Hause. 2x Gr\u00fcner Veltliner \"Girlitz\", 2x Ros\u00e9 \"Gimpel\" und 2x Zweigelt \"H\u00e4nfling\", Jahrgang 2024.","og_url":"https:\/\/guthardegg.at\/en\/shop\/weine\/vogel-edition\/weine-mit-vogelstimmen\/","og_site_name":"Gut Hardegg","article_modified_time":"2026-03-12T11:45:38+00:00","og_image":[{"width":600,"height":800,"url":"https:\/\/guthardegg.at\/wp-content\/uploads\/6er_vogelweine_paket_2025.jpg","type":"image\/jpeg"}],"twitter_card":"summary_large_image","twitter_misc":{"Est. reading time":"1 minute"},"schema":{"@context":"https:\/\/schema.org","@graph":[{"@type":"WebPage","@id":"https:\/\/guthardegg.at\/shop\/weine\/vogel-edition\/weine-mit-vogelstimmen\/","url":"https:\/\/guthardegg.at\/shop\/weine\/vogel-edition\/weine-mit-vogelstimmen\/","name":"Weine mit Vogelstimmen - Gut Hardegg","isPartOf":{"@id":"https:\/\/guthardegg.at\/#website"},"primaryImageOfPage":{"@id":"https:\/\/guthardegg.at\/shop\/weine\/vogel-edition\/weine-mit-vogelstimmen\/#primaryimage"},"image":{"@id":"https:\/\/guthardegg.at\/shop\/weine\/vogel-edition\/weine-mit-vogelstimmen\/#primaryimage"},"thumbnailUrl":"https:\/\/guthardegg.at\/wp-content\/uploads\/6er_vogelweine_paket_2025.jpg","datePublished":"2022-08-05T10:24:30+00:00","dateModified":"2026-03-12T11:45:38+00:00","description":"Frisch, fruchtig, fr\u00f6hlich! Unsere allseits beliebten \"Vogelweine\" haben Zuwachs bekommen: neu in der Vogelschar der Zweigelt \"H\u00e4nfling\". Genau zu Fr\u00fchlingsbeginn alle drei Sorten im 6er-Paket \u2013 10%. Mit original Vogelstimmen f\u00fcrs Handy oder f\u00fcr zu Hause. 2x Gr\u00fcner Veltliner \"Girlitz\", 2x Ros\u00e9 \"Gimpel\" und 2x Zweigelt \"H\u00e4nfling\", Jahrgang 2024.","breadcrumb":{"@id":"https:\/\/guthardegg.at\/shop\/weine\/vogel-edition\/weine-mit-vogelstimmen\/#breadcrumb"},"inLanguage":"en-US","potentialAction":[{"@type":"ReadAction","target":["https:\/\/guthardegg.at\/shop\/weine\/vogel-edition\/weine-mit-vogelstimmen\/"]}]},{"@type":"ImageObject","inLanguage":"en-US","@id":"https:\/\/guthardegg.at\/shop\/weine\/vogel-edition\/weine-mit-vogelstimmen\/#primaryimage","url":"https:\/\/guthardegg.at\/wp-content\/uploads\/6er_vogelweine_paket_2025.jpg","contentUrl":"https:\/\/guthardegg.at\/wp-content\/uploads\/6er_vogelweine_paket_2025.jpg","width":600,"height":800},{"@type":"BreadcrumbList","@id":"https:\/\/guthardegg.at\/shop\/weine\/vogel-edition\/weine-mit-vogelstimmen\/#breadcrumb","itemListElement":[{"@type":"ListItem","position":1,"name":"gut hardegg","item":"https:\/\/guthardegg.at\/"},{"@type":"ListItem","position":2,"name":"Shop","item":"https:\/\/guthardegg.at\/shop\/"},{"@type":"ListItem","position":3,"name":"Weine","item":"https:\/\/guthardegg.at\/kategorie\/weine\/"},{"@type":"ListItem","position":4,"name":"Weine mit Vogelstimmen"}]},{"@type":"WebSite","@id":"https:\/\/guthardegg.at\/#website","url":"https:\/\/guthardegg.at\/","name":"Gut Hardegg","description":"Gelebte Artenvielfalt","publisher":{"@id":"https:\/\/guthardegg.at\/#organization"},"potentialAction":[{"@type":"SearchAction","target":{"@type":"EntryPoint","urlTemplate":"https:\/\/guthardegg.at\/?s={search_term_string}"},"query-input":{"@type":"PropertyValueSpecification","valueRequired":true,"valueName":"search_term_string"}}],"inLanguage":"en-US"},{"@type":"Organization","@id":"https:\/\/guthardegg.at\/#organization","name":"Gut Hardegg","url":"https:\/\/guthardegg.at\/","logo":{"@type":"ImageObject","inLanguage":"en-US","@id":"https:\/\/guthardegg.at\/#\/schema\/logo\/image\/","url":"https:\/\/guthardegg.at\/wp-content\/uploads\/2020\/05\/Gut-Hardegg-logo.png","contentUrl":"https:\/\/guthardegg.at\/wp-content\/uploads\/2020\/05\/Gut-Hardegg-logo.png","width":945,"height":560,"caption":"Gut Hardegg"},"image":{"@id":"https:\/\/guthardegg.at\/#\/schema\/logo\/image\/"}}]}},"_links":{"self":[{"href":"https:\/\/guthardegg.at\/en\/wp-json\/wp\/v2\/product\/5438","targetHints":{"allow":["GET"]}}],"collection":[{"href":"https:\/\/guthardegg.at\/en\/wp-json\/wp\/v2\/product"}],"about":[{"href":"https:\/\/guthardegg.at\/en\/wp-json\/wp\/v2\/types\/product"}],"wp:featuredmedia":[{"embeddable":true,"href":"https:\/\/guthardegg.at\/en\/wp-json\/wp\/v2\/media\/7371"}],"wp:attachment":[{"href":"https:\/\/guthardegg.at\/en\/wp-json\/wp\/v2\/media?parent=5438"}],"wp:term":[{"taxonomy":"product_brand","embeddable":true,"href":"https:\/\/guthardegg.at\/en\/wp-json\/wp\/v2\/product_brand?post=5438"},{"taxonomy":"product_cat","embeddable":true,"href":"https:\/\/guthardegg.at\/en\/wp-json\/wp\/v2\/product_cat?post=5438"},{"taxonomy":"product_tag","embeddable":true,"href":"https:\/\/guthardegg.at\/en\/wp-json\/wp\/v2\/product_tag?post=5438"}],"curies":[{"name":"wp","href":"https:\/\/api.w.org\/{rel}","templated":true}]}}