{"id":5539,"date":"2022-10-16T10:14:03","date_gmt":"2022-10-16T08:14:03","guid":{"rendered":"https:\/\/guthardegg.at\/?post_type=product&#038;p=5539"},"modified":"2024-08-10T11:34:34","modified_gmt":"2024-08-10T09:34:34","slug":"pizzamehl","status":"publish","type":"product","link":"https:\/\/guthardegg.at\/en\/shop\/honig-mehl-oel\/pizzamehl\/","title":{"rendered":"PIZZAMEHL"},"content":{"rendered":"<p class=\"p1\"><strong>Regional &amp; nachhaltig.<\/strong><br \/>\nDieses Premium-Weizenmehl ist besonders reich an Klebereiwei\u00df und eignet sich hervorragend als Pizzateig. Aber auch feine Mehlspeisen, Strudel und Germ, Biskuit- oder Brandteig gelingen mit unserem Pizzamehl ganz vorz\u00fcglich.<\/p>\n<p class=\"p1\">Es wird aus feinstem Getreide von den \u00c4ckern auf Gut Hardegg gewonnen und mit gro\u00dfer Sorgfalt in der nieder\u00f6sterreichischen Kittel M\u00fchle vermahlen. Die dortige Verarbeitung wird mit 100% \u00d6ko-Strom aus dem Wasserkraftwerk der Kittel M\u00fchle angetrieben und tr\u00e4gt so zus\u00e4tzlich zum Wohl unserer Umwelt bei. Als lebensfrohen Botschafter der Artenvielfalt finden Sie den Stieglitz \u201e<em>Carduelis carduelis\u201c<\/em> auf der Verpackung. Bunt, gesellig und \u00e4u\u00dferst geschickt. Durch unz\u00e4hlige Hecken, Bl\u00fchstreifen und Biotope findet dieser sympathische Wildvogel auf Gut Hardegg beste Lebensbedingungen. GUT HARDEGG wurde bereits mehrfach f\u00fcr seine nachhaltige Landbewirtschaftung ausgezeichnet.<\/p>","protected":false},"excerpt":{"rendered":"<p>Regional &amp; nachhaltig. Dieses Premium-Weizenmehl ist besonders reich an Klebereiwei\u00df und eignet sich hervorragend als Pizzateig. Aber auch feine Mehlspeisen, Strudel und Germ, Biskuit- oder Brandteig gelingen mit unserem Pizzamehl ganz vorz\u00fcglich. Es wird aus feinstem Getreide von den \u00c4ckern auf Gut Hardegg gewonnen und mit gro\u00dfer Sorgfalt in der nieder\u00f6sterreichischen Kittel M\u00fchle vermahlen. Die [&#8230;]<\/p>","protected":false},"featured_media":5534,"template":"","meta":{"_acf_changed":false},"product_brand":[],"product_cat":[34],"product_tag":[],"class_list":{"0":"post-5539","1":"product","2":"type-product","3":"status-publish","4":"has-post-thumbnail","6":"product_cat-honig-mehl-oel","8":"first","9":"instock","10":"taxable","11":"shipping-taxable","12":"purchasable","13":"product-type-simple"},"acf":[],"yoast_head":"<!-- This site is optimized with the Yoast SEO plugin v24.8.1 - https:\/\/yoast.com\/wordpress\/plugins\/seo\/ -->\n<title>PIZZAMEHL - Gut Hardegg<\/title>\n<meta name=\"description\" content=\"Regional &amp; nachhaltig. Dieses Premium-Weizenmehl ist besonders reich an Klebereiwei\u00df und eignet sich hervorragend als Pizzateig. Aber auch feine Mehlspeisen, Strudel und Germ, Biskuit- oder Brandteig gelingen mit unseremPizzamehl ganz vorz\u00fcglich. Es wird aus feinstem Getreide von den \u00c4ckern auf Gut Hardegg gewonnen und mit gro\u00dfer Sorgfalt in der nieder\u00f6sterreichischen Kittel M\u00fchle vermahlen. Die dortige Verarbeitung wird mit 100% \u00d6ko-Strom aus dem Wasserkraftwerk der Kittel M\u00fchle angetrieben und tr\u00e4gt so zus\u00e4tzlich zum Wohl unserer Umwelt bei. Als lebensfrohen Botschafter der Artenvielfalt finden Sie den Stieglitz \u201eCarduelis carduelis\u201c auf der Verpackung. Bunt, gesellig und \u00e4u\u00dferst geschickt. Durch unz\u00e4hlige Hecken, Bl\u00fchstreifen und Biotope findet dieser sympathische Wildvogel auf Gut Hardegg beste Lebensbedingungen. GUT HARDEGG wurde bereits mehrfach f\u00fcr seine nachhaltige Landbewirtschaftung ausgezeichnet.\" \/>\n<meta name=\"robots\" content=\"index, follow, max-snippet:-1, max-image-preview:large, max-video-preview:-1\" \/>\n<link rel=\"canonical\" href=\"https:\/\/guthardegg.at\/en\/shop\/honig-mehl-oel\/pizzamehl\/\" \/>\n<meta property=\"og:locale\" content=\"en_US\" \/>\n<meta property=\"og:type\" content=\"article\" \/>\n<meta property=\"og:title\" content=\"GUT HARDEGG Pizzamehl\" \/>\n<meta property=\"og:description\" content=\"Regional &amp; nachhaltig. Dieses Premium-Weizenmehl ist besonders reich an Klebereiwei\u00df und eignet sich hervorragend als Pizzateig. Aber auch feine Mehlspeisen, Strudel und Germ, Biskuit- oder Brandteig gelingen mit unseremPizzamehl ganz vorz\u00fcglich.Es wird aus feinstem Getreide von den \u00c4ckern auf Gut Hardegg gewonnen und mit gro\u00dfer Sorgfalt in der nieder\u00f6sterreichischen Kittel M\u00fchle vermahlen. Die dortige Verarbeitung wird mit 100% \u00d6ko-Strom aus dem Wasserkraftwerk der Kittel M\u00fchle angetrieben und tr\u00e4gt so zus\u00e4tzlich zum Wohl unserer Umwelt bei. Als lebensfrohen Botschafter der Artenvielfalt finden Sie den Stieglitz \u201eCarduelis carduelis\u201c auf der Verpackung. Bunt, gesellig und \u00e4u\u00dferst geschickt. Durch unz\u00e4hlige Hecken, Bl\u00fchstreifen und Biotope findet dieser sympathische Wildvogel auf Gut Hardegg beste Lebensbedingungen. GUT HARDEGG wurde bereits mehrfach f\u00fcr seine nachhaltige Landbewirtschaftung ausgezeichnet.\" \/>\n<meta property=\"og:url\" content=\"https:\/\/guthardegg.at\/en\/shop\/honig-mehl-oel\/pizzamehl\/\" \/>\n<meta property=\"og:site_name\" content=\"Gut Hardegg\" \/>\n<meta property=\"article:modified_time\" content=\"2024-08-10T09:34:34+00:00\" \/>\n<meta property=\"og:image\" content=\"https:\/\/guthardegg.at\/wp-content\/uploads\/GUT-HARDEGG_Banner_Neues_Mehl_1312x727px.jpg\" \/>\n\t<meta property=\"og:image:width\" content=\"5467\" \/>\n\t<meta property=\"og:image:height\" content=\"3029\" \/>\n\t<meta property=\"og:image:type\" content=\"image\/jpeg\" \/>\n<meta name=\"twitter:card\" content=\"summary_large_image\" \/>\n<meta name=\"twitter:label1\" content=\"Est. reading time\" \/>\n\t<meta name=\"twitter:data1\" content=\"1 minute\" \/>\n<script type=\"application\/ld+json\" class=\"yoast-schema-graph\">{\"@context\":\"https:\/\/schema.org\",\"@graph\":[{\"@type\":\"WebPage\",\"@id\":\"https:\/\/guthardegg.at\/shop\/honig-mehl-oel\/pizzamehl\/\",\"url\":\"https:\/\/guthardegg.at\/shop\/honig-mehl-oel\/pizzamehl\/\",\"name\":\"PIZZAMEHL - Gut Hardegg\",\"isPartOf\":{\"@id\":\"https:\/\/guthardegg.at\/#website\"},\"primaryImageOfPage\":{\"@id\":\"https:\/\/guthardegg.at\/shop\/honig-mehl-oel\/pizzamehl\/#primaryimage\"},\"image\":{\"@id\":\"https:\/\/guthardegg.at\/shop\/honig-mehl-oel\/pizzamehl\/#primaryimage\"},\"thumbnailUrl\":\"https:\/\/guthardegg.at\/wp-content\/uploads\/GUT-HARDEGG-MEHL-PIZZA.jpg\",\"datePublished\":\"2022-10-16T08:14:03+00:00\",\"dateModified\":\"2024-08-10T09:34:34+00:00\",\"description\":\"Regional & nachhaltig. Dieses Premium-Weizenmehl ist besonders reich an Klebereiwei\u00df und eignet sich hervorragend als Pizzateig. Aber auch feine Mehlspeisen, Strudel und Germ, Biskuit- oder Brandteig gelingen mit unseremPizzamehl ganz vorz\u00fcglich. Es wird aus feinstem Getreide von den \u00c4ckern auf Gut Hardegg gewonnen und mit gro\u00dfer Sorgfalt in der nieder\u00f6sterreichischen Kittel M\u00fchle vermahlen. Die dortige Verarbeitung wird mit 100% \u00d6ko-Strom aus dem Wasserkraftwerk der Kittel M\u00fchle angetrieben und tr\u00e4gt so zus\u00e4tzlich zum Wohl unserer Umwelt bei. Als lebensfrohen Botschafter der Artenvielfalt finden Sie den Stieglitz \u201eCarduelis carduelis\u201c auf der Verpackung. Bunt, gesellig und \u00e4u\u00dferst geschickt. Durch unz\u00e4hlige Hecken, Bl\u00fchstreifen und Biotope findet dieser sympathische Wildvogel auf Gut Hardegg beste Lebensbedingungen. GUT HARDEGG wurde bereits mehrfach f\u00fcr seine nachhaltige Landbewirtschaftung ausgezeichnet.\",\"breadcrumb\":{\"@id\":\"https:\/\/guthardegg.at\/shop\/honig-mehl-oel\/pizzamehl\/#breadcrumb\"},\"inLanguage\":\"en-US\",\"potentialAction\":[{\"@type\":\"ReadAction\",\"target\":[\"https:\/\/guthardegg.at\/shop\/honig-mehl-oel\/pizzamehl\/\"]}]},{\"@type\":\"ImageObject\",\"inLanguage\":\"en-US\",\"@id\":\"https:\/\/guthardegg.at\/shop\/honig-mehl-oel\/pizzamehl\/#primaryimage\",\"url\":\"https:\/\/guthardegg.at\/wp-content\/uploads\/GUT-HARDEGG-MEHL-PIZZA.jpg\",\"contentUrl\":\"https:\/\/guthardegg.at\/wp-content\/uploads\/GUT-HARDEGG-MEHL-PIZZA.jpg\",\"width\":600,\"height\":800},{\"@type\":\"BreadcrumbList\",\"@id\":\"https:\/\/guthardegg.at\/shop\/honig-mehl-oel\/pizzamehl\/#breadcrumb\",\"itemListElement\":[{\"@type\":\"ListItem\",\"position\":1,\"name\":\"gut hardegg\",\"item\":\"https:\/\/guthardegg.at\/\"},{\"@type\":\"ListItem\",\"position\":2,\"name\":\"Shop\",\"item\":\"https:\/\/guthardegg.at\/shop\/\"},{\"@type\":\"ListItem\",\"position\":3,\"name\":\"Honig, Mehl &amp; \u00d6l\",\"item\":\"https:\/\/guthardegg.at\/kategorie\/honig-mehl-oel\/\"},{\"@type\":\"ListItem\",\"position\":4,\"name\":\"PIZZAMEHL\"}]},{\"@type\":\"WebSite\",\"@id\":\"https:\/\/guthardegg.at\/#website\",\"url\":\"https:\/\/guthardegg.at\/\",\"name\":\"Gut Hardegg\",\"description\":\"Gelebte Artenvielfalt\",\"publisher\":{\"@id\":\"https:\/\/guthardegg.at\/#organization\"},\"potentialAction\":[{\"@type\":\"SearchAction\",\"target\":{\"@type\":\"EntryPoint\",\"urlTemplate\":\"https:\/\/guthardegg.at\/?s={search_term_string}\"},\"query-input\":{\"@type\":\"PropertyValueSpecification\",\"valueRequired\":true,\"valueName\":\"search_term_string\"}}],\"inLanguage\":\"en-US\"},{\"@type\":\"Organization\",\"@id\":\"https:\/\/guthardegg.at\/#organization\",\"name\":\"Gut Hardegg\",\"url\":\"https:\/\/guthardegg.at\/\",\"logo\":{\"@type\":\"ImageObject\",\"inLanguage\":\"en-US\",\"@id\":\"https:\/\/guthardegg.at\/#\/schema\/logo\/image\/\",\"url\":\"https:\/\/guthardegg.at\/wp-content\/uploads\/2020\/05\/Gut-Hardegg-logo.png\",\"contentUrl\":\"https:\/\/guthardegg.at\/wp-content\/uploads\/2020\/05\/Gut-Hardegg-logo.png\",\"width\":945,\"height\":560,\"caption\":\"Gut Hardegg\"},\"image\":{\"@id\":\"https:\/\/guthardegg.at\/#\/schema\/logo\/image\/\"}}]}<\/script>\n<!-- \/ Yoast SEO plugin. -->","yoast_head_json":{"title":"PIZZAMEHL - Gut Hardegg","description":"Regional & nachhaltig. Dieses Premium-Weizenmehl ist besonders reich an Klebereiwei\u00df und eignet sich hervorragend als Pizzateig. Aber auch feine Mehlspeisen, Strudel und Germ, Biskuit- oder Brandteig gelingen mit unseremPizzamehl ganz vorz\u00fcglich. Es wird aus feinstem Getreide von den \u00c4ckern auf Gut Hardegg gewonnen und mit gro\u00dfer Sorgfalt in der nieder\u00f6sterreichischen Kittel M\u00fchle vermahlen. Die dortige Verarbeitung wird mit 100% \u00d6ko-Strom aus dem Wasserkraftwerk der Kittel M\u00fchle angetrieben und tr\u00e4gt so zus\u00e4tzlich zum Wohl unserer Umwelt bei. Als lebensfrohen Botschafter der Artenvielfalt finden Sie den Stieglitz \u201eCarduelis carduelis\u201c auf der Verpackung. Bunt, gesellig und \u00e4u\u00dferst geschickt. Durch unz\u00e4hlige Hecken, Bl\u00fchstreifen und Biotope findet dieser sympathische Wildvogel auf Gut Hardegg beste Lebensbedingungen. GUT HARDEGG wurde bereits mehrfach f\u00fcr seine nachhaltige Landbewirtschaftung ausgezeichnet.","robots":{"index":"index","follow":"follow","max-snippet":"max-snippet:-1","max-image-preview":"max-image-preview:large","max-video-preview":"max-video-preview:-1"},"canonical":"https:\/\/guthardegg.at\/en\/shop\/honig-mehl-oel\/pizzamehl\/","og_locale":"en_US","og_type":"article","og_title":"GUT HARDEGG Pizzamehl","og_description":"Regional & nachhaltig. Dieses Premium-Weizenmehl ist besonders reich an Klebereiwei\u00df und eignet sich hervorragend als Pizzateig. Aber auch feine Mehlspeisen, Strudel und Germ, Biskuit- oder Brandteig gelingen mit unseremPizzamehl ganz vorz\u00fcglich.Es wird aus feinstem Getreide von den \u00c4ckern auf Gut Hardegg gewonnen und mit gro\u00dfer Sorgfalt in der nieder\u00f6sterreichischen Kittel M\u00fchle vermahlen. Die dortige Verarbeitung wird mit 100% \u00d6ko-Strom aus dem Wasserkraftwerk der Kittel M\u00fchle angetrieben und tr\u00e4gt so zus\u00e4tzlich zum Wohl unserer Umwelt bei. Als lebensfrohen Botschafter der Artenvielfalt finden Sie den Stieglitz \u201eCarduelis carduelis\u201c auf der Verpackung. Bunt, gesellig und \u00e4u\u00dferst geschickt. Durch unz\u00e4hlige Hecken, Bl\u00fchstreifen und Biotope findet dieser sympathische Wildvogel auf Gut Hardegg beste Lebensbedingungen. GUT HARDEGG wurde bereits mehrfach f\u00fcr seine nachhaltige Landbewirtschaftung ausgezeichnet.","og_url":"https:\/\/guthardegg.at\/en\/shop\/honig-mehl-oel\/pizzamehl\/","og_site_name":"Gut Hardegg","article_modified_time":"2024-08-10T09:34:34+00:00","og_image":[{"width":5467,"height":3029,"url":"https:\/\/guthardegg.at\/wp-content\/uploads\/GUT-HARDEGG_Banner_Neues_Mehl_1312x727px.jpg","type":"image\/jpeg"}],"twitter_card":"summary_large_image","twitter_misc":{"Est. reading time":"1 minute"},"schema":{"@context":"https:\/\/schema.org","@graph":[{"@type":"WebPage","@id":"https:\/\/guthardegg.at\/shop\/honig-mehl-oel\/pizzamehl\/","url":"https:\/\/guthardegg.at\/shop\/honig-mehl-oel\/pizzamehl\/","name":"PIZZAMEHL - Gut Hardegg","isPartOf":{"@id":"https:\/\/guthardegg.at\/#website"},"primaryImageOfPage":{"@id":"https:\/\/guthardegg.at\/shop\/honig-mehl-oel\/pizzamehl\/#primaryimage"},"image":{"@id":"https:\/\/guthardegg.at\/shop\/honig-mehl-oel\/pizzamehl\/#primaryimage"},"thumbnailUrl":"https:\/\/guthardegg.at\/wp-content\/uploads\/GUT-HARDEGG-MEHL-PIZZA.jpg","datePublished":"2022-10-16T08:14:03+00:00","dateModified":"2024-08-10T09:34:34+00:00","description":"Regional & nachhaltig. Dieses Premium-Weizenmehl ist besonders reich an Klebereiwei\u00df und eignet sich hervorragend als Pizzateig. Aber auch feine Mehlspeisen, Strudel und Germ, Biskuit- oder Brandteig gelingen mit unseremPizzamehl ganz vorz\u00fcglich. Es wird aus feinstem Getreide von den \u00c4ckern auf Gut Hardegg gewonnen und mit gro\u00dfer Sorgfalt in der nieder\u00f6sterreichischen Kittel M\u00fchle vermahlen. Die dortige Verarbeitung wird mit 100% \u00d6ko-Strom aus dem Wasserkraftwerk der Kittel M\u00fchle angetrieben und tr\u00e4gt so zus\u00e4tzlich zum Wohl unserer Umwelt bei. Als lebensfrohen Botschafter der Artenvielfalt finden Sie den Stieglitz \u201eCarduelis carduelis\u201c auf der Verpackung. Bunt, gesellig und \u00e4u\u00dferst geschickt. Durch unz\u00e4hlige Hecken, Bl\u00fchstreifen und Biotope findet dieser sympathische Wildvogel auf Gut Hardegg beste Lebensbedingungen. GUT HARDEGG wurde bereits mehrfach f\u00fcr seine nachhaltige Landbewirtschaftung ausgezeichnet.","breadcrumb":{"@id":"https:\/\/guthardegg.at\/shop\/honig-mehl-oel\/pizzamehl\/#breadcrumb"},"inLanguage":"en-US","potentialAction":[{"@type":"ReadAction","target":["https:\/\/guthardegg.at\/shop\/honig-mehl-oel\/pizzamehl\/"]}]},{"@type":"ImageObject","inLanguage":"en-US","@id":"https:\/\/guthardegg.at\/shop\/honig-mehl-oel\/pizzamehl\/#primaryimage","url":"https:\/\/guthardegg.at\/wp-content\/uploads\/GUT-HARDEGG-MEHL-PIZZA.jpg","contentUrl":"https:\/\/guthardegg.at\/wp-content\/uploads\/GUT-HARDEGG-MEHL-PIZZA.jpg","width":600,"height":800},{"@type":"BreadcrumbList","@id":"https:\/\/guthardegg.at\/shop\/honig-mehl-oel\/pizzamehl\/#breadcrumb","itemListElement":[{"@type":"ListItem","position":1,"name":"gut hardegg","item":"https:\/\/guthardegg.at\/"},{"@type":"ListItem","position":2,"name":"Shop","item":"https:\/\/guthardegg.at\/shop\/"},{"@type":"ListItem","position":3,"name":"Honig, Mehl &amp; \u00d6l","item":"https:\/\/guthardegg.at\/kategorie\/honig-mehl-oel\/"},{"@type":"ListItem","position":4,"name":"PIZZAMEHL"}]},{"@type":"WebSite","@id":"https:\/\/guthardegg.at\/#website","url":"https:\/\/guthardegg.at\/","name":"Gut Hardegg","description":"Gelebte Artenvielfalt","publisher":{"@id":"https:\/\/guthardegg.at\/#organization"},"potentialAction":[{"@type":"SearchAction","target":{"@type":"EntryPoint","urlTemplate":"https:\/\/guthardegg.at\/?s={search_term_string}"},"query-input":{"@type":"PropertyValueSpecification","valueRequired":true,"valueName":"search_term_string"}}],"inLanguage":"en-US"},{"@type":"Organization","@id":"https:\/\/guthardegg.at\/#organization","name":"Gut Hardegg","url":"https:\/\/guthardegg.at\/","logo":{"@type":"ImageObject","inLanguage":"en-US","@id":"https:\/\/guthardegg.at\/#\/schema\/logo\/image\/","url":"https:\/\/guthardegg.at\/wp-content\/uploads\/2020\/05\/Gut-Hardegg-logo.png","contentUrl":"https:\/\/guthardegg.at\/wp-content\/uploads\/2020\/05\/Gut-Hardegg-logo.png","width":945,"height":560,"caption":"Gut Hardegg"},"image":{"@id":"https:\/\/guthardegg.at\/#\/schema\/logo\/image\/"}}]}},"_links":{"self":[{"href":"https:\/\/guthardegg.at\/en\/wp-json\/wp\/v2\/product\/5539","targetHints":{"allow":["GET"]}}],"collection":[{"href":"https:\/\/guthardegg.at\/en\/wp-json\/wp\/v2\/product"}],"about":[{"href":"https:\/\/guthardegg.at\/en\/wp-json\/wp\/v2\/types\/product"}],"wp:featuredmedia":[{"embeddable":true,"href":"https:\/\/guthardegg.at\/en\/wp-json\/wp\/v2\/media\/5534"}],"wp:attachment":[{"href":"https:\/\/guthardegg.at\/en\/wp-json\/wp\/v2\/media?parent=5539"}],"wp:term":[{"taxonomy":"product_brand","embeddable":true,"href":"https:\/\/guthardegg.at\/en\/wp-json\/wp\/v2\/product_brand?post=5539"},{"taxonomy":"product_cat","embeddable":true,"href":"https:\/\/guthardegg.at\/en\/wp-json\/wp\/v2\/product_cat?post=5539"},{"taxonomy":"product_tag","embeddable":true,"href":"https:\/\/guthardegg.at\/en\/wp-json\/wp\/v2\/product_tag?post=5539"}],"curies":[{"name":"wp","href":"https:\/\/api.w.org\/{rel}","templated":true}]}}