{"id":5545,"date":"2022-10-16T19:29:07","date_gmt":"2022-10-16T17:29:07","guid":{"rendered":"https:\/\/guthardegg.at\/?post_type=product&#038;p=5545"},"modified":"2025-04-01T11:52:03","modified_gmt":"2025-04-01T09:52:03","slug":"viognier-brut-nature-2021","status":"publish","type":"product","link":"https:\/\/guthardegg.at\/en\/shop\/weine\/sekt-spezialitaeten\/viognier-brut-nature-2021\/","title":{"rendered":"BRUT NATURE \u201eV\u201c"},"content":{"rendered":"<p class=\"p1\">Dieser reinsortige Jahrgangssekt aus der seltenen Rebsorte Viognier ist vielschichtig, anregend subtil mit feiner lebendiger Perlage. Frische Exotik nach Maracuja, Mango, reifer Ananas. Viognierfu\u0308lle. Knochentrocken, unterlegt mit natu\u0308rlicher Fruchtsu\u0308\u00dfe. Anregend, lang, gute Spannung, feine Kalkmineralik. Gro\u00dfes Reifepotential! Bereits jetzt sehr gut zu trinken \ud83d\ude42<\/p>\n<p><b>Speisenempfehlung<br \/>\n<\/b>Ein Genuss in allen Lebenslagen: vor dem Essen, zum Essen oder danach und natu\u0308rlich pur zu jeder Gelegenheit. Toll zu Klassikern wie Kaviar, Austern, Meeresfru\u0308chte, Fisch, Geflu\u0308gel oder Kalb. Auch eine lohnende Begleitung zu Sushi oder Gemu\u0308se.<\/p>","protected":false},"excerpt":{"rendered":"<p>Dieser reinsortige Jahrgangssekt aus der seltenen Rebsorte Viognier ist vielschichtig, anregend subtil mit feiner lebendiger Perlage. Frische Exotik nach Maracuja, Mango, reifer Ananas. Viognierfu\u0308lle. Knochentrocken, unterlegt mit natu\u0308rlicher Fruchtsu\u0308\u00dfe. Anregend, lang, gute Spannung, feine Kalkmineralik. Gro\u00dfes Reifepotential! Bereits jetzt sehr gut zu trinken \ud83d\ude42 Speisenempfehlung Ein Genuss in allen Lebenslagen: vor dem Essen, zum Essen [&#8230;]<\/p>","protected":false},"featured_media":5542,"template":"","meta":{"_acf_changed":false},"product_brand":[],"product_cat":[31,24],"product_tag":[],"class_list":{"0":"post-5545","1":"product","2":"type-product","3":"status-publish","4":"has-post-thumbnail","6":"product_cat-sekt-spezialitaeten","7":"product_cat-weine","9":"first","10":"instock","11":"taxable","12":"shipping-taxable","13":"purchasable","14":"product-type-simple"},"acf":[],"yoast_head":"<!-- This site is optimized with the Yoast SEO plugin v24.8.1 - https:\/\/yoast.com\/wordpress\/plugins\/seo\/ -->\n<title>BRUT NATURE \u201eV\u201c - Gut Hardegg<\/title>\n<meta name=\"description\" content=\"Unser reinsortiger V Brut Nature stammt von einer seltenen alten Rebsorte, die 1995 von Maximilian Hardegg nach \u00d6sterreich gebracht wurde. Diese markante Wei\u00dfweinsorte tr\u00e4gt das Geheimnis von Vielfalt und verlorengeglaubten Rebsorten in sich und gilt als echter Exot. V Brut Nature ist vielschichtig, anregend subtil mit feiner lebendiger Perlage. Frische Exotik nach Maracuja, Mango, reifer Ananas. Viognierfu\u0308lle. Knochentrocken, unterlegt mit natu\u0308rlicher Fruchtsu\u0308\u00dfe. Anregend, lang, gute Spannung, feine Kalkmineralik. Gro\u00dfes Reifepotential! Bereits jetzt sehr gut zu trinken :)\" \/>\n<meta name=\"robots\" content=\"index, follow, max-snippet:-1, max-image-preview:large, max-video-preview:-1\" \/>\n<link rel=\"canonical\" href=\"https:\/\/guthardegg.at\/en\/shop\/weine\/sekt-spezialitaeten\/viognier-brut-nature-2021\/\" \/>\n<meta property=\"og:locale\" content=\"en_US\" \/>\n<meta property=\"og:type\" content=\"article\" \/>\n<meta property=\"og:title\" content=\"&quot;V&quot; Viognier Brut Nature\" \/>\n<meta property=\"og:description\" content=\"Unser reinsortiger V Brut Nature stammt von einer seltenen alten Rebsorte, die 1995 von Maximilian Hardegg nach \u00d6sterreich gebracht wurde. Diese markante Wei\u00dfweinsorte tr\u00e4gt das Geheimnis von Vielfalt und verlorengeglaubten Rebsorten in sich und gilt als echter Exot. V Brut Nature ist vielschichtig, anregend subtil mit feiner lebendiger Perlage. Frische Exotik nach Maracuja, Mango, reifer Ananas. Viognierfu\u0308lle. Knochentrocken, unterlegt mit natu\u0308rlicher Fruchtsu\u0308\u00dfe. Anregend, lang, gute Spannung, feine Kalkmineralik. Gro\u00dfes Reifepotential! Bereits jetzt sehr gut zu trinken :)\" \/>\n<meta property=\"og:url\" content=\"https:\/\/guthardegg.at\/en\/shop\/weine\/sekt-spezialitaeten\/viognier-brut-nature-2021\/\" \/>\n<meta property=\"og:site_name\" content=\"Gut Hardegg\" \/>\n<meta property=\"article:modified_time\" content=\"2025-04-01T09:52:03+00:00\" \/>\n<meta property=\"og:image\" content=\"https:\/\/guthardegg.at\/wp-content\/uploads\/SEKT-V-BRUT-NATURE-PROMO.jpg\" \/>\n\t<meta property=\"og:image:width\" content=\"1200\" \/>\n\t<meta property=\"og:image:height\" content=\"960\" \/>\n\t<meta property=\"og:image:type\" content=\"image\/jpeg\" \/>\n<meta name=\"twitter:card\" content=\"summary_large_image\" \/>\n<meta name=\"twitter:label1\" content=\"Est. reading time\" \/>\n\t<meta name=\"twitter:data1\" content=\"1 minute\" \/>\n<script type=\"application\/ld+json\" class=\"yoast-schema-graph\">{\"@context\":\"https:\/\/schema.org\",\"@graph\":[{\"@type\":\"WebPage\",\"@id\":\"https:\/\/guthardegg.at\/shop\/weine\/sekt-spezialitaeten\/viognier-brut-nature-2021\/\",\"url\":\"https:\/\/guthardegg.at\/shop\/weine\/sekt-spezialitaeten\/viognier-brut-nature-2021\/\",\"name\":\"BRUT NATURE \u201eV\u201c - Gut Hardegg\",\"isPartOf\":{\"@id\":\"https:\/\/guthardegg.at\/#website\"},\"primaryImageOfPage\":{\"@id\":\"https:\/\/guthardegg.at\/shop\/weine\/sekt-spezialitaeten\/viognier-brut-nature-2021\/#primaryimage\"},\"image\":{\"@id\":\"https:\/\/guthardegg.at\/shop\/weine\/sekt-spezialitaeten\/viognier-brut-nature-2021\/#primaryimage\"},\"thumbnailUrl\":\"https:\/\/guthardegg.at\/wp-content\/uploads\/52_Hardegg_Sekt_Brut_Nature_V.jpg\",\"datePublished\":\"2022-10-16T17:29:07+00:00\",\"dateModified\":\"2025-04-01T09:52:03+00:00\",\"description\":\"Unser reinsortiger V Brut Nature stammt von einer seltenen alten Rebsorte, die 1995 von Maximilian Hardegg nach \u00d6sterreich gebracht wurde. Diese markante Wei\u00dfweinsorte tr\u00e4gt das Geheimnis von Vielfalt und verlorengeglaubten Rebsorten in sich und gilt als echter Exot. V Brut Nature ist vielschichtig, anregend subtil mit feiner lebendiger Perlage. Frische Exotik nach Maracuja, Mango, reifer Ananas. Viognierfu\u0308lle. Knochentrocken, unterlegt mit natu\u0308rlicher Fruchtsu\u0308\u00dfe. Anregend, lang, gute Spannung, feine Kalkmineralik. Gro\u00dfes Reifepotential! Bereits jetzt sehr gut zu trinken :)\",\"breadcrumb\":{\"@id\":\"https:\/\/guthardegg.at\/shop\/weine\/sekt-spezialitaeten\/viognier-brut-nature-2021\/#breadcrumb\"},\"inLanguage\":\"en-US\",\"potentialAction\":[{\"@type\":\"ReadAction\",\"target\":[\"https:\/\/guthardegg.at\/shop\/weine\/sekt-spezialitaeten\/viognier-brut-nature-2021\/\"]}]},{\"@type\":\"ImageObject\",\"inLanguage\":\"en-US\",\"@id\":\"https:\/\/guthardegg.at\/shop\/weine\/sekt-spezialitaeten\/viognier-brut-nature-2021\/#primaryimage\",\"url\":\"https:\/\/guthardegg.at\/wp-content\/uploads\/52_Hardegg_Sekt_Brut_Nature_V.jpg\",\"contentUrl\":\"https:\/\/guthardegg.at\/wp-content\/uploads\/52_Hardegg_Sekt_Brut_Nature_V.jpg\",\"width\":600,\"height\":800},{\"@type\":\"BreadcrumbList\",\"@id\":\"https:\/\/guthardegg.at\/shop\/weine\/sekt-spezialitaeten\/viognier-brut-nature-2021\/#breadcrumb\",\"itemListElement\":[{\"@type\":\"ListItem\",\"position\":1,\"name\":\"gut hardegg\",\"item\":\"https:\/\/guthardegg.at\/\"},{\"@type\":\"ListItem\",\"position\":2,\"name\":\"Shop\",\"item\":\"https:\/\/guthardegg.at\/shop\/\"},{\"@type\":\"ListItem\",\"position\":3,\"name\":\"Weine\",\"item\":\"https:\/\/guthardegg.at\/kategorie\/weine\/\"},{\"@type\":\"ListItem\",\"position\":4,\"name\":\"Sekt &amp; Spezialit\u00e4ten\",\"item\":\"https:\/\/guthardegg.at\/kategorie\/weine\/sekt-spezialitaeten\/\"},{\"@type\":\"ListItem\",\"position\":5,\"name\":\"BRUT NATURE \u201eV\u201c\"}]},{\"@type\":\"WebSite\",\"@id\":\"https:\/\/guthardegg.at\/#website\",\"url\":\"https:\/\/guthardegg.at\/\",\"name\":\"Gut Hardegg\",\"description\":\"Gelebte Artenvielfalt\",\"publisher\":{\"@id\":\"https:\/\/guthardegg.at\/#organization\"},\"potentialAction\":[{\"@type\":\"SearchAction\",\"target\":{\"@type\":\"EntryPoint\",\"urlTemplate\":\"https:\/\/guthardegg.at\/?s={search_term_string}\"},\"query-input\":{\"@type\":\"PropertyValueSpecification\",\"valueRequired\":true,\"valueName\":\"search_term_string\"}}],\"inLanguage\":\"en-US\"},{\"@type\":\"Organization\",\"@id\":\"https:\/\/guthardegg.at\/#organization\",\"name\":\"Gut Hardegg\",\"url\":\"https:\/\/guthardegg.at\/\",\"logo\":{\"@type\":\"ImageObject\",\"inLanguage\":\"en-US\",\"@id\":\"https:\/\/guthardegg.at\/#\/schema\/logo\/image\/\",\"url\":\"https:\/\/guthardegg.at\/wp-content\/uploads\/2020\/05\/Gut-Hardegg-logo.png\",\"contentUrl\":\"https:\/\/guthardegg.at\/wp-content\/uploads\/2020\/05\/Gut-Hardegg-logo.png\",\"width\":945,\"height\":560,\"caption\":\"Gut Hardegg\"},\"image\":{\"@id\":\"https:\/\/guthardegg.at\/#\/schema\/logo\/image\/\"}}]}<\/script>\n<!-- \/ Yoast SEO plugin. -->","yoast_head_json":{"title":"BRUT NATURE \u201eV\u201c - Gut Hardegg","description":"Unser reinsortiger V Brut Nature stammt von einer seltenen alten Rebsorte, die 1995 von Maximilian Hardegg nach \u00d6sterreich gebracht wurde. Diese markante Wei\u00dfweinsorte tr\u00e4gt das Geheimnis von Vielfalt und verlorengeglaubten Rebsorten in sich und gilt als echter Exot. V Brut Nature ist vielschichtig, anregend subtil mit feiner lebendiger Perlage. Frische Exotik nach Maracuja, Mango, reifer Ananas. Viognierfu\u0308lle. Knochentrocken, unterlegt mit natu\u0308rlicher Fruchtsu\u0308\u00dfe. Anregend, lang, gute Spannung, feine Kalkmineralik. Gro\u00dfes Reifepotential! Bereits jetzt sehr gut zu trinken :)","robots":{"index":"index","follow":"follow","max-snippet":"max-snippet:-1","max-image-preview":"max-image-preview:large","max-video-preview":"max-video-preview:-1"},"canonical":"https:\/\/guthardegg.at\/en\/shop\/weine\/sekt-spezialitaeten\/viognier-brut-nature-2021\/","og_locale":"en_US","og_type":"article","og_title":"\"V\" Viognier Brut Nature","og_description":"Unser reinsortiger V Brut Nature stammt von einer seltenen alten Rebsorte, die 1995 von Maximilian Hardegg nach \u00d6sterreich gebracht wurde. Diese markante Wei\u00dfweinsorte tr\u00e4gt das Geheimnis von Vielfalt und verlorengeglaubten Rebsorten in sich und gilt als echter Exot. V Brut Nature ist vielschichtig, anregend subtil mit feiner lebendiger Perlage. Frische Exotik nach Maracuja, Mango, reifer Ananas. Viognierfu\u0308lle. Knochentrocken, unterlegt mit natu\u0308rlicher Fruchtsu\u0308\u00dfe. Anregend, lang, gute Spannung, feine Kalkmineralik. Gro\u00dfes Reifepotential! Bereits jetzt sehr gut zu trinken :)","og_url":"https:\/\/guthardegg.at\/en\/shop\/weine\/sekt-spezialitaeten\/viognier-brut-nature-2021\/","og_site_name":"Gut Hardegg","article_modified_time":"2025-04-01T09:52:03+00:00","og_image":[{"width":1200,"height":960,"url":"https:\/\/guthardegg.at\/wp-content\/uploads\/SEKT-V-BRUT-NATURE-PROMO.jpg","type":"image\/jpeg"}],"twitter_card":"summary_large_image","twitter_misc":{"Est. reading time":"1 minute"},"schema":{"@context":"https:\/\/schema.org","@graph":[{"@type":"WebPage","@id":"https:\/\/guthardegg.at\/shop\/weine\/sekt-spezialitaeten\/viognier-brut-nature-2021\/","url":"https:\/\/guthardegg.at\/shop\/weine\/sekt-spezialitaeten\/viognier-brut-nature-2021\/","name":"BRUT NATURE \u201eV\u201c - Gut Hardegg","isPartOf":{"@id":"https:\/\/guthardegg.at\/#website"},"primaryImageOfPage":{"@id":"https:\/\/guthardegg.at\/shop\/weine\/sekt-spezialitaeten\/viognier-brut-nature-2021\/#primaryimage"},"image":{"@id":"https:\/\/guthardegg.at\/shop\/weine\/sekt-spezialitaeten\/viognier-brut-nature-2021\/#primaryimage"},"thumbnailUrl":"https:\/\/guthardegg.at\/wp-content\/uploads\/52_Hardegg_Sekt_Brut_Nature_V.jpg","datePublished":"2022-10-16T17:29:07+00:00","dateModified":"2025-04-01T09:52:03+00:00","description":"Unser reinsortiger V Brut Nature stammt von einer seltenen alten Rebsorte, die 1995 von Maximilian Hardegg nach \u00d6sterreich gebracht wurde. Diese markante Wei\u00dfweinsorte tr\u00e4gt das Geheimnis von Vielfalt und verlorengeglaubten Rebsorten in sich und gilt als echter Exot. V Brut Nature ist vielschichtig, anregend subtil mit feiner lebendiger Perlage. Frische Exotik nach Maracuja, Mango, reifer Ananas. Viognierfu\u0308lle. Knochentrocken, unterlegt mit natu\u0308rlicher Fruchtsu\u0308\u00dfe. Anregend, lang, gute Spannung, feine Kalkmineralik. Gro\u00dfes Reifepotential! Bereits jetzt sehr gut zu trinken :)","breadcrumb":{"@id":"https:\/\/guthardegg.at\/shop\/weine\/sekt-spezialitaeten\/viognier-brut-nature-2021\/#breadcrumb"},"inLanguage":"en-US","potentialAction":[{"@type":"ReadAction","target":["https:\/\/guthardegg.at\/shop\/weine\/sekt-spezialitaeten\/viognier-brut-nature-2021\/"]}]},{"@type":"ImageObject","inLanguage":"en-US","@id":"https:\/\/guthardegg.at\/shop\/weine\/sekt-spezialitaeten\/viognier-brut-nature-2021\/#primaryimage","url":"https:\/\/guthardegg.at\/wp-content\/uploads\/52_Hardegg_Sekt_Brut_Nature_V.jpg","contentUrl":"https:\/\/guthardegg.at\/wp-content\/uploads\/52_Hardegg_Sekt_Brut_Nature_V.jpg","width":600,"height":800},{"@type":"BreadcrumbList","@id":"https:\/\/guthardegg.at\/shop\/weine\/sekt-spezialitaeten\/viognier-brut-nature-2021\/#breadcrumb","itemListElement":[{"@type":"ListItem","position":1,"name":"gut hardegg","item":"https:\/\/guthardegg.at\/"},{"@type":"ListItem","position":2,"name":"Shop","item":"https:\/\/guthardegg.at\/shop\/"},{"@type":"ListItem","position":3,"name":"Weine","item":"https:\/\/guthardegg.at\/kategorie\/weine\/"},{"@type":"ListItem","position":4,"name":"Sekt &amp; Spezialit\u00e4ten","item":"https:\/\/guthardegg.at\/kategorie\/weine\/sekt-spezialitaeten\/"},{"@type":"ListItem","position":5,"name":"BRUT NATURE \u201eV\u201c"}]},{"@type":"WebSite","@id":"https:\/\/guthardegg.at\/#website","url":"https:\/\/guthardegg.at\/","name":"Gut Hardegg","description":"Gelebte Artenvielfalt","publisher":{"@id":"https:\/\/guthardegg.at\/#organization"},"potentialAction":[{"@type":"SearchAction","target":{"@type":"EntryPoint","urlTemplate":"https:\/\/guthardegg.at\/?s={search_term_string}"},"query-input":{"@type":"PropertyValueSpecification","valueRequired":true,"valueName":"search_term_string"}}],"inLanguage":"en-US"},{"@type":"Organization","@id":"https:\/\/guthardegg.at\/#organization","name":"Gut Hardegg","url":"https:\/\/guthardegg.at\/","logo":{"@type":"ImageObject","inLanguage":"en-US","@id":"https:\/\/guthardegg.at\/#\/schema\/logo\/image\/","url":"https:\/\/guthardegg.at\/wp-content\/uploads\/2020\/05\/Gut-Hardegg-logo.png","contentUrl":"https:\/\/guthardegg.at\/wp-content\/uploads\/2020\/05\/Gut-Hardegg-logo.png","width":945,"height":560,"caption":"Gut Hardegg"},"image":{"@id":"https:\/\/guthardegg.at\/#\/schema\/logo\/image\/"}}]}},"_links":{"self":[{"href":"https:\/\/guthardegg.at\/en\/wp-json\/wp\/v2\/product\/5545","targetHints":{"allow":["GET"]}}],"collection":[{"href":"https:\/\/guthardegg.at\/en\/wp-json\/wp\/v2\/product"}],"about":[{"href":"https:\/\/guthardegg.at\/en\/wp-json\/wp\/v2\/types\/product"}],"wp:featuredmedia":[{"embeddable":true,"href":"https:\/\/guthardegg.at\/en\/wp-json\/wp\/v2\/media\/5542"}],"wp:attachment":[{"href":"https:\/\/guthardegg.at\/en\/wp-json\/wp\/v2\/media?parent=5545"}],"wp:term":[{"taxonomy":"product_brand","embeddable":true,"href":"https:\/\/guthardegg.at\/en\/wp-json\/wp\/v2\/product_brand?post=5545"},{"taxonomy":"product_cat","embeddable":true,"href":"https:\/\/guthardegg.at\/en\/wp-json\/wp\/v2\/product_cat?post=5545"},{"taxonomy":"product_tag","embeddable":true,"href":"https:\/\/guthardegg.at\/en\/wp-json\/wp\/v2\/product_tag?post=5545"}],"curies":[{"name":"wp","href":"https:\/\/api.w.org\/{rel}","templated":true}]}}