{"id":5553,"date":"2022-10-16T21:11:19","date_gmt":"2022-10-16T19:11:19","guid":{"rendered":"https:\/\/guthardegg.at\/?post_type=product&#038;p=5553"},"modified":"2025-12-12T13:45:52","modified_gmt":"2025-12-12T12:45:52","slug":"chardonnay-ried-steinbuegel-2023","status":"publish","type":"product","link":"https:\/\/guthardegg.at\/en\/shop\/weine\/lagen-reserveweine\/chardonnay-ried-steinbuegel-2023\/","title":{"rendered":"CHARDONNAY"},"content":{"rendered":"<p class=\"p1\">Die kalkreiche Riede Steinb\u00fcgel f\u00fchrt zu lagerf\u00e4higen, eleganten und finessenreichen Chardonnays.<\/p>\n<p class=\"p1\">Jugendliche Farbe, komplexes Bukett, Grapefruit, kandierte Orange, zarte Holzw\u00fcrze, k\u00f6rperreich, harmonische Textur, feiner Gerbstoff, Grapefruit im Abgang, lang anhaltend. <em>(A la Carte Win-Guide 2026)<\/em><\/p>\n<p><b>Speisenempfehlung<br \/>\n<\/b>Charaktervoller Speisenbegleiter auch zu kleinen K\u00f6stlichkeiten wie Schinken mit Melone, Geflu\u0308gel- und Kalbspasteten, gebackener Hu\u0308hnerleber und Jakobsmuscheln.<\/p>\n<p>.<\/p>","protected":false},"excerpt":{"rendered":"<p>Die kalkreiche Riede Steinb\u00fcgel f\u00fchrt zu lagerf\u00e4higen, eleganten und finessenreichen Chardonnays. Jugendliche Farbe, komplexes Bukett, Grapefruit, kandierte Orange, zarte Holzw\u00fcrze, k\u00f6rperreich, harmonische Textur, feiner Gerbstoff, Grapefruit im Abgang, lang anhaltend. (A la Carte Win-Guide 2026) Speisenempfehlung Charaktervoller Speisenbegleiter auch zu kleinen K\u00f6stlichkeiten wie Schinken mit Melone, Geflu\u0308gel- und Kalbspasteten, gebackener Hu\u0308hnerleber und Jakobsmuscheln. .<\/p>","protected":false},"featured_media":5552,"template":"","meta":{"_acf_changed":false},"product_brand":[],"product_cat":[30,24],"product_tag":[59],"class_list":{"0":"post-5553","1":"product","2":"type-product","3":"status-publish","4":"has-post-thumbnail","6":"product_cat-lagen-reserveweine","7":"product_cat-weine","8":"product_tag-weisswein","10":"first","11":"instock","12":"taxable","13":"shipping-taxable","14":"purchasable","15":"product-type-simple"},"acf":[],"yoast_head":"<!-- This site is optimized with the Yoast SEO plugin v24.8.1 - https:\/\/yoast.com\/wordpress\/plugins\/seo\/ -->\n<title>CHARDONNAY - Gut Hardegg<\/title>\n<meta name=\"description\" content=\"Die kalkreiche Riede Steinb\u00fcgel f\u00fchrt zu lagerf\u00e4higen, eleganten und finessenreichen Chardonnays.Zarter Duft nach reifer Tropenfrucht, ein Hauch Brioche, kandierte Orangenzesten. Am Gaumen cremig, gut anhaltend, fein balancierte S\u00e4ure. Im Finale Mango mit dezenten R\u00f6staromen. Speisenempfehlung: Charaktervoller Speisenbegleiter auch zu kleinen K\u00f6stlichkeiten wie Schinken mit Melone, Geflu\u0308gel- und Kalbspasteten, gebackener Hu\u0308hnerleber und Jakobsmuscheln.\" \/>\n<meta name=\"robots\" content=\"index, follow, max-snippet:-1, max-image-preview:large, max-video-preview:-1\" \/>\n<link rel=\"canonical\" href=\"https:\/\/guthardegg.at\/en\/shop\/weine\/lagen-reserveweine\/chardonnay-ried-steinbuegel-2023\/\" \/>\n<meta property=\"og:locale\" content=\"en_US\" \/>\n<meta property=\"og:type\" content=\"article\" \/>\n<meta property=\"og:title\" content=\"Chardonnay Ried Steinb\u00fcgel 2021\" \/>\n<meta property=\"og:description\" content=\"Die Chardonnay Trauben 2021 waren einfach fantastisch und haben dazu gefu\u0308hrt, dass wieder reinsortiger Chardonnay ausgebaut wurde. Die kalkreiche Riede Steinbu\u0308gel fu\u0308hrt dabei zu besonders lagerf\u00e4higen, eleganten und finessenreichen Weinen. Zarter Duft nach reifer Tropenfrucht, ein Hauch Brioche, kandierte Orangenzesten. Am Gaumen cremig, gut anhaltend, fein balancierte S\u00e4ure. Im Finale Mango mit dezenten R\u00f6staromen. Ein charaktervoller Speisenbegleiter auch zu kleinen K\u00f6stlichkeiten wie Schinken mit Melone, Geflu\u0308gel- und Kalbspasteten, gebackener Hu\u0308hnerleber und Jakobsmuscheln.\" \/>\n<meta property=\"og:url\" content=\"https:\/\/guthardegg.at\/en\/shop\/weine\/lagen-reserveweine\/chardonnay-ried-steinbuegel-2023\/\" \/>\n<meta property=\"og:site_name\" content=\"Gut Hardegg\" \/>\n<meta property=\"article:modified_time\" content=\"2025-12-12T12:45:52+00:00\" \/>\n<meta property=\"og:image\" content=\"https:\/\/guthardegg.at\/wp-content\/uploads\/Hardegg_Chardonnay_Steinbuegel_2021_FB.jpg\" \/>\n\t<meta property=\"og:image:width\" content=\"1200\" \/>\n\t<meta property=\"og:image:height\" content=\"600\" \/>\n\t<meta property=\"og:image:type\" content=\"image\/jpeg\" \/>\n<meta name=\"twitter:card\" content=\"summary_large_image\" \/>\n<meta name=\"twitter:label1\" content=\"Est. reading time\" \/>\n\t<meta name=\"twitter:data1\" content=\"1 minute\" \/>\n<script type=\"application\/ld+json\" class=\"yoast-schema-graph\">{\"@context\":\"https:\/\/schema.org\",\"@graph\":[{\"@type\":\"WebPage\",\"@id\":\"https:\/\/guthardegg.at\/shop\/weine\/lagen-reserveweine\/chardonnay-ried-steinbuegel-2023\/\",\"url\":\"https:\/\/guthardegg.at\/shop\/weine\/lagen-reserveweine\/chardonnay-ried-steinbuegel-2023\/\",\"name\":\"CHARDONNAY - Gut Hardegg\",\"isPartOf\":{\"@id\":\"https:\/\/guthardegg.at\/#website\"},\"primaryImageOfPage\":{\"@id\":\"https:\/\/guthardegg.at\/shop\/weine\/lagen-reserveweine\/chardonnay-ried-steinbuegel-2023\/#primaryimage\"},\"image\":{\"@id\":\"https:\/\/guthardegg.at\/shop\/weine\/lagen-reserveweine\/chardonnay-ried-steinbuegel-2023\/#primaryimage\"},\"thumbnailUrl\":\"https:\/\/guthardegg.at\/wp-content\/uploads\/22_2021_Hardegg_Chardonnay_Steinbuegel.jpg\",\"datePublished\":\"2022-10-16T19:11:19+00:00\",\"dateModified\":\"2025-12-12T12:45:52+00:00\",\"description\":\"Die kalkreiche Riede Steinb\u00fcgel f\u00fchrt zu lagerf\u00e4higen, eleganten und finessenreichen Chardonnays.Zarter Duft nach reifer Tropenfrucht, ein Hauch Brioche, kandierte Orangenzesten. Am Gaumen cremig, gut anhaltend, fein balancierte S\u00e4ure. Im Finale Mango mit dezenten R\u00f6staromen. Speisenempfehlung: Charaktervoller Speisenbegleiter auch zu kleinen K\u00f6stlichkeiten wie Schinken mit Melone, Geflu\u0308gel- und Kalbspasteten, gebackener Hu\u0308hnerleber und Jakobsmuscheln.\",\"breadcrumb\":{\"@id\":\"https:\/\/guthardegg.at\/shop\/weine\/lagen-reserveweine\/chardonnay-ried-steinbuegel-2023\/#breadcrumb\"},\"inLanguage\":\"en-US\",\"potentialAction\":[{\"@type\":\"ReadAction\",\"target\":[\"https:\/\/guthardegg.at\/shop\/weine\/lagen-reserveweine\/chardonnay-ried-steinbuegel-2023\/\"]}]},{\"@type\":\"ImageObject\",\"inLanguage\":\"en-US\",\"@id\":\"https:\/\/guthardegg.at\/shop\/weine\/lagen-reserveweine\/chardonnay-ried-steinbuegel-2023\/#primaryimage\",\"url\":\"https:\/\/guthardegg.at\/wp-content\/uploads\/22_2021_Hardegg_Chardonnay_Steinbuegel.jpg\",\"contentUrl\":\"https:\/\/guthardegg.at\/wp-content\/uploads\/22_2021_Hardegg_Chardonnay_Steinbuegel.jpg\",\"width\":600,\"height\":800},{\"@type\":\"BreadcrumbList\",\"@id\":\"https:\/\/guthardegg.at\/shop\/weine\/lagen-reserveweine\/chardonnay-ried-steinbuegel-2023\/#breadcrumb\",\"itemListElement\":[{\"@type\":\"ListItem\",\"position\":1,\"name\":\"gut hardegg\",\"item\":\"https:\/\/guthardegg.at\/\"},{\"@type\":\"ListItem\",\"position\":2,\"name\":\"Shop\",\"item\":\"https:\/\/guthardegg.at\/shop\/\"},{\"@type\":\"ListItem\",\"position\":3,\"name\":\"Weine\",\"item\":\"https:\/\/guthardegg.at\/kategorie\/weine\/\"},{\"@type\":\"ListItem\",\"position\":4,\"name\":\"CHARDONNAY\"}]},{\"@type\":\"WebSite\",\"@id\":\"https:\/\/guthardegg.at\/#website\",\"url\":\"https:\/\/guthardegg.at\/\",\"name\":\"Gut Hardegg\",\"description\":\"Gelebte Artenvielfalt\",\"publisher\":{\"@id\":\"https:\/\/guthardegg.at\/#organization\"},\"potentialAction\":[{\"@type\":\"SearchAction\",\"target\":{\"@type\":\"EntryPoint\",\"urlTemplate\":\"https:\/\/guthardegg.at\/?s={search_term_string}\"},\"query-input\":{\"@type\":\"PropertyValueSpecification\",\"valueRequired\":true,\"valueName\":\"search_term_string\"}}],\"inLanguage\":\"en-US\"},{\"@type\":\"Organization\",\"@id\":\"https:\/\/guthardegg.at\/#organization\",\"name\":\"Gut Hardegg\",\"url\":\"https:\/\/guthardegg.at\/\",\"logo\":{\"@type\":\"ImageObject\",\"inLanguage\":\"en-US\",\"@id\":\"https:\/\/guthardegg.at\/#\/schema\/logo\/image\/\",\"url\":\"https:\/\/guthardegg.at\/wp-content\/uploads\/2020\/05\/Gut-Hardegg-logo.png\",\"contentUrl\":\"https:\/\/guthardegg.at\/wp-content\/uploads\/2020\/05\/Gut-Hardegg-logo.png\",\"width\":945,\"height\":560,\"caption\":\"Gut Hardegg\"},\"image\":{\"@id\":\"https:\/\/guthardegg.at\/#\/schema\/logo\/image\/\"}}]}<\/script>\n<!-- \/ Yoast SEO plugin. -->","yoast_head_json":{"title":"CHARDONNAY - Gut Hardegg","description":"Die kalkreiche Riede Steinb\u00fcgel f\u00fchrt zu lagerf\u00e4higen, eleganten und finessenreichen Chardonnays.Zarter Duft nach reifer Tropenfrucht, ein Hauch Brioche, kandierte Orangenzesten. Am Gaumen cremig, gut anhaltend, fein balancierte S\u00e4ure. Im Finale Mango mit dezenten R\u00f6staromen. Speisenempfehlung: Charaktervoller Speisenbegleiter auch zu kleinen K\u00f6stlichkeiten wie Schinken mit Melone, Geflu\u0308gel- und Kalbspasteten, gebackener Hu\u0308hnerleber und Jakobsmuscheln.","robots":{"index":"index","follow":"follow","max-snippet":"max-snippet:-1","max-image-preview":"max-image-preview:large","max-video-preview":"max-video-preview:-1"},"canonical":"https:\/\/guthardegg.at\/en\/shop\/weine\/lagen-reserveweine\/chardonnay-ried-steinbuegel-2023\/","og_locale":"en_US","og_type":"article","og_title":"Chardonnay Ried Steinb\u00fcgel 2021","og_description":"Die Chardonnay Trauben 2021 waren einfach fantastisch und haben dazu gefu\u0308hrt, dass wieder reinsortiger Chardonnay ausgebaut wurde. Die kalkreiche Riede Steinbu\u0308gel fu\u0308hrt dabei zu besonders lagerf\u00e4higen, eleganten und finessenreichen Weinen. Zarter Duft nach reifer Tropenfrucht, ein Hauch Brioche, kandierte Orangenzesten. Am Gaumen cremig, gut anhaltend, fein balancierte S\u00e4ure. Im Finale Mango mit dezenten R\u00f6staromen. Ein charaktervoller Speisenbegleiter auch zu kleinen K\u00f6stlichkeiten wie Schinken mit Melone, Geflu\u0308gel- und Kalbspasteten, gebackener Hu\u0308hnerleber und Jakobsmuscheln.","og_url":"https:\/\/guthardegg.at\/en\/shop\/weine\/lagen-reserveweine\/chardonnay-ried-steinbuegel-2023\/","og_site_name":"Gut Hardegg","article_modified_time":"2025-12-12T12:45:52+00:00","og_image":[{"width":1200,"height":600,"url":"https:\/\/guthardegg.at\/wp-content\/uploads\/Hardegg_Chardonnay_Steinbuegel_2021_FB.jpg","type":"image\/jpeg"}],"twitter_card":"summary_large_image","twitter_misc":{"Est. reading time":"1 minute"},"schema":{"@context":"https:\/\/schema.org","@graph":[{"@type":"WebPage","@id":"https:\/\/guthardegg.at\/shop\/weine\/lagen-reserveweine\/chardonnay-ried-steinbuegel-2023\/","url":"https:\/\/guthardegg.at\/shop\/weine\/lagen-reserveweine\/chardonnay-ried-steinbuegel-2023\/","name":"CHARDONNAY - Gut Hardegg","isPartOf":{"@id":"https:\/\/guthardegg.at\/#website"},"primaryImageOfPage":{"@id":"https:\/\/guthardegg.at\/shop\/weine\/lagen-reserveweine\/chardonnay-ried-steinbuegel-2023\/#primaryimage"},"image":{"@id":"https:\/\/guthardegg.at\/shop\/weine\/lagen-reserveweine\/chardonnay-ried-steinbuegel-2023\/#primaryimage"},"thumbnailUrl":"https:\/\/guthardegg.at\/wp-content\/uploads\/22_2021_Hardegg_Chardonnay_Steinbuegel.jpg","datePublished":"2022-10-16T19:11:19+00:00","dateModified":"2025-12-12T12:45:52+00:00","description":"Die kalkreiche Riede Steinb\u00fcgel f\u00fchrt zu lagerf\u00e4higen, eleganten und finessenreichen Chardonnays.Zarter Duft nach reifer Tropenfrucht, ein Hauch Brioche, kandierte Orangenzesten. Am Gaumen cremig, gut anhaltend, fein balancierte S\u00e4ure. Im Finale Mango mit dezenten R\u00f6staromen. Speisenempfehlung: Charaktervoller Speisenbegleiter auch zu kleinen K\u00f6stlichkeiten wie Schinken mit Melone, Geflu\u0308gel- und Kalbspasteten, gebackener Hu\u0308hnerleber und Jakobsmuscheln.","breadcrumb":{"@id":"https:\/\/guthardegg.at\/shop\/weine\/lagen-reserveweine\/chardonnay-ried-steinbuegel-2023\/#breadcrumb"},"inLanguage":"en-US","potentialAction":[{"@type":"ReadAction","target":["https:\/\/guthardegg.at\/shop\/weine\/lagen-reserveweine\/chardonnay-ried-steinbuegel-2023\/"]}]},{"@type":"ImageObject","inLanguage":"en-US","@id":"https:\/\/guthardegg.at\/shop\/weine\/lagen-reserveweine\/chardonnay-ried-steinbuegel-2023\/#primaryimage","url":"https:\/\/guthardegg.at\/wp-content\/uploads\/22_2021_Hardegg_Chardonnay_Steinbuegel.jpg","contentUrl":"https:\/\/guthardegg.at\/wp-content\/uploads\/22_2021_Hardegg_Chardonnay_Steinbuegel.jpg","width":600,"height":800},{"@type":"BreadcrumbList","@id":"https:\/\/guthardegg.at\/shop\/weine\/lagen-reserveweine\/chardonnay-ried-steinbuegel-2023\/#breadcrumb","itemListElement":[{"@type":"ListItem","position":1,"name":"gut hardegg","item":"https:\/\/guthardegg.at\/"},{"@type":"ListItem","position":2,"name":"Shop","item":"https:\/\/guthardegg.at\/shop\/"},{"@type":"ListItem","position":3,"name":"Weine","item":"https:\/\/guthardegg.at\/kategorie\/weine\/"},{"@type":"ListItem","position":4,"name":"CHARDONNAY"}]},{"@type":"WebSite","@id":"https:\/\/guthardegg.at\/#website","url":"https:\/\/guthardegg.at\/","name":"Gut Hardegg","description":"Gelebte Artenvielfalt","publisher":{"@id":"https:\/\/guthardegg.at\/#organization"},"potentialAction":[{"@type":"SearchAction","target":{"@type":"EntryPoint","urlTemplate":"https:\/\/guthardegg.at\/?s={search_term_string}"},"query-input":{"@type":"PropertyValueSpecification","valueRequired":true,"valueName":"search_term_string"}}],"inLanguage":"en-US"},{"@type":"Organization","@id":"https:\/\/guthardegg.at\/#organization","name":"Gut Hardegg","url":"https:\/\/guthardegg.at\/","logo":{"@type":"ImageObject","inLanguage":"en-US","@id":"https:\/\/guthardegg.at\/#\/schema\/logo\/image\/","url":"https:\/\/guthardegg.at\/wp-content\/uploads\/2020\/05\/Gut-Hardegg-logo.png","contentUrl":"https:\/\/guthardegg.at\/wp-content\/uploads\/2020\/05\/Gut-Hardegg-logo.png","width":945,"height":560,"caption":"Gut Hardegg"},"image":{"@id":"https:\/\/guthardegg.at\/#\/schema\/logo\/image\/"}}]}},"_links":{"self":[{"href":"https:\/\/guthardegg.at\/en\/wp-json\/wp\/v2\/product\/5553","targetHints":{"allow":["GET"]}}],"collection":[{"href":"https:\/\/guthardegg.at\/en\/wp-json\/wp\/v2\/product"}],"about":[{"href":"https:\/\/guthardegg.at\/en\/wp-json\/wp\/v2\/types\/product"}],"wp:featuredmedia":[{"embeddable":true,"href":"https:\/\/guthardegg.at\/en\/wp-json\/wp\/v2\/media\/5552"}],"wp:attachment":[{"href":"https:\/\/guthardegg.at\/en\/wp-json\/wp\/v2\/media?parent=5553"}],"wp:term":[{"taxonomy":"product_brand","embeddable":true,"href":"https:\/\/guthardegg.at\/en\/wp-json\/wp\/v2\/product_brand?post=5553"},{"taxonomy":"product_cat","embeddable":true,"href":"https:\/\/guthardegg.at\/en\/wp-json\/wp\/v2\/product_cat?post=5553"},{"taxonomy":"product_tag","embeddable":true,"href":"https:\/\/guthardegg.at\/en\/wp-json\/wp\/v2\/product_tag?post=5553"}],"curies":[{"name":"wp","href":"https:\/\/api.w.org\/{rel}","templated":true}]}}