{"id":6186,"date":"2023-06-28T14:00:00","date_gmt":"2023-06-28T12:00:00","guid":{"rendered":"https:\/\/guthardegg.at\/?post_type=product&#038;p=6186"},"modified":"2025-04-01T11:39:03","modified_gmt":"2025-04-01T09:39:03","slug":"3er-winzersekt","status":"publish","type":"product","link":"https:\/\/guthardegg.at\/en\/shop\/weine\/sekt-spezialitaeten\/3er-winzersekt\/","title":{"rendered":"3er-Winzersekt"},"content":{"rendered":"<p><strong>Unsere Winzersekt-Spezialit\u00e4ten jahrgang 2021 in einem Paket!<\/strong><\/p>\n<p><strong><span style=\"color: #ff0000; font-size: 18pt;\">JETZT im 3er-Paket \u201310%\u00a0<\/span><\/strong><\/p>\n<div><strong>V Brut Nature 2021<\/strong><\/div>\n<div>\n<div>Dieser reinsortige Jahrgangssekt aus der seltenen Rebsorte Viognier ist vielschichtig, anregend subtil mit feiner lebendiger Perlage. Frische Exotik nach Maracuja, Mango, reifer Ananas. Viognierfu\u0308lle. Knochentrocken, unterlegt mit natu\u0308rlicher Fruchtsu\u0308\u00dfe. Anregend, lang, gute Spannung, feine Kalkmineralik. <em>Gro\u00dfes Reifepotential!<\/em><\/div>\n<div>&#8230;&#8230;&#8230;&#8230;&#8230;<\/div>\n<\/div>\n<div><strong>Brut Ros\u00e9 Gro\u00dfe Reserve 2021<\/strong><\/div>\n<div>\n<div>Zartes Ros\u00e9, intensive Fruchtnoten, Ribisel, Weichsel, am Gaumen lebendiges Frucht-S\u00e4urespiel, cremige Textur und feine Perlage, im Finish fruchtiger Nachhall.<\/div>\n<div>&#8230;&#8230;&#8230;&#8230;&#8230;<br \/>\n<strong>Brut Gro\u00dfe Reserve 2021<\/strong><\/div>\n<div>\n<div>\n<p>Hell und klar, komplexes Bukett. Grapefruit, zarte Wu\u0308rze, leichte Hefe, am Gaumen dicht und straff . Minimale Dosage aus einem reifen Viognier. Feinste Perlage, nussiges Finish, Grapefruit im Abgang, gute L\u00e4nge.<\/p>\n<\/div>\n<\/div>\n<\/div>","protected":false},"excerpt":{"rendered":"<p>Unsere Winzersekt-Spezialit\u00e4ten jahrgang 2021 in einem Paket! JETZT im 3er-Paket \u201310%\u00a0 V Brut Nature 2021 Dieser reinsortige Jahrgangssekt aus der seltenen Rebsorte Viognier ist vielschichtig, anregend subtil mit feiner lebendiger Perlage. Frische Exotik nach Maracuja, Mango, reifer Ananas. Viognierfu\u0308lle. Knochentrocken, unterlegt mit natu\u0308rlicher Fruchtsu\u0308\u00dfe. Anregend, lang, gute Spannung, feine Kalkmineralik. Gro\u00dfes Reifepotential! &#8230;&#8230;&#8230;&#8230;&#8230; Brut Ros\u00e9 [&#8230;]<\/p>","protected":false},"featured_media":6185,"template":"","meta":{"_acf_changed":false},"product_brand":[],"product_cat":[76,31],"product_tag":[],"class_list":{"0":"post-6186","1":"product","2":"type-product","3":"status-publish","4":"has-post-thumbnail","6":"product_cat-angebote","7":"product_cat-sekt-spezialitaeten","9":"first","10":"instock","11":"sale","12":"taxable","13":"shipping-taxable","14":"purchasable","15":"product-type-simple"},"acf":[],"yoast_head":"<!-- This site is optimized with the Yoast SEO plugin v24.8.1 - https:\/\/yoast.com\/wordpress\/plugins\/seo\/ -->\n<title>3er-Winzersekt - Gut Hardegg<\/title>\n<meta name=\"description\" content=\"Unsere 3 Winzersekt-Spezialit\u00e4ten in einem Paket \/\/ V Brut Nature 2021, Brut Ros\u00e9 Reserve 2021, Brut Reserve 2021 JETZT \u201310%! \/\/ V Brut Nature 2021 \/\/ Dieser reinsortige Jahrgangssekt aus der seltenen Rebsorte Viognier ist vielschichtig, anregend subtil mit feiner lebendiger Perlage. Frische Exotik nach Maracuja, Mango, reifer Ananas. Viognierfu\u0308lle. Knochentrocken, unterlegt mit natu\u0308rlicher Fruchtsu\u0308\u00dfe. Anregend, lang, gute Spannung, feine Kalkmineralik. Gro\u00dfes Reifepotential!...............Brut Ros\u00e9 Gro\u00dfe Reserve 2021 \/\/ Zartes Ros\u00e9, intensive Fruchtnoten, Ribisel, Weichsel, am Gaumen lebendiges Frucht-S\u00e4urespiel, cremige Textur und feine Perlage, im Finish fruchtiger Nachhall................Brut Gro\u00dfe Reserve 2021 \/\/ Hell und klar, komplexes Bukett. Grapefruit, zarte Wu\u0308rze, leichte Hefe, am Gaumen dicht und straff . Minimale Dosage aus einem reifen Viognier. Feinste Perlage, nussiges Finish, Grapefruit im Abgang, gute L\u00e4nge.\" \/>\n<meta name=\"robots\" content=\"index, follow, max-snippet:-1, max-image-preview:large, max-video-preview:-1\" \/>\n<link rel=\"canonical\" href=\"https:\/\/guthardegg.at\/en\/shop\/weine\/sekt-spezialitaeten\/3er-winzersekt\/\" \/>\n<meta property=\"og:locale\" content=\"en_US\" \/>\n<meta property=\"og:type\" content=\"article\" \/>\n<meta property=\"og:title\" content=\"3er-Winzersekt \/\/ JETZT \u201310%\" \/>\n<meta property=\"og:description\" content=\"Unsere 3 Winzersekt-Spezialit\u00e4ten in einem Paket \/\/ V Brut Nature 2021, Brut Ros\u00e9 Reserve 2021, Brut Reserve 2021 JETZT \u201310%! \/\/ V Brut Nature 2021 \/\/ Dieser reinsortige Jahrgangssekt aus der seltenen Rebsorte Viognier ist vielschichtig, anregend subtil mit feiner lebendiger Perlage. Frische Exotik nach Maracuja, Mango, reifer Ananas. Viognierfu\u0308lle. Knochentrocken, unterlegt mit natu\u0308rlicher Fruchtsu\u0308\u00dfe. Anregend, lang, gute Spannung, feine Kalkmineralik. Gro\u00dfes Reifepotential!...............Brut Ros\u00e9 Gro\u00dfe Reserve 2021 \/\/ Zartes Ros\u00e9, intensive Fruchtnoten, Ribisel, Weichsel, am Gaumen lebendiges Frucht-S\u00e4urespiel, cremige Textur und feine Perlage, im Finish fruchtiger Nachhall................Brut Gro\u00dfe Reserve 2021 \/\/ Hell und klar, komplexes Bukett. Grapefruit, zarte Wu\u0308rze, leichte Hefe, am Gaumen dicht und straff . Minimale Dosage aus einem reifen Viognier. Feinste Perlage, nussiges Finish, Grapefruit im Abgang, gute L\u00e4nge.\" \/>\n<meta property=\"og:url\" content=\"https:\/\/guthardegg.at\/en\/shop\/weine\/sekt-spezialitaeten\/3er-winzersekt\/\" \/>\n<meta property=\"og:site_name\" content=\"Gut Hardegg\" \/>\n<meta property=\"article:modified_time\" content=\"2025-04-01T09:39:03+00:00\" \/>\n<meta property=\"og:image\" content=\"https:\/\/guthardegg.at\/wp-content\/uploads\/anbebote-sekt-3er-sommer-2023-NL.jpg\" \/>\n\t<meta property=\"og:image:width\" content=\"800\" \/>\n\t<meta property=\"og:image:height\" content=\"640\" \/>\n\t<meta property=\"og:image:type\" content=\"image\/jpeg\" \/>\n<meta name=\"twitter:card\" content=\"summary_large_image\" \/>\n<meta name=\"twitter:label1\" content=\"Est. reading time\" \/>\n\t<meta name=\"twitter:data1\" content=\"1 minute\" \/>\n<script type=\"application\/ld+json\" class=\"yoast-schema-graph\">{\"@context\":\"https:\/\/schema.org\",\"@graph\":[{\"@type\":\"WebPage\",\"@id\":\"https:\/\/guthardegg.at\/shop\/weine\/sekt-spezialitaeten\/3er-winzersekt\/\",\"url\":\"https:\/\/guthardegg.at\/shop\/weine\/sekt-spezialitaeten\/3er-winzersekt\/\",\"name\":\"3er-Winzersekt - Gut Hardegg\",\"isPartOf\":{\"@id\":\"https:\/\/guthardegg.at\/#website\"},\"primaryImageOfPage\":{\"@id\":\"https:\/\/guthardegg.at\/shop\/weine\/sekt-spezialitaeten\/3er-winzersekt\/#primaryimage\"},\"image\":{\"@id\":\"https:\/\/guthardegg.at\/shop\/weine\/sekt-spezialitaeten\/3er-winzersekt\/#primaryimage\"},\"thumbnailUrl\":\"https:\/\/guthardegg.at\/wp-content\/uploads\/anbebote-sekt-3er-sommer-2023-shop.jpg\",\"datePublished\":\"2023-06-28T12:00:00+00:00\",\"dateModified\":\"2025-04-01T09:39:03+00:00\",\"description\":\"Unsere 3 Winzersekt-Spezialit\u00e4ten in einem Paket \/\/ V Brut Nature 2021, Brut Ros\u00e9 Reserve 2021, Brut Reserve 2021 JETZT \u201310%! \/\/ V Brut Nature 2021 \/\/ Dieser reinsortige Jahrgangssekt aus der seltenen Rebsorte Viognier ist vielschichtig, anregend subtil mit feiner lebendiger Perlage. Frische Exotik nach Maracuja, Mango, reifer Ananas. Viognierfu\u0308lle. Knochentrocken, unterlegt mit natu\u0308rlicher Fruchtsu\u0308\u00dfe. Anregend, lang, gute Spannung, feine Kalkmineralik. Gro\u00dfes Reifepotential!...............Brut Ros\u00e9 Gro\u00dfe Reserve 2021 \/\/ Zartes Ros\u00e9, intensive Fruchtnoten, Ribisel, Weichsel, am Gaumen lebendiges Frucht-S\u00e4urespiel, cremige Textur und feine Perlage, im Finish fruchtiger Nachhall................Brut Gro\u00dfe Reserve 2021 \/\/ Hell und klar, komplexes Bukett. Grapefruit, zarte Wu\u0308rze, leichte Hefe, am Gaumen dicht und straff . Minimale Dosage aus einem reifen Viognier. Feinste Perlage, nussiges Finish, Grapefruit im Abgang, gute L\u00e4nge.\",\"breadcrumb\":{\"@id\":\"https:\/\/guthardegg.at\/shop\/weine\/sekt-spezialitaeten\/3er-winzersekt\/#breadcrumb\"},\"inLanguage\":\"en-US\",\"potentialAction\":[{\"@type\":\"ReadAction\",\"target\":[\"https:\/\/guthardegg.at\/shop\/weine\/sekt-spezialitaeten\/3er-winzersekt\/\"]}]},{\"@type\":\"ImageObject\",\"inLanguage\":\"en-US\",\"@id\":\"https:\/\/guthardegg.at\/shop\/weine\/sekt-spezialitaeten\/3er-winzersekt\/#primaryimage\",\"url\":\"https:\/\/guthardegg.at\/wp-content\/uploads\/anbebote-sekt-3er-sommer-2023-shop.jpg\",\"contentUrl\":\"https:\/\/guthardegg.at\/wp-content\/uploads\/anbebote-sekt-3er-sommer-2023-shop.jpg\",\"width\":600,\"height\":800},{\"@type\":\"BreadcrumbList\",\"@id\":\"https:\/\/guthardegg.at\/shop\/weine\/sekt-spezialitaeten\/3er-winzersekt\/#breadcrumb\",\"itemListElement\":[{\"@type\":\"ListItem\",\"position\":1,\"name\":\"gut hardegg\",\"item\":\"https:\/\/guthardegg.at\/\"},{\"@type\":\"ListItem\",\"position\":2,\"name\":\"Shop\",\"item\":\"https:\/\/guthardegg.at\/shop\/\"},{\"@type\":\"ListItem\",\"position\":3,\"name\":\"3er-Winzersekt\"}]},{\"@type\":\"WebSite\",\"@id\":\"https:\/\/guthardegg.at\/#website\",\"url\":\"https:\/\/guthardegg.at\/\",\"name\":\"Gut Hardegg\",\"description\":\"Gelebte Artenvielfalt\",\"publisher\":{\"@id\":\"https:\/\/guthardegg.at\/#organization\"},\"potentialAction\":[{\"@type\":\"SearchAction\",\"target\":{\"@type\":\"EntryPoint\",\"urlTemplate\":\"https:\/\/guthardegg.at\/?s={search_term_string}\"},\"query-input\":{\"@type\":\"PropertyValueSpecification\",\"valueRequired\":true,\"valueName\":\"search_term_string\"}}],\"inLanguage\":\"en-US\"},{\"@type\":\"Organization\",\"@id\":\"https:\/\/guthardegg.at\/#organization\",\"name\":\"Gut Hardegg\",\"url\":\"https:\/\/guthardegg.at\/\",\"logo\":{\"@type\":\"ImageObject\",\"inLanguage\":\"en-US\",\"@id\":\"https:\/\/guthardegg.at\/#\/schema\/logo\/image\/\",\"url\":\"https:\/\/guthardegg.at\/wp-content\/uploads\/2020\/05\/Gut-Hardegg-logo.png\",\"contentUrl\":\"https:\/\/guthardegg.at\/wp-content\/uploads\/2020\/05\/Gut-Hardegg-logo.png\",\"width\":945,\"height\":560,\"caption\":\"Gut Hardegg\"},\"image\":{\"@id\":\"https:\/\/guthardegg.at\/#\/schema\/logo\/image\/\"}}]}<\/script>\n<!-- \/ Yoast SEO plugin. -->","yoast_head_json":{"title":"3er-Winzersekt - Gut Hardegg","description":"Unsere 3 Winzersekt-Spezialit\u00e4ten in einem Paket \/\/ V Brut Nature 2021, Brut Ros\u00e9 Reserve 2021, Brut Reserve 2021 JETZT \u201310%! \/\/ V Brut Nature 2021 \/\/ Dieser reinsortige Jahrgangssekt aus der seltenen Rebsorte Viognier ist vielschichtig, anregend subtil mit feiner lebendiger Perlage. Frische Exotik nach Maracuja, Mango, reifer Ananas. Viognierfu\u0308lle. Knochentrocken, unterlegt mit natu\u0308rlicher Fruchtsu\u0308\u00dfe. Anregend, lang, gute Spannung, feine Kalkmineralik. Gro\u00dfes Reifepotential!...............Brut Ros\u00e9 Gro\u00dfe Reserve 2021 \/\/ Zartes Ros\u00e9, intensive Fruchtnoten, Ribisel, Weichsel, am Gaumen lebendiges Frucht-S\u00e4urespiel, cremige Textur und feine Perlage, im Finish fruchtiger Nachhall................Brut Gro\u00dfe Reserve 2021 \/\/ Hell und klar, komplexes Bukett. Grapefruit, zarte Wu\u0308rze, leichte Hefe, am Gaumen dicht und straff . Minimale Dosage aus einem reifen Viognier. Feinste Perlage, nussiges Finish, Grapefruit im Abgang, gute L\u00e4nge.","robots":{"index":"index","follow":"follow","max-snippet":"max-snippet:-1","max-image-preview":"max-image-preview:large","max-video-preview":"max-video-preview:-1"},"canonical":"https:\/\/guthardegg.at\/en\/shop\/weine\/sekt-spezialitaeten\/3er-winzersekt\/","og_locale":"en_US","og_type":"article","og_title":"3er-Winzersekt \/\/ JETZT \u201310%","og_description":"Unsere 3 Winzersekt-Spezialit\u00e4ten in einem Paket \/\/ V Brut Nature 2021, Brut Ros\u00e9 Reserve 2021, Brut Reserve 2021 JETZT \u201310%! \/\/ V Brut Nature 2021 \/\/ Dieser reinsortige Jahrgangssekt aus der seltenen Rebsorte Viognier ist vielschichtig, anregend subtil mit feiner lebendiger Perlage. Frische Exotik nach Maracuja, Mango, reifer Ananas. Viognierfu\u0308lle. Knochentrocken, unterlegt mit natu\u0308rlicher Fruchtsu\u0308\u00dfe. Anregend, lang, gute Spannung, feine Kalkmineralik. Gro\u00dfes Reifepotential!...............Brut Ros\u00e9 Gro\u00dfe Reserve 2021 \/\/ Zartes Ros\u00e9, intensive Fruchtnoten, Ribisel, Weichsel, am Gaumen lebendiges Frucht-S\u00e4urespiel, cremige Textur und feine Perlage, im Finish fruchtiger Nachhall................Brut Gro\u00dfe Reserve 2021 \/\/ Hell und klar, komplexes Bukett. Grapefruit, zarte Wu\u0308rze, leichte Hefe, am Gaumen dicht und straff . Minimale Dosage aus einem reifen Viognier. Feinste Perlage, nussiges Finish, Grapefruit im Abgang, gute L\u00e4nge.","og_url":"https:\/\/guthardegg.at\/en\/shop\/weine\/sekt-spezialitaeten\/3er-winzersekt\/","og_site_name":"Gut Hardegg","article_modified_time":"2025-04-01T09:39:03+00:00","og_image":[{"width":800,"height":640,"url":"https:\/\/guthardegg.at\/wp-content\/uploads\/anbebote-sekt-3er-sommer-2023-NL.jpg","type":"image\/jpeg"}],"twitter_card":"summary_large_image","twitter_misc":{"Est. reading time":"1 minute"},"schema":{"@context":"https:\/\/schema.org","@graph":[{"@type":"WebPage","@id":"https:\/\/guthardegg.at\/shop\/weine\/sekt-spezialitaeten\/3er-winzersekt\/","url":"https:\/\/guthardegg.at\/shop\/weine\/sekt-spezialitaeten\/3er-winzersekt\/","name":"3er-Winzersekt - Gut Hardegg","isPartOf":{"@id":"https:\/\/guthardegg.at\/#website"},"primaryImageOfPage":{"@id":"https:\/\/guthardegg.at\/shop\/weine\/sekt-spezialitaeten\/3er-winzersekt\/#primaryimage"},"image":{"@id":"https:\/\/guthardegg.at\/shop\/weine\/sekt-spezialitaeten\/3er-winzersekt\/#primaryimage"},"thumbnailUrl":"https:\/\/guthardegg.at\/wp-content\/uploads\/anbebote-sekt-3er-sommer-2023-shop.jpg","datePublished":"2023-06-28T12:00:00+00:00","dateModified":"2025-04-01T09:39:03+00:00","description":"Unsere 3 Winzersekt-Spezialit\u00e4ten in einem Paket \/\/ V Brut Nature 2021, Brut Ros\u00e9 Reserve 2021, Brut Reserve 2021 JETZT \u201310%! \/\/ V Brut Nature 2021 \/\/ Dieser reinsortige Jahrgangssekt aus der seltenen Rebsorte Viognier ist vielschichtig, anregend subtil mit feiner lebendiger Perlage. Frische Exotik nach Maracuja, Mango, reifer Ananas. Viognierfu\u0308lle. Knochentrocken, unterlegt mit natu\u0308rlicher Fruchtsu\u0308\u00dfe. Anregend, lang, gute Spannung, feine Kalkmineralik. Gro\u00dfes Reifepotential!...............Brut Ros\u00e9 Gro\u00dfe Reserve 2021 \/\/ Zartes Ros\u00e9, intensive Fruchtnoten, Ribisel, Weichsel, am Gaumen lebendiges Frucht-S\u00e4urespiel, cremige Textur und feine Perlage, im Finish fruchtiger Nachhall................Brut Gro\u00dfe Reserve 2021 \/\/ Hell und klar, komplexes Bukett. Grapefruit, zarte Wu\u0308rze, leichte Hefe, am Gaumen dicht und straff . Minimale Dosage aus einem reifen Viognier. Feinste Perlage, nussiges Finish, Grapefruit im Abgang, gute L\u00e4nge.","breadcrumb":{"@id":"https:\/\/guthardegg.at\/shop\/weine\/sekt-spezialitaeten\/3er-winzersekt\/#breadcrumb"},"inLanguage":"en-US","potentialAction":[{"@type":"ReadAction","target":["https:\/\/guthardegg.at\/shop\/weine\/sekt-spezialitaeten\/3er-winzersekt\/"]}]},{"@type":"ImageObject","inLanguage":"en-US","@id":"https:\/\/guthardegg.at\/shop\/weine\/sekt-spezialitaeten\/3er-winzersekt\/#primaryimage","url":"https:\/\/guthardegg.at\/wp-content\/uploads\/anbebote-sekt-3er-sommer-2023-shop.jpg","contentUrl":"https:\/\/guthardegg.at\/wp-content\/uploads\/anbebote-sekt-3er-sommer-2023-shop.jpg","width":600,"height":800},{"@type":"BreadcrumbList","@id":"https:\/\/guthardegg.at\/shop\/weine\/sekt-spezialitaeten\/3er-winzersekt\/#breadcrumb","itemListElement":[{"@type":"ListItem","position":1,"name":"gut hardegg","item":"https:\/\/guthardegg.at\/"},{"@type":"ListItem","position":2,"name":"Shop","item":"https:\/\/guthardegg.at\/shop\/"},{"@type":"ListItem","position":3,"name":"3er-Winzersekt"}]},{"@type":"WebSite","@id":"https:\/\/guthardegg.at\/#website","url":"https:\/\/guthardegg.at\/","name":"Gut Hardegg","description":"Gelebte Artenvielfalt","publisher":{"@id":"https:\/\/guthardegg.at\/#organization"},"potentialAction":[{"@type":"SearchAction","target":{"@type":"EntryPoint","urlTemplate":"https:\/\/guthardegg.at\/?s={search_term_string}"},"query-input":{"@type":"PropertyValueSpecification","valueRequired":true,"valueName":"search_term_string"}}],"inLanguage":"en-US"},{"@type":"Organization","@id":"https:\/\/guthardegg.at\/#organization","name":"Gut Hardegg","url":"https:\/\/guthardegg.at\/","logo":{"@type":"ImageObject","inLanguage":"en-US","@id":"https:\/\/guthardegg.at\/#\/schema\/logo\/image\/","url":"https:\/\/guthardegg.at\/wp-content\/uploads\/2020\/05\/Gut-Hardegg-logo.png","contentUrl":"https:\/\/guthardegg.at\/wp-content\/uploads\/2020\/05\/Gut-Hardegg-logo.png","width":945,"height":560,"caption":"Gut Hardegg"},"image":{"@id":"https:\/\/guthardegg.at\/#\/schema\/logo\/image\/"}}]}},"_links":{"self":[{"href":"https:\/\/guthardegg.at\/en\/wp-json\/wp\/v2\/product\/6186","targetHints":{"allow":["GET"]}}],"collection":[{"href":"https:\/\/guthardegg.at\/en\/wp-json\/wp\/v2\/product"}],"about":[{"href":"https:\/\/guthardegg.at\/en\/wp-json\/wp\/v2\/types\/product"}],"wp:featuredmedia":[{"embeddable":true,"href":"https:\/\/guthardegg.at\/en\/wp-json\/wp\/v2\/media\/6185"}],"wp:attachment":[{"href":"https:\/\/guthardegg.at\/en\/wp-json\/wp\/v2\/media?parent=6186"}],"wp:term":[{"taxonomy":"product_brand","embeddable":true,"href":"https:\/\/guthardegg.at\/en\/wp-json\/wp\/v2\/product_brand?post=6186"},{"taxonomy":"product_cat","embeddable":true,"href":"https:\/\/guthardegg.at\/en\/wp-json\/wp\/v2\/product_cat?post=6186"},{"taxonomy":"product_tag","embeddable":true,"href":"https:\/\/guthardegg.at\/en\/wp-json\/wp\/v2\/product_tag?post=6186"}],"curies":[{"name":"wp","href":"https:\/\/api.w.org\/{rel}","templated":true}]}}