{"id":6774,"date":"2024-05-16T14:55:43","date_gmt":"2024-05-16T12:55:43","guid":{"rendered":"https:\/\/guthardegg.at\/?post_type=product&#038;p=6774"},"modified":"2025-04-01T10:45:54","modified_gmt":"2025-04-01T08:45:54","slug":"roter-veltliner-vom-schloss-2023","status":"publish","type":"product","link":"https:\/\/guthardegg.at\/en\/shop\/weine\/weine-vom-schloss\/roter-veltliner-vom-schloss-2023\/","title":{"rendered":"ROTER VELTLINER"},"content":{"rendered":"<p>Der Rote Veltliner ist eine uralte autochthone Rebsorte, die nicht mit dem Gr\u00fcnen Veltliner verwandt ist. Sie wurde wahrscheinlich schon zu Zeiten der R\u00f6mer kultiviert. Mittleres Strohgelb. Viel Frische mit feinw\u00fcrzigen Aromen von reifen gelben Fr\u00fcchten, ein Hauch Wiesenkr\u00e4uter. Gut eingebundene S\u00e4ure. Zarte Mineralik.<\/p>\n<p><b>Speisenempfehlung<\/b><br \/>\nEin nahezu universeller Speisebegleiter! Wunderbar zu Tafelspitz, allerlei Fisch. Fein auch zu Schweinsbraten, Gefl\u00fcgel, Gem\u00fcse oder Polentagerichten.<\/p>","protected":false},"excerpt":{"rendered":"<p>Der Rote Veltliner ist eine uralte autochthone Rebsorte, die nicht mit dem Gr\u00fcnen Veltliner verwandt ist. Sie wurde wahrscheinlich schon zu Zeiten der R\u00f6mer kultiviert. Mittleres Strohgelb. Viel Frische mit feinw\u00fcrzigen Aromen von reifen gelben Fr\u00fcchten, ein Hauch Wiesenkr\u00e4uter. Gut eingebundene S\u00e4ure. Zarte Mineralik. Speisenempfehlung Ein nahezu universeller Speisebegleiter! Wunderbar zu Tafelspitz, allerlei Fisch. Fein [&#8230;]<\/p>","protected":false},"featured_media":6776,"template":"","meta":{"_acf_changed":false},"product_brand":[],"product_cat":[24,29],"product_tag":[59],"class_list":{"0":"post-6774","1":"product","2":"type-product","3":"status-publish","4":"has-post-thumbnail","6":"product_cat-weine","7":"product_cat-weine-vom-schloss","8":"product_tag-weisswein","10":"first","11":"instock","12":"taxable","13":"shipping-taxable","14":"purchasable","15":"product-type-simple"},"acf":[],"yoast_head":"<!-- This site is optimized with the Yoast SEO plugin v24.8.1 - https:\/\/yoast.com\/wordpress\/plugins\/seo\/ -->\n<title>ROTER VELTLINER - Gut Hardegg<\/title>\n<meta name=\"description\" content=\"Der Rote Veltliner ist eine uralte autochthone Rebsorte, die nicht mit dem Gr\u00fcnen Veltliner verwandt ist. Sie wurde wahrscheinlich schon zu Zeiten der R\u00f6mer kultiviert.\u00a0Mittleres Strohgelb. Viel Frische mit feinw\u00fcrzigen Aromen von reifen gelben Fr\u00fcchten, ein Hauch Wiesenkr\u00e4uter. Gut eingebundene S\u00e4ure. Zarte Mineralik. Ein nahezu universeller Speisebegleiter! Wunderbar zu Tafelspitz, allerlei Fisch. Fein auch zu Schweinsbraten, Gefl\u00fcgel, Gem\u00fcse oder Polentagerichten.\" \/>\n<meta name=\"robots\" content=\"index, follow, max-snippet:-1, max-image-preview:large, max-video-preview:-1\" \/>\n<link rel=\"canonical\" href=\"https:\/\/guthardegg.at\/en\/shop\/weine\/weine-vom-schloss\/roter-veltliner-vom-schloss-2023\/\" \/>\n<meta property=\"og:locale\" content=\"en_US\" \/>\n<meta property=\"og:type\" content=\"article\" \/>\n<meta property=\"og:title\" content=\"ROTER VELTLINER - Gut Hardegg\" \/>\n<meta property=\"og:description\" content=\"Der Rote Veltliner ist eine uralte autochthone Rebsorte, die nicht mit dem Gr\u00fcnen Veltliner verwandt ist. Sie wurde wahrscheinlich schon zu Zeiten der R\u00f6mer kultiviert.\u00a0Mittleres Strohgelb. Viel Frische mit feinw\u00fcrzigen Aromen von reifen gelben Fr\u00fcchten, ein Hauch Wiesenkr\u00e4uter. Gut eingebundene S\u00e4ure. Zarte Mineralik. Ein nahezu universeller Speisebegleiter! Wunderbar zu Tafelspitz, allerlei Fisch. Fein auch zu Schweinsbraten, Gefl\u00fcgel, Gem\u00fcse oder Polentagerichten.\" \/>\n<meta property=\"og:url\" content=\"https:\/\/guthardegg.at\/en\/shop\/weine\/weine-vom-schloss\/roter-veltliner-vom-schloss-2023\/\" \/>\n<meta property=\"og:site_name\" content=\"Gut Hardegg\" \/>\n<meta property=\"article:modified_time\" content=\"2025-04-01T08:45:54+00:00\" \/>\n<meta property=\"og:image\" content=\"https:\/\/guthardegg.at\/wp-content\/uploads\/15_2023_Hardegg_Roter_Veltliner_vom_Schloss.jpg\" \/>\n\t<meta property=\"og:image:width\" content=\"600\" \/>\n\t<meta property=\"og:image:height\" content=\"800\" \/>\n\t<meta property=\"og:image:type\" content=\"image\/jpeg\" \/>\n<meta name=\"twitter:card\" content=\"summary_large_image\" \/>\n<meta name=\"twitter:label1\" content=\"Est. reading time\" \/>\n\t<meta name=\"twitter:data1\" content=\"1 minute\" \/>\n<script type=\"application\/ld+json\" class=\"yoast-schema-graph\">{\"@context\":\"https:\/\/schema.org\",\"@graph\":[{\"@type\":\"WebPage\",\"@id\":\"https:\/\/guthardegg.at\/shop\/weine\/weine-vom-schloss\/roter-veltliner-vom-schloss-2023\/\",\"url\":\"https:\/\/guthardegg.at\/shop\/weine\/weine-vom-schloss\/roter-veltliner-vom-schloss-2023\/\",\"name\":\"ROTER VELTLINER - Gut Hardegg\",\"isPartOf\":{\"@id\":\"https:\/\/guthardegg.at\/#website\"},\"primaryImageOfPage\":{\"@id\":\"https:\/\/guthardegg.at\/shop\/weine\/weine-vom-schloss\/roter-veltliner-vom-schloss-2023\/#primaryimage\"},\"image\":{\"@id\":\"https:\/\/guthardegg.at\/shop\/weine\/weine-vom-schloss\/roter-veltliner-vom-schloss-2023\/#primaryimage\"},\"thumbnailUrl\":\"https:\/\/guthardegg.at\/wp-content\/uploads\/15_2023_Hardegg_Roter_Veltliner_vom_Schloss.jpg\",\"datePublished\":\"2024-05-16T12:55:43+00:00\",\"dateModified\":\"2025-04-01T08:45:54+00:00\",\"description\":\"Der Rote Veltliner ist eine uralte autochthone Rebsorte, die nicht mit dem Gr\u00fcnen Veltliner verwandt ist. Sie wurde wahrscheinlich schon zu Zeiten der R\u00f6mer kultiviert.\u00a0Mittleres Strohgelb. Viel Frische mit feinw\u00fcrzigen Aromen von reifen gelben Fr\u00fcchten, ein Hauch Wiesenkr\u00e4uter. Gut eingebundene S\u00e4ure. Zarte Mineralik. Ein nahezu universeller Speisebegleiter! Wunderbar zu Tafelspitz, allerlei Fisch. Fein auch zu Schweinsbraten, Gefl\u00fcgel, Gem\u00fcse oder Polentagerichten.\",\"breadcrumb\":{\"@id\":\"https:\/\/guthardegg.at\/shop\/weine\/weine-vom-schloss\/roter-veltliner-vom-schloss-2023\/#breadcrumb\"},\"inLanguage\":\"en-US\",\"potentialAction\":[{\"@type\":\"ReadAction\",\"target\":[\"https:\/\/guthardegg.at\/shop\/weine\/weine-vom-schloss\/roter-veltliner-vom-schloss-2023\/\"]}]},{\"@type\":\"ImageObject\",\"inLanguage\":\"en-US\",\"@id\":\"https:\/\/guthardegg.at\/shop\/weine\/weine-vom-schloss\/roter-veltliner-vom-schloss-2023\/#primaryimage\",\"url\":\"https:\/\/guthardegg.at\/wp-content\/uploads\/15_2023_Hardegg_Roter_Veltliner_vom_Schloss.jpg\",\"contentUrl\":\"https:\/\/guthardegg.at\/wp-content\/uploads\/15_2023_Hardegg_Roter_Veltliner_vom_Schloss.jpg\",\"width\":600,\"height\":800},{\"@type\":\"BreadcrumbList\",\"@id\":\"https:\/\/guthardegg.at\/shop\/weine\/weine-vom-schloss\/roter-veltliner-vom-schloss-2023\/#breadcrumb\",\"itemListElement\":[{\"@type\":\"ListItem\",\"position\":1,\"name\":\"gut hardegg\",\"item\":\"https:\/\/guthardegg.at\/\"},{\"@type\":\"ListItem\",\"position\":2,\"name\":\"Shop\",\"item\":\"https:\/\/guthardegg.at\/shop\/\"},{\"@type\":\"ListItem\",\"position\":3,\"name\":\"Weine\",\"item\":\"https:\/\/guthardegg.at\/kategorie\/weine\/\"},{\"@type\":\"ListItem\",\"position\":4,\"name\":\"ROTER VELTLINER\"}]},{\"@type\":\"WebSite\",\"@id\":\"https:\/\/guthardegg.at\/#website\",\"url\":\"https:\/\/guthardegg.at\/\",\"name\":\"Gut Hardegg\",\"description\":\"Gelebte Artenvielfalt\",\"publisher\":{\"@id\":\"https:\/\/guthardegg.at\/#organization\"},\"potentialAction\":[{\"@type\":\"SearchAction\",\"target\":{\"@type\":\"EntryPoint\",\"urlTemplate\":\"https:\/\/guthardegg.at\/?s={search_term_string}\"},\"query-input\":{\"@type\":\"PropertyValueSpecification\",\"valueRequired\":true,\"valueName\":\"search_term_string\"}}],\"inLanguage\":\"en-US\"},{\"@type\":\"Organization\",\"@id\":\"https:\/\/guthardegg.at\/#organization\",\"name\":\"Gut Hardegg\",\"url\":\"https:\/\/guthardegg.at\/\",\"logo\":{\"@type\":\"ImageObject\",\"inLanguage\":\"en-US\",\"@id\":\"https:\/\/guthardegg.at\/#\/schema\/logo\/image\/\",\"url\":\"https:\/\/guthardegg.at\/wp-content\/uploads\/2020\/05\/Gut-Hardegg-logo.png\",\"contentUrl\":\"https:\/\/guthardegg.at\/wp-content\/uploads\/2020\/05\/Gut-Hardegg-logo.png\",\"width\":945,\"height\":560,\"caption\":\"Gut Hardegg\"},\"image\":{\"@id\":\"https:\/\/guthardegg.at\/#\/schema\/logo\/image\/\"}}]}<\/script>\n<!-- \/ Yoast SEO plugin. -->","yoast_head_json":{"title":"ROTER VELTLINER - Gut Hardegg","description":"Der Rote Veltliner ist eine uralte autochthone Rebsorte, die nicht mit dem Gr\u00fcnen Veltliner verwandt ist. Sie wurde wahrscheinlich schon zu Zeiten der R\u00f6mer kultiviert.\u00a0Mittleres Strohgelb. Viel Frische mit feinw\u00fcrzigen Aromen von reifen gelben Fr\u00fcchten, ein Hauch Wiesenkr\u00e4uter. Gut eingebundene S\u00e4ure. Zarte Mineralik. Ein nahezu universeller Speisebegleiter! Wunderbar zu Tafelspitz, allerlei Fisch. Fein auch zu Schweinsbraten, Gefl\u00fcgel, Gem\u00fcse oder Polentagerichten.","robots":{"index":"index","follow":"follow","max-snippet":"max-snippet:-1","max-image-preview":"max-image-preview:large","max-video-preview":"max-video-preview:-1"},"canonical":"https:\/\/guthardegg.at\/en\/shop\/weine\/weine-vom-schloss\/roter-veltliner-vom-schloss-2023\/","og_locale":"en_US","og_type":"article","og_title":"ROTER VELTLINER - Gut Hardegg","og_description":"Der Rote Veltliner ist eine uralte autochthone Rebsorte, die nicht mit dem Gr\u00fcnen Veltliner verwandt ist. Sie wurde wahrscheinlich schon zu Zeiten der R\u00f6mer kultiviert.\u00a0Mittleres Strohgelb. Viel Frische mit feinw\u00fcrzigen Aromen von reifen gelben Fr\u00fcchten, ein Hauch Wiesenkr\u00e4uter. Gut eingebundene S\u00e4ure. Zarte Mineralik. Ein nahezu universeller Speisebegleiter! Wunderbar zu Tafelspitz, allerlei Fisch. Fein auch zu Schweinsbraten, Gefl\u00fcgel, Gem\u00fcse oder Polentagerichten.","og_url":"https:\/\/guthardegg.at\/en\/shop\/weine\/weine-vom-schloss\/roter-veltliner-vom-schloss-2023\/","og_site_name":"Gut Hardegg","article_modified_time":"2025-04-01T08:45:54+00:00","og_image":[{"width":600,"height":800,"url":"https:\/\/guthardegg.at\/wp-content\/uploads\/15_2023_Hardegg_Roter_Veltliner_vom_Schloss.jpg","type":"image\/jpeg"}],"twitter_card":"summary_large_image","twitter_misc":{"Est. reading time":"1 minute"},"schema":{"@context":"https:\/\/schema.org","@graph":[{"@type":"WebPage","@id":"https:\/\/guthardegg.at\/shop\/weine\/weine-vom-schloss\/roter-veltliner-vom-schloss-2023\/","url":"https:\/\/guthardegg.at\/shop\/weine\/weine-vom-schloss\/roter-veltliner-vom-schloss-2023\/","name":"ROTER VELTLINER - Gut Hardegg","isPartOf":{"@id":"https:\/\/guthardegg.at\/#website"},"primaryImageOfPage":{"@id":"https:\/\/guthardegg.at\/shop\/weine\/weine-vom-schloss\/roter-veltliner-vom-schloss-2023\/#primaryimage"},"image":{"@id":"https:\/\/guthardegg.at\/shop\/weine\/weine-vom-schloss\/roter-veltliner-vom-schloss-2023\/#primaryimage"},"thumbnailUrl":"https:\/\/guthardegg.at\/wp-content\/uploads\/15_2023_Hardegg_Roter_Veltliner_vom_Schloss.jpg","datePublished":"2024-05-16T12:55:43+00:00","dateModified":"2025-04-01T08:45:54+00:00","description":"Der Rote Veltliner ist eine uralte autochthone Rebsorte, die nicht mit dem Gr\u00fcnen Veltliner verwandt ist. Sie wurde wahrscheinlich schon zu Zeiten der R\u00f6mer kultiviert.\u00a0Mittleres Strohgelb. Viel Frische mit feinw\u00fcrzigen Aromen von reifen gelben Fr\u00fcchten, ein Hauch Wiesenkr\u00e4uter. Gut eingebundene S\u00e4ure. Zarte Mineralik. Ein nahezu universeller Speisebegleiter! Wunderbar zu Tafelspitz, allerlei Fisch. Fein auch zu Schweinsbraten, Gefl\u00fcgel, Gem\u00fcse oder Polentagerichten.","breadcrumb":{"@id":"https:\/\/guthardegg.at\/shop\/weine\/weine-vom-schloss\/roter-veltliner-vom-schloss-2023\/#breadcrumb"},"inLanguage":"en-US","potentialAction":[{"@type":"ReadAction","target":["https:\/\/guthardegg.at\/shop\/weine\/weine-vom-schloss\/roter-veltliner-vom-schloss-2023\/"]}]},{"@type":"ImageObject","inLanguage":"en-US","@id":"https:\/\/guthardegg.at\/shop\/weine\/weine-vom-schloss\/roter-veltliner-vom-schloss-2023\/#primaryimage","url":"https:\/\/guthardegg.at\/wp-content\/uploads\/15_2023_Hardegg_Roter_Veltliner_vom_Schloss.jpg","contentUrl":"https:\/\/guthardegg.at\/wp-content\/uploads\/15_2023_Hardegg_Roter_Veltliner_vom_Schloss.jpg","width":600,"height":800},{"@type":"BreadcrumbList","@id":"https:\/\/guthardegg.at\/shop\/weine\/weine-vom-schloss\/roter-veltliner-vom-schloss-2023\/#breadcrumb","itemListElement":[{"@type":"ListItem","position":1,"name":"gut hardegg","item":"https:\/\/guthardegg.at\/"},{"@type":"ListItem","position":2,"name":"Shop","item":"https:\/\/guthardegg.at\/shop\/"},{"@type":"ListItem","position":3,"name":"Weine","item":"https:\/\/guthardegg.at\/kategorie\/weine\/"},{"@type":"ListItem","position":4,"name":"ROTER VELTLINER"}]},{"@type":"WebSite","@id":"https:\/\/guthardegg.at\/#website","url":"https:\/\/guthardegg.at\/","name":"Gut Hardegg","description":"Gelebte Artenvielfalt","publisher":{"@id":"https:\/\/guthardegg.at\/#organization"},"potentialAction":[{"@type":"SearchAction","target":{"@type":"EntryPoint","urlTemplate":"https:\/\/guthardegg.at\/?s={search_term_string}"},"query-input":{"@type":"PropertyValueSpecification","valueRequired":true,"valueName":"search_term_string"}}],"inLanguage":"en-US"},{"@type":"Organization","@id":"https:\/\/guthardegg.at\/#organization","name":"Gut Hardegg","url":"https:\/\/guthardegg.at\/","logo":{"@type":"ImageObject","inLanguage":"en-US","@id":"https:\/\/guthardegg.at\/#\/schema\/logo\/image\/","url":"https:\/\/guthardegg.at\/wp-content\/uploads\/2020\/05\/Gut-Hardegg-logo.png","contentUrl":"https:\/\/guthardegg.at\/wp-content\/uploads\/2020\/05\/Gut-Hardegg-logo.png","width":945,"height":560,"caption":"Gut Hardegg"},"image":{"@id":"https:\/\/guthardegg.at\/#\/schema\/logo\/image\/"}}]}},"_links":{"self":[{"href":"https:\/\/guthardegg.at\/en\/wp-json\/wp\/v2\/product\/6774","targetHints":{"allow":["GET"]}}],"collection":[{"href":"https:\/\/guthardegg.at\/en\/wp-json\/wp\/v2\/product"}],"about":[{"href":"https:\/\/guthardegg.at\/en\/wp-json\/wp\/v2\/types\/product"}],"wp:featuredmedia":[{"embeddable":true,"href":"https:\/\/guthardegg.at\/en\/wp-json\/wp\/v2\/media\/6776"}],"wp:attachment":[{"href":"https:\/\/guthardegg.at\/en\/wp-json\/wp\/v2\/media?parent=6774"}],"wp:term":[{"taxonomy":"product_brand","embeddable":true,"href":"https:\/\/guthardegg.at\/en\/wp-json\/wp\/v2\/product_brand?post=6774"},{"taxonomy":"product_cat","embeddable":true,"href":"https:\/\/guthardegg.at\/en\/wp-json\/wp\/v2\/product_cat?post=6774"},{"taxonomy":"product_tag","embeddable":true,"href":"https:\/\/guthardegg.at\/en\/wp-json\/wp\/v2\/product_tag?post=6774"}],"curies":[{"name":"wp","href":"https:\/\/api.w.org\/{rel}","templated":true}]}}