{"id":6809,"date":"2024-06-27T16:14:15","date_gmt":"2024-06-27T14:14:15","guid":{"rendered":"https:\/\/guthardegg.at\/?post_type=product&#038;p=6809"},"modified":"2024-11-11T15:52:22","modified_gmt":"2024-11-11T14:52:22","slug":"akazien-bluetenhonig","status":"publish","type":"product","link":"https:\/\/guthardegg.at\/en\/shop\/honig-mehl-oel\/akazien-bluetenhonig\/","title":{"rendered":"AKAZIEN &amp; BL\u00dcTENHONIG 400g"},"content":{"rendered":"<p>Gut Hardegg bietet vielen Vogelarten durch seine reich strukturierte Landschaft idealen Lebensraum. Die Turteltaube (Streptopelia turtur) findet in unseren Akazienw\u00e4ldern bevorzugte Brutpl\u00e4tze und vermehrt sich pr\u00e4chtig. Gleichzeitig dient die Akazie als ausgesprochen ergiebige Nektarquelle f\u00fcr unsere Bienenv\u00f6lker.<\/p>\n<p><strong>Der Honig ist hellgelb, intensiv im Aroma mit verhaltener S\u00fc\u00dfe.<\/strong><\/p>","protected":false},"excerpt":{"rendered":"<p>Gut Hardegg bietet vielen Vogelarten durch seine reich strukturierte Landschaft idealen Lebensraum. Die Turteltaube (Streptopelia turtur) findet in unseren Akazienw\u00e4ldern bevorzugte Brutpl\u00e4tze und vermehrt sich pr\u00e4chtig. Gleichzeitig dient die Akazie als ausgesprochen ergiebige Nektarquelle f\u00fcr unsere Bienenv\u00f6lker. Der Honig ist hellgelb, intensiv im Aroma mit verhaltener S\u00fc\u00dfe.<\/p>","protected":false},"featured_media":6819,"template":"","meta":{"_acf_changed":false},"product_brand":[],"product_cat":[34],"product_tag":[],"class_list":{"0":"post-6809","1":"product","2":"type-product","3":"status-publish","4":"has-post-thumbnail","6":"product_cat-honig-mehl-oel","8":"first","9":"instock","10":"taxable","11":"shipping-taxable","12":"purchasable","13":"product-type-simple"},"acf":[],"yoast_head":"<!-- This site is optimized with the Yoast SEO plugin v24.8.1 - https:\/\/yoast.com\/wordpress\/plugins\/seo\/ -->\n<title>AKAZIEN &amp; BL\u00dcTENHONIG 400g - Gut Hardegg<\/title>\n<meta name=\"robots\" content=\"index, follow, max-snippet:-1, max-image-preview:large, max-video-preview:-1\" \/>\n<link rel=\"canonical\" href=\"https:\/\/guthardegg.at\/en\/shop\/honig-mehl-oel\/akazien-bluetenhonig\/\" \/>\n<meta property=\"og:locale\" content=\"en_US\" \/>\n<meta property=\"og:type\" content=\"article\" \/>\n<meta property=\"og:title\" content=\"AKAZIEN &amp; BL\u00dcTENHONIG 400g - Gut Hardegg\" \/>\n<meta property=\"og:description\" content=\"Gut Hardegg bietet vielen Vogelarten durch seine reich strukturierte Landschaft idealen Lebensraum. Die Turteltaube (Streptopelia turtur) findet in unseren Akazienw\u00e4ldern bevorzugte Brutpl\u00e4tze und vermehrt sich pr\u00e4chtig. Gleichzeitig dient die Akazie als ausgesprochen ergiebige Nektarquelle f\u00fcr unsere Bienenv\u00f6lker. Der Honig ist hellgelb, intensiv im Aroma mit verhaltener S\u00fc\u00dfe.\" \/>\n<meta property=\"og:url\" content=\"https:\/\/guthardegg.at\/en\/shop\/honig-mehl-oel\/akazien-bluetenhonig\/\" \/>\n<meta property=\"og:site_name\" content=\"Gut Hardegg\" \/>\n<meta property=\"article:modified_time\" content=\"2024-11-11T14:52:22+00:00\" \/>\n<meta property=\"og:image\" content=\"https:\/\/guthardegg.at\/wp-content\/uploads\/Produkte_webshop_600x800px_GH-akazien-bluetenhonig.jpg\" \/>\n\t<meta property=\"og:image:width\" content=\"600\" \/>\n\t<meta property=\"og:image:height\" content=\"800\" \/>\n\t<meta property=\"og:image:type\" content=\"image\/jpeg\" \/>\n<meta name=\"twitter:card\" content=\"summary_large_image\" \/>\n<meta name=\"twitter:label1\" content=\"Est. reading time\" \/>\n\t<meta name=\"twitter:data1\" content=\"1 minute\" \/>\n<script type=\"application\/ld+json\" class=\"yoast-schema-graph\">{\"@context\":\"https:\/\/schema.org\",\"@graph\":[{\"@type\":\"WebPage\",\"@id\":\"https:\/\/guthardegg.at\/shop\/honig-mehl-oel\/akazien-bluetenhonig\/\",\"url\":\"https:\/\/guthardegg.at\/shop\/honig-mehl-oel\/akazien-bluetenhonig\/\",\"name\":\"AKAZIEN &amp; BL\u00dcTENHONIG 400g - Gut Hardegg\",\"isPartOf\":{\"@id\":\"https:\/\/guthardegg.at\/#website\"},\"primaryImageOfPage\":{\"@id\":\"https:\/\/guthardegg.at\/shop\/honig-mehl-oel\/akazien-bluetenhonig\/#primaryimage\"},\"image\":{\"@id\":\"https:\/\/guthardegg.at\/shop\/honig-mehl-oel\/akazien-bluetenhonig\/#primaryimage\"},\"thumbnailUrl\":\"https:\/\/guthardegg.at\/wp-content\/uploads\/Produkte_webshop_600x800px_GH-akazien-bluetenhonig.jpg\",\"datePublished\":\"2024-06-27T14:14:15+00:00\",\"dateModified\":\"2024-11-11T14:52:22+00:00\",\"breadcrumb\":{\"@id\":\"https:\/\/guthardegg.at\/shop\/honig-mehl-oel\/akazien-bluetenhonig\/#breadcrumb\"},\"inLanguage\":\"en-US\",\"potentialAction\":[{\"@type\":\"ReadAction\",\"target\":[\"https:\/\/guthardegg.at\/shop\/honig-mehl-oel\/akazien-bluetenhonig\/\"]}]},{\"@type\":\"ImageObject\",\"inLanguage\":\"en-US\",\"@id\":\"https:\/\/guthardegg.at\/shop\/honig-mehl-oel\/akazien-bluetenhonig\/#primaryimage\",\"url\":\"https:\/\/guthardegg.at\/wp-content\/uploads\/Produkte_webshop_600x800px_GH-akazien-bluetenhonig.jpg\",\"contentUrl\":\"https:\/\/guthardegg.at\/wp-content\/uploads\/Produkte_webshop_600x800px_GH-akazien-bluetenhonig.jpg\",\"width\":600,\"height\":800},{\"@type\":\"BreadcrumbList\",\"@id\":\"https:\/\/guthardegg.at\/shop\/honig-mehl-oel\/akazien-bluetenhonig\/#breadcrumb\",\"itemListElement\":[{\"@type\":\"ListItem\",\"position\":1,\"name\":\"gut hardegg\",\"item\":\"https:\/\/guthardegg.at\/\"},{\"@type\":\"ListItem\",\"position\":2,\"name\":\"Shop\",\"item\":\"https:\/\/guthardegg.at\/shop\/\"},{\"@type\":\"ListItem\",\"position\":3,\"name\":\"Honig, Mehl &amp; \u00d6l\",\"item\":\"https:\/\/guthardegg.at\/kategorie\/honig-mehl-oel\/\"},{\"@type\":\"ListItem\",\"position\":4,\"name\":\"AKAZIEN &amp; BL\u00dcTENHONIG 400g\"}]},{\"@type\":\"WebSite\",\"@id\":\"https:\/\/guthardegg.at\/#website\",\"url\":\"https:\/\/guthardegg.at\/\",\"name\":\"Gut Hardegg\",\"description\":\"Gelebte Artenvielfalt\",\"publisher\":{\"@id\":\"https:\/\/guthardegg.at\/#organization\"},\"potentialAction\":[{\"@type\":\"SearchAction\",\"target\":{\"@type\":\"EntryPoint\",\"urlTemplate\":\"https:\/\/guthardegg.at\/?s={search_term_string}\"},\"query-input\":{\"@type\":\"PropertyValueSpecification\",\"valueRequired\":true,\"valueName\":\"search_term_string\"}}],\"inLanguage\":\"en-US\"},{\"@type\":\"Organization\",\"@id\":\"https:\/\/guthardegg.at\/#organization\",\"name\":\"Gut Hardegg\",\"url\":\"https:\/\/guthardegg.at\/\",\"logo\":{\"@type\":\"ImageObject\",\"inLanguage\":\"en-US\",\"@id\":\"https:\/\/guthardegg.at\/#\/schema\/logo\/image\/\",\"url\":\"https:\/\/guthardegg.at\/wp-content\/uploads\/2020\/05\/Gut-Hardegg-logo.png\",\"contentUrl\":\"https:\/\/guthardegg.at\/wp-content\/uploads\/2020\/05\/Gut-Hardegg-logo.png\",\"width\":945,\"height\":560,\"caption\":\"Gut Hardegg\"},\"image\":{\"@id\":\"https:\/\/guthardegg.at\/#\/schema\/logo\/image\/\"}}]}<\/script>\n<!-- \/ Yoast SEO plugin. -->","yoast_head_json":{"title":"AKAZIEN &amp; BL\u00dcTENHONIG 400g - Gut Hardegg","robots":{"index":"index","follow":"follow","max-snippet":"max-snippet:-1","max-image-preview":"max-image-preview:large","max-video-preview":"max-video-preview:-1"},"canonical":"https:\/\/guthardegg.at\/en\/shop\/honig-mehl-oel\/akazien-bluetenhonig\/","og_locale":"en_US","og_type":"article","og_title":"AKAZIEN &amp; BL\u00dcTENHONIG 400g - Gut Hardegg","og_description":"Gut Hardegg bietet vielen Vogelarten durch seine reich strukturierte Landschaft idealen Lebensraum. Die Turteltaube (Streptopelia turtur) findet in unseren Akazienw\u00e4ldern bevorzugte Brutpl\u00e4tze und vermehrt sich pr\u00e4chtig. Gleichzeitig dient die Akazie als ausgesprochen ergiebige Nektarquelle f\u00fcr unsere Bienenv\u00f6lker. Der Honig ist hellgelb, intensiv im Aroma mit verhaltener S\u00fc\u00dfe.","og_url":"https:\/\/guthardegg.at\/en\/shop\/honig-mehl-oel\/akazien-bluetenhonig\/","og_site_name":"Gut Hardegg","article_modified_time":"2024-11-11T14:52:22+00:00","og_image":[{"width":600,"height":800,"url":"https:\/\/guthardegg.at\/wp-content\/uploads\/Produkte_webshop_600x800px_GH-akazien-bluetenhonig.jpg","type":"image\/jpeg"}],"twitter_card":"summary_large_image","twitter_misc":{"Est. reading time":"1 minute"},"schema":{"@context":"https:\/\/schema.org","@graph":[{"@type":"WebPage","@id":"https:\/\/guthardegg.at\/shop\/honig-mehl-oel\/akazien-bluetenhonig\/","url":"https:\/\/guthardegg.at\/shop\/honig-mehl-oel\/akazien-bluetenhonig\/","name":"AKAZIEN &amp; BL\u00dcTENHONIG 400g - Gut Hardegg","isPartOf":{"@id":"https:\/\/guthardegg.at\/#website"},"primaryImageOfPage":{"@id":"https:\/\/guthardegg.at\/shop\/honig-mehl-oel\/akazien-bluetenhonig\/#primaryimage"},"image":{"@id":"https:\/\/guthardegg.at\/shop\/honig-mehl-oel\/akazien-bluetenhonig\/#primaryimage"},"thumbnailUrl":"https:\/\/guthardegg.at\/wp-content\/uploads\/Produkte_webshop_600x800px_GH-akazien-bluetenhonig.jpg","datePublished":"2024-06-27T14:14:15+00:00","dateModified":"2024-11-11T14:52:22+00:00","breadcrumb":{"@id":"https:\/\/guthardegg.at\/shop\/honig-mehl-oel\/akazien-bluetenhonig\/#breadcrumb"},"inLanguage":"en-US","potentialAction":[{"@type":"ReadAction","target":["https:\/\/guthardegg.at\/shop\/honig-mehl-oel\/akazien-bluetenhonig\/"]}]},{"@type":"ImageObject","inLanguage":"en-US","@id":"https:\/\/guthardegg.at\/shop\/honig-mehl-oel\/akazien-bluetenhonig\/#primaryimage","url":"https:\/\/guthardegg.at\/wp-content\/uploads\/Produkte_webshop_600x800px_GH-akazien-bluetenhonig.jpg","contentUrl":"https:\/\/guthardegg.at\/wp-content\/uploads\/Produkte_webshop_600x800px_GH-akazien-bluetenhonig.jpg","width":600,"height":800},{"@type":"BreadcrumbList","@id":"https:\/\/guthardegg.at\/shop\/honig-mehl-oel\/akazien-bluetenhonig\/#breadcrumb","itemListElement":[{"@type":"ListItem","position":1,"name":"gut hardegg","item":"https:\/\/guthardegg.at\/"},{"@type":"ListItem","position":2,"name":"Shop","item":"https:\/\/guthardegg.at\/shop\/"},{"@type":"ListItem","position":3,"name":"Honig, Mehl &amp; \u00d6l","item":"https:\/\/guthardegg.at\/kategorie\/honig-mehl-oel\/"},{"@type":"ListItem","position":4,"name":"AKAZIEN &amp; BL\u00dcTENHONIG 400g"}]},{"@type":"WebSite","@id":"https:\/\/guthardegg.at\/#website","url":"https:\/\/guthardegg.at\/","name":"Gut Hardegg","description":"Gelebte Artenvielfalt","publisher":{"@id":"https:\/\/guthardegg.at\/#organization"},"potentialAction":[{"@type":"SearchAction","target":{"@type":"EntryPoint","urlTemplate":"https:\/\/guthardegg.at\/?s={search_term_string}"},"query-input":{"@type":"PropertyValueSpecification","valueRequired":true,"valueName":"search_term_string"}}],"inLanguage":"en-US"},{"@type":"Organization","@id":"https:\/\/guthardegg.at\/#organization","name":"Gut Hardegg","url":"https:\/\/guthardegg.at\/","logo":{"@type":"ImageObject","inLanguage":"en-US","@id":"https:\/\/guthardegg.at\/#\/schema\/logo\/image\/","url":"https:\/\/guthardegg.at\/wp-content\/uploads\/2020\/05\/Gut-Hardegg-logo.png","contentUrl":"https:\/\/guthardegg.at\/wp-content\/uploads\/2020\/05\/Gut-Hardegg-logo.png","width":945,"height":560,"caption":"Gut Hardegg"},"image":{"@id":"https:\/\/guthardegg.at\/#\/schema\/logo\/image\/"}}]}},"_links":{"self":[{"href":"https:\/\/guthardegg.at\/en\/wp-json\/wp\/v2\/product\/6809","targetHints":{"allow":["GET"]}}],"collection":[{"href":"https:\/\/guthardegg.at\/en\/wp-json\/wp\/v2\/product"}],"about":[{"href":"https:\/\/guthardegg.at\/en\/wp-json\/wp\/v2\/types\/product"}],"wp:featuredmedia":[{"embeddable":true,"href":"https:\/\/guthardegg.at\/en\/wp-json\/wp\/v2\/media\/6819"}],"wp:attachment":[{"href":"https:\/\/guthardegg.at\/en\/wp-json\/wp\/v2\/media?parent=6809"}],"wp:term":[{"taxonomy":"product_brand","embeddable":true,"href":"https:\/\/guthardegg.at\/en\/wp-json\/wp\/v2\/product_brand?post=6809"},{"taxonomy":"product_cat","embeddable":true,"href":"https:\/\/guthardegg.at\/en\/wp-json\/wp\/v2\/product_cat?post=6809"},{"taxonomy":"product_tag","embeddable":true,"href":"https:\/\/guthardegg.at\/en\/wp-json\/wp\/v2\/product_tag?post=6809"}],"curies":[{"name":"wp","href":"https:\/\/api.w.org\/{rel}","templated":true}]}}