{"id":6856,"date":"2024-08-05T12:30:52","date_gmt":"2024-08-05T10:30:52","guid":{"rendered":"https:\/\/guthardegg.at\/?post_type=product&#038;p=6856"},"modified":"2025-11-26T06:38:16","modified_gmt":"2025-11-26T05:38:16","slug":"embrizzo","status":"publish","type":"product","link":"https:\/\/guthardegg.at\/en\/shop\/embrizzo-alkoholfrei\/embrizzo\/","title":{"rendered":"EMBRIZZO &#8222;ros\u00e9&#8220;"},"content":{"rendered":"<p><strong>Traubenkombucha mit Hibiskus &amp; Hagebutte, trocken.<br \/>\n<\/strong>EMBRIZZO \u2013 das kombucha-fermentierte Premium-Traubengetr\u00e4nk mit Kr\u00e4utern und Bl\u00fcten auf Basis von entalkoholisiertem Wein.<\/p>\n<p>EMBRIZZO geh\u00f6rt zu den am besten bewerteten alkoholfreien Getr\u00e4nken laut <strong>Falstaff Alkoholfrei Trophy \u00d6sterreich 2025 (94 Punkte):<\/strong>\u00a0<em>\u201e\u2026 an Pinot Noir erinnernde Himbeer-Nase, &#8230; am Gaumen saftig, sehr k\u00fchl und mit fast mineralischem Ausdruck \u2013 sogar zarte Salzigkeit gibt es als Dreingabe. \u201c<a href=\"https:\/\/www.falstaff.com\/at\/drinks\/graf-hardegg-embrizzo-traubenkombucha\" target=\"_blank\" rel=\"noopener\">https:\/\/www.falstaff.com\/at\/drinks\/graf-hardegg-embrizzo-traubenkombucha<\/a>&#8222;.<\/em><\/p>\n<p>Unser rosafarbener Traubenkombucha eignet sich mit seiner eleganten Aromenvielfalt, seinem trockenen und leicht-moussierenden Charakter besonders als Aperitif, Cocktailpartner und als Speisenbegleiter vor allem zu Gem\u00fcse, Fisch und Gefl\u00fcgel. Er passt auch hervorragend zur Brennnesselsuppe.<\/p>\n<p><strong>DIE trockene Weinalternative<\/strong>, sowohl als Speisenbegleiter als auch als Aperitif: Nat\u00fcrlich alkoholfrei.<\/p>\n<p>Maximilian Hardegg von Gut Hardegg:\u00a0<em>\u201eIch freue mich sehr \u00fcber diese wirklich gelungene Weinalternative, die wir in Anmutung an die bei uns auf Gut Hardegg h\u00e4ufig vorkommende Vogelart Goldammer ,Emberiza citrinella\u2018 (lat.) benannt haben.\u201c<\/em><em>\u00a0<\/em><\/p>\n<p>Alles \u00fcber diese au\u00dfergew\u00f6hnliche Weinalternative<br \/>\n<a href=\"https:\/\/www.facebook.com\/WeinGutGrafHardegg\/videos\/1782626342532091\" target=\"_blank\" rel=\"noopener\">\u00bb hier im Film!<\/a><\/p>\n<p class=\"p1\"><strong>EMBRACE THE TASTE!<\/strong><\/p>","protected":false},"excerpt":{"rendered":"<p>Traubenkombucha mit Hibiskus &amp; Hagebutte, trocken. EMBRIZZO \u2013 das kombucha-fermentierte Premium-Traubengetr\u00e4nk mit Kr\u00e4utern und Bl\u00fcten auf Basis von entalkoholisiertem Wein. EMBRIZZO geh\u00f6rt zu den am besten bewerteten alkoholfreien Getr\u00e4nken laut Falstaff Alkoholfrei Trophy \u00d6sterreich 2025 (94 Punkte):\u00a0\u201e\u2026 an Pinot Noir erinnernde Himbeer-Nase, &#8230; am Gaumen saftig, sehr k\u00fchl und mit fast mineralischem Ausdruck \u2013 sogar [&#8230;]<\/p>","protected":false},"featured_media":6857,"template":"","meta":{"_acf_changed":false},"product_brand":[],"product_cat":[186],"product_tag":[],"class_list":{"0":"post-6856","1":"product","2":"type-product","3":"status-publish","4":"has-post-thumbnail","6":"product_cat-embrizzo-alkoholfrei","8":"first","9":"instock","10":"taxable","11":"shipping-taxable","12":"purchasable","13":"product-type-simple"},"acf":[],"yoast_head":"<!-- This site is optimized with the Yoast SEO plugin v24.8.1 - https:\/\/yoast.com\/wordpress\/plugins\/seo\/ -->\n<title>EMBRIZZO &quot;ros\u00e9&quot; - Gut Hardegg<\/title>\n<meta name=\"description\" content=\"Mit Hibiskus &amp; Hagebutte. Trocken! \/\/ DIE Weinalternative, sowohl als Speisenbegleiter als auch als Aperitif: Nat\u00fcrlich alkoholfrei. Unser rosafarbener Traubenkombucha eignet sich mit seiner eleganten Aromenvielfalt, seinem trockenen und leicht-moussierenden Charakter besonders als Aperitif, Cocktailpartner und als Speisenbegleiter vor allemzu Gem\u00fcse, Fisch und Gefl\u00fcgel. Er passt auch hervorragend zur Brennnesselsuppe. \/\/ Maximilian Hardegg von Gut Hardegg: &quot;Ich freue mich sehr \u00fcber diese wirklich gelungene Weinalternative, die wir in Anmutung an die bei uns auf Gut Hardegg h\u00e4ufigen Vogelart Goldammer ,Emberiza citrinella&#039; (lat.) benannt haben.&quot; \/\/ Lucas Matthies von kein &amp; low: &quot;Der Embrizzo Traubenkombucha begeistert mich bereits in der Nase. W\u00fcrde man ihn blind verkosten, k\u00f6nnte man ihn f\u00fcr einen Wei\u00dfwein mit etwas Maischestandzeit halten. Im Mund entfalten sich Aromen von Hagebutte, Hibiskus und wunderbaren w\u00fcrzigen Noten. Die Gerbstoffe des Kombuchas fangen die S\u00e4ure perfekt ein, Zucker sucht man hier vergeblich. Der fulminante Nachhall rundet das Geschmackserlebnis ab.&quot;\u00a0\" \/>\n<meta name=\"robots\" content=\"index, follow, max-snippet:-1, max-image-preview:large, max-video-preview:-1\" \/>\n<link rel=\"canonical\" href=\"https:\/\/guthardegg.at\/en\/shop\/embrizzo-alkoholfrei\/embrizzo\/\" \/>\n<meta property=\"og:locale\" content=\"en_US\" \/>\n<meta property=\"og:type\" content=\"article\" \/>\n<meta property=\"og:title\" content=\"EMBRIZZO &quot;ros\u00e9&quot; - Gut Hardegg\" \/>\n<meta property=\"og:description\" content=\"Mit Hibiskus &amp; Hagebutte. Trocken! \/\/ DIE Weinalternative, sowohl als Speisenbegleiter als auch als Aperitif: Nat\u00fcrlich alkoholfrei. Unser rosafarbener Traubenkombucha eignet sich mit seiner eleganten Aromenvielfalt, seinem trockenen und leicht-moussierenden Charakter besonders als Aperitif, Cocktailpartner und als Speisenbegleiter vor allemzu Gem\u00fcse, Fisch und Gefl\u00fcgel. Er passt auch hervorragend zur Brennnesselsuppe. \/\/ Maximilian Hardegg von Gut Hardegg: &quot;Ich freue mich sehr \u00fcber diese wirklich gelungene Weinalternative, die wir in Anmutung an die bei uns auf Gut Hardegg h\u00e4ufigen Vogelart Goldammer ,Emberiza citrinella&#039; (lat.) benannt haben.&quot; \/\/ Lucas Matthies von kein &amp; low: &quot;Der Embrizzo Traubenkombucha begeistert mich bereits in der Nase. W\u00fcrde man ihn blind verkosten, k\u00f6nnte man ihn f\u00fcr einen Wei\u00dfwein mit etwas Maischestandzeit halten. Im Mund entfalten sich Aromen von Hagebutte, Hibiskus und wunderbaren w\u00fcrzigen Noten. Die Gerbstoffe des Kombuchas fangen die S\u00e4ure perfekt ein, Zucker sucht man hier vergeblich. Der fulminante Nachhall rundet das Geschmackserlebnis ab.&quot;\u00a0\" \/>\n<meta property=\"og:url\" content=\"https:\/\/guthardegg.at\/en\/shop\/embrizzo-alkoholfrei\/embrizzo\/\" \/>\n<meta property=\"og:site_name\" content=\"Gut Hardegg\" \/>\n<meta property=\"article:modified_time\" content=\"2025-11-26T05:38:16+00:00\" \/>\n<meta property=\"og:image\" content=\"https:\/\/guthardegg.at\/wp-content\/uploads\/embrizzo-hiha-0824.jpg\" \/>\n\t<meta property=\"og:image:width\" content=\"600\" \/>\n\t<meta property=\"og:image:height\" content=\"800\" \/>\n\t<meta property=\"og:image:type\" content=\"image\/jpeg\" \/>\n<meta name=\"twitter:card\" content=\"summary_large_image\" \/>\n<meta name=\"twitter:label1\" content=\"Est. reading time\" \/>\n\t<meta name=\"twitter:data1\" content=\"2 minutes\" \/>\n<script type=\"application\/ld+json\" class=\"yoast-schema-graph\">{\"@context\":\"https:\/\/schema.org\",\"@graph\":[{\"@type\":\"WebPage\",\"@id\":\"https:\/\/guthardegg.at\/shop\/embrizzo-alkoholfrei\/embrizzo\/\",\"url\":\"https:\/\/guthardegg.at\/shop\/embrizzo-alkoholfrei\/embrizzo\/\",\"name\":\"EMBRIZZO \\\"ros\u00e9\\\" - Gut Hardegg\",\"isPartOf\":{\"@id\":\"https:\/\/guthardegg.at\/#website\"},\"primaryImageOfPage\":{\"@id\":\"https:\/\/guthardegg.at\/shop\/embrizzo-alkoholfrei\/embrizzo\/#primaryimage\"},\"image\":{\"@id\":\"https:\/\/guthardegg.at\/shop\/embrizzo-alkoholfrei\/embrizzo\/#primaryimage\"},\"thumbnailUrl\":\"https:\/\/guthardegg.at\/wp-content\/uploads\/embrizzo-hiha-0824.jpg\",\"datePublished\":\"2024-08-05T10:30:52+00:00\",\"dateModified\":\"2025-11-26T05:38:16+00:00\",\"description\":\"Mit Hibiskus & Hagebutte. Trocken! \/\/ DIE Weinalternative, sowohl als Speisenbegleiter als auch als Aperitif: Nat\u00fcrlich alkoholfrei. Unser rosafarbener Traubenkombucha eignet sich mit seiner eleganten Aromenvielfalt, seinem trockenen und leicht-moussierenden Charakter besonders als Aperitif, Cocktailpartner und als Speisenbegleiter vor allemzu Gem\u00fcse, Fisch und Gefl\u00fcgel. Er passt auch hervorragend zur Brennnesselsuppe. \/\/ Maximilian Hardegg von Gut Hardegg: \\\"Ich freue mich sehr \u00fcber diese wirklich gelungene Weinalternative, die wir in Anmutung an die bei uns auf Gut Hardegg h\u00e4ufigen Vogelart Goldammer ,Emberiza citrinella' (lat.) benannt haben.\\\" \/\/ Lucas Matthies von kein & low: \\\"Der Embrizzo Traubenkombucha begeistert mich bereits in der Nase. W\u00fcrde man ihn blind verkosten, k\u00f6nnte man ihn f\u00fcr einen Wei\u00dfwein mit etwas Maischestandzeit halten. Im Mund entfalten sich Aromen von Hagebutte, Hibiskus und wunderbaren w\u00fcrzigen Noten. Die Gerbstoffe des Kombuchas fangen die S\u00e4ure perfekt ein, Zucker sucht man hier vergeblich. Der fulminante Nachhall rundet das Geschmackserlebnis ab.\\\"\u00a0\",\"breadcrumb\":{\"@id\":\"https:\/\/guthardegg.at\/shop\/embrizzo-alkoholfrei\/embrizzo\/#breadcrumb\"},\"inLanguage\":\"en-US\",\"potentialAction\":[{\"@type\":\"ReadAction\",\"target\":[\"https:\/\/guthardegg.at\/shop\/embrizzo-alkoholfrei\/embrizzo\/\"]}]},{\"@type\":\"ImageObject\",\"inLanguage\":\"en-US\",\"@id\":\"https:\/\/guthardegg.at\/shop\/embrizzo-alkoholfrei\/embrizzo\/#primaryimage\",\"url\":\"https:\/\/guthardegg.at\/wp-content\/uploads\/embrizzo-hiha-0824.jpg\",\"contentUrl\":\"https:\/\/guthardegg.at\/wp-content\/uploads\/embrizzo-hiha-0824.jpg\",\"width\":600,\"height\":800,\"caption\":\"Traubenkombucha mit Hibiskus & Hagebutte\"},{\"@type\":\"BreadcrumbList\",\"@id\":\"https:\/\/guthardegg.at\/shop\/embrizzo-alkoholfrei\/embrizzo\/#breadcrumb\",\"itemListElement\":[{\"@type\":\"ListItem\",\"position\":1,\"name\":\"gut hardegg\",\"item\":\"https:\/\/guthardegg.at\/\"},{\"@type\":\"ListItem\",\"position\":2,\"name\":\"Shop\",\"item\":\"https:\/\/guthardegg.at\/shop\/\"},{\"@type\":\"ListItem\",\"position\":3,\"name\":\"ALKOHOLFREI\",\"item\":\"https:\/\/guthardegg.at\/kategorie\/embrizzo-alkoholfrei\/\"},{\"@type\":\"ListItem\",\"position\":4,\"name\":\"EMBRIZZO &#8222;ros\u00e9&#8220;\"}]},{\"@type\":\"WebSite\",\"@id\":\"https:\/\/guthardegg.at\/#website\",\"url\":\"https:\/\/guthardegg.at\/\",\"name\":\"Gut Hardegg\",\"description\":\"Gelebte Artenvielfalt\",\"publisher\":{\"@id\":\"https:\/\/guthardegg.at\/#organization\"},\"potentialAction\":[{\"@type\":\"SearchAction\",\"target\":{\"@type\":\"EntryPoint\",\"urlTemplate\":\"https:\/\/guthardegg.at\/?s={search_term_string}\"},\"query-input\":{\"@type\":\"PropertyValueSpecification\",\"valueRequired\":true,\"valueName\":\"search_term_string\"}}],\"inLanguage\":\"en-US\"},{\"@type\":\"Organization\",\"@id\":\"https:\/\/guthardegg.at\/#organization\",\"name\":\"Gut Hardegg\",\"url\":\"https:\/\/guthardegg.at\/\",\"logo\":{\"@type\":\"ImageObject\",\"inLanguage\":\"en-US\",\"@id\":\"https:\/\/guthardegg.at\/#\/schema\/logo\/image\/\",\"url\":\"https:\/\/guthardegg.at\/wp-content\/uploads\/2020\/05\/Gut-Hardegg-logo.png\",\"contentUrl\":\"https:\/\/guthardegg.at\/wp-content\/uploads\/2020\/05\/Gut-Hardegg-logo.png\",\"width\":945,\"height\":560,\"caption\":\"Gut Hardegg\"},\"image\":{\"@id\":\"https:\/\/guthardegg.at\/#\/schema\/logo\/image\/\"}}]}<\/script>\n<!-- \/ Yoast SEO plugin. -->","yoast_head_json":{"title":"EMBRIZZO \"ros\u00e9\" - Gut Hardegg","description":"Mit Hibiskus & Hagebutte. Trocken! \/\/ DIE Weinalternative, sowohl als Speisenbegleiter als auch als Aperitif: Nat\u00fcrlich alkoholfrei. Unser rosafarbener Traubenkombucha eignet sich mit seiner eleganten Aromenvielfalt, seinem trockenen und leicht-moussierenden Charakter besonders als Aperitif, Cocktailpartner und als Speisenbegleiter vor allemzu Gem\u00fcse, Fisch und Gefl\u00fcgel. Er passt auch hervorragend zur Brennnesselsuppe. \/\/ Maximilian Hardegg von Gut Hardegg: \"Ich freue mich sehr \u00fcber diese wirklich gelungene Weinalternative, die wir in Anmutung an die bei uns auf Gut Hardegg h\u00e4ufigen Vogelart Goldammer ,Emberiza citrinella' (lat.) benannt haben.\" \/\/ Lucas Matthies von kein & low: \"Der Embrizzo Traubenkombucha begeistert mich bereits in der Nase. W\u00fcrde man ihn blind verkosten, k\u00f6nnte man ihn f\u00fcr einen Wei\u00dfwein mit etwas Maischestandzeit halten. Im Mund entfalten sich Aromen von Hagebutte, Hibiskus und wunderbaren w\u00fcrzigen Noten. Die Gerbstoffe des Kombuchas fangen die S\u00e4ure perfekt ein, Zucker sucht man hier vergeblich. Der fulminante Nachhall rundet das Geschmackserlebnis ab.\"\u00a0","robots":{"index":"index","follow":"follow","max-snippet":"max-snippet:-1","max-image-preview":"max-image-preview:large","max-video-preview":"max-video-preview:-1"},"canonical":"https:\/\/guthardegg.at\/en\/shop\/embrizzo-alkoholfrei\/embrizzo\/","og_locale":"en_US","og_type":"article","og_title":"EMBRIZZO \"ros\u00e9\" - Gut Hardegg","og_description":"Mit Hibiskus & Hagebutte. Trocken! \/\/ DIE Weinalternative, sowohl als Speisenbegleiter als auch als Aperitif: Nat\u00fcrlich alkoholfrei. Unser rosafarbener Traubenkombucha eignet sich mit seiner eleganten Aromenvielfalt, seinem trockenen und leicht-moussierenden Charakter besonders als Aperitif, Cocktailpartner und als Speisenbegleiter vor allemzu Gem\u00fcse, Fisch und Gefl\u00fcgel. Er passt auch hervorragend zur Brennnesselsuppe. \/\/ Maximilian Hardegg von Gut Hardegg: \"Ich freue mich sehr \u00fcber diese wirklich gelungene Weinalternative, die wir in Anmutung an die bei uns auf Gut Hardegg h\u00e4ufigen Vogelart Goldammer ,Emberiza citrinella' (lat.) benannt haben.\" \/\/ Lucas Matthies von kein & low: \"Der Embrizzo Traubenkombucha begeistert mich bereits in der Nase. W\u00fcrde man ihn blind verkosten, k\u00f6nnte man ihn f\u00fcr einen Wei\u00dfwein mit etwas Maischestandzeit halten. Im Mund entfalten sich Aromen von Hagebutte, Hibiskus und wunderbaren w\u00fcrzigen Noten. Die Gerbstoffe des Kombuchas fangen die S\u00e4ure perfekt ein, Zucker sucht man hier vergeblich. Der fulminante Nachhall rundet das Geschmackserlebnis ab.\"\u00a0","og_url":"https:\/\/guthardegg.at\/en\/shop\/embrizzo-alkoholfrei\/embrizzo\/","og_site_name":"Gut Hardegg","article_modified_time":"2025-11-26T05:38:16+00:00","og_image":[{"width":600,"height":800,"url":"https:\/\/guthardegg.at\/wp-content\/uploads\/embrizzo-hiha-0824.jpg","type":"image\/jpeg"}],"twitter_card":"summary_large_image","twitter_misc":{"Est. reading time":"2 minutes"},"schema":{"@context":"https:\/\/schema.org","@graph":[{"@type":"WebPage","@id":"https:\/\/guthardegg.at\/shop\/embrizzo-alkoholfrei\/embrizzo\/","url":"https:\/\/guthardegg.at\/shop\/embrizzo-alkoholfrei\/embrizzo\/","name":"EMBRIZZO \"ros\u00e9\" - Gut Hardegg","isPartOf":{"@id":"https:\/\/guthardegg.at\/#website"},"primaryImageOfPage":{"@id":"https:\/\/guthardegg.at\/shop\/embrizzo-alkoholfrei\/embrizzo\/#primaryimage"},"image":{"@id":"https:\/\/guthardegg.at\/shop\/embrizzo-alkoholfrei\/embrizzo\/#primaryimage"},"thumbnailUrl":"https:\/\/guthardegg.at\/wp-content\/uploads\/embrizzo-hiha-0824.jpg","datePublished":"2024-08-05T10:30:52+00:00","dateModified":"2025-11-26T05:38:16+00:00","description":"Mit Hibiskus & Hagebutte. Trocken! \/\/ DIE Weinalternative, sowohl als Speisenbegleiter als auch als Aperitif: Nat\u00fcrlich alkoholfrei. Unser rosafarbener Traubenkombucha eignet sich mit seiner eleganten Aromenvielfalt, seinem trockenen und leicht-moussierenden Charakter besonders als Aperitif, Cocktailpartner und als Speisenbegleiter vor allemzu Gem\u00fcse, Fisch und Gefl\u00fcgel. Er passt auch hervorragend zur Brennnesselsuppe. \/\/ Maximilian Hardegg von Gut Hardegg: \"Ich freue mich sehr \u00fcber diese wirklich gelungene Weinalternative, die wir in Anmutung an die bei uns auf Gut Hardegg h\u00e4ufigen Vogelart Goldammer ,Emberiza citrinella' (lat.) benannt haben.\" \/\/ Lucas Matthies von kein & low: \"Der Embrizzo Traubenkombucha begeistert mich bereits in der Nase. W\u00fcrde man ihn blind verkosten, k\u00f6nnte man ihn f\u00fcr einen Wei\u00dfwein mit etwas Maischestandzeit halten. Im Mund entfalten sich Aromen von Hagebutte, Hibiskus und wunderbaren w\u00fcrzigen Noten. Die Gerbstoffe des Kombuchas fangen die S\u00e4ure perfekt ein, Zucker sucht man hier vergeblich. Der fulminante Nachhall rundet das Geschmackserlebnis ab.\"\u00a0","breadcrumb":{"@id":"https:\/\/guthardegg.at\/shop\/embrizzo-alkoholfrei\/embrizzo\/#breadcrumb"},"inLanguage":"en-US","potentialAction":[{"@type":"ReadAction","target":["https:\/\/guthardegg.at\/shop\/embrizzo-alkoholfrei\/embrizzo\/"]}]},{"@type":"ImageObject","inLanguage":"en-US","@id":"https:\/\/guthardegg.at\/shop\/embrizzo-alkoholfrei\/embrizzo\/#primaryimage","url":"https:\/\/guthardegg.at\/wp-content\/uploads\/embrizzo-hiha-0824.jpg","contentUrl":"https:\/\/guthardegg.at\/wp-content\/uploads\/embrizzo-hiha-0824.jpg","width":600,"height":800,"caption":"Traubenkombucha mit Hibiskus & Hagebutte"},{"@type":"BreadcrumbList","@id":"https:\/\/guthardegg.at\/shop\/embrizzo-alkoholfrei\/embrizzo\/#breadcrumb","itemListElement":[{"@type":"ListItem","position":1,"name":"gut hardegg","item":"https:\/\/guthardegg.at\/"},{"@type":"ListItem","position":2,"name":"Shop","item":"https:\/\/guthardegg.at\/shop\/"},{"@type":"ListItem","position":3,"name":"ALKOHOLFREI","item":"https:\/\/guthardegg.at\/kategorie\/embrizzo-alkoholfrei\/"},{"@type":"ListItem","position":4,"name":"EMBRIZZO &#8222;ros\u00e9&#8220;"}]},{"@type":"WebSite","@id":"https:\/\/guthardegg.at\/#website","url":"https:\/\/guthardegg.at\/","name":"Gut Hardegg","description":"Gelebte Artenvielfalt","publisher":{"@id":"https:\/\/guthardegg.at\/#organization"},"potentialAction":[{"@type":"SearchAction","target":{"@type":"EntryPoint","urlTemplate":"https:\/\/guthardegg.at\/?s={search_term_string}"},"query-input":{"@type":"PropertyValueSpecification","valueRequired":true,"valueName":"search_term_string"}}],"inLanguage":"en-US"},{"@type":"Organization","@id":"https:\/\/guthardegg.at\/#organization","name":"Gut Hardegg","url":"https:\/\/guthardegg.at\/","logo":{"@type":"ImageObject","inLanguage":"en-US","@id":"https:\/\/guthardegg.at\/#\/schema\/logo\/image\/","url":"https:\/\/guthardegg.at\/wp-content\/uploads\/2020\/05\/Gut-Hardegg-logo.png","contentUrl":"https:\/\/guthardegg.at\/wp-content\/uploads\/2020\/05\/Gut-Hardegg-logo.png","width":945,"height":560,"caption":"Gut Hardegg"},"image":{"@id":"https:\/\/guthardegg.at\/#\/schema\/logo\/image\/"}}]}},"_links":{"self":[{"href":"https:\/\/guthardegg.at\/en\/wp-json\/wp\/v2\/product\/6856","targetHints":{"allow":["GET"]}}],"collection":[{"href":"https:\/\/guthardegg.at\/en\/wp-json\/wp\/v2\/product"}],"about":[{"href":"https:\/\/guthardegg.at\/en\/wp-json\/wp\/v2\/types\/product"}],"wp:featuredmedia":[{"embeddable":true,"href":"https:\/\/guthardegg.at\/en\/wp-json\/wp\/v2\/media\/6857"}],"wp:attachment":[{"href":"https:\/\/guthardegg.at\/en\/wp-json\/wp\/v2\/media?parent=6856"}],"wp:term":[{"taxonomy":"product_brand","embeddable":true,"href":"https:\/\/guthardegg.at\/en\/wp-json\/wp\/v2\/product_brand?post=6856"},{"taxonomy":"product_cat","embeddable":true,"href":"https:\/\/guthardegg.at\/en\/wp-json\/wp\/v2\/product_cat?post=6856"},{"taxonomy":"product_tag","embeddable":true,"href":"https:\/\/guthardegg.at\/en\/wp-json\/wp\/v2\/product_tag?post=6856"}],"curies":[{"name":"wp","href":"https:\/\/api.w.org\/{rel}","templated":true}]}}