{"id":7379,"date":"2025-03-30T18:00:44","date_gmt":"2025-03-30T16:00:44","guid":{"rendered":"https:\/\/guthardegg.at\/?post_type=product&#038;p=7379"},"modified":"2025-07-24T14:56:32","modified_gmt":"2025-07-24T12:56:32","slug":"zweigelt-haenfling","status":"publish","type":"product","link":"https:\/\/guthardegg.at\/en\/shop\/weine\/vogel-edition\/zweigelt-haenfling\/","title":{"rendered":"ZWEIGELT"},"content":{"rendered":"<p class=\"p1\">Rubinrot. In der Nase feinfruchtige Beerennoten, am Gaumen finessenreich, lebendige Kirschnote und Weichseln, ein Hauch von Mandeln. Passt hervorragend zu Kalbfleisch, geschmort oder ged\u00fcnstet; Kalbsbutterschnitzel, Ossobuco; Aber auch Wild und Wildgefl\u00fcgel, Kartoffel- und Nudelgerichte werden harmonisch begleitet.<\/p>\n<p><strong>Im Zeichen der Artenvielfalt. QR-Code einmal anders.<\/strong><br \/>\nDiese Wein-Edition wurde von uns entwickelt, um das Bewusstsein f\u00fcr Artenvielfalt &amp; Biodiversit\u00e4t auch im Alltag der Konsument*innen zu f\u00f6rdern. Eine Besonderheit dieser Edition sind die R\u00fcckenetiketten mit passender Vogelstimme, die \u00fcber einen QR-Code sofort abgerufen werden kann. Neugierig? Probieren Sie es doch einfach aus und holen Sie sich fr\u00f6hliches Vogelgezwitscher auf\u2019s Handy oder nach Hause!<\/p>\n<p><span style=\"text-decoration: underline;\"><span style=\"font-size: 8pt;\"><a href=\"https:\/\/guthardegg.at\/wp-content\/uploads\/NWD-ZWEIGELT-HAENFLING-2024.pdf\" target=\"_blank\" rel=\"noopener\">\u00bb N\u00e4hrwertdeklaration<\/a><\/span><\/span><\/p>","protected":false},"excerpt":{"rendered":"<p>Rubinrot. In der Nase feinfruchtige Beerennoten, am Gaumen finessenreich, lebendige Kirschnote und Weichseln, ein Hauch von Mandeln. Passt hervorragend zu Kalbfleisch, geschmort oder ged\u00fcnstet; Kalbsbutterschnitzel, Ossobuco; Aber auch Wild und Wildgefl\u00fcgel, Kartoffel- und Nudelgerichte werden harmonisch begleitet. Im Zeichen der Artenvielfalt. QR-Code einmal anders. Diese Wein-Edition wurde von uns entwickelt, um das Bewusstsein f\u00fcr Artenvielfalt [&#8230;]<\/p>","protected":false},"featured_media":7378,"template":"","meta":{"_acf_changed":false},"product_brand":[],"product_cat":[96],"product_tag":[201,206,207],"class_list":{"0":"post-7379","1":"product","2":"type-product","3":"status-publish","4":"has-post-thumbnail","6":"product_cat-vogel-edition","7":"product_tag-haenfling","8":"product_tag-weine-mit-vogelstimmen","9":"product_tag-zweogelt","11":"first","12":"instock","13":"taxable","14":"shipping-taxable","15":"purchasable","16":"product-type-simple"},"acf":[],"yoast_head":"<!-- This site is optimized with the Yoast SEO plugin v24.8.1 - https:\/\/yoast.com\/wordpress\/plugins\/seo\/ -->\n<title>ZWEIGELT - Gut Hardegg<\/title>\n<meta name=\"description\" content=\"Rubinrot. In der Nase feinfruchtige Beerennoten, am Gaumen finessenreich, lebendige Kirschnote und Weichseln, ein Hauch von Mandeln. Passt hervorragend zu Kalbfleisch, geschmort oder ged\u00fcnstet; Kalbsbutterschnitzel, Ossobuco; Aber auch Wild und Wildgefl\u00fcgel, Kartoffel- und Nudelgerichte werden harmonisch begleitet.\" \/>\n<meta name=\"robots\" content=\"index, follow, max-snippet:-1, max-image-preview:large, max-video-preview:-1\" \/>\n<link rel=\"canonical\" href=\"https:\/\/guthardegg.at\/en\/shop\/weine\/vogel-edition\/zweigelt-haenfling\/\" \/>\n<meta property=\"og:locale\" content=\"en_US\" \/>\n<meta property=\"og:type\" content=\"article\" \/>\n<meta property=\"og:title\" content=\"Zweigelt &quot;H\u00e4nfling&quot;\" \/>\n<meta property=\"og:description\" content=\"Rubinrot. In der Nase feinfruchtige Beerennoten, am Gaumen finessenreich, lebendige Kirschnote und Weichseln, ein Hauch von Mandeln. Passt hervorragend zu Kalbfleisch, geschmort oder ged\u00fcnstet; Kalbsbutterschnitzel, Ossobuco; Aber auch Wild und Wildgefl\u00fcgel, Kartoffel- und Nudelgerichte werden harmonisch begleitet. \/\/ Im Zeichen der Artenvielfalt. QR-Code einmal anders. \/\/ Diese Wein-Edition wurde von uns entwickelt, um das Bewusstsein f\u00fcr Artenvielfalt &amp; Biodiversit\u00e4t auch im Alltag der Konsument*innen zu f\u00f6rdern. Eine Besonderheit dieser Edition sind die R\u00fcckenetiketten mit passender Vogelstimme, die \u00fcber einen QR-Code sofort abgerufen werden kann. Neugierig? Probieren Sie es doch einfach aus und holen Sie sich fr\u00f6hliches Vogelgezwitscher auf\u2019s Handy oder nach Hause!\" \/>\n<meta property=\"og:url\" content=\"https:\/\/guthardegg.at\/en\/shop\/weine\/vogel-edition\/zweigelt-haenfling\/\" \/>\n<meta property=\"og:site_name\" content=\"Gut Hardegg\" \/>\n<meta property=\"article:modified_time\" content=\"2025-07-24T12:56:32+00:00\" \/>\n<meta property=\"og:image\" content=\"https:\/\/guthardegg.at\/wp-content\/uploads\/Produkte_webshop_600x800px_ZWEIGELT_haenfling.jpg\" \/>\n\t<meta property=\"og:image:width\" content=\"600\" \/>\n\t<meta property=\"og:image:height\" content=\"800\" \/>\n\t<meta property=\"og:image:type\" content=\"image\/jpeg\" \/>\n<meta name=\"twitter:card\" content=\"summary_large_image\" \/>\n<meta name=\"twitter:label1\" content=\"Est. reading time\" \/>\n\t<meta name=\"twitter:data1\" content=\"1 minute\" \/>\n<script type=\"application\/ld+json\" class=\"yoast-schema-graph\">{\"@context\":\"https:\/\/schema.org\",\"@graph\":[{\"@type\":\"WebPage\",\"@id\":\"https:\/\/guthardegg.at\/shop\/weine\/vogel-edition\/zweigelt-haenfling\/\",\"url\":\"https:\/\/guthardegg.at\/shop\/weine\/vogel-edition\/zweigelt-haenfling\/\",\"name\":\"ZWEIGELT - Gut Hardegg\",\"isPartOf\":{\"@id\":\"https:\/\/guthardegg.at\/#website\"},\"primaryImageOfPage\":{\"@id\":\"https:\/\/guthardegg.at\/shop\/weine\/vogel-edition\/zweigelt-haenfling\/#primaryimage\"},\"image\":{\"@id\":\"https:\/\/guthardegg.at\/shop\/weine\/vogel-edition\/zweigelt-haenfling\/#primaryimage\"},\"thumbnailUrl\":\"https:\/\/guthardegg.at\/wp-content\/uploads\/Produkte_webshop_600x800px_ZWEIGELT_haenfling.jpg\",\"datePublished\":\"2025-03-30T16:00:44+00:00\",\"dateModified\":\"2025-07-24T12:56:32+00:00\",\"description\":\"Rubinrot. In der Nase feinfruchtige Beerennoten, am Gaumen finessenreich, lebendige Kirschnote und Weichseln, ein Hauch von Mandeln. Passt hervorragend zu Kalbfleisch, geschmort oder ged\u00fcnstet; Kalbsbutterschnitzel, Ossobuco; Aber auch Wild und Wildgefl\u00fcgel, Kartoffel- und Nudelgerichte werden harmonisch begleitet.\",\"breadcrumb\":{\"@id\":\"https:\/\/guthardegg.at\/shop\/weine\/vogel-edition\/zweigelt-haenfling\/#breadcrumb\"},\"inLanguage\":\"en-US\",\"potentialAction\":[{\"@type\":\"ReadAction\",\"target\":[\"https:\/\/guthardegg.at\/shop\/weine\/vogel-edition\/zweigelt-haenfling\/\"]}]},{\"@type\":\"ImageObject\",\"inLanguage\":\"en-US\",\"@id\":\"https:\/\/guthardegg.at\/shop\/weine\/vogel-edition\/zweigelt-haenfling\/#primaryimage\",\"url\":\"https:\/\/guthardegg.at\/wp-content\/uploads\/Produkte_webshop_600x800px_ZWEIGELT_haenfling.jpg\",\"contentUrl\":\"https:\/\/guthardegg.at\/wp-content\/uploads\/Produkte_webshop_600x800px_ZWEIGELT_haenfling.jpg\",\"width\":600,\"height\":800},{\"@type\":\"BreadcrumbList\",\"@id\":\"https:\/\/guthardegg.at\/shop\/weine\/vogel-edition\/zweigelt-haenfling\/#breadcrumb\",\"itemListElement\":[{\"@type\":\"ListItem\",\"position\":1,\"name\":\"gut hardegg\",\"item\":\"https:\/\/guthardegg.at\/\"},{\"@type\":\"ListItem\",\"position\":2,\"name\":\"Shop\",\"item\":\"https:\/\/guthardegg.at\/shop\/\"},{\"@type\":\"ListItem\",\"position\":3,\"name\":\"Weine\",\"item\":\"https:\/\/guthardegg.at\/kategorie\/weine\/\"},{\"@type\":\"ListItem\",\"position\":4,\"name\":\"Vogel-Edition\",\"item\":\"https:\/\/guthardegg.at\/kategorie\/weine\/vogel-edition\/\"},{\"@type\":\"ListItem\",\"position\":5,\"name\":\"ZWEIGELT\"}]},{\"@type\":\"WebSite\",\"@id\":\"https:\/\/guthardegg.at\/#website\",\"url\":\"https:\/\/guthardegg.at\/\",\"name\":\"Gut Hardegg\",\"description\":\"Gelebte Artenvielfalt\",\"publisher\":{\"@id\":\"https:\/\/guthardegg.at\/#organization\"},\"potentialAction\":[{\"@type\":\"SearchAction\",\"target\":{\"@type\":\"EntryPoint\",\"urlTemplate\":\"https:\/\/guthardegg.at\/?s={search_term_string}\"},\"query-input\":{\"@type\":\"PropertyValueSpecification\",\"valueRequired\":true,\"valueName\":\"search_term_string\"}}],\"inLanguage\":\"en-US\"},{\"@type\":\"Organization\",\"@id\":\"https:\/\/guthardegg.at\/#organization\",\"name\":\"Gut Hardegg\",\"url\":\"https:\/\/guthardegg.at\/\",\"logo\":{\"@type\":\"ImageObject\",\"inLanguage\":\"en-US\",\"@id\":\"https:\/\/guthardegg.at\/#\/schema\/logo\/image\/\",\"url\":\"https:\/\/guthardegg.at\/wp-content\/uploads\/2020\/05\/Gut-Hardegg-logo.png\",\"contentUrl\":\"https:\/\/guthardegg.at\/wp-content\/uploads\/2020\/05\/Gut-Hardegg-logo.png\",\"width\":945,\"height\":560,\"caption\":\"Gut Hardegg\"},\"image\":{\"@id\":\"https:\/\/guthardegg.at\/#\/schema\/logo\/image\/\"}}]}<\/script>\n<!-- \/ Yoast SEO plugin. -->","yoast_head_json":{"title":"ZWEIGELT - Gut Hardegg","description":"Rubinrot. In der Nase feinfruchtige Beerennoten, am Gaumen finessenreich, lebendige Kirschnote und Weichseln, ein Hauch von Mandeln. Passt hervorragend zu Kalbfleisch, geschmort oder ged\u00fcnstet; Kalbsbutterschnitzel, Ossobuco; Aber auch Wild und Wildgefl\u00fcgel, Kartoffel- und Nudelgerichte werden harmonisch begleitet.","robots":{"index":"index","follow":"follow","max-snippet":"max-snippet:-1","max-image-preview":"max-image-preview:large","max-video-preview":"max-video-preview:-1"},"canonical":"https:\/\/guthardegg.at\/en\/shop\/weine\/vogel-edition\/zweigelt-haenfling\/","og_locale":"en_US","og_type":"article","og_title":"Zweigelt \"H\u00e4nfling\"","og_description":"Rubinrot. In der Nase feinfruchtige Beerennoten, am Gaumen finessenreich, lebendige Kirschnote und Weichseln, ein Hauch von Mandeln. Passt hervorragend zu Kalbfleisch, geschmort oder ged\u00fcnstet; Kalbsbutterschnitzel, Ossobuco; Aber auch Wild und Wildgefl\u00fcgel, Kartoffel- und Nudelgerichte werden harmonisch begleitet. \/\/ Im Zeichen der Artenvielfalt. QR-Code einmal anders. \/\/ Diese Wein-Edition wurde von uns entwickelt, um das Bewusstsein f\u00fcr Artenvielfalt & Biodiversit\u00e4t auch im Alltag der Konsument*innen zu f\u00f6rdern. Eine Besonderheit dieser Edition sind die R\u00fcckenetiketten mit passender Vogelstimme, die \u00fcber einen QR-Code sofort abgerufen werden kann. Neugierig? Probieren Sie es doch einfach aus und holen Sie sich fr\u00f6hliches Vogelgezwitscher auf\u2019s Handy oder nach Hause!","og_url":"https:\/\/guthardegg.at\/en\/shop\/weine\/vogel-edition\/zweigelt-haenfling\/","og_site_name":"Gut Hardegg","article_modified_time":"2025-07-24T12:56:32+00:00","og_image":[{"width":600,"height":800,"url":"https:\/\/guthardegg.at\/wp-content\/uploads\/Produkte_webshop_600x800px_ZWEIGELT_haenfling.jpg","type":"image\/jpeg"}],"twitter_card":"summary_large_image","twitter_misc":{"Est. reading time":"1 minute"},"schema":{"@context":"https:\/\/schema.org","@graph":[{"@type":"WebPage","@id":"https:\/\/guthardegg.at\/shop\/weine\/vogel-edition\/zweigelt-haenfling\/","url":"https:\/\/guthardegg.at\/shop\/weine\/vogel-edition\/zweigelt-haenfling\/","name":"ZWEIGELT - Gut Hardegg","isPartOf":{"@id":"https:\/\/guthardegg.at\/#website"},"primaryImageOfPage":{"@id":"https:\/\/guthardegg.at\/shop\/weine\/vogel-edition\/zweigelt-haenfling\/#primaryimage"},"image":{"@id":"https:\/\/guthardegg.at\/shop\/weine\/vogel-edition\/zweigelt-haenfling\/#primaryimage"},"thumbnailUrl":"https:\/\/guthardegg.at\/wp-content\/uploads\/Produkte_webshop_600x800px_ZWEIGELT_haenfling.jpg","datePublished":"2025-03-30T16:00:44+00:00","dateModified":"2025-07-24T12:56:32+00:00","description":"Rubinrot. In der Nase feinfruchtige Beerennoten, am Gaumen finessenreich, lebendige Kirschnote und Weichseln, ein Hauch von Mandeln. Passt hervorragend zu Kalbfleisch, geschmort oder ged\u00fcnstet; Kalbsbutterschnitzel, Ossobuco; Aber auch Wild und Wildgefl\u00fcgel, Kartoffel- und Nudelgerichte werden harmonisch begleitet.","breadcrumb":{"@id":"https:\/\/guthardegg.at\/shop\/weine\/vogel-edition\/zweigelt-haenfling\/#breadcrumb"},"inLanguage":"en-US","potentialAction":[{"@type":"ReadAction","target":["https:\/\/guthardegg.at\/shop\/weine\/vogel-edition\/zweigelt-haenfling\/"]}]},{"@type":"ImageObject","inLanguage":"en-US","@id":"https:\/\/guthardegg.at\/shop\/weine\/vogel-edition\/zweigelt-haenfling\/#primaryimage","url":"https:\/\/guthardegg.at\/wp-content\/uploads\/Produkte_webshop_600x800px_ZWEIGELT_haenfling.jpg","contentUrl":"https:\/\/guthardegg.at\/wp-content\/uploads\/Produkte_webshop_600x800px_ZWEIGELT_haenfling.jpg","width":600,"height":800},{"@type":"BreadcrumbList","@id":"https:\/\/guthardegg.at\/shop\/weine\/vogel-edition\/zweigelt-haenfling\/#breadcrumb","itemListElement":[{"@type":"ListItem","position":1,"name":"gut hardegg","item":"https:\/\/guthardegg.at\/"},{"@type":"ListItem","position":2,"name":"Shop","item":"https:\/\/guthardegg.at\/shop\/"},{"@type":"ListItem","position":3,"name":"Weine","item":"https:\/\/guthardegg.at\/kategorie\/weine\/"},{"@type":"ListItem","position":4,"name":"Vogel-Edition","item":"https:\/\/guthardegg.at\/kategorie\/weine\/vogel-edition\/"},{"@type":"ListItem","position":5,"name":"ZWEIGELT"}]},{"@type":"WebSite","@id":"https:\/\/guthardegg.at\/#website","url":"https:\/\/guthardegg.at\/","name":"Gut Hardegg","description":"Gelebte Artenvielfalt","publisher":{"@id":"https:\/\/guthardegg.at\/#organization"},"potentialAction":[{"@type":"SearchAction","target":{"@type":"EntryPoint","urlTemplate":"https:\/\/guthardegg.at\/?s={search_term_string}"},"query-input":{"@type":"PropertyValueSpecification","valueRequired":true,"valueName":"search_term_string"}}],"inLanguage":"en-US"},{"@type":"Organization","@id":"https:\/\/guthardegg.at\/#organization","name":"Gut Hardegg","url":"https:\/\/guthardegg.at\/","logo":{"@type":"ImageObject","inLanguage":"en-US","@id":"https:\/\/guthardegg.at\/#\/schema\/logo\/image\/","url":"https:\/\/guthardegg.at\/wp-content\/uploads\/2020\/05\/Gut-Hardegg-logo.png","contentUrl":"https:\/\/guthardegg.at\/wp-content\/uploads\/2020\/05\/Gut-Hardegg-logo.png","width":945,"height":560,"caption":"Gut Hardegg"},"image":{"@id":"https:\/\/guthardegg.at\/#\/schema\/logo\/image\/"}}]}},"_links":{"self":[{"href":"https:\/\/guthardegg.at\/en\/wp-json\/wp\/v2\/product\/7379","targetHints":{"allow":["GET"]}}],"collection":[{"href":"https:\/\/guthardegg.at\/en\/wp-json\/wp\/v2\/product"}],"about":[{"href":"https:\/\/guthardegg.at\/en\/wp-json\/wp\/v2\/types\/product"}],"wp:featuredmedia":[{"embeddable":true,"href":"https:\/\/guthardegg.at\/en\/wp-json\/wp\/v2\/media\/7378"}],"wp:attachment":[{"href":"https:\/\/guthardegg.at\/en\/wp-json\/wp\/v2\/media?parent=7379"}],"wp:term":[{"taxonomy":"product_brand","embeddable":true,"href":"https:\/\/guthardegg.at\/en\/wp-json\/wp\/v2\/product_brand?post=7379"},{"taxonomy":"product_cat","embeddable":true,"href":"https:\/\/guthardegg.at\/en\/wp-json\/wp\/v2\/product_cat?post=7379"},{"taxonomy":"product_tag","embeddable":true,"href":"https:\/\/guthardegg.at\/en\/wp-json\/wp\/v2\/product_tag?post=7379"}],"curies":[{"name":"wp","href":"https:\/\/api.w.org\/{rel}","templated":true}]}}