{"id":7382,"date":"2025-03-30T18:48:41","date_gmt":"2025-03-30T16:48:41","guid":{"rendered":"https:\/\/guthardegg.at\/?post_type=product&#038;p=7382"},"modified":"2025-11-25T07:25:25","modified_gmt":"2025-11-25T06:25:25","slug":"6er-paket-gv-edition-girlitz","status":"publish","type":"product","link":"https:\/\/guthardegg.at\/en\/shop\/weine\/vogel-edition\/6er-paket-gv-edition-girlitz\/","title":{"rendered":"6er-Paket GV Edition &#8222;Girlitz&#8220;"},"content":{"rendered":"<p class=\"p1\"><b>Jetzt \u2013 15 %! 6 Flaschen Gr\u00fcner Veltliner \u201eGirlitz\u201c 2024<\/b><\/p>\n<p>Dieser sortentypische Veltliner aus dem n\u00f6rdlichen Nieder\u00f6sterreich pr\u00e4sentiert sich in strahlendem Gelbgr\u00fcn mit viel Frische und \u201epfeffriger\u201c W\u00fcrze. Steinobst und Wiesenkr\u00e4uter mit einem Hauch Zitrus. Herrlicher S\u00e4urebogen. Der Universalwein zu vielen warmen oder kalten Speisen, ob Schnitzel, Fisch oder Buffet.<\/p>\n<p>Eine Besonderheit dieser Edition sind die R\u00fcckenetiketten mit passender Vogelstimme, die \u00fcber einen QR-Code sofort abgerufen werden kann. Neugierig? Probieren Sie es doch einfach aus und holen Sie sich fr\u00f6hliches Vogelgezwitscher aufs Handy oder nach Hause!\u00a0F\u00fcr gr\u00f6\u00dfere Bestellungen kontaktieren Sie uns gerne unter <a href=\"mailto:office@guthardegg.at\" target=\"_blank\" rel=\"noopener\">office@guthardegg.at<\/a><\/p>\n<p><a href=\"http:\/\/qrco.de\/bfh5OJ\" target=\"_blank\" rel=\"noopener\">\u00bb N\u00e4hrwertdeklaration<\/a><\/p>","protected":false},"excerpt":{"rendered":"<p>Jetzt \u2013 15 %! 6 Flaschen Gr\u00fcner Veltliner \u201eGirlitz\u201c 2024 Dieser sortentypische Veltliner aus dem n\u00f6rdlichen Nieder\u00f6sterreich pr\u00e4sentiert sich in strahlendem Gelbgr\u00fcn mit viel Frische und \u201epfeffriger\u201c W\u00fcrze. Steinobst und Wiesenkr\u00e4uter mit einem Hauch Zitrus. Herrlicher S\u00e4urebogen. Der Universalwein zu vielen warmen oder kalten Speisen, ob Schnitzel, Fisch oder Buffet. Eine Besonderheit dieser Edition sind [&#8230;]<\/p>","protected":false},"featured_media":7376,"template":"","meta":{"_acf_changed":false},"product_brand":[],"product_cat":[76,96,24],"product_tag":[208,200,165,203,206,59],"class_list":{"0":"post-7382","1":"product","2":"type-product","3":"status-publish","4":"has-post-thumbnail","6":"product_cat-angebote","7":"product_cat-vogel-edition","8":"product_cat-weine","9":"product_tag-6er-paket","10":"product_tag-girlitz","11":"product_tag-gruener-veltliner","12":"product_tag-vogelstimmen","13":"product_tag-weine-mit-vogelstimmen","14":"product_tag-weisswein","16":"first","17":"instock","18":"sale","19":"taxable","20":"shipping-taxable","21":"purchasable","22":"product-type-simple"},"acf":[],"yoast_head":"<!-- This site is optimized with the Yoast SEO plugin v24.8.1 - https:\/\/yoast.com\/wordpress\/plugins\/seo\/ -->\n<title>6er-Paket GV Edition &quot;Girlitz&quot; - Gut Hardegg<\/title>\n<meta name=\"description\" content=\"Jetzt \u2013 15 %! 6 Flaschen Gr\u00fcner Veltliner \u201eGirlitz\u201c 2024Dieser sortentypische Veltliner aus dem n\u00f6rdlichen Nieder\u00f6sterreich pr\u00e4sentiert sich in strahlendem Gelbgr\u00fcn mit viel Frische und \u201epfeffriger\u201c W\u00fcrze. Steinobst und Wiesenkr\u00e4uter mit einem Hauch Zitrus. Herrlicher S\u00e4urebogen. Der Universalwein zu vielen warmen oder kalten Speisen, ob Schnitzel, Fisch oder Buffet.Eine Besonderheit dieser Edition sind die R\u00fcckenetiketten mit passender Vogelstimme, die \u00fcber einen QR-Code sofort abgerufen werden kann. Neugierig? Probieren Sie es doch einfach aus und holen Sie sich fr\u00f6hliches Vogelgezwitscher aufs Handy oder nach Hause!\" \/>\n<meta name=\"robots\" content=\"index, follow, max-snippet:-1, max-image-preview:large, max-video-preview:-1\" \/>\n<link rel=\"canonical\" href=\"https:\/\/guthardegg.at\/en\/shop\/weine\/vogel-edition\/6er-paket-gv-edition-girlitz\/\" \/>\n<meta property=\"og:locale\" content=\"en_US\" \/>\n<meta property=\"og:type\" content=\"article\" \/>\n<meta property=\"og:title\" content=\"Jetzt \u2013 15 %! 6 Flaschen GV Edition \u201eGirlitz&quot; 2024.\" \/>\n<meta property=\"og:description\" content=\"Dieser sortentypische Veltliner aus dem n\u00f6rdlichen Nieder\u00f6sterreich pr\u00e4sentiert sich in strahlendem Gelbgr\u00fcn mit viel Frische und \u201epfeffriger\u201c W\u00fcrze. Steinobst und Wiesenkr\u00e4uter mit einem Hauch Zitrus. Herrlicher S\u00e4urebogen. Der Universalwein zu vielen warmen oder kalten Speisen, ob Schnitzel, Fisch oder Buffet. \/\/ Eine Besonderheit dieser Edition sind die R\u00fcckenetiketten mit passender Vogelstimme, die \u00fcber einen QR-Code sofort abgerufen werden kann. Neugierig? Probieren Sie es doch einfach aus und holen Sie sich fr\u00f6hliches Vogelgezwitscher auf\u2019s Handy oder nach Hause!\" \/>\n<meta property=\"og:url\" content=\"https:\/\/guthardegg.at\/en\/shop\/weine\/vogel-edition\/6er-paket-gv-edition-girlitz\/\" \/>\n<meta property=\"og:site_name\" content=\"Gut Hardegg\" \/>\n<meta property=\"article:modified_time\" content=\"2025-11-25T06:25:25+00:00\" \/>\n<meta property=\"og:image\" content=\"https:\/\/guthardegg.at\/wp-content\/uploads\/Edition-Girlitz-GV-6er.jpg\" \/>\n\t<meta property=\"og:image:width\" content=\"600\" \/>\n\t<meta property=\"og:image:height\" content=\"800\" \/>\n\t<meta property=\"og:image:type\" content=\"image\/jpeg\" \/>\n<meta name=\"twitter:card\" content=\"summary_large_image\" \/>\n<meta name=\"twitter:label1\" content=\"Est. reading time\" \/>\n\t<meta name=\"twitter:data1\" content=\"1 minute\" \/>\n<script type=\"application\/ld+json\" class=\"yoast-schema-graph\">{\"@context\":\"https:\/\/schema.org\",\"@graph\":[{\"@type\":\"WebPage\",\"@id\":\"https:\/\/guthardegg.at\/shop\/weine\/vogel-edition\/6er-paket-gv-edition-girlitz\/\",\"url\":\"https:\/\/guthardegg.at\/shop\/weine\/vogel-edition\/6er-paket-gv-edition-girlitz\/\",\"name\":\"6er-Paket GV Edition \\\"Girlitz\\\" - Gut Hardegg\",\"isPartOf\":{\"@id\":\"https:\/\/guthardegg.at\/#website\"},\"primaryImageOfPage\":{\"@id\":\"https:\/\/guthardegg.at\/shop\/weine\/vogel-edition\/6er-paket-gv-edition-girlitz\/#primaryimage\"},\"image\":{\"@id\":\"https:\/\/guthardegg.at\/shop\/weine\/vogel-edition\/6er-paket-gv-edition-girlitz\/#primaryimage\"},\"thumbnailUrl\":\"https:\/\/guthardegg.at\/wp-content\/uploads\/Edition-Girlitz-GV-6er.jpg\",\"datePublished\":\"2025-03-30T16:48:41+00:00\",\"dateModified\":\"2025-11-25T06:25:25+00:00\",\"description\":\"Jetzt \u2013 15 %! 6 Flaschen Gr\u00fcner Veltliner \u201eGirlitz\u201c 2024Dieser sortentypische Veltliner aus dem n\u00f6rdlichen Nieder\u00f6sterreich pr\u00e4sentiert sich in strahlendem Gelbgr\u00fcn mit viel Frische und \u201epfeffriger\u201c W\u00fcrze. Steinobst und Wiesenkr\u00e4uter mit einem Hauch Zitrus. Herrlicher S\u00e4urebogen. Der Universalwein zu vielen warmen oder kalten Speisen, ob Schnitzel, Fisch oder Buffet.Eine Besonderheit dieser Edition sind die R\u00fcckenetiketten mit passender Vogelstimme, die \u00fcber einen QR-Code sofort abgerufen werden kann. Neugierig? Probieren Sie es doch einfach aus und holen Sie sich fr\u00f6hliches Vogelgezwitscher aufs Handy oder nach Hause!\",\"breadcrumb\":{\"@id\":\"https:\/\/guthardegg.at\/shop\/weine\/vogel-edition\/6er-paket-gv-edition-girlitz\/#breadcrumb\"},\"inLanguage\":\"en-US\",\"potentialAction\":[{\"@type\":\"ReadAction\",\"target\":[\"https:\/\/guthardegg.at\/shop\/weine\/vogel-edition\/6er-paket-gv-edition-girlitz\/\"]}]},{\"@type\":\"ImageObject\",\"inLanguage\":\"en-US\",\"@id\":\"https:\/\/guthardegg.at\/shop\/weine\/vogel-edition\/6er-paket-gv-edition-girlitz\/#primaryimage\",\"url\":\"https:\/\/guthardegg.at\/wp-content\/uploads\/Edition-Girlitz-GV-6er.jpg\",\"contentUrl\":\"https:\/\/guthardegg.at\/wp-content\/uploads\/Edition-Girlitz-GV-6er.jpg\",\"width\":600,\"height\":800},{\"@type\":\"BreadcrumbList\",\"@id\":\"https:\/\/guthardegg.at\/shop\/weine\/vogel-edition\/6er-paket-gv-edition-girlitz\/#breadcrumb\",\"itemListElement\":[{\"@type\":\"ListItem\",\"position\":1,\"name\":\"gut hardegg\",\"item\":\"https:\/\/guthardegg.at\/\"},{\"@type\":\"ListItem\",\"position\":2,\"name\":\"Shop\",\"item\":\"https:\/\/guthardegg.at\/shop\/\"},{\"@type\":\"ListItem\",\"position\":3,\"name\":\"Weine\",\"item\":\"https:\/\/guthardegg.at\/kategorie\/weine\/\"},{\"@type\":\"ListItem\",\"position\":4,\"name\":\"6er-Paket GV Edition &#8222;Girlitz&#8220;\"}]},{\"@type\":\"WebSite\",\"@id\":\"https:\/\/guthardegg.at\/#website\",\"url\":\"https:\/\/guthardegg.at\/\",\"name\":\"Gut Hardegg\",\"description\":\"Gelebte Artenvielfalt\",\"publisher\":{\"@id\":\"https:\/\/guthardegg.at\/#organization\"},\"potentialAction\":[{\"@type\":\"SearchAction\",\"target\":{\"@type\":\"EntryPoint\",\"urlTemplate\":\"https:\/\/guthardegg.at\/?s={search_term_string}\"},\"query-input\":{\"@type\":\"PropertyValueSpecification\",\"valueRequired\":true,\"valueName\":\"search_term_string\"}}],\"inLanguage\":\"en-US\"},{\"@type\":\"Organization\",\"@id\":\"https:\/\/guthardegg.at\/#organization\",\"name\":\"Gut Hardegg\",\"url\":\"https:\/\/guthardegg.at\/\",\"logo\":{\"@type\":\"ImageObject\",\"inLanguage\":\"en-US\",\"@id\":\"https:\/\/guthardegg.at\/#\/schema\/logo\/image\/\",\"url\":\"https:\/\/guthardegg.at\/wp-content\/uploads\/2020\/05\/Gut-Hardegg-logo.png\",\"contentUrl\":\"https:\/\/guthardegg.at\/wp-content\/uploads\/2020\/05\/Gut-Hardegg-logo.png\",\"width\":945,\"height\":560,\"caption\":\"Gut Hardegg\"},\"image\":{\"@id\":\"https:\/\/guthardegg.at\/#\/schema\/logo\/image\/\"}}]}<\/script>\n<!-- \/ Yoast SEO plugin. -->","yoast_head_json":{"title":"6er-Paket GV Edition \"Girlitz\" - Gut Hardegg","description":"Jetzt \u2013 15 %! 6 Flaschen Gr\u00fcner Veltliner \u201eGirlitz\u201c 2024Dieser sortentypische Veltliner aus dem n\u00f6rdlichen Nieder\u00f6sterreich pr\u00e4sentiert sich in strahlendem Gelbgr\u00fcn mit viel Frische und \u201epfeffriger\u201c W\u00fcrze. Steinobst und Wiesenkr\u00e4uter mit einem Hauch Zitrus. Herrlicher S\u00e4urebogen. Der Universalwein zu vielen warmen oder kalten Speisen, ob Schnitzel, Fisch oder Buffet.Eine Besonderheit dieser Edition sind die R\u00fcckenetiketten mit passender Vogelstimme, die \u00fcber einen QR-Code sofort abgerufen werden kann. Neugierig? Probieren Sie es doch einfach aus und holen Sie sich fr\u00f6hliches Vogelgezwitscher aufs Handy oder nach Hause!","robots":{"index":"index","follow":"follow","max-snippet":"max-snippet:-1","max-image-preview":"max-image-preview:large","max-video-preview":"max-video-preview:-1"},"canonical":"https:\/\/guthardegg.at\/en\/shop\/weine\/vogel-edition\/6er-paket-gv-edition-girlitz\/","og_locale":"en_US","og_type":"article","og_title":"Jetzt \u2013 15 %! 6 Flaschen GV Edition \u201eGirlitz\" 2024.","og_description":"Dieser sortentypische Veltliner aus dem n\u00f6rdlichen Nieder\u00f6sterreich pr\u00e4sentiert sich in strahlendem Gelbgr\u00fcn mit viel Frische und \u201epfeffriger\u201c W\u00fcrze. Steinobst und Wiesenkr\u00e4uter mit einem Hauch Zitrus. Herrlicher S\u00e4urebogen. Der Universalwein zu vielen warmen oder kalten Speisen, ob Schnitzel, Fisch oder Buffet. \/\/ Eine Besonderheit dieser Edition sind die R\u00fcckenetiketten mit passender Vogelstimme, die \u00fcber einen QR-Code sofort abgerufen werden kann. Neugierig? Probieren Sie es doch einfach aus und holen Sie sich fr\u00f6hliches Vogelgezwitscher auf\u2019s Handy oder nach Hause!","og_url":"https:\/\/guthardegg.at\/en\/shop\/weine\/vogel-edition\/6er-paket-gv-edition-girlitz\/","og_site_name":"Gut Hardegg","article_modified_time":"2025-11-25T06:25:25+00:00","og_image":[{"width":600,"height":800,"url":"https:\/\/guthardegg.at\/wp-content\/uploads\/Edition-Girlitz-GV-6er.jpg","type":"image\/jpeg"}],"twitter_card":"summary_large_image","twitter_misc":{"Est. reading time":"1 minute"},"schema":{"@context":"https:\/\/schema.org","@graph":[{"@type":"WebPage","@id":"https:\/\/guthardegg.at\/shop\/weine\/vogel-edition\/6er-paket-gv-edition-girlitz\/","url":"https:\/\/guthardegg.at\/shop\/weine\/vogel-edition\/6er-paket-gv-edition-girlitz\/","name":"6er-Paket GV Edition \"Girlitz\" - Gut Hardegg","isPartOf":{"@id":"https:\/\/guthardegg.at\/#website"},"primaryImageOfPage":{"@id":"https:\/\/guthardegg.at\/shop\/weine\/vogel-edition\/6er-paket-gv-edition-girlitz\/#primaryimage"},"image":{"@id":"https:\/\/guthardegg.at\/shop\/weine\/vogel-edition\/6er-paket-gv-edition-girlitz\/#primaryimage"},"thumbnailUrl":"https:\/\/guthardegg.at\/wp-content\/uploads\/Edition-Girlitz-GV-6er.jpg","datePublished":"2025-03-30T16:48:41+00:00","dateModified":"2025-11-25T06:25:25+00:00","description":"Jetzt \u2013 15 %! 6 Flaschen Gr\u00fcner Veltliner \u201eGirlitz\u201c 2024Dieser sortentypische Veltliner aus dem n\u00f6rdlichen Nieder\u00f6sterreich pr\u00e4sentiert sich in strahlendem Gelbgr\u00fcn mit viel Frische und \u201epfeffriger\u201c W\u00fcrze. Steinobst und Wiesenkr\u00e4uter mit einem Hauch Zitrus. Herrlicher S\u00e4urebogen. Der Universalwein zu vielen warmen oder kalten Speisen, ob Schnitzel, Fisch oder Buffet.Eine Besonderheit dieser Edition sind die R\u00fcckenetiketten mit passender Vogelstimme, die \u00fcber einen QR-Code sofort abgerufen werden kann. Neugierig? Probieren Sie es doch einfach aus und holen Sie sich fr\u00f6hliches Vogelgezwitscher aufs Handy oder nach Hause!","breadcrumb":{"@id":"https:\/\/guthardegg.at\/shop\/weine\/vogel-edition\/6er-paket-gv-edition-girlitz\/#breadcrumb"},"inLanguage":"en-US","potentialAction":[{"@type":"ReadAction","target":["https:\/\/guthardegg.at\/shop\/weine\/vogel-edition\/6er-paket-gv-edition-girlitz\/"]}]},{"@type":"ImageObject","inLanguage":"en-US","@id":"https:\/\/guthardegg.at\/shop\/weine\/vogel-edition\/6er-paket-gv-edition-girlitz\/#primaryimage","url":"https:\/\/guthardegg.at\/wp-content\/uploads\/Edition-Girlitz-GV-6er.jpg","contentUrl":"https:\/\/guthardegg.at\/wp-content\/uploads\/Edition-Girlitz-GV-6er.jpg","width":600,"height":800},{"@type":"BreadcrumbList","@id":"https:\/\/guthardegg.at\/shop\/weine\/vogel-edition\/6er-paket-gv-edition-girlitz\/#breadcrumb","itemListElement":[{"@type":"ListItem","position":1,"name":"gut hardegg","item":"https:\/\/guthardegg.at\/"},{"@type":"ListItem","position":2,"name":"Shop","item":"https:\/\/guthardegg.at\/shop\/"},{"@type":"ListItem","position":3,"name":"Weine","item":"https:\/\/guthardegg.at\/kategorie\/weine\/"},{"@type":"ListItem","position":4,"name":"6er-Paket GV Edition &#8222;Girlitz&#8220;"}]},{"@type":"WebSite","@id":"https:\/\/guthardegg.at\/#website","url":"https:\/\/guthardegg.at\/","name":"Gut Hardegg","description":"Gelebte Artenvielfalt","publisher":{"@id":"https:\/\/guthardegg.at\/#organization"},"potentialAction":[{"@type":"SearchAction","target":{"@type":"EntryPoint","urlTemplate":"https:\/\/guthardegg.at\/?s={search_term_string}"},"query-input":{"@type":"PropertyValueSpecification","valueRequired":true,"valueName":"search_term_string"}}],"inLanguage":"en-US"},{"@type":"Organization","@id":"https:\/\/guthardegg.at\/#organization","name":"Gut Hardegg","url":"https:\/\/guthardegg.at\/","logo":{"@type":"ImageObject","inLanguage":"en-US","@id":"https:\/\/guthardegg.at\/#\/schema\/logo\/image\/","url":"https:\/\/guthardegg.at\/wp-content\/uploads\/2020\/05\/Gut-Hardegg-logo.png","contentUrl":"https:\/\/guthardegg.at\/wp-content\/uploads\/2020\/05\/Gut-Hardegg-logo.png","width":945,"height":560,"caption":"Gut Hardegg"},"image":{"@id":"https:\/\/guthardegg.at\/#\/schema\/logo\/image\/"}}]}},"_links":{"self":[{"href":"https:\/\/guthardegg.at\/en\/wp-json\/wp\/v2\/product\/7382","targetHints":{"allow":["GET"]}}],"collection":[{"href":"https:\/\/guthardegg.at\/en\/wp-json\/wp\/v2\/product"}],"about":[{"href":"https:\/\/guthardegg.at\/en\/wp-json\/wp\/v2\/types\/product"}],"wp:featuredmedia":[{"embeddable":true,"href":"https:\/\/guthardegg.at\/en\/wp-json\/wp\/v2\/media\/7376"}],"wp:attachment":[{"href":"https:\/\/guthardegg.at\/en\/wp-json\/wp\/v2\/media?parent=7382"}],"wp:term":[{"taxonomy":"product_brand","embeddable":true,"href":"https:\/\/guthardegg.at\/en\/wp-json\/wp\/v2\/product_brand?post=7382"},{"taxonomy":"product_cat","embeddable":true,"href":"https:\/\/guthardegg.at\/en\/wp-json\/wp\/v2\/product_cat?post=7382"},{"taxonomy":"product_tag","embeddable":true,"href":"https:\/\/guthardegg.at\/en\/wp-json\/wp\/v2\/product_tag?post=7382"}],"curies":[{"name":"wp","href":"https:\/\/api.w.org\/{rel}","templated":true}]}}