{"id":7533,"date":"2025-05-11T12:19:44","date_gmt":"2025-05-11T10:19:44","guid":{"rendered":"https:\/\/guthardegg.at\/?post_type=product&#038;p=7533"},"modified":"2025-05-11T12:22:44","modified_gmt":"2025-05-11T10:22:44","slug":"riesling-ried-steinbuegel-2023","status":"publish","type":"product","link":"https:\/\/guthardegg.at\/en\/shop\/weine\/lagen-reserveweine\/riesling-ried-steinbuegel-2023\/","title":{"rendered":"RIESLING"},"content":{"rendered":"<p><b>Jung und rassig. Ein Jahrgang mit gro\u00dfer Zukunft.<br \/>\n<\/b><\/p>\n<p>Die Rieslingst\u00f6cke der Lage Steinb\u00fcgel haben sehr wenig Fruchtansatz und ergeben einen finessenreichen, mineralischen Wein, der im gro\u00dfen Holzfass gereift ist: reife Ankl\u00e4nge von Steinobst, gelber Pfirsich, Ananas und Maracuja; dezente Extrakts\u00fc\u00dfe mit rassiger S\u00e4urestruktur, die gut integriert ist.<\/p>\n<p><b>Speisenempfehlung<\/b><br \/>\nHarmoniert mit Vorspeisen, Fisch, Schalen- oder Krustentiere und wei\u00dfen Fleischsorten.<\/p>","protected":false},"excerpt":{"rendered":"<p>Jung und rassig. Ein Jahrgang mit gro\u00dfer Zukunft. Die Rieslingst\u00f6cke der Lage Steinb\u00fcgel haben sehr wenig Fruchtansatz und ergeben einen finessenreichen, mineralischen Wein, der im gro\u00dfen Holzfass gereift ist: reife Ankl\u00e4nge von Steinobst, gelber Pfirsich, Ananas und Maracuja; dezente Extrakts\u00fc\u00dfe mit rassiger S\u00e4urestruktur, die gut integriert ist. Speisenempfehlung Harmoniert mit Vorspeisen, Fisch, Schalen- oder Krustentiere [&#8230;]<\/p>","protected":false},"featured_media":5607,"template":"","meta":{"_acf_changed":false},"product_brand":[],"product_cat":[30,24],"product_tag":[59],"class_list":{"0":"post-7533","1":"product","2":"type-product","3":"status-publish","4":"has-post-thumbnail","6":"product_cat-lagen-reserveweine","7":"product_cat-weine","8":"product_tag-weisswein","10":"first","11":"instock","12":"taxable","13":"shipping-taxable","14":"purchasable","15":"product-type-simple"},"acf":[],"yoast_head":"<!-- This site is optimized with the Yoast SEO plugin v24.8.1 - https:\/\/yoast.com\/wordpress\/plugins\/seo\/ -->\n<title>RIESLING - Gut Hardegg<\/title>\n<meta name=\"description\" content=\"Jung und rassig. Ein Jahrgang mit gro\u00dfer Zukunft.Die Rieslingst\u00f6cke der Lage Steinb\u00fcgel haben sehr wenig Frucht-ansatz und ergeben einen finessenreichen, mineralischen Wein, der im gro\u00dfen Holzfass gereift ist: reife Ankl\u00e4nge von Steinobst, gelber Pfirsich, Ananas und Maracuja; dezente Extrakts\u00fc\u00dfe mit rassiger S\u00e4urestruktur, die gut integriert ist. Speisenempfehlung: Harmoniert mit Vorspeisen, Fisch, Schalen- oder Krustentiere und wei\u00dfen Fleischsorten.\" \/>\n<meta name=\"robots\" content=\"index, follow, max-snippet:-1, max-image-preview:large, max-video-preview:-1\" \/>\n<link rel=\"canonical\" href=\"https:\/\/guthardegg.at\/en\/shop\/weine\/lagen-reserveweine\/riesling-ried-steinbuegel-2023\/\" \/>\n<meta property=\"og:locale\" content=\"en_US\" \/>\n<meta property=\"og:type\" content=\"article\" \/>\n<meta property=\"og:title\" content=\"RIESLING - Gut Hardegg\" \/>\n<meta property=\"og:description\" content=\"Jung und rassig. Ein Jahrgang mit gro\u00dfer Zukunft.Die Rieslingst\u00f6cke der Lage Steinb\u00fcgel haben sehr wenig Frucht-ansatz und ergeben einen finessenreichen, mineralischen Wein, der im gro\u00dfen Holzfass gereift ist: reife Ankl\u00e4nge von Steinobst, gelber Pfirsich, Ananas und Maracuja; dezente Extrakts\u00fc\u00dfe mit rassiger S\u00e4urestruktur, die gut integriert ist. Speisenempfehlung: Harmoniert mit Vorspeisen, Fisch, Schalen- oder Krustentiere und wei\u00dfen Fleischsorten.\" \/>\n<meta property=\"og:url\" content=\"https:\/\/guthardegg.at\/en\/shop\/weine\/lagen-reserveweine\/riesling-ried-steinbuegel-2023\/\" \/>\n<meta property=\"og:site_name\" content=\"Gut Hardegg\" \/>\n<meta property=\"article:modified_time\" content=\"2025-05-11T10:22:44+00:00\" \/>\n<meta property=\"og:image\" content=\"https:\/\/guthardegg.at\/wp-content\/uploads\/21_2021_Hardegg_Riesling_Ried_Steinbuegel.jpg\" \/>\n\t<meta property=\"og:image:width\" content=\"600\" \/>\n\t<meta property=\"og:image:height\" content=\"800\" \/>\n\t<meta property=\"og:image:type\" content=\"image\/jpeg\" \/>\n<meta name=\"twitter:card\" content=\"summary_large_image\" \/>\n<meta name=\"twitter:label1\" content=\"Est. reading time\" \/>\n\t<meta name=\"twitter:data1\" content=\"1 minute\" \/>\n<script type=\"application\/ld+json\" class=\"yoast-schema-graph\">{\"@context\":\"https:\/\/schema.org\",\"@graph\":[{\"@type\":\"WebPage\",\"@id\":\"https:\/\/guthardegg.at\/shop\/weine\/lagen-reserveweine\/riesling-ried-steinbuegel-2023\/\",\"url\":\"https:\/\/guthardegg.at\/shop\/weine\/lagen-reserveweine\/riesling-ried-steinbuegel-2023\/\",\"name\":\"RIESLING - Gut Hardegg\",\"isPartOf\":{\"@id\":\"https:\/\/guthardegg.at\/#website\"},\"primaryImageOfPage\":{\"@id\":\"https:\/\/guthardegg.at\/shop\/weine\/lagen-reserveweine\/riesling-ried-steinbuegel-2023\/#primaryimage\"},\"image\":{\"@id\":\"https:\/\/guthardegg.at\/shop\/weine\/lagen-reserveweine\/riesling-ried-steinbuegel-2023\/#primaryimage\"},\"thumbnailUrl\":\"https:\/\/guthardegg.at\/wp-content\/uploads\/21_2021_Hardegg_Riesling_Ried_Steinbuegel.jpg\",\"datePublished\":\"2025-05-11T10:19:44+00:00\",\"dateModified\":\"2025-05-11T10:22:44+00:00\",\"description\":\"Jung und rassig. Ein Jahrgang mit gro\u00dfer Zukunft.Die Rieslingst\u00f6cke der Lage Steinb\u00fcgel haben sehr wenig Frucht-ansatz und ergeben einen finessenreichen, mineralischen Wein, der im gro\u00dfen Holzfass gereift ist: reife Ankl\u00e4nge von Steinobst, gelber Pfirsich, Ananas und Maracuja; dezente Extrakts\u00fc\u00dfe mit rassiger S\u00e4urestruktur, die gut integriert ist. Speisenempfehlung: Harmoniert mit Vorspeisen, Fisch, Schalen- oder Krustentiere und wei\u00dfen Fleischsorten.\",\"breadcrumb\":{\"@id\":\"https:\/\/guthardegg.at\/shop\/weine\/lagen-reserveweine\/riesling-ried-steinbuegel-2023\/#breadcrumb\"},\"inLanguage\":\"en-US\",\"potentialAction\":[{\"@type\":\"ReadAction\",\"target\":[\"https:\/\/guthardegg.at\/shop\/weine\/lagen-reserveweine\/riesling-ried-steinbuegel-2023\/\"]}]},{\"@type\":\"ImageObject\",\"inLanguage\":\"en-US\",\"@id\":\"https:\/\/guthardegg.at\/shop\/weine\/lagen-reserveweine\/riesling-ried-steinbuegel-2023\/#primaryimage\",\"url\":\"https:\/\/guthardegg.at\/wp-content\/uploads\/21_2021_Hardegg_Riesling_Ried_Steinbuegel.jpg\",\"contentUrl\":\"https:\/\/guthardegg.at\/wp-content\/uploads\/21_2021_Hardegg_Riesling_Ried_Steinbuegel.jpg\",\"width\":600,\"height\":800},{\"@type\":\"BreadcrumbList\",\"@id\":\"https:\/\/guthardegg.at\/shop\/weine\/lagen-reserveweine\/riesling-ried-steinbuegel-2023\/#breadcrumb\",\"itemListElement\":[{\"@type\":\"ListItem\",\"position\":1,\"name\":\"gut hardegg\",\"item\":\"https:\/\/guthardegg.at\/\"},{\"@type\":\"ListItem\",\"position\":2,\"name\":\"Shop\",\"item\":\"https:\/\/guthardegg.at\/shop\/\"},{\"@type\":\"ListItem\",\"position\":3,\"name\":\"Weine\",\"item\":\"https:\/\/guthardegg.at\/kategorie\/weine\/\"},{\"@type\":\"ListItem\",\"position\":4,\"name\":\"RIESLING\"}]},{\"@type\":\"WebSite\",\"@id\":\"https:\/\/guthardegg.at\/#website\",\"url\":\"https:\/\/guthardegg.at\/\",\"name\":\"Gut Hardegg\",\"description\":\"Gelebte Artenvielfalt\",\"publisher\":{\"@id\":\"https:\/\/guthardegg.at\/#organization\"},\"potentialAction\":[{\"@type\":\"SearchAction\",\"target\":{\"@type\":\"EntryPoint\",\"urlTemplate\":\"https:\/\/guthardegg.at\/?s={search_term_string}\"},\"query-input\":{\"@type\":\"PropertyValueSpecification\",\"valueRequired\":true,\"valueName\":\"search_term_string\"}}],\"inLanguage\":\"en-US\"},{\"@type\":\"Organization\",\"@id\":\"https:\/\/guthardegg.at\/#organization\",\"name\":\"Gut Hardegg\",\"url\":\"https:\/\/guthardegg.at\/\",\"logo\":{\"@type\":\"ImageObject\",\"inLanguage\":\"en-US\",\"@id\":\"https:\/\/guthardegg.at\/#\/schema\/logo\/image\/\",\"url\":\"https:\/\/guthardegg.at\/wp-content\/uploads\/2020\/05\/Gut-Hardegg-logo.png\",\"contentUrl\":\"https:\/\/guthardegg.at\/wp-content\/uploads\/2020\/05\/Gut-Hardegg-logo.png\",\"width\":945,\"height\":560,\"caption\":\"Gut Hardegg\"},\"image\":{\"@id\":\"https:\/\/guthardegg.at\/#\/schema\/logo\/image\/\"}}]}<\/script>\n<!-- \/ Yoast SEO plugin. -->","yoast_head_json":{"title":"RIESLING - Gut Hardegg","description":"Jung und rassig. Ein Jahrgang mit gro\u00dfer Zukunft.Die Rieslingst\u00f6cke der Lage Steinb\u00fcgel haben sehr wenig Frucht-ansatz und ergeben einen finessenreichen, mineralischen Wein, der im gro\u00dfen Holzfass gereift ist: reife Ankl\u00e4nge von Steinobst, gelber Pfirsich, Ananas und Maracuja; dezente Extrakts\u00fc\u00dfe mit rassiger S\u00e4urestruktur, die gut integriert ist. Speisenempfehlung: Harmoniert mit Vorspeisen, Fisch, Schalen- oder Krustentiere und wei\u00dfen Fleischsorten.","robots":{"index":"index","follow":"follow","max-snippet":"max-snippet:-1","max-image-preview":"max-image-preview:large","max-video-preview":"max-video-preview:-1"},"canonical":"https:\/\/guthardegg.at\/en\/shop\/weine\/lagen-reserveweine\/riesling-ried-steinbuegel-2023\/","og_locale":"en_US","og_type":"article","og_title":"RIESLING - Gut Hardegg","og_description":"Jung und rassig. Ein Jahrgang mit gro\u00dfer Zukunft.Die Rieslingst\u00f6cke der Lage Steinb\u00fcgel haben sehr wenig Frucht-ansatz und ergeben einen finessenreichen, mineralischen Wein, der im gro\u00dfen Holzfass gereift ist: reife Ankl\u00e4nge von Steinobst, gelber Pfirsich, Ananas und Maracuja; dezente Extrakts\u00fc\u00dfe mit rassiger S\u00e4urestruktur, die gut integriert ist. Speisenempfehlung: Harmoniert mit Vorspeisen, Fisch, Schalen- oder Krustentiere und wei\u00dfen Fleischsorten.","og_url":"https:\/\/guthardegg.at\/en\/shop\/weine\/lagen-reserveweine\/riesling-ried-steinbuegel-2023\/","og_site_name":"Gut Hardegg","article_modified_time":"2025-05-11T10:22:44+00:00","og_image":[{"width":600,"height":800,"url":"https:\/\/guthardegg.at\/wp-content\/uploads\/21_2021_Hardegg_Riesling_Ried_Steinbuegel.jpg","type":"image\/jpeg"}],"twitter_card":"summary_large_image","twitter_misc":{"Est. reading time":"1 minute"},"schema":{"@context":"https:\/\/schema.org","@graph":[{"@type":"WebPage","@id":"https:\/\/guthardegg.at\/shop\/weine\/lagen-reserveweine\/riesling-ried-steinbuegel-2023\/","url":"https:\/\/guthardegg.at\/shop\/weine\/lagen-reserveweine\/riesling-ried-steinbuegel-2023\/","name":"RIESLING - Gut Hardegg","isPartOf":{"@id":"https:\/\/guthardegg.at\/#website"},"primaryImageOfPage":{"@id":"https:\/\/guthardegg.at\/shop\/weine\/lagen-reserveweine\/riesling-ried-steinbuegel-2023\/#primaryimage"},"image":{"@id":"https:\/\/guthardegg.at\/shop\/weine\/lagen-reserveweine\/riesling-ried-steinbuegel-2023\/#primaryimage"},"thumbnailUrl":"https:\/\/guthardegg.at\/wp-content\/uploads\/21_2021_Hardegg_Riesling_Ried_Steinbuegel.jpg","datePublished":"2025-05-11T10:19:44+00:00","dateModified":"2025-05-11T10:22:44+00:00","description":"Jung und rassig. Ein Jahrgang mit gro\u00dfer Zukunft.Die Rieslingst\u00f6cke der Lage Steinb\u00fcgel haben sehr wenig Frucht-ansatz und ergeben einen finessenreichen, mineralischen Wein, der im gro\u00dfen Holzfass gereift ist: reife Ankl\u00e4nge von Steinobst, gelber Pfirsich, Ananas und Maracuja; dezente Extrakts\u00fc\u00dfe mit rassiger S\u00e4urestruktur, die gut integriert ist. Speisenempfehlung: Harmoniert mit Vorspeisen, Fisch, Schalen- oder Krustentiere und wei\u00dfen Fleischsorten.","breadcrumb":{"@id":"https:\/\/guthardegg.at\/shop\/weine\/lagen-reserveweine\/riesling-ried-steinbuegel-2023\/#breadcrumb"},"inLanguage":"en-US","potentialAction":[{"@type":"ReadAction","target":["https:\/\/guthardegg.at\/shop\/weine\/lagen-reserveweine\/riesling-ried-steinbuegel-2023\/"]}]},{"@type":"ImageObject","inLanguage":"en-US","@id":"https:\/\/guthardegg.at\/shop\/weine\/lagen-reserveweine\/riesling-ried-steinbuegel-2023\/#primaryimage","url":"https:\/\/guthardegg.at\/wp-content\/uploads\/21_2021_Hardegg_Riesling_Ried_Steinbuegel.jpg","contentUrl":"https:\/\/guthardegg.at\/wp-content\/uploads\/21_2021_Hardegg_Riesling_Ried_Steinbuegel.jpg","width":600,"height":800},{"@type":"BreadcrumbList","@id":"https:\/\/guthardegg.at\/shop\/weine\/lagen-reserveweine\/riesling-ried-steinbuegel-2023\/#breadcrumb","itemListElement":[{"@type":"ListItem","position":1,"name":"gut hardegg","item":"https:\/\/guthardegg.at\/"},{"@type":"ListItem","position":2,"name":"Shop","item":"https:\/\/guthardegg.at\/shop\/"},{"@type":"ListItem","position":3,"name":"Weine","item":"https:\/\/guthardegg.at\/kategorie\/weine\/"},{"@type":"ListItem","position":4,"name":"RIESLING"}]},{"@type":"WebSite","@id":"https:\/\/guthardegg.at\/#website","url":"https:\/\/guthardegg.at\/","name":"Gut Hardegg","description":"Gelebte Artenvielfalt","publisher":{"@id":"https:\/\/guthardegg.at\/#organization"},"potentialAction":[{"@type":"SearchAction","target":{"@type":"EntryPoint","urlTemplate":"https:\/\/guthardegg.at\/?s={search_term_string}"},"query-input":{"@type":"PropertyValueSpecification","valueRequired":true,"valueName":"search_term_string"}}],"inLanguage":"en-US"},{"@type":"Organization","@id":"https:\/\/guthardegg.at\/#organization","name":"Gut Hardegg","url":"https:\/\/guthardegg.at\/","logo":{"@type":"ImageObject","inLanguage":"en-US","@id":"https:\/\/guthardegg.at\/#\/schema\/logo\/image\/","url":"https:\/\/guthardegg.at\/wp-content\/uploads\/2020\/05\/Gut-Hardegg-logo.png","contentUrl":"https:\/\/guthardegg.at\/wp-content\/uploads\/2020\/05\/Gut-Hardegg-logo.png","width":945,"height":560,"caption":"Gut Hardegg"},"image":{"@id":"https:\/\/guthardegg.at\/#\/schema\/logo\/image\/"}}]}},"_links":{"self":[{"href":"https:\/\/guthardegg.at\/en\/wp-json\/wp\/v2\/product\/7533","targetHints":{"allow":["GET"]}}],"collection":[{"href":"https:\/\/guthardegg.at\/en\/wp-json\/wp\/v2\/product"}],"about":[{"href":"https:\/\/guthardegg.at\/en\/wp-json\/wp\/v2\/types\/product"}],"wp:featuredmedia":[{"embeddable":true,"href":"https:\/\/guthardegg.at\/en\/wp-json\/wp\/v2\/media\/5607"}],"wp:attachment":[{"href":"https:\/\/guthardegg.at\/en\/wp-json\/wp\/v2\/media?parent=7533"}],"wp:term":[{"taxonomy":"product_brand","embeddable":true,"href":"https:\/\/guthardegg.at\/en\/wp-json\/wp\/v2\/product_brand?post=7533"},{"taxonomy":"product_cat","embeddable":true,"href":"https:\/\/guthardegg.at\/en\/wp-json\/wp\/v2\/product_cat?post=7533"},{"taxonomy":"product_tag","embeddable":true,"href":"https:\/\/guthardegg.at\/en\/wp-json\/wp\/v2\/product_tag?post=7533"}],"curies":[{"name":"wp","href":"https:\/\/api.w.org\/{rel}","templated":true}]}}