{"id":7843,"date":"2025-11-05T10:20:45","date_gmt":"2025-11-05T09:20:45","guid":{"rendered":"https:\/\/guthardegg.at\/?post_type=product&#038;p=7843"},"modified":"2025-11-05T10:46:17","modified_gmt":"2025-11-05T09:46:17","slug":"merlot","status":"publish","type":"product","link":"https:\/\/guthardegg.at\/en\/shop\/weine\/lagen-reserveweine\/merlot\/","title":{"rendered":"MERLOT"},"content":{"rendered":"<p>\u201eAttraktive R\u00f6stt\u00f6ne, voller W\u00fcrze, rote Beeren, Hagebutten, Ribisel, am Gaumen diesen umklammernd, dicht strukturiert, explodiert am Gaumen, tief und lang, tolle S\u00e4ure, griffiges Tannin, voller Ausdruck, immer pr\u00e4sent, immer offensiv, burschikos, pr\u00e4zise, ungeheure Rasse.\u201c [VINARIA Wineguide 2025\/26]<\/p>\n<p><b>Speisenempfehlung<br \/>\n<\/b>Optimal zu dezent gew\u00fcrzten Fleischspeisen, vor allem zu Kalb, Rind, Ente, Wildgefl\u00fcgel und ganz besonders zu Lamm.<\/p>","protected":false},"excerpt":{"rendered":"<p>\u201eAttraktive R\u00f6stt\u00f6ne, voller W\u00fcrze, rote Beeren, Hagebutten, Ribisel, am Gaumen diesen umklammernd, dicht strukturiert, explodiert am Gaumen, tief und lang, tolle S\u00e4ure, griffiges Tannin, voller Ausdruck, immer pr\u00e4sent, immer offensiv, burschikos, pr\u00e4zise, ungeheure Rasse.\u201c [VINARIA Wineguide 2025\/26] Speisenempfehlung Optimal zu dezent gew\u00fcrzten Fleischspeisen, vor allem zu Kalb, Rind, Ente, Wildgefl\u00fcgel und ganz besonders zu Lamm.<\/p>","protected":false},"featured_media":7799,"template":"","meta":{"_acf_changed":false},"product_brand":[],"product_cat":[30,24],"product_tag":[58],"class_list":{"0":"post-7843","1":"product","2":"type-product","3":"status-publish","4":"has-post-thumbnail","6":"product_cat-lagen-reserveweine","7":"product_cat-weine","8":"product_tag-rotwein","10":"first","11":"instock","12":"taxable","13":"shipping-taxable","14":"purchasable","15":"product-type-simple"},"acf":[],"yoast_head":"<!-- This site is optimized with the Yoast SEO plugin v24.8.1 - https:\/\/yoast.com\/wordpress\/plugins\/seo\/ -->\n<title>MERLOT - Gut Hardegg<\/title>\n<meta name=\"description\" content=\"\u201eAttraktive R\u00f6stt\u00f6ne, voller W\u00fcrze, rote Beeren, Hagebutten, Ribisel, am Gaumen diesen umklammernd, dicht strukturiert, explodiert am Gaumen, tief und lang, tolle S\u00e4ure, griffiges Tannin, voller Ausdruck, immer pr\u00e4sent, immer offensiv, burschikos, pr\u00e4zise, ungeheure Rasse.\u201c [VINARIA Wineguide 2025\/26]\" \/>\n<meta name=\"robots\" content=\"index, follow, max-snippet:-1, max-image-preview:large, max-video-preview:-1\" \/>\n<link rel=\"canonical\" href=\"https:\/\/guthardegg.at\/en\/shop\/weine\/lagen-reserveweine\/merlot\/\" \/>\n<meta property=\"og:locale\" content=\"en_US\" \/>\n<meta property=\"og:type\" content=\"article\" \/>\n<meta property=\"og:title\" content=\"MERLOT - Gut Hardegg\" \/>\n<meta property=\"og:description\" content=\"\u201eAttraktive R\u00f6stt\u00f6ne, voller W\u00fcrze, rote Beeren, Hagebutten, Ribisel, am Gaumen diesen umklammernd, dicht strukturiert, explodiert am Gaumen, tief und lang, tolle S\u00e4ure, griffiges Tannin, voller Ausdruck, immer pr\u00e4sent, immer offensiv, burschikos, pr\u00e4zise, ungeheure Rasse.\u201c [VINARIA Wineguide 2025\/26]\" \/>\n<meta property=\"og:url\" content=\"https:\/\/guthardegg.at\/en\/shop\/weine\/lagen-reserveweine\/merlot\/\" \/>\n<meta property=\"og:site_name\" content=\"Gut Hardegg\" \/>\n<meta property=\"article:modified_time\" content=\"2025-11-05T09:46:17+00:00\" \/>\n<meta property=\"og:image\" content=\"https:\/\/guthardegg.at\/wp-content\/uploads\/25_2019_Hardegg_Pinot_Noir_Ried_Steinbuegel.jpg\" \/>\n\t<meta property=\"og:image:width\" content=\"600\" \/>\n\t<meta property=\"og:image:height\" content=\"800\" \/>\n\t<meta property=\"og:image:type\" content=\"image\/jpeg\" \/>\n<meta name=\"twitter:card\" content=\"summary_large_image\" \/>\n<meta name=\"twitter:label1\" content=\"Est. reading time\" \/>\n\t<meta name=\"twitter:data1\" content=\"1 minute\" \/>\n<script type=\"application\/ld+json\" class=\"yoast-schema-graph\">{\"@context\":\"https:\/\/schema.org\",\"@graph\":[{\"@type\":\"WebPage\",\"@id\":\"https:\/\/guthardegg.at\/shop\/weine\/lagen-reserveweine\/merlot\/\",\"url\":\"https:\/\/guthardegg.at\/shop\/weine\/lagen-reserveweine\/merlot\/\",\"name\":\"MERLOT - Gut Hardegg\",\"isPartOf\":{\"@id\":\"https:\/\/guthardegg.at\/#website\"},\"primaryImageOfPage\":{\"@id\":\"https:\/\/guthardegg.at\/shop\/weine\/lagen-reserveweine\/merlot\/#primaryimage\"},\"image\":{\"@id\":\"https:\/\/guthardegg.at\/shop\/weine\/lagen-reserveweine\/merlot\/#primaryimage\"},\"thumbnailUrl\":\"https:\/\/guthardegg.at\/wp-content\/uploads\/2022_Graf_Hardegg_Merlot.jpg\",\"datePublished\":\"2025-11-05T09:20:45+00:00\",\"dateModified\":\"2025-11-05T09:46:17+00:00\",\"description\":\"\u201eAttraktive R\u00f6stt\u00f6ne, voller W\u00fcrze, rote Beeren, Hagebutten, Ribisel, am Gaumen diesen umklammernd, dicht strukturiert, explodiert am Gaumen, tief und lang, tolle S\u00e4ure, griffiges Tannin, voller Ausdruck, immer pr\u00e4sent, immer offensiv, burschikos, pr\u00e4zise, ungeheure Rasse.\u201c [VINARIA Wineguide 2025\/26]\",\"breadcrumb\":{\"@id\":\"https:\/\/guthardegg.at\/shop\/weine\/lagen-reserveweine\/merlot\/#breadcrumb\"},\"inLanguage\":\"en-US\",\"potentialAction\":[{\"@type\":\"ReadAction\",\"target\":[\"https:\/\/guthardegg.at\/shop\/weine\/lagen-reserveweine\/merlot\/\"]}]},{\"@type\":\"ImageObject\",\"inLanguage\":\"en-US\",\"@id\":\"https:\/\/guthardegg.at\/shop\/weine\/lagen-reserveweine\/merlot\/#primaryimage\",\"url\":\"https:\/\/guthardegg.at\/wp-content\/uploads\/2022_Graf_Hardegg_Merlot.jpg\",\"contentUrl\":\"https:\/\/guthardegg.at\/wp-content\/uploads\/2022_Graf_Hardegg_Merlot.jpg\",\"width\":600,\"height\":800},{\"@type\":\"BreadcrumbList\",\"@id\":\"https:\/\/guthardegg.at\/shop\/weine\/lagen-reserveweine\/merlot\/#breadcrumb\",\"itemListElement\":[{\"@type\":\"ListItem\",\"position\":1,\"name\":\"gut hardegg\",\"item\":\"https:\/\/guthardegg.at\/\"},{\"@type\":\"ListItem\",\"position\":2,\"name\":\"Shop\",\"item\":\"https:\/\/guthardegg.at\/shop\/\"},{\"@type\":\"ListItem\",\"position\":3,\"name\":\"Weine\",\"item\":\"https:\/\/guthardegg.at\/kategorie\/weine\/\"},{\"@type\":\"ListItem\",\"position\":4,\"name\":\"MERLOT\"}]},{\"@type\":\"WebSite\",\"@id\":\"https:\/\/guthardegg.at\/#website\",\"url\":\"https:\/\/guthardegg.at\/\",\"name\":\"Gut Hardegg\",\"description\":\"Gelebte Artenvielfalt\",\"publisher\":{\"@id\":\"https:\/\/guthardegg.at\/#organization\"},\"potentialAction\":[{\"@type\":\"SearchAction\",\"target\":{\"@type\":\"EntryPoint\",\"urlTemplate\":\"https:\/\/guthardegg.at\/?s={search_term_string}\"},\"query-input\":{\"@type\":\"PropertyValueSpecification\",\"valueRequired\":true,\"valueName\":\"search_term_string\"}}],\"inLanguage\":\"en-US\"},{\"@type\":\"Organization\",\"@id\":\"https:\/\/guthardegg.at\/#organization\",\"name\":\"Gut Hardegg\",\"url\":\"https:\/\/guthardegg.at\/\",\"logo\":{\"@type\":\"ImageObject\",\"inLanguage\":\"en-US\",\"@id\":\"https:\/\/guthardegg.at\/#\/schema\/logo\/image\/\",\"url\":\"https:\/\/guthardegg.at\/wp-content\/uploads\/2020\/05\/Gut-Hardegg-logo.png\",\"contentUrl\":\"https:\/\/guthardegg.at\/wp-content\/uploads\/2020\/05\/Gut-Hardegg-logo.png\",\"width\":945,\"height\":560,\"caption\":\"Gut Hardegg\"},\"image\":{\"@id\":\"https:\/\/guthardegg.at\/#\/schema\/logo\/image\/\"}}]}<\/script>\n<!-- \/ Yoast SEO plugin. -->","yoast_head_json":{"title":"MERLOT - Gut Hardegg","description":"\u201eAttraktive R\u00f6stt\u00f6ne, voller W\u00fcrze, rote Beeren, Hagebutten, Ribisel, am Gaumen diesen umklammernd, dicht strukturiert, explodiert am Gaumen, tief und lang, tolle S\u00e4ure, griffiges Tannin, voller Ausdruck, immer pr\u00e4sent, immer offensiv, burschikos, pr\u00e4zise, ungeheure Rasse.\u201c [VINARIA Wineguide 2025\/26]","robots":{"index":"index","follow":"follow","max-snippet":"max-snippet:-1","max-image-preview":"max-image-preview:large","max-video-preview":"max-video-preview:-1"},"canonical":"https:\/\/guthardegg.at\/en\/shop\/weine\/lagen-reserveweine\/merlot\/","og_locale":"en_US","og_type":"article","og_title":"MERLOT - Gut Hardegg","og_description":"\u201eAttraktive R\u00f6stt\u00f6ne, voller W\u00fcrze, rote Beeren, Hagebutten, Ribisel, am Gaumen diesen umklammernd, dicht strukturiert, explodiert am Gaumen, tief und lang, tolle S\u00e4ure, griffiges Tannin, voller Ausdruck, immer pr\u00e4sent, immer offensiv, burschikos, pr\u00e4zise, ungeheure Rasse.\u201c [VINARIA Wineguide 2025\/26]","og_url":"https:\/\/guthardegg.at\/en\/shop\/weine\/lagen-reserveweine\/merlot\/","og_site_name":"Gut Hardegg","article_modified_time":"2025-11-05T09:46:17+00:00","og_image":[{"width":600,"height":800,"url":"https:\/\/guthardegg.at\/wp-content\/uploads\/25_2019_Hardegg_Pinot_Noir_Ried_Steinbuegel.jpg","type":"image\/jpeg"}],"twitter_card":"summary_large_image","twitter_misc":{"Est. reading time":"1 minute"},"schema":{"@context":"https:\/\/schema.org","@graph":[{"@type":"WebPage","@id":"https:\/\/guthardegg.at\/shop\/weine\/lagen-reserveweine\/merlot\/","url":"https:\/\/guthardegg.at\/shop\/weine\/lagen-reserveweine\/merlot\/","name":"MERLOT - Gut Hardegg","isPartOf":{"@id":"https:\/\/guthardegg.at\/#website"},"primaryImageOfPage":{"@id":"https:\/\/guthardegg.at\/shop\/weine\/lagen-reserveweine\/merlot\/#primaryimage"},"image":{"@id":"https:\/\/guthardegg.at\/shop\/weine\/lagen-reserveweine\/merlot\/#primaryimage"},"thumbnailUrl":"https:\/\/guthardegg.at\/wp-content\/uploads\/2022_Graf_Hardegg_Merlot.jpg","datePublished":"2025-11-05T09:20:45+00:00","dateModified":"2025-11-05T09:46:17+00:00","description":"\u201eAttraktive R\u00f6stt\u00f6ne, voller W\u00fcrze, rote Beeren, Hagebutten, Ribisel, am Gaumen diesen umklammernd, dicht strukturiert, explodiert am Gaumen, tief und lang, tolle S\u00e4ure, griffiges Tannin, voller Ausdruck, immer pr\u00e4sent, immer offensiv, burschikos, pr\u00e4zise, ungeheure Rasse.\u201c [VINARIA Wineguide 2025\/26]","breadcrumb":{"@id":"https:\/\/guthardegg.at\/shop\/weine\/lagen-reserveweine\/merlot\/#breadcrumb"},"inLanguage":"en-US","potentialAction":[{"@type":"ReadAction","target":["https:\/\/guthardegg.at\/shop\/weine\/lagen-reserveweine\/merlot\/"]}]},{"@type":"ImageObject","inLanguage":"en-US","@id":"https:\/\/guthardegg.at\/shop\/weine\/lagen-reserveweine\/merlot\/#primaryimage","url":"https:\/\/guthardegg.at\/wp-content\/uploads\/2022_Graf_Hardegg_Merlot.jpg","contentUrl":"https:\/\/guthardegg.at\/wp-content\/uploads\/2022_Graf_Hardegg_Merlot.jpg","width":600,"height":800},{"@type":"BreadcrumbList","@id":"https:\/\/guthardegg.at\/shop\/weine\/lagen-reserveweine\/merlot\/#breadcrumb","itemListElement":[{"@type":"ListItem","position":1,"name":"gut hardegg","item":"https:\/\/guthardegg.at\/"},{"@type":"ListItem","position":2,"name":"Shop","item":"https:\/\/guthardegg.at\/shop\/"},{"@type":"ListItem","position":3,"name":"Weine","item":"https:\/\/guthardegg.at\/kategorie\/weine\/"},{"@type":"ListItem","position":4,"name":"MERLOT"}]},{"@type":"WebSite","@id":"https:\/\/guthardegg.at\/#website","url":"https:\/\/guthardegg.at\/","name":"Gut Hardegg","description":"Gelebte Artenvielfalt","publisher":{"@id":"https:\/\/guthardegg.at\/#organization"},"potentialAction":[{"@type":"SearchAction","target":{"@type":"EntryPoint","urlTemplate":"https:\/\/guthardegg.at\/?s={search_term_string}"},"query-input":{"@type":"PropertyValueSpecification","valueRequired":true,"valueName":"search_term_string"}}],"inLanguage":"en-US"},{"@type":"Organization","@id":"https:\/\/guthardegg.at\/#organization","name":"Gut Hardegg","url":"https:\/\/guthardegg.at\/","logo":{"@type":"ImageObject","inLanguage":"en-US","@id":"https:\/\/guthardegg.at\/#\/schema\/logo\/image\/","url":"https:\/\/guthardegg.at\/wp-content\/uploads\/2020\/05\/Gut-Hardegg-logo.png","contentUrl":"https:\/\/guthardegg.at\/wp-content\/uploads\/2020\/05\/Gut-Hardegg-logo.png","width":945,"height":560,"caption":"Gut Hardegg"},"image":{"@id":"https:\/\/guthardegg.at\/#\/schema\/logo\/image\/"}}]}},"_links":{"self":[{"href":"https:\/\/guthardegg.at\/en\/wp-json\/wp\/v2\/product\/7843","targetHints":{"allow":["GET"]}}],"collection":[{"href":"https:\/\/guthardegg.at\/en\/wp-json\/wp\/v2\/product"}],"about":[{"href":"https:\/\/guthardegg.at\/en\/wp-json\/wp\/v2\/types\/product"}],"wp:featuredmedia":[{"embeddable":true,"href":"https:\/\/guthardegg.at\/en\/wp-json\/wp\/v2\/media\/7799"}],"wp:attachment":[{"href":"https:\/\/guthardegg.at\/en\/wp-json\/wp\/v2\/media?parent=7843"}],"wp:term":[{"taxonomy":"product_brand","embeddable":true,"href":"https:\/\/guthardegg.at\/en\/wp-json\/wp\/v2\/product_brand?post=7843"},{"taxonomy":"product_cat","embeddable":true,"href":"https:\/\/guthardegg.at\/en\/wp-json\/wp\/v2\/product_cat?post=7843"},{"taxonomy":"product_tag","embeddable":true,"href":"https:\/\/guthardegg.at\/en\/wp-json\/wp\/v2\/product_tag?post=7843"}],"curies":[{"name":"wp","href":"https:\/\/api.w.org\/{rel}","templated":true}]}}