{"id":7850,"date":"2025-11-05T11:37:22","date_gmt":"2025-11-05T10:37:22","guid":{"rendered":"https:\/\/guthardegg.at\/?post_type=product&#038;p=7850"},"modified":"2025-11-05T12:03:32","modified_gmt":"2025-11-05T11:03:32","slug":"universalmehl","status":"publish","type":"product","link":"https:\/\/guthardegg.at\/en\/shop\/honig-mehl-oel\/universalmehl\/","title":{"rendered":"UNIVERSALMEHL"},"content":{"rendered":"<p class=\"p1\">Dieses Weizenmehl aus hochwertigem und gehaltvollem Weizen des n\u00f6rdlichen Weinviertels ist der Allrounder unter den Mehlsorten: Die Mischung von glattem und griffigen Mehl im Verh\u00e4ltnis von 1:1 erm\u00f6glicht eine nahezu universelle Verwendung.<span class=\"Apple-converted-space\">\u00a0 <\/span>Perfekt also, wenn man \u00fcber die Wahl des richtigen Mehls nicht zuviel nachdenken will und m\u00f6glichst wenige Mehlsorten zuhause lagern m\u00f6chte.<br \/>\n<strong>Regional &amp; nachhaltig<\/strong> in Nieder\u00f6sterreich hergestellt.<\/p>\n<p class=\"p1\">Als lebensfrohen Botschafter der Artenvielfalt finden Sie den <em>Haussperling<\/em> auf der Verpackung. Solange ganzj\u00e4hrig S\u00e4mereien, Getreidek\u00f6rner und ausreichend Nistm\u00f6glichkeiten vorhanden sind, f\u00fchlt sich dieser wohl. Durch reichlich Windschutzg\u00fcrtel und Hecken schaffen wir beste Lebensbedingungen. GUT HARDEGG wurde bereits mehrfach f\u00fcr seine nachhaltige Landbewirtschaftung ausgezeichnet.<\/p>\n<p class=\"p1\">Ein besonders hochwertiges und gehaltvolles Mehl aus dem n\u00f6rdlichen Weinviertel.<\/p>","protected":false},"excerpt":{"rendered":"<p>Dieses Weizenmehl aus hochwertigem und gehaltvollem Weizen des n\u00f6rdlichen Weinviertels ist der Allrounder unter den Mehlsorten: Die Mischung von glattem und griffigen Mehl im Verh\u00e4ltnis von 1:1 erm\u00f6glicht eine nahezu universelle Verwendung.\u00a0 Perfekt also, wenn man \u00fcber die Wahl des richtigen Mehls nicht zuviel nachdenken will und m\u00f6glichst wenige Mehlsorten zuhause lagern m\u00f6chte. Regional &amp; [&#8230;]<\/p>","protected":false},"featured_media":7798,"template":"","meta":{"_acf_changed":false},"product_brand":[],"product_cat":[34],"product_tag":[],"class_list":{"0":"post-7850","1":"product","2":"type-product","3":"status-publish","4":"has-post-thumbnail","6":"product_cat-honig-mehl-oel","8":"first","9":"instock","10":"taxable","11":"shipping-taxable","12":"purchasable","13":"product-type-simple"},"acf":[],"yoast_head":"<!-- This site is optimized with the Yoast SEO plugin v24.8.1 - https:\/\/yoast.com\/wordpress\/plugins\/seo\/ -->\n<title>UNIVERSALMEHL - Gut Hardegg<\/title>\n<meta name=\"robots\" content=\"index, follow, max-snippet:-1, max-image-preview:large, max-video-preview:-1\" \/>\n<link rel=\"canonical\" href=\"https:\/\/guthardegg.at\/en\/shop\/honig-mehl-oel\/universalmehl\/\" \/>\n<meta property=\"og:locale\" content=\"en_US\" \/>\n<meta property=\"og:type\" content=\"article\" \/>\n<meta property=\"og:title\" content=\"UNIVERSALMEHL - Gut Hardegg\" \/>\n<meta property=\"og:description\" content=\"Dieses Weizenmehl aus hochwertigem und gehaltvollem Weizen des n\u00f6rdlichen Weinviertels ist der Allrounder unter den Mehlsorten: Die Mischung von glattem und griffigen Mehl im Verh\u00e4ltnis von 1:1 erm\u00f6glicht eine nahezu universelle Verwendung.\u00a0 Perfekt also, wenn man \u00fcber die Wahl des richtigen Mehls nicht zuviel nachdenken will und m\u00f6glichst wenige Mehlsorten zuhause lagern m\u00f6chte. Regional &amp; [...]\" \/>\n<meta property=\"og:url\" content=\"https:\/\/guthardegg.at\/en\/shop\/honig-mehl-oel\/universalmehl\/\" \/>\n<meta property=\"og:site_name\" content=\"Gut Hardegg\" \/>\n<meta property=\"article:modified_time\" content=\"2025-11-05T11:03:32+00:00\" \/>\n<meta property=\"og:image\" content=\"https:\/\/guthardegg.at\/wp-content\/uploads\/GUT-HARDEGG-MEHL-UNIVERSAL.jpg\" \/>\n\t<meta property=\"og:image:width\" content=\"600\" \/>\n\t<meta property=\"og:image:height\" content=\"800\" \/>\n\t<meta property=\"og:image:type\" content=\"image\/jpeg\" \/>\n<meta name=\"twitter:card\" content=\"summary_large_image\" \/>\n<meta name=\"twitter:label1\" content=\"Est. reading time\" \/>\n\t<meta name=\"twitter:data1\" content=\"1 minute\" \/>\n<script type=\"application\/ld+json\" class=\"yoast-schema-graph\">{\"@context\":\"https:\/\/schema.org\",\"@graph\":[{\"@type\":\"WebPage\",\"@id\":\"https:\/\/guthardegg.at\/shop\/honig-mehl-oel\/universalmehl\/\",\"url\":\"https:\/\/guthardegg.at\/shop\/honig-mehl-oel\/universalmehl\/\",\"name\":\"UNIVERSALMEHL - Gut Hardegg\",\"isPartOf\":{\"@id\":\"https:\/\/guthardegg.at\/#website\"},\"primaryImageOfPage\":{\"@id\":\"https:\/\/guthardegg.at\/shop\/honig-mehl-oel\/universalmehl\/#primaryimage\"},\"image\":{\"@id\":\"https:\/\/guthardegg.at\/shop\/honig-mehl-oel\/universalmehl\/#primaryimage\"},\"thumbnailUrl\":\"https:\/\/guthardegg.at\/wp-content\/uploads\/GUT-HARDEGG-MEHL-UNIVERSAL.jpg\",\"datePublished\":\"2025-11-05T10:37:22+00:00\",\"dateModified\":\"2025-11-05T11:03:32+00:00\",\"breadcrumb\":{\"@id\":\"https:\/\/guthardegg.at\/shop\/honig-mehl-oel\/universalmehl\/#breadcrumb\"},\"inLanguage\":\"en-US\",\"potentialAction\":[{\"@type\":\"ReadAction\",\"target\":[\"https:\/\/guthardegg.at\/shop\/honig-mehl-oel\/universalmehl\/\"]}]},{\"@type\":\"ImageObject\",\"inLanguage\":\"en-US\",\"@id\":\"https:\/\/guthardegg.at\/shop\/honig-mehl-oel\/universalmehl\/#primaryimage\",\"url\":\"https:\/\/guthardegg.at\/wp-content\/uploads\/GUT-HARDEGG-MEHL-UNIVERSAL.jpg\",\"contentUrl\":\"https:\/\/guthardegg.at\/wp-content\/uploads\/GUT-HARDEGG-MEHL-UNIVERSAL.jpg\",\"width\":600,\"height\":800},{\"@type\":\"BreadcrumbList\",\"@id\":\"https:\/\/guthardegg.at\/shop\/honig-mehl-oel\/universalmehl\/#breadcrumb\",\"itemListElement\":[{\"@type\":\"ListItem\",\"position\":1,\"name\":\"gut hardegg\",\"item\":\"https:\/\/guthardegg.at\/\"},{\"@type\":\"ListItem\",\"position\":2,\"name\":\"Shop\",\"item\":\"https:\/\/guthardegg.at\/shop\/\"},{\"@type\":\"ListItem\",\"position\":3,\"name\":\"Honig, Mehl &amp; \u00d6l\",\"item\":\"https:\/\/guthardegg.at\/kategorie\/honig-mehl-oel\/\"},{\"@type\":\"ListItem\",\"position\":4,\"name\":\"UNIVERSALMEHL\"}]},{\"@type\":\"WebSite\",\"@id\":\"https:\/\/guthardegg.at\/#website\",\"url\":\"https:\/\/guthardegg.at\/\",\"name\":\"Gut Hardegg\",\"description\":\"Gelebte Artenvielfalt\",\"publisher\":{\"@id\":\"https:\/\/guthardegg.at\/#organization\"},\"potentialAction\":[{\"@type\":\"SearchAction\",\"target\":{\"@type\":\"EntryPoint\",\"urlTemplate\":\"https:\/\/guthardegg.at\/?s={search_term_string}\"},\"query-input\":{\"@type\":\"PropertyValueSpecification\",\"valueRequired\":true,\"valueName\":\"search_term_string\"}}],\"inLanguage\":\"en-US\"},{\"@type\":\"Organization\",\"@id\":\"https:\/\/guthardegg.at\/#organization\",\"name\":\"Gut Hardegg\",\"url\":\"https:\/\/guthardegg.at\/\",\"logo\":{\"@type\":\"ImageObject\",\"inLanguage\":\"en-US\",\"@id\":\"https:\/\/guthardegg.at\/#\/schema\/logo\/image\/\",\"url\":\"https:\/\/guthardegg.at\/wp-content\/uploads\/2020\/05\/Gut-Hardegg-logo.png\",\"contentUrl\":\"https:\/\/guthardegg.at\/wp-content\/uploads\/2020\/05\/Gut-Hardegg-logo.png\",\"width\":945,\"height\":560,\"caption\":\"Gut Hardegg\"},\"image\":{\"@id\":\"https:\/\/guthardegg.at\/#\/schema\/logo\/image\/\"}}]}<\/script>\n<!-- \/ Yoast SEO plugin. -->","yoast_head_json":{"title":"UNIVERSALMEHL - Gut Hardegg","robots":{"index":"index","follow":"follow","max-snippet":"max-snippet:-1","max-image-preview":"max-image-preview:large","max-video-preview":"max-video-preview:-1"},"canonical":"https:\/\/guthardegg.at\/en\/shop\/honig-mehl-oel\/universalmehl\/","og_locale":"en_US","og_type":"article","og_title":"UNIVERSALMEHL - Gut Hardegg","og_description":"Dieses Weizenmehl aus hochwertigem und gehaltvollem Weizen des n\u00f6rdlichen Weinviertels ist der Allrounder unter den Mehlsorten: Die Mischung von glattem und griffigen Mehl im Verh\u00e4ltnis von 1:1 erm\u00f6glicht eine nahezu universelle Verwendung.\u00a0 Perfekt also, wenn man \u00fcber die Wahl des richtigen Mehls nicht zuviel nachdenken will und m\u00f6glichst wenige Mehlsorten zuhause lagern m\u00f6chte. Regional &amp; [...]","og_url":"https:\/\/guthardegg.at\/en\/shop\/honig-mehl-oel\/universalmehl\/","og_site_name":"Gut Hardegg","article_modified_time":"2025-11-05T11:03:32+00:00","og_image":[{"width":600,"height":800,"url":"https:\/\/guthardegg.at\/wp-content\/uploads\/GUT-HARDEGG-MEHL-UNIVERSAL.jpg","type":"image\/jpeg"}],"twitter_card":"summary_large_image","twitter_misc":{"Est. reading time":"1 minute"},"schema":{"@context":"https:\/\/schema.org","@graph":[{"@type":"WebPage","@id":"https:\/\/guthardegg.at\/shop\/honig-mehl-oel\/universalmehl\/","url":"https:\/\/guthardegg.at\/shop\/honig-mehl-oel\/universalmehl\/","name":"UNIVERSALMEHL - Gut Hardegg","isPartOf":{"@id":"https:\/\/guthardegg.at\/#website"},"primaryImageOfPage":{"@id":"https:\/\/guthardegg.at\/shop\/honig-mehl-oel\/universalmehl\/#primaryimage"},"image":{"@id":"https:\/\/guthardegg.at\/shop\/honig-mehl-oel\/universalmehl\/#primaryimage"},"thumbnailUrl":"https:\/\/guthardegg.at\/wp-content\/uploads\/GUT-HARDEGG-MEHL-UNIVERSAL.jpg","datePublished":"2025-11-05T10:37:22+00:00","dateModified":"2025-11-05T11:03:32+00:00","breadcrumb":{"@id":"https:\/\/guthardegg.at\/shop\/honig-mehl-oel\/universalmehl\/#breadcrumb"},"inLanguage":"en-US","potentialAction":[{"@type":"ReadAction","target":["https:\/\/guthardegg.at\/shop\/honig-mehl-oel\/universalmehl\/"]}]},{"@type":"ImageObject","inLanguage":"en-US","@id":"https:\/\/guthardegg.at\/shop\/honig-mehl-oel\/universalmehl\/#primaryimage","url":"https:\/\/guthardegg.at\/wp-content\/uploads\/GUT-HARDEGG-MEHL-UNIVERSAL.jpg","contentUrl":"https:\/\/guthardegg.at\/wp-content\/uploads\/GUT-HARDEGG-MEHL-UNIVERSAL.jpg","width":600,"height":800},{"@type":"BreadcrumbList","@id":"https:\/\/guthardegg.at\/shop\/honig-mehl-oel\/universalmehl\/#breadcrumb","itemListElement":[{"@type":"ListItem","position":1,"name":"gut hardegg","item":"https:\/\/guthardegg.at\/"},{"@type":"ListItem","position":2,"name":"Shop","item":"https:\/\/guthardegg.at\/shop\/"},{"@type":"ListItem","position":3,"name":"Honig, Mehl &amp; \u00d6l","item":"https:\/\/guthardegg.at\/kategorie\/honig-mehl-oel\/"},{"@type":"ListItem","position":4,"name":"UNIVERSALMEHL"}]},{"@type":"WebSite","@id":"https:\/\/guthardegg.at\/#website","url":"https:\/\/guthardegg.at\/","name":"Gut Hardegg","description":"Gelebte Artenvielfalt","publisher":{"@id":"https:\/\/guthardegg.at\/#organization"},"potentialAction":[{"@type":"SearchAction","target":{"@type":"EntryPoint","urlTemplate":"https:\/\/guthardegg.at\/?s={search_term_string}"},"query-input":{"@type":"PropertyValueSpecification","valueRequired":true,"valueName":"search_term_string"}}],"inLanguage":"en-US"},{"@type":"Organization","@id":"https:\/\/guthardegg.at\/#organization","name":"Gut Hardegg","url":"https:\/\/guthardegg.at\/","logo":{"@type":"ImageObject","inLanguage":"en-US","@id":"https:\/\/guthardegg.at\/#\/schema\/logo\/image\/","url":"https:\/\/guthardegg.at\/wp-content\/uploads\/2020\/05\/Gut-Hardegg-logo.png","contentUrl":"https:\/\/guthardegg.at\/wp-content\/uploads\/2020\/05\/Gut-Hardegg-logo.png","width":945,"height":560,"caption":"Gut Hardegg"},"image":{"@id":"https:\/\/guthardegg.at\/#\/schema\/logo\/image\/"}}]}},"_links":{"self":[{"href":"https:\/\/guthardegg.at\/en\/wp-json\/wp\/v2\/product\/7850","targetHints":{"allow":["GET"]}}],"collection":[{"href":"https:\/\/guthardegg.at\/en\/wp-json\/wp\/v2\/product"}],"about":[{"href":"https:\/\/guthardegg.at\/en\/wp-json\/wp\/v2\/types\/product"}],"wp:featuredmedia":[{"embeddable":true,"href":"https:\/\/guthardegg.at\/en\/wp-json\/wp\/v2\/media\/7798"}],"wp:attachment":[{"href":"https:\/\/guthardegg.at\/en\/wp-json\/wp\/v2\/media?parent=7850"}],"wp:term":[{"taxonomy":"product_brand","embeddable":true,"href":"https:\/\/guthardegg.at\/en\/wp-json\/wp\/v2\/product_brand?post=7850"},{"taxonomy":"product_cat","embeddable":true,"href":"https:\/\/guthardegg.at\/en\/wp-json\/wp\/v2\/product_cat?post=7850"},{"taxonomy":"product_tag","embeddable":true,"href":"https:\/\/guthardegg.at\/en\/wp-json\/wp\/v2\/product_tag?post=7850"}],"curies":[{"name":"wp","href":"https:\/\/api.w.org\/{rel}","templated":true}]}}