{"id":7942,"date":"2025-11-17T10:50:33","date_gmt":"2025-11-17T09:50:33","guid":{"rendered":"https:\/\/guthardegg.at\/?post_type=product&#038;p=7942"},"modified":"2026-02-24T13:48:47","modified_gmt":"2026-02-24T12:48:47","slug":"embrizzo-white","status":"publish","type":"product","link":"https:\/\/guthardegg.at\/en\/shop\/embrizzo-alkoholfrei\/embrizzo-white\/","title":{"rendered":"EMBRIZZO &#8222;white&#8220;"},"content":{"rendered":"<p><strong>NEU! Mit Zitronenmelisse &amp; Holunder<\/strong><\/p>\n<p>Dieser Traubenkombucha zeigt sich von einer vollmundigeren Seite \u2013 mit sanfter Perlage, fruchtigem Schmelz und herrlich s\u00fcffigem Trinkfluss. Er\u00a0\u00fcberzeugt mit harmonischer F\u00fclle und dezenter Rests\u00fc\u00dfe \u2013 ein idealer Begleiter zu w\u00fcrzigen Speisen, reifem K\u00e4se, Gem\u00fcsegerichten oder asiatischer K\u00fcche.\u00a0Auch solo genossen entfaltet er seine ganze Tiefe und ist eine k\u00f6stliche alkoholfreie Alternative mit Charakter.<\/p>\n<p>EMBRIZZO Traubenkombucha \u2013 das kombucha-fermentierte Premium-Traubengetr\u00e4nk mit Kr\u00e4utern und Bl\u00fcten auf Basis von entalkoholisiertem Wein.<br \/>\n<strong>Die Weinalternative. Nat\u00fcrlich alkoholfrei.<\/strong><\/p>\n<p class=\"p1\"><strong>EMBRACE THE TASTE!<\/strong><\/p>","protected":false},"excerpt":{"rendered":"<p>NEU! Mit Zitronenmelisse &amp; Holunder Dieser Traubenkombucha zeigt sich von einer vollmundigeren Seite \u2013 mit sanfter Perlage, fruchtigem Schmelz und herrlich s\u00fcffigem Trinkfluss. Er\u00a0\u00fcberzeugt mit harmonischer F\u00fclle und dezenter Rests\u00fc\u00dfe \u2013 ein idealer Begleiter zu w\u00fcrzigen Speisen, reifem K\u00e4se, Gem\u00fcsegerichten oder asiatischer K\u00fcche.\u00a0Auch solo genossen entfaltet er seine ganze Tiefe und ist eine k\u00f6stliche alkoholfreie [&#8230;]<\/p>","protected":false},"featured_media":7940,"template":"","meta":{"_acf_changed":false},"product_brand":[],"product_cat":[186],"product_tag":[],"class_list":{"0":"post-7942","1":"product","2":"type-product","3":"status-publish","4":"has-post-thumbnail","6":"product_cat-embrizzo-alkoholfrei","8":"first","9":"instock","10":"taxable","11":"shipping-taxable","12":"purchasable","13":"product-type-simple"},"acf":[],"yoast_head":"<!-- This site is optimized with the Yoast SEO plugin v24.8.1 - https:\/\/yoast.com\/wordpress\/plugins\/seo\/ -->\n<title>EMBRIZZO &quot;white&quot; - Gut Hardegg<\/title>\n<meta name=\"description\" content=\"NEU! Mit Zitronenmelisse &amp; HolunderDieser Traubenkombucha zeigt sich von einer vollmundigeren Seite \u2013 mit sanfter Perlage, fruchtigem Schmelz und herrlich s\u00fcffigem Trinkfluss. Er\u00a0\u00fcberzeugt mit harmonischer F\u00fclle und dezenter Rests\u00fc\u00dfe \u2013 ein idealer Begleiter zu w\u00fcrzigen Speisen, reifem K\u00e4se, Gem\u00fcsegerichten oder asiatischer K\u00fcche.\u00a0Auch solo genossen entfaltet er seine ganze Tiefe und ist eine k\u00f6stliche alkoholfreie Alternative mit Charakter.EMBRIZZO Traubenkombucha \u2013 das kombucha-fermentierte Premium-Traubengetr\u00e4nk mit Kr\u00e4utern und Bl\u00fcten auf Basis von entalkoholisiertem Wein.Die Weinalternative. Nat\u00fcrlich alkoholfrei. EMBRACE THE TASTE!\" \/>\n<meta name=\"robots\" content=\"index, follow, max-snippet:-1, max-image-preview:large, max-video-preview:-1\" \/>\n<link rel=\"canonical\" href=\"https:\/\/guthardegg.at\/en\/shop\/embrizzo-alkoholfrei\/embrizzo-white\/\" \/>\n<meta property=\"og:locale\" content=\"en_US\" \/>\n<meta property=\"og:type\" content=\"article\" \/>\n<meta property=\"og:title\" content=\"EMBRIZZO &quot;white&quot; - Gut Hardegg\" \/>\n<meta property=\"og:description\" content=\"NEU! Mit Zitronenmelisse &amp; HolunderDieser Traubenkombucha zeigt sich von einer vollmundigeren Seite \u2013 mit sanfter Perlage, fruchtigem Schmelz und herrlich s\u00fcffigem Trinkfluss. Er\u00a0\u00fcberzeugt mit harmonischer F\u00fclle und dezenter Rests\u00fc\u00dfe \u2013 ein idealer Begleiter zu w\u00fcrzigen Speisen, reifem K\u00e4se, Gem\u00fcsegerichten oder asiatischer K\u00fcche.\u00a0Auch solo genossen entfaltet er seine ganze Tiefe und ist eine k\u00f6stliche alkoholfreie Alternative mit Charakter.EMBRIZZO Traubenkombucha \u2013 das kombucha-fermentierte Premium-Traubengetr\u00e4nk mit Kr\u00e4utern und Bl\u00fcten auf Basis von entalkoholisiertem Wein.Die Weinalternative. Nat\u00fcrlich alkoholfrei. EMBRACE THE TASTE!\" \/>\n<meta property=\"og:url\" content=\"https:\/\/guthardegg.at\/en\/shop\/embrizzo-alkoholfrei\/embrizzo-white\/\" \/>\n<meta property=\"og:site_name\" content=\"Gut Hardegg\" \/>\n<meta property=\"article:modified_time\" content=\"2026-02-24T12:48:47+00:00\" \/>\n<meta property=\"og:image\" content=\"https:\/\/guthardegg.at\/wp-content\/uploads\/Embriizzo-ziho.jpg\" \/>\n\t<meta property=\"og:image:width\" content=\"600\" \/>\n\t<meta property=\"og:image:height\" content=\"800\" \/>\n\t<meta property=\"og:image:type\" content=\"image\/jpeg\" \/>\n<meta name=\"twitter:card\" content=\"summary_large_image\" \/>\n<meta name=\"twitter:label1\" content=\"Est. reading time\" \/>\n\t<meta name=\"twitter:data1\" content=\"1 minute\" \/>\n<script type=\"application\/ld+json\" class=\"yoast-schema-graph\">{\"@context\":\"https:\/\/schema.org\",\"@graph\":[{\"@type\":\"WebPage\",\"@id\":\"https:\/\/guthardegg.at\/shop\/embrizzo-alkoholfrei\/embrizzo-white\/\",\"url\":\"https:\/\/guthardegg.at\/shop\/embrizzo-alkoholfrei\/embrizzo-white\/\",\"name\":\"EMBRIZZO \\\"white\\\" - Gut Hardegg\",\"isPartOf\":{\"@id\":\"https:\/\/guthardegg.at\/#website\"},\"primaryImageOfPage\":{\"@id\":\"https:\/\/guthardegg.at\/shop\/embrizzo-alkoholfrei\/embrizzo-white\/#primaryimage\"},\"image\":{\"@id\":\"https:\/\/guthardegg.at\/shop\/embrizzo-alkoholfrei\/embrizzo-white\/#primaryimage\"},\"thumbnailUrl\":\"https:\/\/guthardegg.at\/wp-content\/uploads\/Embriizzo-ziho.jpg\",\"datePublished\":\"2025-11-17T09:50:33+00:00\",\"dateModified\":\"2026-02-24T12:48:47+00:00\",\"description\":\"NEU! Mit Zitronenmelisse & HolunderDieser Traubenkombucha zeigt sich von einer vollmundigeren Seite \u2013 mit sanfter Perlage, fruchtigem Schmelz und herrlich s\u00fcffigem Trinkfluss. Er\u00a0\u00fcberzeugt mit harmonischer F\u00fclle und dezenter Rests\u00fc\u00dfe \u2013 ein idealer Begleiter zu w\u00fcrzigen Speisen, reifem K\u00e4se, Gem\u00fcsegerichten oder asiatischer K\u00fcche.\u00a0Auch solo genossen entfaltet er seine ganze Tiefe und ist eine k\u00f6stliche alkoholfreie Alternative mit Charakter.EMBRIZZO Traubenkombucha \u2013 das kombucha-fermentierte Premium-Traubengetr\u00e4nk mit Kr\u00e4utern und Bl\u00fcten auf Basis von entalkoholisiertem Wein.Die Weinalternative. Nat\u00fcrlich alkoholfrei. EMBRACE THE TASTE!\",\"breadcrumb\":{\"@id\":\"https:\/\/guthardegg.at\/shop\/embrizzo-alkoholfrei\/embrizzo-white\/#breadcrumb\"},\"inLanguage\":\"en-US\",\"potentialAction\":[{\"@type\":\"ReadAction\",\"target\":[\"https:\/\/guthardegg.at\/shop\/embrizzo-alkoholfrei\/embrizzo-white\/\"]}]},{\"@type\":\"ImageObject\",\"inLanguage\":\"en-US\",\"@id\":\"https:\/\/guthardegg.at\/shop\/embrizzo-alkoholfrei\/embrizzo-white\/#primaryimage\",\"url\":\"https:\/\/guthardegg.at\/wp-content\/uploads\/Embriizzo-ziho.jpg\",\"contentUrl\":\"https:\/\/guthardegg.at\/wp-content\/uploads\/Embriizzo-ziho.jpg\",\"width\":600,\"height\":800},{\"@type\":\"BreadcrumbList\",\"@id\":\"https:\/\/guthardegg.at\/shop\/embrizzo-alkoholfrei\/embrizzo-white\/#breadcrumb\",\"itemListElement\":[{\"@type\":\"ListItem\",\"position\":1,\"name\":\"gut hardegg\",\"item\":\"https:\/\/guthardegg.at\/\"},{\"@type\":\"ListItem\",\"position\":2,\"name\":\"Shop\",\"item\":\"https:\/\/guthardegg.at\/shop\/\"},{\"@type\":\"ListItem\",\"position\":3,\"name\":\"ALKOHOLFREI\",\"item\":\"https:\/\/guthardegg.at\/kategorie\/embrizzo-alkoholfrei\/\"},{\"@type\":\"ListItem\",\"position\":4,\"name\":\"EMBRIZZO &#8222;white&#8220;\"}]},{\"@type\":\"WebSite\",\"@id\":\"https:\/\/guthardegg.at\/#website\",\"url\":\"https:\/\/guthardegg.at\/\",\"name\":\"Gut Hardegg\",\"description\":\"Gelebte Artenvielfalt\",\"publisher\":{\"@id\":\"https:\/\/guthardegg.at\/#organization\"},\"potentialAction\":[{\"@type\":\"SearchAction\",\"target\":{\"@type\":\"EntryPoint\",\"urlTemplate\":\"https:\/\/guthardegg.at\/?s={search_term_string}\"},\"query-input\":{\"@type\":\"PropertyValueSpecification\",\"valueRequired\":true,\"valueName\":\"search_term_string\"}}],\"inLanguage\":\"en-US\"},{\"@type\":\"Organization\",\"@id\":\"https:\/\/guthardegg.at\/#organization\",\"name\":\"Gut Hardegg\",\"url\":\"https:\/\/guthardegg.at\/\",\"logo\":{\"@type\":\"ImageObject\",\"inLanguage\":\"en-US\",\"@id\":\"https:\/\/guthardegg.at\/#\/schema\/logo\/image\/\",\"url\":\"https:\/\/guthardegg.at\/wp-content\/uploads\/2020\/05\/Gut-Hardegg-logo.png\",\"contentUrl\":\"https:\/\/guthardegg.at\/wp-content\/uploads\/2020\/05\/Gut-Hardegg-logo.png\",\"width\":945,\"height\":560,\"caption\":\"Gut Hardegg\"},\"image\":{\"@id\":\"https:\/\/guthardegg.at\/#\/schema\/logo\/image\/\"}}]}<\/script>\n<!-- \/ Yoast SEO plugin. -->","yoast_head_json":{"title":"EMBRIZZO \"white\" - Gut Hardegg","description":"NEU! Mit Zitronenmelisse & HolunderDieser Traubenkombucha zeigt sich von einer vollmundigeren Seite \u2013 mit sanfter Perlage, fruchtigem Schmelz und herrlich s\u00fcffigem Trinkfluss. Er\u00a0\u00fcberzeugt mit harmonischer F\u00fclle und dezenter Rests\u00fc\u00dfe \u2013 ein idealer Begleiter zu w\u00fcrzigen Speisen, reifem K\u00e4se, Gem\u00fcsegerichten oder asiatischer K\u00fcche.\u00a0Auch solo genossen entfaltet er seine ganze Tiefe und ist eine k\u00f6stliche alkoholfreie Alternative mit Charakter.EMBRIZZO Traubenkombucha \u2013 das kombucha-fermentierte Premium-Traubengetr\u00e4nk mit Kr\u00e4utern und Bl\u00fcten auf Basis von entalkoholisiertem Wein.Die Weinalternative. Nat\u00fcrlich alkoholfrei. EMBRACE THE TASTE!","robots":{"index":"index","follow":"follow","max-snippet":"max-snippet:-1","max-image-preview":"max-image-preview:large","max-video-preview":"max-video-preview:-1"},"canonical":"https:\/\/guthardegg.at\/en\/shop\/embrizzo-alkoholfrei\/embrizzo-white\/","og_locale":"en_US","og_type":"article","og_title":"EMBRIZZO \"white\" - Gut Hardegg","og_description":"NEU! Mit Zitronenmelisse & HolunderDieser Traubenkombucha zeigt sich von einer vollmundigeren Seite \u2013 mit sanfter Perlage, fruchtigem Schmelz und herrlich s\u00fcffigem Trinkfluss. Er\u00a0\u00fcberzeugt mit harmonischer F\u00fclle und dezenter Rests\u00fc\u00dfe \u2013 ein idealer Begleiter zu w\u00fcrzigen Speisen, reifem K\u00e4se, Gem\u00fcsegerichten oder asiatischer K\u00fcche.\u00a0Auch solo genossen entfaltet er seine ganze Tiefe und ist eine k\u00f6stliche alkoholfreie Alternative mit Charakter.EMBRIZZO Traubenkombucha \u2013 das kombucha-fermentierte Premium-Traubengetr\u00e4nk mit Kr\u00e4utern und Bl\u00fcten auf Basis von entalkoholisiertem Wein.Die Weinalternative. Nat\u00fcrlich alkoholfrei. EMBRACE THE TASTE!","og_url":"https:\/\/guthardegg.at\/en\/shop\/embrizzo-alkoholfrei\/embrizzo-white\/","og_site_name":"Gut Hardegg","article_modified_time":"2026-02-24T12:48:47+00:00","og_image":[{"width":600,"height":800,"url":"https:\/\/guthardegg.at\/wp-content\/uploads\/Embriizzo-ziho.jpg","type":"image\/jpeg"}],"twitter_card":"summary_large_image","twitter_misc":{"Est. reading time":"1 minute"},"schema":{"@context":"https:\/\/schema.org","@graph":[{"@type":"WebPage","@id":"https:\/\/guthardegg.at\/shop\/embrizzo-alkoholfrei\/embrizzo-white\/","url":"https:\/\/guthardegg.at\/shop\/embrizzo-alkoholfrei\/embrizzo-white\/","name":"EMBRIZZO \"white\" - Gut Hardegg","isPartOf":{"@id":"https:\/\/guthardegg.at\/#website"},"primaryImageOfPage":{"@id":"https:\/\/guthardegg.at\/shop\/embrizzo-alkoholfrei\/embrizzo-white\/#primaryimage"},"image":{"@id":"https:\/\/guthardegg.at\/shop\/embrizzo-alkoholfrei\/embrizzo-white\/#primaryimage"},"thumbnailUrl":"https:\/\/guthardegg.at\/wp-content\/uploads\/Embriizzo-ziho.jpg","datePublished":"2025-11-17T09:50:33+00:00","dateModified":"2026-02-24T12:48:47+00:00","description":"NEU! Mit Zitronenmelisse & HolunderDieser Traubenkombucha zeigt sich von einer vollmundigeren Seite \u2013 mit sanfter Perlage, fruchtigem Schmelz und herrlich s\u00fcffigem Trinkfluss. Er\u00a0\u00fcberzeugt mit harmonischer F\u00fclle und dezenter Rests\u00fc\u00dfe \u2013 ein idealer Begleiter zu w\u00fcrzigen Speisen, reifem K\u00e4se, Gem\u00fcsegerichten oder asiatischer K\u00fcche.\u00a0Auch solo genossen entfaltet er seine ganze Tiefe und ist eine k\u00f6stliche alkoholfreie Alternative mit Charakter.EMBRIZZO Traubenkombucha \u2013 das kombucha-fermentierte Premium-Traubengetr\u00e4nk mit Kr\u00e4utern und Bl\u00fcten auf Basis von entalkoholisiertem Wein.Die Weinalternative. Nat\u00fcrlich alkoholfrei. EMBRACE THE TASTE!","breadcrumb":{"@id":"https:\/\/guthardegg.at\/shop\/embrizzo-alkoholfrei\/embrizzo-white\/#breadcrumb"},"inLanguage":"en-US","potentialAction":[{"@type":"ReadAction","target":["https:\/\/guthardegg.at\/shop\/embrizzo-alkoholfrei\/embrizzo-white\/"]}]},{"@type":"ImageObject","inLanguage":"en-US","@id":"https:\/\/guthardegg.at\/shop\/embrizzo-alkoholfrei\/embrizzo-white\/#primaryimage","url":"https:\/\/guthardegg.at\/wp-content\/uploads\/Embriizzo-ziho.jpg","contentUrl":"https:\/\/guthardegg.at\/wp-content\/uploads\/Embriizzo-ziho.jpg","width":600,"height":800},{"@type":"BreadcrumbList","@id":"https:\/\/guthardegg.at\/shop\/embrizzo-alkoholfrei\/embrizzo-white\/#breadcrumb","itemListElement":[{"@type":"ListItem","position":1,"name":"gut hardegg","item":"https:\/\/guthardegg.at\/"},{"@type":"ListItem","position":2,"name":"Shop","item":"https:\/\/guthardegg.at\/shop\/"},{"@type":"ListItem","position":3,"name":"ALKOHOLFREI","item":"https:\/\/guthardegg.at\/kategorie\/embrizzo-alkoholfrei\/"},{"@type":"ListItem","position":4,"name":"EMBRIZZO &#8222;white&#8220;"}]},{"@type":"WebSite","@id":"https:\/\/guthardegg.at\/#website","url":"https:\/\/guthardegg.at\/","name":"Gut Hardegg","description":"Gelebte Artenvielfalt","publisher":{"@id":"https:\/\/guthardegg.at\/#organization"},"potentialAction":[{"@type":"SearchAction","target":{"@type":"EntryPoint","urlTemplate":"https:\/\/guthardegg.at\/?s={search_term_string}"},"query-input":{"@type":"PropertyValueSpecification","valueRequired":true,"valueName":"search_term_string"}}],"inLanguage":"en-US"},{"@type":"Organization","@id":"https:\/\/guthardegg.at\/#organization","name":"Gut Hardegg","url":"https:\/\/guthardegg.at\/","logo":{"@type":"ImageObject","inLanguage":"en-US","@id":"https:\/\/guthardegg.at\/#\/schema\/logo\/image\/","url":"https:\/\/guthardegg.at\/wp-content\/uploads\/2020\/05\/Gut-Hardegg-logo.png","contentUrl":"https:\/\/guthardegg.at\/wp-content\/uploads\/2020\/05\/Gut-Hardegg-logo.png","width":945,"height":560,"caption":"Gut Hardegg"},"image":{"@id":"https:\/\/guthardegg.at\/#\/schema\/logo\/image\/"}}]}},"_links":{"self":[{"href":"https:\/\/guthardegg.at\/en\/wp-json\/wp\/v2\/product\/7942","targetHints":{"allow":["GET"]}}],"collection":[{"href":"https:\/\/guthardegg.at\/en\/wp-json\/wp\/v2\/product"}],"about":[{"href":"https:\/\/guthardegg.at\/en\/wp-json\/wp\/v2\/types\/product"}],"wp:featuredmedia":[{"embeddable":true,"href":"https:\/\/guthardegg.at\/en\/wp-json\/wp\/v2\/media\/7940"}],"wp:attachment":[{"href":"https:\/\/guthardegg.at\/en\/wp-json\/wp\/v2\/media?parent=7942"}],"wp:term":[{"taxonomy":"product_brand","embeddable":true,"href":"https:\/\/guthardegg.at\/en\/wp-json\/wp\/v2\/product_brand?post=7942"},{"taxonomy":"product_cat","embeddable":true,"href":"https:\/\/guthardegg.at\/en\/wp-json\/wp\/v2\/product_cat?post=7942"},{"taxonomy":"product_tag","embeddable":true,"href":"https:\/\/guthardegg.at\/en\/wp-json\/wp\/v2\/product_tag?post=7942"}],"curies":[{"name":"wp","href":"https:\/\/api.w.org\/{rel}","templated":true}]}}