{"id":8233,"date":"2026-02-01T18:57:23","date_gmt":"2026-02-01T17:57:23","guid":{"rendered":"https:\/\/guthardegg.at\/?post_type=product&#038;p=8233"},"modified":"2026-03-03T14:29:48","modified_gmt":"2026-03-03T13:29:48","slug":"embrizzo-bio-sparkling-tea-ingwer","status":"publish","type":"product","link":"https:\/\/guthardegg.at\/en\/shop\/embrizzo-alkoholfrei\/embrizzo-bio-sparkling-tea-ingwer\/","title":{"rendered":"EMBRIZZO Sparkling Tea &#8222;white&#8220;"},"content":{"rendered":"<p><strong>Kombucha-fermentierter Bio-Sparkling-Tea <\/strong><br \/>\n<strong>mit entalkoholisiertem Wein und Kr\u00e4utern<\/strong><\/p>\n<p>NEU! EMBRIZZO Bio-Sparkling-Tea zeichnet sich durch seine harmonisch abgestimmte F\u00fclle an Aromen aus. Dazu geh\u00f6ren bei der Sorte \u201eIngwer\u201c nicht nur Ingwer, sondern auch viele andere Bio-Zutaten. Unter anderem: Holunderbl\u00fcten, Zitronenmelisse, Zitronengras, Lavendel, Anis \u2026 und hochwertiger Wei\u00dftee. Ausdruck und Struktur werden dabei durch den entalkoholisierten Bio-Wein unterst\u00fctzt. Die fein prickelnde Kohlens\u00e4ure regt den Geschmackssinn zus\u00e4tzlich an, sodass die enthaltenen Aromen intensiver wahrgenommen werden \u2013 das gesamte Geschmackserlebnis wird als besonders frisch bzw. erfrischend wahrgenommen. Zusammen mit den ausgew\u00e4hlten Bio-Kr\u00e4utern und der Kombucha-Fermentation entsteht ein sehr trinkfreudiger, anregender Softdrink. Als Aperitif, raffinierter Speisenbegleiter oder einfach solo f\u00fcr zwischendurch.<\/p>\n<p><strong>Das Geheimnis unserer Rezeptur: kein Alkohol, minimal Zucker, aber viel, viel Geschmack \ud83d\ude09<\/strong><\/p>\n<p class=\"p1\"><strong>EMBRIZZO: EMBRACE THE TASTE!<\/strong><\/p>","protected":false},"excerpt":{"rendered":"<p>Kombucha-fermentierter Bio-Sparkling-Tea mit entalkoholisiertem Wein und Kr\u00e4utern NEU! EMBRIZZO Bio-Sparkling-Tea zeichnet sich durch seine harmonisch abgestimmte F\u00fclle an Aromen aus. Dazu geh\u00f6ren bei der Sorte \u201eIngwer\u201c nicht nur Ingwer, sondern auch viele andere Bio-Zutaten. Unter anderem: Holunderbl\u00fcten, Zitronenmelisse, Zitronengras, Lavendel, Anis \u2026 und hochwertiger Wei\u00dftee. Ausdruck und Struktur werden dabei durch den entalkoholisierten Bio-Wein unterst\u00fctzt. [&#8230;]<\/p>","protected":false},"featured_media":8235,"template":"","meta":{"_acf_changed":false},"product_brand":[],"product_cat":[186],"product_tag":[221,217,219,218,220,222],"class_list":{"0":"post-8233","1":"product","2":"type-product","3":"status-publish","4":"has-post-thumbnail","6":"product_cat-embrizzo-alkoholfrei","7":"product_tag-alkoholfrei","8":"product_tag-embrizzo","9":"product_tag-ingwer","10":"product_tag-sparking-tea","11":"product_tag-weisstee","12":"product_tag-zuckerarm","14":"first","15":"instock","16":"taxable","17":"shipping-taxable","18":"purchasable","19":"product-type-simple"},"acf":[],"yoast_head":"<!-- This site is optimized with the Yoast SEO plugin v24.8.1 - https:\/\/yoast.com\/wordpress\/plugins\/seo\/ -->\n<title>EMBRIZZO Sparkling Tea &quot;white&quot; - Gut Hardegg<\/title>\n<meta name=\"description\" content=\"NEU! Kombucha-fermentierter Bio-Sparkling Tea mit entalkoholisiertem Wein und Kr\u00e4utern. EMBRIZZO Bio-Sparkling Tea zeichnet sich durch seine harmonisch abgestimmte F\u00fclle an Aromen aus. Dazu geh\u00f6ren bei der Sorte \u201eIngwer\u201c nicht nur Ingwer, sondern auch viele andere Bio-Zutaten. Unter anderem: Holunderbl\u00fcten, Zitronenmelisse, Zitronengras, Lavendel, Anis \u2026 und hochwertiger Wei\u00dftee. Ausdruck und Struktur werden dabei durch den entalkoholisierten Bio-Wein unterst\u00fctzt. Die fein prickelnde Kohlens\u00e4ure regt den Geschmackssinn zus\u00e4tzlich an, sodass die enthaltenen Aromen intensiver wahrgenommen werden \u2013 das gesamte Geschmackserlebnis wird als besonders frisch bzw. erfrischend wahrgenommen. Zusammen mit den ausgew\u00e4hlten Bio-Kr\u00e4utern und der Kombucha-Fermentation entsteht ein sehr trinkfreudiger, anregender Softdrink. Als Aperitif, raffinierter Speisenbegleiter oder einfach solo f\u00fcr zwischendurch.Das Geheimnis unserer Rezeptur: kein Alkohol, minimal Zucker, aber viel, viel Geschmack ;)\" \/>\n<meta name=\"robots\" content=\"index, follow, max-snippet:-1, max-image-preview:large, max-video-preview:-1\" \/>\n<link rel=\"canonical\" href=\"https:\/\/guthardegg.at\/en\/shop\/embrizzo-alkoholfrei\/embrizzo-bio-sparkling-tea-ingwer\/\" \/>\n<meta property=\"og:locale\" content=\"en_US\" \/>\n<meta property=\"og:type\" content=\"article\" \/>\n<meta property=\"og:title\" content=\"EMBRIZZO Bio-Sparkling Tea &quot;white&quot;\" \/>\n<meta property=\"og:description\" content=\"NEU! EMBRIZZO Bio-Sparkling Tea zeichnet sich durch seine harmonisch abgestimmte F\u00fclle an Aromen aus. Dazu geh\u00f6ren bei der Sorte \u201eIngwer\u201c nicht nur Ingwer, sondern auch viele andere Bio-Zutaten. Unter anderem: Holunderbl\u00fcten, Zitronenmelisse, Zitronengras, Lavendel, Anis \u2026 und hochwertiger Wei\u00dftee. Ausdruck und Struktur werden dabei durch den entalkoholisierten Bio-Wein unterst\u00fctzt. Die fein prickelnde Kohlens\u00e4ure regt den Geschmackssinn zus\u00e4tzlich an, sodass die enthaltenen Aromen intensiver wahrgenommen werden \u2013 das gesamte Geschmackserlebnis wird als besonders frisch bzw. erfrischend wahrgenommen. Zusammen mit den ausgew\u00e4hlten Bio-Kr\u00e4utern und der Kombucha-Fermentation entsteht ein sehr trinkfreudiger, anregender Softdrink. Als Aperitif, raffinierter Speisenbegleiter oder einfach solo f\u00fcr zwischendurch.Das Geheimnis unserer Rezeptur: kein Alkohol, minimal Zucker, aber viel, viel Geschmack ;)\" \/>\n<meta property=\"og:url\" content=\"https:\/\/guthardegg.at\/en\/shop\/embrizzo-alkoholfrei\/embrizzo-bio-sparkling-tea-ingwer\/\" \/>\n<meta property=\"og:site_name\" content=\"Gut Hardegg\" \/>\n<meta property=\"article:modified_time\" content=\"2026-03-03T13:29:48+00:00\" \/>\n<meta property=\"og:image\" content=\"https:\/\/guthardegg.at\/wp-content\/uploads\/GH25_E_ST_WTI_Flaschenmontage_20251031.jpg\" \/>\n\t<meta property=\"og:image:width\" content=\"886\" \/>\n\t<meta property=\"og:image:height\" content=\"2362\" \/>\n\t<meta property=\"og:image:type\" content=\"image\/jpeg\" \/>\n<meta name=\"twitter:card\" content=\"summary_large_image\" \/>\n<meta name=\"twitter:label1\" content=\"Est. reading time\" \/>\n\t<meta name=\"twitter:data1\" content=\"1 minute\" \/>\n<script type=\"application\/ld+json\" class=\"yoast-schema-graph\">{\"@context\":\"https:\/\/schema.org\",\"@graph\":[{\"@type\":\"WebPage\",\"@id\":\"https:\/\/guthardegg.at\/shop\/embrizzo-alkoholfrei\/embrizzo-bio-sparkling-tea-ingwer\/\",\"url\":\"https:\/\/guthardegg.at\/shop\/embrizzo-alkoholfrei\/embrizzo-bio-sparkling-tea-ingwer\/\",\"name\":\"EMBRIZZO Sparkling Tea \\\"white\\\" - Gut Hardegg\",\"isPartOf\":{\"@id\":\"https:\/\/guthardegg.at\/#website\"},\"primaryImageOfPage\":{\"@id\":\"https:\/\/guthardegg.at\/shop\/embrizzo-alkoholfrei\/embrizzo-bio-sparkling-tea-ingwer\/#primaryimage\"},\"image\":{\"@id\":\"https:\/\/guthardegg.at\/shop\/embrizzo-alkoholfrei\/embrizzo-bio-sparkling-tea-ingwer\/#primaryimage\"},\"thumbnailUrl\":\"https:\/\/guthardegg.at\/wp-content\/uploads\/Embriizzo-sparkling-tea-w-tee-ingwer.jpg\",\"datePublished\":\"2026-02-01T17:57:23+00:00\",\"dateModified\":\"2026-03-03T13:29:48+00:00\",\"description\":\"NEU! Kombucha-fermentierter Bio-Sparkling Tea mit entalkoholisiertem Wein und Kr\u00e4utern. EMBRIZZO Bio-Sparkling Tea zeichnet sich durch seine harmonisch abgestimmte F\u00fclle an Aromen aus. Dazu geh\u00f6ren bei der Sorte \u201eIngwer\u201c nicht nur Ingwer, sondern auch viele andere Bio-Zutaten. Unter anderem: Holunderbl\u00fcten, Zitronenmelisse, Zitronengras, Lavendel, Anis \u2026 und hochwertiger Wei\u00dftee. Ausdruck und Struktur werden dabei durch den entalkoholisierten Bio-Wein unterst\u00fctzt. Die fein prickelnde Kohlens\u00e4ure regt den Geschmackssinn zus\u00e4tzlich an, sodass die enthaltenen Aromen intensiver wahrgenommen werden \u2013 das gesamte Geschmackserlebnis wird als besonders frisch bzw. erfrischend wahrgenommen. Zusammen mit den ausgew\u00e4hlten Bio-Kr\u00e4utern und der Kombucha-Fermentation entsteht ein sehr trinkfreudiger, anregender Softdrink. Als Aperitif, raffinierter Speisenbegleiter oder einfach solo f\u00fcr zwischendurch.Das Geheimnis unserer Rezeptur: kein Alkohol, minimal Zucker, aber viel, viel Geschmack ;)\",\"breadcrumb\":{\"@id\":\"https:\/\/guthardegg.at\/shop\/embrizzo-alkoholfrei\/embrizzo-bio-sparkling-tea-ingwer\/#breadcrumb\"},\"inLanguage\":\"en-US\",\"potentialAction\":[{\"@type\":\"ReadAction\",\"target\":[\"https:\/\/guthardegg.at\/shop\/embrizzo-alkoholfrei\/embrizzo-bio-sparkling-tea-ingwer\/\"]}]},{\"@type\":\"ImageObject\",\"inLanguage\":\"en-US\",\"@id\":\"https:\/\/guthardegg.at\/shop\/embrizzo-alkoholfrei\/embrizzo-bio-sparkling-tea-ingwer\/#primaryimage\",\"url\":\"https:\/\/guthardegg.at\/wp-content\/uploads\/Embriizzo-sparkling-tea-w-tee-ingwer.jpg\",\"contentUrl\":\"https:\/\/guthardegg.at\/wp-content\/uploads\/Embriizzo-sparkling-tea-w-tee-ingwer.jpg\",\"width\":600,\"height\":800},{\"@type\":\"BreadcrumbList\",\"@id\":\"https:\/\/guthardegg.at\/shop\/embrizzo-alkoholfrei\/embrizzo-bio-sparkling-tea-ingwer\/#breadcrumb\",\"itemListElement\":[{\"@type\":\"ListItem\",\"position\":1,\"name\":\"gut hardegg\",\"item\":\"https:\/\/guthardegg.at\/\"},{\"@type\":\"ListItem\",\"position\":2,\"name\":\"Shop\",\"item\":\"https:\/\/guthardegg.at\/shop\/\"},{\"@type\":\"ListItem\",\"position\":3,\"name\":\"ALKOHOLFREI\",\"item\":\"https:\/\/guthardegg.at\/kategorie\/embrizzo-alkoholfrei\/\"},{\"@type\":\"ListItem\",\"position\":4,\"name\":\"EMBRIZZO Sparkling Tea &#8222;white&#8220;\"}]},{\"@type\":\"WebSite\",\"@id\":\"https:\/\/guthardegg.at\/#website\",\"url\":\"https:\/\/guthardegg.at\/\",\"name\":\"Gut Hardegg\",\"description\":\"Gelebte Artenvielfalt\",\"publisher\":{\"@id\":\"https:\/\/guthardegg.at\/#organization\"},\"potentialAction\":[{\"@type\":\"SearchAction\",\"target\":{\"@type\":\"EntryPoint\",\"urlTemplate\":\"https:\/\/guthardegg.at\/?s={search_term_string}\"},\"query-input\":{\"@type\":\"PropertyValueSpecification\",\"valueRequired\":true,\"valueName\":\"search_term_string\"}}],\"inLanguage\":\"en-US\"},{\"@type\":\"Organization\",\"@id\":\"https:\/\/guthardegg.at\/#organization\",\"name\":\"Gut Hardegg\",\"url\":\"https:\/\/guthardegg.at\/\",\"logo\":{\"@type\":\"ImageObject\",\"inLanguage\":\"en-US\",\"@id\":\"https:\/\/guthardegg.at\/#\/schema\/logo\/image\/\",\"url\":\"https:\/\/guthardegg.at\/wp-content\/uploads\/2020\/05\/Gut-Hardegg-logo.png\",\"contentUrl\":\"https:\/\/guthardegg.at\/wp-content\/uploads\/2020\/05\/Gut-Hardegg-logo.png\",\"width\":945,\"height\":560,\"caption\":\"Gut Hardegg\"},\"image\":{\"@id\":\"https:\/\/guthardegg.at\/#\/schema\/logo\/image\/\"}}]}<\/script>\n<!-- \/ Yoast SEO plugin. -->","yoast_head_json":{"title":"EMBRIZZO Sparkling Tea \"white\" - Gut Hardegg","description":"NEU! Kombucha-fermentierter Bio-Sparkling Tea mit entalkoholisiertem Wein und Kr\u00e4utern. EMBRIZZO Bio-Sparkling Tea zeichnet sich durch seine harmonisch abgestimmte F\u00fclle an Aromen aus. Dazu geh\u00f6ren bei der Sorte \u201eIngwer\u201c nicht nur Ingwer, sondern auch viele andere Bio-Zutaten. Unter anderem: Holunderbl\u00fcten, Zitronenmelisse, Zitronengras, Lavendel, Anis \u2026 und hochwertiger Wei\u00dftee. Ausdruck und Struktur werden dabei durch den entalkoholisierten Bio-Wein unterst\u00fctzt. Die fein prickelnde Kohlens\u00e4ure regt den Geschmackssinn zus\u00e4tzlich an, sodass die enthaltenen Aromen intensiver wahrgenommen werden \u2013 das gesamte Geschmackserlebnis wird als besonders frisch bzw. erfrischend wahrgenommen. Zusammen mit den ausgew\u00e4hlten Bio-Kr\u00e4utern und der Kombucha-Fermentation entsteht ein sehr trinkfreudiger, anregender Softdrink. Als Aperitif, raffinierter Speisenbegleiter oder einfach solo f\u00fcr zwischendurch.Das Geheimnis unserer Rezeptur: kein Alkohol, minimal Zucker, aber viel, viel Geschmack ;)","robots":{"index":"index","follow":"follow","max-snippet":"max-snippet:-1","max-image-preview":"max-image-preview:large","max-video-preview":"max-video-preview:-1"},"canonical":"https:\/\/guthardegg.at\/en\/shop\/embrizzo-alkoholfrei\/embrizzo-bio-sparkling-tea-ingwer\/","og_locale":"en_US","og_type":"article","og_title":"EMBRIZZO Bio-Sparkling Tea \"white\"","og_description":"NEU! EMBRIZZO Bio-Sparkling Tea zeichnet sich durch seine harmonisch abgestimmte F\u00fclle an Aromen aus. Dazu geh\u00f6ren bei der Sorte \u201eIngwer\u201c nicht nur Ingwer, sondern auch viele andere Bio-Zutaten. Unter anderem: Holunderbl\u00fcten, Zitronenmelisse, Zitronengras, Lavendel, Anis \u2026 und hochwertiger Wei\u00dftee. Ausdruck und Struktur werden dabei durch den entalkoholisierten Bio-Wein unterst\u00fctzt. Die fein prickelnde Kohlens\u00e4ure regt den Geschmackssinn zus\u00e4tzlich an, sodass die enthaltenen Aromen intensiver wahrgenommen werden \u2013 das gesamte Geschmackserlebnis wird als besonders frisch bzw. erfrischend wahrgenommen. Zusammen mit den ausgew\u00e4hlten Bio-Kr\u00e4utern und der Kombucha-Fermentation entsteht ein sehr trinkfreudiger, anregender Softdrink. Als Aperitif, raffinierter Speisenbegleiter oder einfach solo f\u00fcr zwischendurch.Das Geheimnis unserer Rezeptur: kein Alkohol, minimal Zucker, aber viel, viel Geschmack ;)","og_url":"https:\/\/guthardegg.at\/en\/shop\/embrizzo-alkoholfrei\/embrizzo-bio-sparkling-tea-ingwer\/","og_site_name":"Gut Hardegg","article_modified_time":"2026-03-03T13:29:48+00:00","og_image":[{"width":886,"height":2362,"url":"https:\/\/guthardegg.at\/wp-content\/uploads\/GH25_E_ST_WTI_Flaschenmontage_20251031.jpg","type":"image\/jpeg"}],"twitter_card":"summary_large_image","twitter_misc":{"Est. reading time":"1 minute"},"schema":{"@context":"https:\/\/schema.org","@graph":[{"@type":"WebPage","@id":"https:\/\/guthardegg.at\/shop\/embrizzo-alkoholfrei\/embrizzo-bio-sparkling-tea-ingwer\/","url":"https:\/\/guthardegg.at\/shop\/embrizzo-alkoholfrei\/embrizzo-bio-sparkling-tea-ingwer\/","name":"EMBRIZZO Sparkling Tea \"white\" - Gut Hardegg","isPartOf":{"@id":"https:\/\/guthardegg.at\/#website"},"primaryImageOfPage":{"@id":"https:\/\/guthardegg.at\/shop\/embrizzo-alkoholfrei\/embrizzo-bio-sparkling-tea-ingwer\/#primaryimage"},"image":{"@id":"https:\/\/guthardegg.at\/shop\/embrizzo-alkoholfrei\/embrizzo-bio-sparkling-tea-ingwer\/#primaryimage"},"thumbnailUrl":"https:\/\/guthardegg.at\/wp-content\/uploads\/Embriizzo-sparkling-tea-w-tee-ingwer.jpg","datePublished":"2026-02-01T17:57:23+00:00","dateModified":"2026-03-03T13:29:48+00:00","description":"NEU! Kombucha-fermentierter Bio-Sparkling Tea mit entalkoholisiertem Wein und Kr\u00e4utern. EMBRIZZO Bio-Sparkling Tea zeichnet sich durch seine harmonisch abgestimmte F\u00fclle an Aromen aus. Dazu geh\u00f6ren bei der Sorte \u201eIngwer\u201c nicht nur Ingwer, sondern auch viele andere Bio-Zutaten. Unter anderem: Holunderbl\u00fcten, Zitronenmelisse, Zitronengras, Lavendel, Anis \u2026 und hochwertiger Wei\u00dftee. Ausdruck und Struktur werden dabei durch den entalkoholisierten Bio-Wein unterst\u00fctzt. Die fein prickelnde Kohlens\u00e4ure regt den Geschmackssinn zus\u00e4tzlich an, sodass die enthaltenen Aromen intensiver wahrgenommen werden \u2013 das gesamte Geschmackserlebnis wird als besonders frisch bzw. erfrischend wahrgenommen. Zusammen mit den ausgew\u00e4hlten Bio-Kr\u00e4utern und der Kombucha-Fermentation entsteht ein sehr trinkfreudiger, anregender Softdrink. Als Aperitif, raffinierter Speisenbegleiter oder einfach solo f\u00fcr zwischendurch.Das Geheimnis unserer Rezeptur: kein Alkohol, minimal Zucker, aber viel, viel Geschmack ;)","breadcrumb":{"@id":"https:\/\/guthardegg.at\/shop\/embrizzo-alkoholfrei\/embrizzo-bio-sparkling-tea-ingwer\/#breadcrumb"},"inLanguage":"en-US","potentialAction":[{"@type":"ReadAction","target":["https:\/\/guthardegg.at\/shop\/embrizzo-alkoholfrei\/embrizzo-bio-sparkling-tea-ingwer\/"]}]},{"@type":"ImageObject","inLanguage":"en-US","@id":"https:\/\/guthardegg.at\/shop\/embrizzo-alkoholfrei\/embrizzo-bio-sparkling-tea-ingwer\/#primaryimage","url":"https:\/\/guthardegg.at\/wp-content\/uploads\/Embriizzo-sparkling-tea-w-tee-ingwer.jpg","contentUrl":"https:\/\/guthardegg.at\/wp-content\/uploads\/Embriizzo-sparkling-tea-w-tee-ingwer.jpg","width":600,"height":800},{"@type":"BreadcrumbList","@id":"https:\/\/guthardegg.at\/shop\/embrizzo-alkoholfrei\/embrizzo-bio-sparkling-tea-ingwer\/#breadcrumb","itemListElement":[{"@type":"ListItem","position":1,"name":"gut hardegg","item":"https:\/\/guthardegg.at\/"},{"@type":"ListItem","position":2,"name":"Shop","item":"https:\/\/guthardegg.at\/shop\/"},{"@type":"ListItem","position":3,"name":"ALKOHOLFREI","item":"https:\/\/guthardegg.at\/kategorie\/embrizzo-alkoholfrei\/"},{"@type":"ListItem","position":4,"name":"EMBRIZZO Sparkling Tea &#8222;white&#8220;"}]},{"@type":"WebSite","@id":"https:\/\/guthardegg.at\/#website","url":"https:\/\/guthardegg.at\/","name":"Gut Hardegg","description":"Gelebte Artenvielfalt","publisher":{"@id":"https:\/\/guthardegg.at\/#organization"},"potentialAction":[{"@type":"SearchAction","target":{"@type":"EntryPoint","urlTemplate":"https:\/\/guthardegg.at\/?s={search_term_string}"},"query-input":{"@type":"PropertyValueSpecification","valueRequired":true,"valueName":"search_term_string"}}],"inLanguage":"en-US"},{"@type":"Organization","@id":"https:\/\/guthardegg.at\/#organization","name":"Gut Hardegg","url":"https:\/\/guthardegg.at\/","logo":{"@type":"ImageObject","inLanguage":"en-US","@id":"https:\/\/guthardegg.at\/#\/schema\/logo\/image\/","url":"https:\/\/guthardegg.at\/wp-content\/uploads\/2020\/05\/Gut-Hardegg-logo.png","contentUrl":"https:\/\/guthardegg.at\/wp-content\/uploads\/2020\/05\/Gut-Hardegg-logo.png","width":945,"height":560,"caption":"Gut Hardegg"},"image":{"@id":"https:\/\/guthardegg.at\/#\/schema\/logo\/image\/"}}]}},"_links":{"self":[{"href":"https:\/\/guthardegg.at\/en\/wp-json\/wp\/v2\/product\/8233","targetHints":{"allow":["GET"]}}],"collection":[{"href":"https:\/\/guthardegg.at\/en\/wp-json\/wp\/v2\/product"}],"about":[{"href":"https:\/\/guthardegg.at\/en\/wp-json\/wp\/v2\/types\/product"}],"wp:featuredmedia":[{"embeddable":true,"href":"https:\/\/guthardegg.at\/en\/wp-json\/wp\/v2\/media\/8235"}],"wp:attachment":[{"href":"https:\/\/guthardegg.at\/en\/wp-json\/wp\/v2\/media?parent=8233"}],"wp:term":[{"taxonomy":"product_brand","embeddable":true,"href":"https:\/\/guthardegg.at\/en\/wp-json\/wp\/v2\/product_brand?post=8233"},{"taxonomy":"product_cat","embeddable":true,"href":"https:\/\/guthardegg.at\/en\/wp-json\/wp\/v2\/product_cat?post=8233"},{"taxonomy":"product_tag","embeddable":true,"href":"https:\/\/guthardegg.at\/en\/wp-json\/wp\/v2\/product_tag?post=8233"}],"curies":[{"name":"wp","href":"https:\/\/api.w.org\/{rel}","templated":true}]}}