{"id":924,"date":"2020-06-01T07:46:18","date_gmt":"2020-06-01T05:46:18","guid":{"rendered":"https:\/\/guthardegg.at\/shop\/unkategorisiert\/rose\/"},"modified":"2026-03-04T09:16:32","modified_gmt":"2026-03-04T08:16:32","slug":"rose-vom-gut","status":"publish","type":"product","link":"https:\/\/guthardegg.at\/en\/shop\/weine\/weine-vom-gut\/rose-vom-gut\/","title":{"rendered":"ROS\u00c9"},"content":{"rendered":"<p>Der Animateur par excellence fu\u0308r warme Tage. Ein Ros\u00e9 wie er sein soll. Feiner Duft nach Erdbeere und Himbeere.<\/p>\n<p><b>Speisenempfehlung<\/b><br \/>\nEin erfrischender Wein f\u00fcr warme Tage, passt hervorragend zu Antipasti, Gefl\u00fcgel oder gegrilltem Fisch.<\/p>\n<p><a href=\"http:\/\/qrco.de\/bgar7x\" target=\"_blank\" rel=\"noopener\">N\u00e4hrwertdeklaration<\/a><\/p>","protected":false},"excerpt":{"rendered":"<p>Der Animateur par excellence fu\u0308r warme Tage. Ein Ros\u00e9 wie er sein soll. Feiner Duft nach Erdbeere und Himbeere. Speisenempfehlung Ein erfrischender Wein f\u00fcr warme Tage, passt hervorragend zu Antipasti, Gefl\u00fcgel oder gegrilltem Fisch. N\u00e4hrwertdeklaration<\/p>","protected":false},"featured_media":5068,"template":"","meta":{"_acf_changed":false},"product_brand":[],"product_cat":[24,26],"product_tag":[60],"class_list":{"0":"post-924","1":"product","2":"type-product","3":"status-publish","4":"has-post-thumbnail","6":"product_cat-weine","7":"product_cat-weine-vom-gut","8":"product_tag-rosewein","10":"first","11":"instock","12":"taxable","13":"shipping-taxable","14":"purchasable","15":"product-type-simple"},"acf":[],"yoast_head":"<!-- This site is optimized with the Yoast SEO plugin v24.8.1 - https:\/\/yoast.com\/wordpress\/plugins\/seo\/ -->\n<title>ROS\u00c9 - Gut Hardegg<\/title>\n<meta name=\"description\" content=\"Der Animateur par excellence fu\u0308r warme Tage. Ein Ros\u00e9 wie er sein soll. Feiner Duft nach Erdbeere und Himbeere. Ein erfrischender Wein f\u00fcr warme Tage, passt hervorragend zu Antipasti, Gefl\u00fcgel oder gegrilltem Fisch.\" \/>\n<meta name=\"robots\" content=\"index, follow, max-snippet:-1, max-image-preview:large, max-video-preview:-1\" \/>\n<link rel=\"canonical\" href=\"https:\/\/guthardegg.at\/en\/shop\/weine\/weine-vom-gut\/rose-vom-gut\/\" \/>\n<meta property=\"og:locale\" content=\"en_US\" \/>\n<meta property=\"og:type\" content=\"article\" \/>\n<meta property=\"og:title\" content=\"Ros\u00e9 vom Gut 2024\" \/>\n<meta property=\"og:description\" content=\"Der Animateur par excellence fu\u0308r warme Tage. Ein Ros\u00e9 wie er sein soll. Feiner Duft nach Erdbeere und Himbeere. Ein erfrischender Wein f\u00fcr warme Tage, passt hervorragend zu Antipasti, Gefl\u00fcgel oder gegrilltem Fisch.\" \/>\n<meta property=\"og:url\" content=\"https:\/\/guthardegg.at\/en\/shop\/weine\/weine-vom-gut\/rose-vom-gut\/\" \/>\n<meta property=\"og:site_name\" content=\"Gut Hardegg\" \/>\n<meta property=\"article:modified_time\" content=\"2026-03-04T08:16:32+00:00\" \/>\n<meta property=\"og:image\" content=\"https:\/\/guthardegg.at\/wp-content\/uploads\/02_Hardegg_Rose_vom_Gut_bdx.jpg\" \/>\n\t<meta property=\"og:image:width\" content=\"600\" \/>\n\t<meta property=\"og:image:height\" content=\"800\" \/>\n\t<meta property=\"og:image:type\" content=\"image\/jpeg\" \/>\n<meta name=\"twitter:card\" content=\"summary_large_image\" \/>\n<meta name=\"twitter:label1\" content=\"Est. reading time\" \/>\n\t<meta name=\"twitter:data1\" content=\"1 minute\" \/>\n<script type=\"application\/ld+json\" class=\"yoast-schema-graph\">{\"@context\":\"https:\/\/schema.org\",\"@graph\":[{\"@type\":\"WebPage\",\"@id\":\"https:\/\/guthardegg.at\/shop\/weine\/weine-vom-gut\/rose-vom-gut\/\",\"url\":\"https:\/\/guthardegg.at\/shop\/weine\/weine-vom-gut\/rose-vom-gut\/\",\"name\":\"ROS\u00c9 - Gut Hardegg\",\"isPartOf\":{\"@id\":\"https:\/\/guthardegg.at\/#website\"},\"primaryImageOfPage\":{\"@id\":\"https:\/\/guthardegg.at\/shop\/weine\/weine-vom-gut\/rose-vom-gut\/#primaryimage\"},\"image\":{\"@id\":\"https:\/\/guthardegg.at\/shop\/weine\/weine-vom-gut\/rose-vom-gut\/#primaryimage\"},\"thumbnailUrl\":\"https:\/\/guthardegg.at\/wp-content\/uploads\/02_Hardegg_Rose_vom_Gut_bdx.jpg\",\"datePublished\":\"2020-06-01T05:46:18+00:00\",\"dateModified\":\"2026-03-04T08:16:32+00:00\",\"description\":\"Der Animateur par excellence fu\u0308r warme Tage. Ein Ros\u00e9 wie er sein soll. Feiner Duft nach Erdbeere und Himbeere. Ein erfrischender Wein f\u00fcr warme Tage, passt hervorragend zu Antipasti, Gefl\u00fcgel oder gegrilltem Fisch.\",\"breadcrumb\":{\"@id\":\"https:\/\/guthardegg.at\/shop\/weine\/weine-vom-gut\/rose-vom-gut\/#breadcrumb\"},\"inLanguage\":\"en-US\",\"potentialAction\":[{\"@type\":\"ReadAction\",\"target\":[\"https:\/\/guthardegg.at\/shop\/weine\/weine-vom-gut\/rose-vom-gut\/\"]}]},{\"@type\":\"ImageObject\",\"inLanguage\":\"en-US\",\"@id\":\"https:\/\/guthardegg.at\/shop\/weine\/weine-vom-gut\/rose-vom-gut\/#primaryimage\",\"url\":\"https:\/\/guthardegg.at\/wp-content\/uploads\/02_Hardegg_Rose_vom_Gut_bdx.jpg\",\"contentUrl\":\"https:\/\/guthardegg.at\/wp-content\/uploads\/02_Hardegg_Rose_vom_Gut_bdx.jpg\",\"width\":600,\"height\":800},{\"@type\":\"BreadcrumbList\",\"@id\":\"https:\/\/guthardegg.at\/shop\/weine\/weine-vom-gut\/rose-vom-gut\/#breadcrumb\",\"itemListElement\":[{\"@type\":\"ListItem\",\"position\":1,\"name\":\"gut hardegg\",\"item\":\"https:\/\/guthardegg.at\/\"},{\"@type\":\"ListItem\",\"position\":2,\"name\":\"Shop\",\"item\":\"https:\/\/guthardegg.at\/shop\/\"},{\"@type\":\"ListItem\",\"position\":3,\"name\":\"Weine\",\"item\":\"https:\/\/guthardegg.at\/kategorie\/weine\/\"},{\"@type\":\"ListItem\",\"position\":4,\"name\":\"ROS\u00c9\"}]},{\"@type\":\"WebSite\",\"@id\":\"https:\/\/guthardegg.at\/#website\",\"url\":\"https:\/\/guthardegg.at\/\",\"name\":\"Gut Hardegg\",\"description\":\"Gelebte Artenvielfalt\",\"publisher\":{\"@id\":\"https:\/\/guthardegg.at\/#organization\"},\"potentialAction\":[{\"@type\":\"SearchAction\",\"target\":{\"@type\":\"EntryPoint\",\"urlTemplate\":\"https:\/\/guthardegg.at\/?s={search_term_string}\"},\"query-input\":{\"@type\":\"PropertyValueSpecification\",\"valueRequired\":true,\"valueName\":\"search_term_string\"}}],\"inLanguage\":\"en-US\"},{\"@type\":\"Organization\",\"@id\":\"https:\/\/guthardegg.at\/#organization\",\"name\":\"Gut Hardegg\",\"url\":\"https:\/\/guthardegg.at\/\",\"logo\":{\"@type\":\"ImageObject\",\"inLanguage\":\"en-US\",\"@id\":\"https:\/\/guthardegg.at\/#\/schema\/logo\/image\/\",\"url\":\"https:\/\/guthardegg.at\/wp-content\/uploads\/2020\/05\/Gut-Hardegg-logo.png\",\"contentUrl\":\"https:\/\/guthardegg.at\/wp-content\/uploads\/2020\/05\/Gut-Hardegg-logo.png\",\"width\":945,\"height\":560,\"caption\":\"Gut Hardegg\"},\"image\":{\"@id\":\"https:\/\/guthardegg.at\/#\/schema\/logo\/image\/\"}}]}<\/script>\n<!-- \/ Yoast SEO plugin. -->","yoast_head_json":{"title":"ROS\u00c9 - Gut Hardegg","description":"Der Animateur par excellence fu\u0308r warme Tage. Ein Ros\u00e9 wie er sein soll. Feiner Duft nach Erdbeere und Himbeere. Ein erfrischender Wein f\u00fcr warme Tage, passt hervorragend zu Antipasti, Gefl\u00fcgel oder gegrilltem Fisch.","robots":{"index":"index","follow":"follow","max-snippet":"max-snippet:-1","max-image-preview":"max-image-preview:large","max-video-preview":"max-video-preview:-1"},"canonical":"https:\/\/guthardegg.at\/en\/shop\/weine\/weine-vom-gut\/rose-vom-gut\/","og_locale":"en_US","og_type":"article","og_title":"Ros\u00e9 vom Gut 2024","og_description":"Der Animateur par excellence fu\u0308r warme Tage. Ein Ros\u00e9 wie er sein soll. Feiner Duft nach Erdbeere und Himbeere. Ein erfrischender Wein f\u00fcr warme Tage, passt hervorragend zu Antipasti, Gefl\u00fcgel oder gegrilltem Fisch.","og_url":"https:\/\/guthardegg.at\/en\/shop\/weine\/weine-vom-gut\/rose-vom-gut\/","og_site_name":"Gut Hardegg","article_modified_time":"2026-03-04T08:16:32+00:00","og_image":[{"width":600,"height":800,"url":"https:\/\/guthardegg.at\/wp-content\/uploads\/02_Hardegg_Rose_vom_Gut_bdx.jpg","type":"image\/jpeg"}],"twitter_card":"summary_large_image","twitter_misc":{"Est. reading time":"1 minute"},"schema":{"@context":"https:\/\/schema.org","@graph":[{"@type":"WebPage","@id":"https:\/\/guthardegg.at\/shop\/weine\/weine-vom-gut\/rose-vom-gut\/","url":"https:\/\/guthardegg.at\/shop\/weine\/weine-vom-gut\/rose-vom-gut\/","name":"ROS\u00c9 - Gut Hardegg","isPartOf":{"@id":"https:\/\/guthardegg.at\/#website"},"primaryImageOfPage":{"@id":"https:\/\/guthardegg.at\/shop\/weine\/weine-vom-gut\/rose-vom-gut\/#primaryimage"},"image":{"@id":"https:\/\/guthardegg.at\/shop\/weine\/weine-vom-gut\/rose-vom-gut\/#primaryimage"},"thumbnailUrl":"https:\/\/guthardegg.at\/wp-content\/uploads\/02_Hardegg_Rose_vom_Gut_bdx.jpg","datePublished":"2020-06-01T05:46:18+00:00","dateModified":"2026-03-04T08:16:32+00:00","description":"Der Animateur par excellence fu\u0308r warme Tage. Ein Ros\u00e9 wie er sein soll. Feiner Duft nach Erdbeere und Himbeere. Ein erfrischender Wein f\u00fcr warme Tage, passt hervorragend zu Antipasti, Gefl\u00fcgel oder gegrilltem Fisch.","breadcrumb":{"@id":"https:\/\/guthardegg.at\/shop\/weine\/weine-vom-gut\/rose-vom-gut\/#breadcrumb"},"inLanguage":"en-US","potentialAction":[{"@type":"ReadAction","target":["https:\/\/guthardegg.at\/shop\/weine\/weine-vom-gut\/rose-vom-gut\/"]}]},{"@type":"ImageObject","inLanguage":"en-US","@id":"https:\/\/guthardegg.at\/shop\/weine\/weine-vom-gut\/rose-vom-gut\/#primaryimage","url":"https:\/\/guthardegg.at\/wp-content\/uploads\/02_Hardegg_Rose_vom_Gut_bdx.jpg","contentUrl":"https:\/\/guthardegg.at\/wp-content\/uploads\/02_Hardegg_Rose_vom_Gut_bdx.jpg","width":600,"height":800},{"@type":"BreadcrumbList","@id":"https:\/\/guthardegg.at\/shop\/weine\/weine-vom-gut\/rose-vom-gut\/#breadcrumb","itemListElement":[{"@type":"ListItem","position":1,"name":"gut hardegg","item":"https:\/\/guthardegg.at\/"},{"@type":"ListItem","position":2,"name":"Shop","item":"https:\/\/guthardegg.at\/shop\/"},{"@type":"ListItem","position":3,"name":"Weine","item":"https:\/\/guthardegg.at\/kategorie\/weine\/"},{"@type":"ListItem","position":4,"name":"ROS\u00c9"}]},{"@type":"WebSite","@id":"https:\/\/guthardegg.at\/#website","url":"https:\/\/guthardegg.at\/","name":"Gut Hardegg","description":"Gelebte Artenvielfalt","publisher":{"@id":"https:\/\/guthardegg.at\/#organization"},"potentialAction":[{"@type":"SearchAction","target":{"@type":"EntryPoint","urlTemplate":"https:\/\/guthardegg.at\/?s={search_term_string}"},"query-input":{"@type":"PropertyValueSpecification","valueRequired":true,"valueName":"search_term_string"}}],"inLanguage":"en-US"},{"@type":"Organization","@id":"https:\/\/guthardegg.at\/#organization","name":"Gut Hardegg","url":"https:\/\/guthardegg.at\/","logo":{"@type":"ImageObject","inLanguage":"en-US","@id":"https:\/\/guthardegg.at\/#\/schema\/logo\/image\/","url":"https:\/\/guthardegg.at\/wp-content\/uploads\/2020\/05\/Gut-Hardegg-logo.png","contentUrl":"https:\/\/guthardegg.at\/wp-content\/uploads\/2020\/05\/Gut-Hardegg-logo.png","width":945,"height":560,"caption":"Gut Hardegg"},"image":{"@id":"https:\/\/guthardegg.at\/#\/schema\/logo\/image\/"}}]}},"_links":{"self":[{"href":"https:\/\/guthardegg.at\/en\/wp-json\/wp\/v2\/product\/924","targetHints":{"allow":["GET"]}}],"collection":[{"href":"https:\/\/guthardegg.at\/en\/wp-json\/wp\/v2\/product"}],"about":[{"href":"https:\/\/guthardegg.at\/en\/wp-json\/wp\/v2\/types\/product"}],"wp:featuredmedia":[{"embeddable":true,"href":"https:\/\/guthardegg.at\/en\/wp-json\/wp\/v2\/media\/5068"}],"wp:attachment":[{"href":"https:\/\/guthardegg.at\/en\/wp-json\/wp\/v2\/media?parent=924"}],"wp:term":[{"taxonomy":"product_brand","embeddable":true,"href":"https:\/\/guthardegg.at\/en\/wp-json\/wp\/v2\/product_brand?post=924"},{"taxonomy":"product_cat","embeddable":true,"href":"https:\/\/guthardegg.at\/en\/wp-json\/wp\/v2\/product_cat?post=924"},{"taxonomy":"product_tag","embeddable":true,"href":"https:\/\/guthardegg.at\/en\/wp-json\/wp\/v2\/product_tag?post=924"}],"curies":[{"name":"wp","href":"https:\/\/api.w.org\/{rel}","templated":true}]}}