{"id":928,"date":"2020-06-01T07:46:18","date_gmt":"2020-06-01T05:46:18","guid":{"rendered":"https:\/\/guthardegg.at\/shop\/unkategorisiert\/pinot-noir\/"},"modified":"2025-07-24T10:08:23","modified_gmt":"2025-07-24T08:08:23","slug":"pinot-noir-vom-schloss-2023","status":"publish","type":"product","link":"https:\/\/guthardegg.at\/en\/shop\/weine\/weine-vom-schloss\/pinot-noir-vom-schloss-2023\/","title":{"rendered":"PINOT NOIR"},"content":{"rendered":"<p>Dieser Pinot Noir \u00fcberzeugt vor allem durch seine Feingliedrigkeit, Finesse und komplexen rotbeerigen Fruchtaromen, die mit feiner W\u00fcrze und mineralischen T\u00f6nen unterlegt sind. Ein f\u00fcr \u00f6sterreichische Verh\u00e4ltnisse ungew\u00f6hnlich eleganter Typ. Potenzial!<\/p>\n<p><b>Speisenempfehlung<\/b><br \/>\nEin idealer Essensbegleiter zu Wachteln, Wildpastete und Lamm, auch harmonisch zu Edamer und Mozzarella.<\/p>","protected":false},"excerpt":{"rendered":"<p>Dieser Pinot Noir \u00fcberzeugt vor allem durch seine Feingliedrigkeit, Finesse und komplexen rotbeerigen Fruchtaromen, die mit feiner W\u00fcrze und mineralischen T\u00f6nen unterlegt sind. Ein f\u00fcr \u00f6sterreichische Verh\u00e4ltnisse ungew\u00f6hnlich eleganter Typ. Potenzial! Speisenempfehlung Ein idealer Essensbegleiter zu Wachteln, Wildpastete und Lamm, auch harmonisch zu Edamer und Mozzarella.<\/p>","protected":false},"featured_media":6576,"template":"","meta":{"_acf_changed":false},"product_brand":[],"product_cat":[24,29],"product_tag":[58],"class_list":{"0":"post-928","1":"product","2":"type-product","3":"status-publish","4":"has-post-thumbnail","6":"product_cat-weine","7":"product_cat-weine-vom-schloss","8":"product_tag-rotwein","10":"first","11":"instock","12":"taxable","13":"shipping-taxable","14":"purchasable","15":"product-type-simple"},"acf":[],"yoast_head":"<!-- This site is optimized with the Yoast SEO plugin v24.8.1 - https:\/\/yoast.com\/wordpress\/plugins\/seo\/ -->\n<title>PINOT NOIR - Gut Hardegg<\/title>\n<meta name=\"description\" content=\"Dieser Pinot Noir \u00fcberzeugt vor allem durch seine Feingliedrigkeit, Finesse und komplexen rotbeerigen Fruchtaromen, die mit feiner W\u00fcrze und mineralischen T\u00f6nen unterlegt sind. Ein f\u00fcr \u00f6sterreichische Verh\u00e4ltnisse ungew\u00f6hnlich eleganter Typ. Potenzial! Speisenempfehlung: Ein idealer Essensbegleiter zu Wachteln, Wildpastete und Lamm, auch harmonisch zu Edamer und Mozzarella.\" \/>\n<meta name=\"robots\" content=\"index, follow, max-snippet:-1, max-image-preview:large, max-video-preview:-1\" \/>\n<link rel=\"canonical\" href=\"https:\/\/guthardegg.at\/en\/shop\/weine\/weine-vom-schloss\/pinot-noir-vom-schloss-2023\/\" \/>\n<meta property=\"og:locale\" content=\"en_US\" \/>\n<meta property=\"og:type\" content=\"article\" \/>\n<meta property=\"og:title\" content=\"PINOT NOIR - Gut Hardegg\" \/>\n<meta property=\"og:description\" content=\"Dieser Pinot Noir \u00fcberzeugt vor allem durch seine Feingliedrigkeit, Finesse und komplexen rotbeerigen Fruchtaromen, die mit feiner W\u00fcrze und mineralischen T\u00f6nen unterlegt sind. Ein f\u00fcr \u00f6sterreichische Verh\u00e4ltnisse ungew\u00f6hnlich eleganter Typ. Potenzial! Speisenempfehlung: Ein idealer Essensbegleiter zu Wachteln, Wildpastete und Lamm, auch harmonisch zu Edamer und Mozzarella.\" \/>\n<meta property=\"og:url\" content=\"https:\/\/guthardegg.at\/en\/shop\/weine\/weine-vom-schloss\/pinot-noir-vom-schloss-2023\/\" \/>\n<meta property=\"og:site_name\" content=\"Gut Hardegg\" \/>\n<meta property=\"article:modified_time\" content=\"2025-07-24T08:08:23+00:00\" \/>\n<meta property=\"og:image\" content=\"https:\/\/guthardegg.at\/wp-content\/uploads\/12_2021_Hardegg_Pinot_Noir_vom_Schloss.jpg\" \/>\n\t<meta property=\"og:image:width\" content=\"600\" \/>\n\t<meta property=\"og:image:height\" content=\"800\" \/>\n\t<meta property=\"og:image:type\" content=\"image\/jpeg\" \/>\n<meta name=\"twitter:card\" content=\"summary_large_image\" \/>\n<meta name=\"twitter:label1\" content=\"Est. reading time\" \/>\n\t<meta name=\"twitter:data1\" content=\"1 minute\" \/>\n<script type=\"application\/ld+json\" class=\"yoast-schema-graph\">{\"@context\":\"https:\/\/schema.org\",\"@graph\":[{\"@type\":\"WebPage\",\"@id\":\"https:\/\/guthardegg.at\/shop\/weine\/weine-vom-schloss\/pinot-noir-vom-schloss-2023\/\",\"url\":\"https:\/\/guthardegg.at\/shop\/weine\/weine-vom-schloss\/pinot-noir-vom-schloss-2023\/\",\"name\":\"PINOT NOIR - Gut Hardegg\",\"isPartOf\":{\"@id\":\"https:\/\/guthardegg.at\/#website\"},\"primaryImageOfPage\":{\"@id\":\"https:\/\/guthardegg.at\/shop\/weine\/weine-vom-schloss\/pinot-noir-vom-schloss-2023\/#primaryimage\"},\"image\":{\"@id\":\"https:\/\/guthardegg.at\/shop\/weine\/weine-vom-schloss\/pinot-noir-vom-schloss-2023\/#primaryimage\"},\"thumbnailUrl\":\"https:\/\/guthardegg.at\/wp-content\/uploads\/12_2021_Hardegg_Pinot_Noir_vom_Schloss.jpg\",\"datePublished\":\"2020-06-01T05:46:18+00:00\",\"dateModified\":\"2025-07-24T08:08:23+00:00\",\"description\":\"Dieser Pinot Noir \u00fcberzeugt vor allem durch seine Feingliedrigkeit, Finesse und komplexen rotbeerigen Fruchtaromen, die mit feiner W\u00fcrze und mineralischen T\u00f6nen unterlegt sind. Ein f\u00fcr \u00f6sterreichische Verh\u00e4ltnisse ungew\u00f6hnlich eleganter Typ. Potenzial! Speisenempfehlung: Ein idealer Essensbegleiter zu Wachteln, Wildpastete und Lamm, auch harmonisch zu Edamer und Mozzarella.\",\"breadcrumb\":{\"@id\":\"https:\/\/guthardegg.at\/shop\/weine\/weine-vom-schloss\/pinot-noir-vom-schloss-2023\/#breadcrumb\"},\"inLanguage\":\"en-US\",\"potentialAction\":[{\"@type\":\"ReadAction\",\"target\":[\"https:\/\/guthardegg.at\/shop\/weine\/weine-vom-schloss\/pinot-noir-vom-schloss-2023\/\"]}]},{\"@type\":\"ImageObject\",\"inLanguage\":\"en-US\",\"@id\":\"https:\/\/guthardegg.at\/shop\/weine\/weine-vom-schloss\/pinot-noir-vom-schloss-2023\/#primaryimage\",\"url\":\"https:\/\/guthardegg.at\/wp-content\/uploads\/12_2021_Hardegg_Pinot_Noir_vom_Schloss.jpg\",\"contentUrl\":\"https:\/\/guthardegg.at\/wp-content\/uploads\/12_2021_Hardegg_Pinot_Noir_vom_Schloss.jpg\",\"width\":600,\"height\":800},{\"@type\":\"BreadcrumbList\",\"@id\":\"https:\/\/guthardegg.at\/shop\/weine\/weine-vom-schloss\/pinot-noir-vom-schloss-2023\/#breadcrumb\",\"itemListElement\":[{\"@type\":\"ListItem\",\"position\":1,\"name\":\"gut hardegg\",\"item\":\"https:\/\/guthardegg.at\/\"},{\"@type\":\"ListItem\",\"position\":2,\"name\":\"Shop\",\"item\":\"https:\/\/guthardegg.at\/shop\/\"},{\"@type\":\"ListItem\",\"position\":3,\"name\":\"Weine\",\"item\":\"https:\/\/guthardegg.at\/kategorie\/weine\/\"},{\"@type\":\"ListItem\",\"position\":4,\"name\":\"PINOT NOIR\"}]},{\"@type\":\"WebSite\",\"@id\":\"https:\/\/guthardegg.at\/#website\",\"url\":\"https:\/\/guthardegg.at\/\",\"name\":\"Gut Hardegg\",\"description\":\"Gelebte Artenvielfalt\",\"publisher\":{\"@id\":\"https:\/\/guthardegg.at\/#organization\"},\"potentialAction\":[{\"@type\":\"SearchAction\",\"target\":{\"@type\":\"EntryPoint\",\"urlTemplate\":\"https:\/\/guthardegg.at\/?s={search_term_string}\"},\"query-input\":{\"@type\":\"PropertyValueSpecification\",\"valueRequired\":true,\"valueName\":\"search_term_string\"}}],\"inLanguage\":\"en-US\"},{\"@type\":\"Organization\",\"@id\":\"https:\/\/guthardegg.at\/#organization\",\"name\":\"Gut Hardegg\",\"url\":\"https:\/\/guthardegg.at\/\",\"logo\":{\"@type\":\"ImageObject\",\"inLanguage\":\"en-US\",\"@id\":\"https:\/\/guthardegg.at\/#\/schema\/logo\/image\/\",\"url\":\"https:\/\/guthardegg.at\/wp-content\/uploads\/2020\/05\/Gut-Hardegg-logo.png\",\"contentUrl\":\"https:\/\/guthardegg.at\/wp-content\/uploads\/2020\/05\/Gut-Hardegg-logo.png\",\"width\":945,\"height\":560,\"caption\":\"Gut Hardegg\"},\"image\":{\"@id\":\"https:\/\/guthardegg.at\/#\/schema\/logo\/image\/\"}}]}<\/script>\n<!-- \/ Yoast SEO plugin. -->","yoast_head_json":{"title":"PINOT NOIR - Gut Hardegg","description":"Dieser Pinot Noir \u00fcberzeugt vor allem durch seine Feingliedrigkeit, Finesse und komplexen rotbeerigen Fruchtaromen, die mit feiner W\u00fcrze und mineralischen T\u00f6nen unterlegt sind. Ein f\u00fcr \u00f6sterreichische Verh\u00e4ltnisse ungew\u00f6hnlich eleganter Typ. Potenzial! Speisenempfehlung: Ein idealer Essensbegleiter zu Wachteln, Wildpastete und Lamm, auch harmonisch zu Edamer und Mozzarella.","robots":{"index":"index","follow":"follow","max-snippet":"max-snippet:-1","max-image-preview":"max-image-preview:large","max-video-preview":"max-video-preview:-1"},"canonical":"https:\/\/guthardegg.at\/en\/shop\/weine\/weine-vom-schloss\/pinot-noir-vom-schloss-2023\/","og_locale":"en_US","og_type":"article","og_title":"PINOT NOIR - Gut Hardegg","og_description":"Dieser Pinot Noir \u00fcberzeugt vor allem durch seine Feingliedrigkeit, Finesse und komplexen rotbeerigen Fruchtaromen, die mit feiner W\u00fcrze und mineralischen T\u00f6nen unterlegt sind. Ein f\u00fcr \u00f6sterreichische Verh\u00e4ltnisse ungew\u00f6hnlich eleganter Typ. Potenzial! Speisenempfehlung: Ein idealer Essensbegleiter zu Wachteln, Wildpastete und Lamm, auch harmonisch zu Edamer und Mozzarella.","og_url":"https:\/\/guthardegg.at\/en\/shop\/weine\/weine-vom-schloss\/pinot-noir-vom-schloss-2023\/","og_site_name":"Gut Hardegg","article_modified_time":"2025-07-24T08:08:23+00:00","og_image":[{"width":600,"height":800,"url":"https:\/\/guthardegg.at\/wp-content\/uploads\/12_2021_Hardegg_Pinot_Noir_vom_Schloss.jpg","type":"image\/jpeg"}],"twitter_card":"summary_large_image","twitter_misc":{"Est. reading time":"1 minute"},"schema":{"@context":"https:\/\/schema.org","@graph":[{"@type":"WebPage","@id":"https:\/\/guthardegg.at\/shop\/weine\/weine-vom-schloss\/pinot-noir-vom-schloss-2023\/","url":"https:\/\/guthardegg.at\/shop\/weine\/weine-vom-schloss\/pinot-noir-vom-schloss-2023\/","name":"PINOT NOIR - Gut Hardegg","isPartOf":{"@id":"https:\/\/guthardegg.at\/#website"},"primaryImageOfPage":{"@id":"https:\/\/guthardegg.at\/shop\/weine\/weine-vom-schloss\/pinot-noir-vom-schloss-2023\/#primaryimage"},"image":{"@id":"https:\/\/guthardegg.at\/shop\/weine\/weine-vom-schloss\/pinot-noir-vom-schloss-2023\/#primaryimage"},"thumbnailUrl":"https:\/\/guthardegg.at\/wp-content\/uploads\/12_2021_Hardegg_Pinot_Noir_vom_Schloss.jpg","datePublished":"2020-06-01T05:46:18+00:00","dateModified":"2025-07-24T08:08:23+00:00","description":"Dieser Pinot Noir \u00fcberzeugt vor allem durch seine Feingliedrigkeit, Finesse und komplexen rotbeerigen Fruchtaromen, die mit feiner W\u00fcrze und mineralischen T\u00f6nen unterlegt sind. Ein f\u00fcr \u00f6sterreichische Verh\u00e4ltnisse ungew\u00f6hnlich eleganter Typ. Potenzial! Speisenempfehlung: Ein idealer Essensbegleiter zu Wachteln, Wildpastete und Lamm, auch harmonisch zu Edamer und Mozzarella.","breadcrumb":{"@id":"https:\/\/guthardegg.at\/shop\/weine\/weine-vom-schloss\/pinot-noir-vom-schloss-2023\/#breadcrumb"},"inLanguage":"en-US","potentialAction":[{"@type":"ReadAction","target":["https:\/\/guthardegg.at\/shop\/weine\/weine-vom-schloss\/pinot-noir-vom-schloss-2023\/"]}]},{"@type":"ImageObject","inLanguage":"en-US","@id":"https:\/\/guthardegg.at\/shop\/weine\/weine-vom-schloss\/pinot-noir-vom-schloss-2023\/#primaryimage","url":"https:\/\/guthardegg.at\/wp-content\/uploads\/12_2021_Hardegg_Pinot_Noir_vom_Schloss.jpg","contentUrl":"https:\/\/guthardegg.at\/wp-content\/uploads\/12_2021_Hardegg_Pinot_Noir_vom_Schloss.jpg","width":600,"height":800},{"@type":"BreadcrumbList","@id":"https:\/\/guthardegg.at\/shop\/weine\/weine-vom-schloss\/pinot-noir-vom-schloss-2023\/#breadcrumb","itemListElement":[{"@type":"ListItem","position":1,"name":"gut hardegg","item":"https:\/\/guthardegg.at\/"},{"@type":"ListItem","position":2,"name":"Shop","item":"https:\/\/guthardegg.at\/shop\/"},{"@type":"ListItem","position":3,"name":"Weine","item":"https:\/\/guthardegg.at\/kategorie\/weine\/"},{"@type":"ListItem","position":4,"name":"PINOT NOIR"}]},{"@type":"WebSite","@id":"https:\/\/guthardegg.at\/#website","url":"https:\/\/guthardegg.at\/","name":"Gut Hardegg","description":"Gelebte Artenvielfalt","publisher":{"@id":"https:\/\/guthardegg.at\/#organization"},"potentialAction":[{"@type":"SearchAction","target":{"@type":"EntryPoint","urlTemplate":"https:\/\/guthardegg.at\/?s={search_term_string}"},"query-input":{"@type":"PropertyValueSpecification","valueRequired":true,"valueName":"search_term_string"}}],"inLanguage":"en-US"},{"@type":"Organization","@id":"https:\/\/guthardegg.at\/#organization","name":"Gut Hardegg","url":"https:\/\/guthardegg.at\/","logo":{"@type":"ImageObject","inLanguage":"en-US","@id":"https:\/\/guthardegg.at\/#\/schema\/logo\/image\/","url":"https:\/\/guthardegg.at\/wp-content\/uploads\/2020\/05\/Gut-Hardegg-logo.png","contentUrl":"https:\/\/guthardegg.at\/wp-content\/uploads\/2020\/05\/Gut-Hardegg-logo.png","width":945,"height":560,"caption":"Gut Hardegg"},"image":{"@id":"https:\/\/guthardegg.at\/#\/schema\/logo\/image\/"}}]}},"_links":{"self":[{"href":"https:\/\/guthardegg.at\/en\/wp-json\/wp\/v2\/product\/928","targetHints":{"allow":["GET"]}}],"collection":[{"href":"https:\/\/guthardegg.at\/en\/wp-json\/wp\/v2\/product"}],"about":[{"href":"https:\/\/guthardegg.at\/en\/wp-json\/wp\/v2\/types\/product"}],"wp:featuredmedia":[{"embeddable":true,"href":"https:\/\/guthardegg.at\/en\/wp-json\/wp\/v2\/media\/6576"}],"wp:attachment":[{"href":"https:\/\/guthardegg.at\/en\/wp-json\/wp\/v2\/media?parent=928"}],"wp:term":[{"taxonomy":"product_brand","embeddable":true,"href":"https:\/\/guthardegg.at\/en\/wp-json\/wp\/v2\/product_brand?post=928"},{"taxonomy":"product_cat","embeddable":true,"href":"https:\/\/guthardegg.at\/en\/wp-json\/wp\/v2\/product_cat?post=928"},{"taxonomy":"product_tag","embeddable":true,"href":"https:\/\/guthardegg.at\/en\/wp-json\/wp\/v2\/product_tag?post=928"}],"curies":[{"name":"wp","href":"https:\/\/api.w.org\/{rel}","templated":true}]}}