{"id":936,"date":"2020-06-01T07:46:18","date_gmt":"2020-06-01T05:46:18","guid":{"rendered":"https:\/\/guthardegg.at\/shop\/unkategorisiert\/viognier-3\/"},"modified":"2025-05-02T08:43:28","modified_gmt":"2025-05-02T06:43:28","slug":"viognier-2023","status":"publish","type":"product","link":"https:\/\/guthardegg.at\/en\/shop\/weine\/lagen-reserveweine\/viognier-2023\/","title":{"rendered":"VIOGNIER"},"content":{"rendered":"<p>Ein reinsortiger Viognier aus dem n\u00f6rdlichen Weinviertel! Vielschichtig mit komplexen Aromen nach Pfirsich, Mango, Melonen und Rosen. Sch\u00f6ne S\u00e4ure und viel Biss. Eine Rarit\u00e4t mit enormen Potenzial!<\/p>\n<p><b>Speisenempfehlung<\/b><br \/>\nAngenehmer Speisenbegleiter auch zu kleinen K\u00f6stlichkeiten wie Schinken mit Melone, Gefl\u00fcgel- und Kalbspasteten oder gebackener H\u00fchnerleber.<span style=\"text-decoration: underline;\"><br \/>\n<\/span><\/p>","protected":false},"excerpt":{"rendered":"<p>Ein reinsortiger Viognier aus dem n\u00f6rdlichen Weinviertel! Vielschichtig mit komplexen Aromen nach Pfirsich, Mango, Melonen und Rosen. Sch\u00f6ne S\u00e4ure und viel Biss. Eine Rarit\u00e4t mit enormen Potenzial! Speisenempfehlung Angenehmer Speisenbegleiter auch zu kleinen K\u00f6stlichkeiten wie Schinken mit Melone, Gefl\u00fcgel- und Kalbspasteten oder gebackener H\u00fchnerleber.<\/p>","protected":false},"featured_media":900,"template":"","meta":{"_acf_changed":false},"product_brand":[],"product_cat":[30,31,24],"product_tag":[59],"class_list":{"0":"post-936","1":"product","2":"type-product","3":"status-publish","4":"has-post-thumbnail","6":"product_cat-lagen-reserveweine","7":"product_cat-sekt-spezialitaeten","8":"product_cat-weine","9":"product_tag-weisswein","11":"first","12":"instock","13":"taxable","14":"shipping-taxable","15":"purchasable","16":"product-type-simple"},"acf":[],"yoast_head":"<!-- This site is optimized with the Yoast SEO plugin v24.8.1 - https:\/\/yoast.com\/wordpress\/plugins\/seo\/ -->\n<title>VIOGNIER - Gut Hardegg<\/title>\n<meta name=\"description\" content=\"Ein reinsortiger Viognier aus dem n\u00f6rdlichen Weinviertel! Vielschichtig mit komplexen Aromen nach Pfirsich, Mango, Melonen und Rosen. Sch\u00f6ne S\u00e4ure und viel Biss. Eine Rarit\u00e4t mit enormen Potenzial! Angenehmer Speisenbegleiter auch zu kleinen K\u00f6stlichkeiten wie Schinken mit Melone, Gefl\u00fcgel- und Kalbspasteten oder gebackener H\u00fchnerleber.\" \/>\n<meta name=\"robots\" content=\"index, follow, max-snippet:-1, max-image-preview:large, max-video-preview:-1\" \/>\n<link rel=\"canonical\" href=\"https:\/\/guthardegg.at\/en\/shop\/weine\/lagen-reserveweine\/viognier-2023\/\" \/>\n<meta property=\"og:locale\" content=\"en_US\" \/>\n<meta property=\"og:type\" content=\"article\" \/>\n<meta property=\"og:title\" content=\"VIOGNIER - Gut Hardegg\" \/>\n<meta property=\"og:description\" content=\"Ein reinsortiger Viognier aus dem n\u00f6rdlichen Weinviertel! Vielschichtig mit komplexen Aromen nach Pfirsich, Mango, Melonen und Rosen. Sch\u00f6ne S\u00e4ure und viel Biss. Eine Rarit\u00e4t mit enormen Potenzial! Angenehmer Speisenbegleiter auch zu kleinen K\u00f6stlichkeiten wie Schinken mit Melone, Gefl\u00fcgel- und Kalbspasteten oder gebackener H\u00fchnerleber.\" \/>\n<meta property=\"og:url\" content=\"https:\/\/guthardegg.at\/en\/shop\/weine\/lagen-reserveweine\/viognier-2023\/\" \/>\n<meta property=\"og:site_name\" content=\"Gut Hardegg\" \/>\n<meta property=\"article:modified_time\" content=\"2025-05-02T06:43:28+00:00\" \/>\n<meta property=\"og:image\" content=\"https:\/\/guthardegg.at\/wp-content\/uploads\/2020\/06\/30_2018_Hardegg_Viognier.jpg\" \/>\n\t<meta property=\"og:image:width\" content=\"600\" \/>\n\t<meta property=\"og:image:height\" content=\"800\" \/>\n\t<meta property=\"og:image:type\" content=\"image\/jpeg\" \/>\n<meta name=\"twitter:card\" content=\"summary_large_image\" \/>\n<meta name=\"twitter:label1\" content=\"Est. reading time\" \/>\n\t<meta name=\"twitter:data1\" content=\"1 minute\" \/>\n<script type=\"application\/ld+json\" class=\"yoast-schema-graph\">{\"@context\":\"https:\/\/schema.org\",\"@graph\":[{\"@type\":\"WebPage\",\"@id\":\"https:\/\/guthardegg.at\/shop\/weine\/lagen-reserveweine\/viognier-2023\/\",\"url\":\"https:\/\/guthardegg.at\/shop\/weine\/lagen-reserveweine\/viognier-2023\/\",\"name\":\"VIOGNIER - Gut Hardegg\",\"isPartOf\":{\"@id\":\"https:\/\/guthardegg.at\/#website\"},\"primaryImageOfPage\":{\"@id\":\"https:\/\/guthardegg.at\/shop\/weine\/lagen-reserveweine\/viognier-2023\/#primaryimage\"},\"image\":{\"@id\":\"https:\/\/guthardegg.at\/shop\/weine\/lagen-reserveweine\/viognier-2023\/#primaryimage\"},\"thumbnailUrl\":\"https:\/\/guthardegg.at\/wp-content\/uploads\/2020\/06\/30_2018_Hardegg_Viognier.jpg\",\"datePublished\":\"2020-06-01T05:46:18+00:00\",\"dateModified\":\"2025-05-02T06:43:28+00:00\",\"description\":\"Ein reinsortiger Viognier aus dem n\u00f6rdlichen Weinviertel! Vielschichtig mit komplexen Aromen nach Pfirsich, Mango, Melonen und Rosen. Sch\u00f6ne S\u00e4ure und viel Biss. Eine Rarit\u00e4t mit enormen Potenzial! Angenehmer Speisenbegleiter auch zu kleinen K\u00f6stlichkeiten wie Schinken mit Melone, Gefl\u00fcgel- und Kalbspasteten oder gebackener H\u00fchnerleber.\",\"breadcrumb\":{\"@id\":\"https:\/\/guthardegg.at\/shop\/weine\/lagen-reserveweine\/viognier-2023\/#breadcrumb\"},\"inLanguage\":\"en-US\",\"potentialAction\":[{\"@type\":\"ReadAction\",\"target\":[\"https:\/\/guthardegg.at\/shop\/weine\/lagen-reserveweine\/viognier-2023\/\"]}]},{\"@type\":\"ImageObject\",\"inLanguage\":\"en-US\",\"@id\":\"https:\/\/guthardegg.at\/shop\/weine\/lagen-reserveweine\/viognier-2023\/#primaryimage\",\"url\":\"https:\/\/guthardegg.at\/wp-content\/uploads\/2020\/06\/30_2018_Hardegg_Viognier.jpg\",\"contentUrl\":\"https:\/\/guthardegg.at\/wp-content\/uploads\/2020\/06\/30_2018_Hardegg_Viognier.jpg\",\"width\":600,\"height\":800},{\"@type\":\"BreadcrumbList\",\"@id\":\"https:\/\/guthardegg.at\/shop\/weine\/lagen-reserveweine\/viognier-2023\/#breadcrumb\",\"itemListElement\":[{\"@type\":\"ListItem\",\"position\":1,\"name\":\"gut hardegg\",\"item\":\"https:\/\/guthardegg.at\/\"},{\"@type\":\"ListItem\",\"position\":2,\"name\":\"Shop\",\"item\":\"https:\/\/guthardegg.at\/shop\/\"},{\"@type\":\"ListItem\",\"position\":3,\"name\":\"Weine\",\"item\":\"https:\/\/guthardegg.at\/kategorie\/weine\/\"},{\"@type\":\"ListItem\",\"position\":4,\"name\":\"Lagen- &amp; Reserveweine\",\"item\":\"https:\/\/guthardegg.at\/kategorie\/weine\/lagen-reserveweine\/\"},{\"@type\":\"ListItem\",\"position\":5,\"name\":\"VIOGNIER\"}]},{\"@type\":\"WebSite\",\"@id\":\"https:\/\/guthardegg.at\/#website\",\"url\":\"https:\/\/guthardegg.at\/\",\"name\":\"Gut Hardegg\",\"description\":\"Gelebte Artenvielfalt\",\"publisher\":{\"@id\":\"https:\/\/guthardegg.at\/#organization\"},\"potentialAction\":[{\"@type\":\"SearchAction\",\"target\":{\"@type\":\"EntryPoint\",\"urlTemplate\":\"https:\/\/guthardegg.at\/?s={search_term_string}\"},\"query-input\":{\"@type\":\"PropertyValueSpecification\",\"valueRequired\":true,\"valueName\":\"search_term_string\"}}],\"inLanguage\":\"en-US\"},{\"@type\":\"Organization\",\"@id\":\"https:\/\/guthardegg.at\/#organization\",\"name\":\"Gut Hardegg\",\"url\":\"https:\/\/guthardegg.at\/\",\"logo\":{\"@type\":\"ImageObject\",\"inLanguage\":\"en-US\",\"@id\":\"https:\/\/guthardegg.at\/#\/schema\/logo\/image\/\",\"url\":\"https:\/\/guthardegg.at\/wp-content\/uploads\/2020\/05\/Gut-Hardegg-logo.png\",\"contentUrl\":\"https:\/\/guthardegg.at\/wp-content\/uploads\/2020\/05\/Gut-Hardegg-logo.png\",\"width\":945,\"height\":560,\"caption\":\"Gut Hardegg\"},\"image\":{\"@id\":\"https:\/\/guthardegg.at\/#\/schema\/logo\/image\/\"}}]}<\/script>\n<!-- \/ Yoast SEO plugin. -->","yoast_head_json":{"title":"VIOGNIER - Gut Hardegg","description":"Ein reinsortiger Viognier aus dem n\u00f6rdlichen Weinviertel! Vielschichtig mit komplexen Aromen nach Pfirsich, Mango, Melonen und Rosen. Sch\u00f6ne S\u00e4ure und viel Biss. Eine Rarit\u00e4t mit enormen Potenzial! Angenehmer Speisenbegleiter auch zu kleinen K\u00f6stlichkeiten wie Schinken mit Melone, Gefl\u00fcgel- und Kalbspasteten oder gebackener H\u00fchnerleber.","robots":{"index":"index","follow":"follow","max-snippet":"max-snippet:-1","max-image-preview":"max-image-preview:large","max-video-preview":"max-video-preview:-1"},"canonical":"https:\/\/guthardegg.at\/en\/shop\/weine\/lagen-reserveweine\/viognier-2023\/","og_locale":"en_US","og_type":"article","og_title":"VIOGNIER - Gut Hardegg","og_description":"Ein reinsortiger Viognier aus dem n\u00f6rdlichen Weinviertel! Vielschichtig mit komplexen Aromen nach Pfirsich, Mango, Melonen und Rosen. Sch\u00f6ne S\u00e4ure und viel Biss. Eine Rarit\u00e4t mit enormen Potenzial! Angenehmer Speisenbegleiter auch zu kleinen K\u00f6stlichkeiten wie Schinken mit Melone, Gefl\u00fcgel- und Kalbspasteten oder gebackener H\u00fchnerleber.","og_url":"https:\/\/guthardegg.at\/en\/shop\/weine\/lagen-reserveweine\/viognier-2023\/","og_site_name":"Gut Hardegg","article_modified_time":"2025-05-02T06:43:28+00:00","og_image":[{"width":600,"height":800,"url":"https:\/\/guthardegg.at\/wp-content\/uploads\/2020\/06\/30_2018_Hardegg_Viognier.jpg","type":"image\/jpeg"}],"twitter_card":"summary_large_image","twitter_misc":{"Est. reading time":"1 minute"},"schema":{"@context":"https:\/\/schema.org","@graph":[{"@type":"WebPage","@id":"https:\/\/guthardegg.at\/shop\/weine\/lagen-reserveweine\/viognier-2023\/","url":"https:\/\/guthardegg.at\/shop\/weine\/lagen-reserveweine\/viognier-2023\/","name":"VIOGNIER - Gut Hardegg","isPartOf":{"@id":"https:\/\/guthardegg.at\/#website"},"primaryImageOfPage":{"@id":"https:\/\/guthardegg.at\/shop\/weine\/lagen-reserveweine\/viognier-2023\/#primaryimage"},"image":{"@id":"https:\/\/guthardegg.at\/shop\/weine\/lagen-reserveweine\/viognier-2023\/#primaryimage"},"thumbnailUrl":"https:\/\/guthardegg.at\/wp-content\/uploads\/2020\/06\/30_2018_Hardegg_Viognier.jpg","datePublished":"2020-06-01T05:46:18+00:00","dateModified":"2025-05-02T06:43:28+00:00","description":"Ein reinsortiger Viognier aus dem n\u00f6rdlichen Weinviertel! Vielschichtig mit komplexen Aromen nach Pfirsich, Mango, Melonen und Rosen. Sch\u00f6ne S\u00e4ure und viel Biss. Eine Rarit\u00e4t mit enormen Potenzial! Angenehmer Speisenbegleiter auch zu kleinen K\u00f6stlichkeiten wie Schinken mit Melone, Gefl\u00fcgel- und Kalbspasteten oder gebackener H\u00fchnerleber.","breadcrumb":{"@id":"https:\/\/guthardegg.at\/shop\/weine\/lagen-reserveweine\/viognier-2023\/#breadcrumb"},"inLanguage":"en-US","potentialAction":[{"@type":"ReadAction","target":["https:\/\/guthardegg.at\/shop\/weine\/lagen-reserveweine\/viognier-2023\/"]}]},{"@type":"ImageObject","inLanguage":"en-US","@id":"https:\/\/guthardegg.at\/shop\/weine\/lagen-reserveweine\/viognier-2023\/#primaryimage","url":"https:\/\/guthardegg.at\/wp-content\/uploads\/2020\/06\/30_2018_Hardegg_Viognier.jpg","contentUrl":"https:\/\/guthardegg.at\/wp-content\/uploads\/2020\/06\/30_2018_Hardegg_Viognier.jpg","width":600,"height":800},{"@type":"BreadcrumbList","@id":"https:\/\/guthardegg.at\/shop\/weine\/lagen-reserveweine\/viognier-2023\/#breadcrumb","itemListElement":[{"@type":"ListItem","position":1,"name":"gut hardegg","item":"https:\/\/guthardegg.at\/"},{"@type":"ListItem","position":2,"name":"Shop","item":"https:\/\/guthardegg.at\/shop\/"},{"@type":"ListItem","position":3,"name":"Weine","item":"https:\/\/guthardegg.at\/kategorie\/weine\/"},{"@type":"ListItem","position":4,"name":"Lagen- &amp; Reserveweine","item":"https:\/\/guthardegg.at\/kategorie\/weine\/lagen-reserveweine\/"},{"@type":"ListItem","position":5,"name":"VIOGNIER"}]},{"@type":"WebSite","@id":"https:\/\/guthardegg.at\/#website","url":"https:\/\/guthardegg.at\/","name":"Gut Hardegg","description":"Gelebte Artenvielfalt","publisher":{"@id":"https:\/\/guthardegg.at\/#organization"},"potentialAction":[{"@type":"SearchAction","target":{"@type":"EntryPoint","urlTemplate":"https:\/\/guthardegg.at\/?s={search_term_string}"},"query-input":{"@type":"PropertyValueSpecification","valueRequired":true,"valueName":"search_term_string"}}],"inLanguage":"en-US"},{"@type":"Organization","@id":"https:\/\/guthardegg.at\/#organization","name":"Gut Hardegg","url":"https:\/\/guthardegg.at\/","logo":{"@type":"ImageObject","inLanguage":"en-US","@id":"https:\/\/guthardegg.at\/#\/schema\/logo\/image\/","url":"https:\/\/guthardegg.at\/wp-content\/uploads\/2020\/05\/Gut-Hardegg-logo.png","contentUrl":"https:\/\/guthardegg.at\/wp-content\/uploads\/2020\/05\/Gut-Hardegg-logo.png","width":945,"height":560,"caption":"Gut Hardegg"},"image":{"@id":"https:\/\/guthardegg.at\/#\/schema\/logo\/image\/"}}]}},"_links":{"self":[{"href":"https:\/\/guthardegg.at\/en\/wp-json\/wp\/v2\/product\/936","targetHints":{"allow":["GET"]}}],"collection":[{"href":"https:\/\/guthardegg.at\/en\/wp-json\/wp\/v2\/product"}],"about":[{"href":"https:\/\/guthardegg.at\/en\/wp-json\/wp\/v2\/types\/product"}],"wp:featuredmedia":[{"embeddable":true,"href":"https:\/\/guthardegg.at\/en\/wp-json\/wp\/v2\/media\/900"}],"wp:attachment":[{"href":"https:\/\/guthardegg.at\/en\/wp-json\/wp\/v2\/media?parent=936"}],"wp:term":[{"taxonomy":"product_brand","embeddable":true,"href":"https:\/\/guthardegg.at\/en\/wp-json\/wp\/v2\/product_brand?post=936"},{"taxonomy":"product_cat","embeddable":true,"href":"https:\/\/guthardegg.at\/en\/wp-json\/wp\/v2\/product_cat?post=936"},{"taxonomy":"product_tag","embeddable":true,"href":"https:\/\/guthardegg.at\/en\/wp-json\/wp\/v2\/product_tag?post=936"}],"curies":[{"name":"wp","href":"https:\/\/api.w.org\/{rel}","templated":true}]}}