{"id":938,"date":"2020-06-01T07:46:18","date_gmt":"2020-06-01T05:46:18","guid":{"rendered":"https:\/\/guthardegg.at\/shop\/unkategorisiert\/forticus\/"},"modified":"2026-02-02T08:51:19","modified_gmt":"2026-02-02T07:51:19","slug":"forticus-2015","status":"publish","type":"product","link":"https:\/\/guthardegg.at\/en\/shop\/weine\/sekt-spezialitaeten\/forticus-2015\/","title":{"rendered":"FORTICUS"},"content":{"rendered":"<p>Ein \u201efortifizierter\u201c Wein von hochreifen und gesunden Merlot-Trauben, spontan- &amp; maischevergoren, mit eigenem Weinbrand abgestoppt und mindestens 4 Jahre in Barriques gelagert. Dieser au\u00dfergew\u00f6hnliche Dessertwein ist fu\u0308r sehr lange Flaschenlagerung konzipiert. Er wird nur in den besten Rotweinjahren erzeugt! LIMITIERT!<\/p>\n<p><b>Speisenempfehlung<\/b><br \/>\nAls Dessertwein zu Blauschimmelk\u00e4se sowie Desserts mit N\u00fcssen und \u00c4pfeln. &#8222;Einziger S\u00fc\u00dfwein \u00d6sterreichs, der zu Schokoladen-Desserts passt!&#8220;<\/p>","protected":false},"excerpt":{"rendered":"<p>Ein \u201efortifizierter\u201c Wein von hochreifen und gesunden Merlot-Trauben, spontan- &amp; maischevergoren, mit eigenem Weinbrand abgestoppt und mindestens 4 Jahre in Barriques gelagert. Dieser au\u00dfergew\u00f6hnliche Dessertwein ist fu\u0308r sehr lange Flaschenlagerung konzipiert. Er wird nur in den besten Rotweinjahren erzeugt! LIMITIERT! Speisenempfehlung Als Dessertwein zu Blauschimmelk\u00e4se sowie Desserts mit N\u00fcssen und \u00c4pfeln. &#8222;Einziger S\u00fc\u00dfwein \u00d6sterreichs, der [&#8230;]<\/p>","protected":false},"featured_media":4600,"template":"","meta":{"_acf_changed":false},"product_brand":[],"product_cat":[31,24],"product_tag":[61],"class_list":{"0":"post-938","1":"product","2":"type-product","3":"status-publish","4":"has-post-thumbnail","6":"product_cat-sekt-spezialitaeten","7":"product_cat-weine","8":"product_tag-suesswein","10":"first","11":"instock","12":"taxable","13":"shipping-taxable","14":"purchasable","15":"product-type-simple"},"acf":[],"yoast_head":"<!-- This site is optimized with the Yoast SEO plugin v24.8.1 - https:\/\/yoast.com\/wordpress\/plugins\/seo\/ -->\n<title>FORTICUS - Gut Hardegg<\/title>\n<meta name=\"description\" content=\"Ein \u201efortifizierter\u201c Wein von hochreifen und gesunden Merlot-Trauben, spontan- &amp; maischevergoren, mit eigenem Weinbrand abgestoppt und mindestens 4 Jahre in Barriques gelagert. Dieser au\u00dfergew\u00f6hnliche Dessertwein ist fu\u0308r sehr lange Flaschenlagerung konzipiert. Er wird nur in den besten Rotweinjahren erzeugt! LIMITIERT! Als Dessertwein zu Blauschimmelk\u00e4se sowie Desserts mit N\u00fcssen und \u00c4pfeln. &quot;Einziger S\u00fc\u00dfwein \u00d6sterreichs, der zu Schokoladen-Desserts passt!&quot;\" \/>\n<meta name=\"robots\" content=\"index, follow, max-snippet:-1, max-image-preview:large, max-video-preview:-1\" \/>\n<link rel=\"canonical\" href=\"https:\/\/guthardegg.at\/en\/shop\/weine\/sekt-spezialitaeten\/forticus-2015\/\" \/>\n<meta property=\"og:locale\" content=\"en_US\" \/>\n<meta property=\"og:type\" content=\"article\" \/>\n<meta property=\"og:title\" content=\"FORTICUS - Gut Hardegg\" \/>\n<meta property=\"og:description\" content=\"Ein \u201efortifizierter\u201c Wein von hochreifen und gesunden Merlot-Trauben, spontan- &amp; maischevergoren, mit eigenem Weinbrand abgestoppt und mindestens 4 Jahre in Barriques gelagert. Dieser au\u00dfergew\u00f6hnliche Dessertwein ist fu\u0308r sehr lange Flaschenlagerung konzipiert. Er wird nur in den besten Rotweinjahren erzeugt! LIMITIERT! Als Dessertwein zu Blauschimmelk\u00e4se sowie Desserts mit N\u00fcssen und \u00c4pfeln. &quot;Einziger S\u00fc\u00dfwein \u00d6sterreichs, der zu Schokoladen-Desserts passt!&quot;\" \/>\n<meta property=\"og:url\" content=\"https:\/\/guthardegg.at\/en\/shop\/weine\/sekt-spezialitaeten\/forticus-2015\/\" \/>\n<meta property=\"og:site_name\" content=\"Gut Hardegg\" \/>\n<meta property=\"article:modified_time\" content=\"2026-02-02T07:51:19+00:00\" \/>\n<meta property=\"og:image\" content=\"https:\/\/guthardegg.at\/wp-content\/uploads\/41_Hardegg_Forticus.jpg\" \/>\n\t<meta property=\"og:image:width\" content=\"600\" \/>\n\t<meta property=\"og:image:height\" content=\"800\" \/>\n\t<meta property=\"og:image:type\" content=\"image\/jpeg\" \/>\n<meta name=\"twitter:card\" content=\"summary_large_image\" \/>\n<meta name=\"twitter:label1\" content=\"Est. reading time\" \/>\n\t<meta name=\"twitter:data1\" content=\"1 minute\" \/>\n<script type=\"application\/ld+json\" class=\"yoast-schema-graph\">{\"@context\":\"https:\/\/schema.org\",\"@graph\":[{\"@type\":\"WebPage\",\"@id\":\"https:\/\/guthardegg.at\/shop\/weine\/sekt-spezialitaeten\/forticus-2015\/\",\"url\":\"https:\/\/guthardegg.at\/shop\/weine\/sekt-spezialitaeten\/forticus-2015\/\",\"name\":\"FORTICUS - Gut Hardegg\",\"isPartOf\":{\"@id\":\"https:\/\/guthardegg.at\/#website\"},\"primaryImageOfPage\":{\"@id\":\"https:\/\/guthardegg.at\/shop\/weine\/sekt-spezialitaeten\/forticus-2015\/#primaryimage\"},\"image\":{\"@id\":\"https:\/\/guthardegg.at\/shop\/weine\/sekt-spezialitaeten\/forticus-2015\/#primaryimage\"},\"thumbnailUrl\":\"https:\/\/guthardegg.at\/wp-content\/uploads\/41_Hardegg_Forticus.jpg\",\"datePublished\":\"2020-06-01T05:46:18+00:00\",\"dateModified\":\"2026-02-02T07:51:19+00:00\",\"description\":\"Ein \u201efortifizierter\u201c Wein von hochreifen und gesunden Merlot-Trauben, spontan- & maischevergoren, mit eigenem Weinbrand abgestoppt und mindestens 4 Jahre in Barriques gelagert. Dieser au\u00dfergew\u00f6hnliche Dessertwein ist fu\u0308r sehr lange Flaschenlagerung konzipiert. Er wird nur in den besten Rotweinjahren erzeugt! LIMITIERT! Als Dessertwein zu Blauschimmelk\u00e4se sowie Desserts mit N\u00fcssen und \u00c4pfeln. \\\"Einziger S\u00fc\u00dfwein \u00d6sterreichs, der zu Schokoladen-Desserts passt!\\\"\",\"breadcrumb\":{\"@id\":\"https:\/\/guthardegg.at\/shop\/weine\/sekt-spezialitaeten\/forticus-2015\/#breadcrumb\"},\"inLanguage\":\"en-US\",\"potentialAction\":[{\"@type\":\"ReadAction\",\"target\":[\"https:\/\/guthardegg.at\/shop\/weine\/sekt-spezialitaeten\/forticus-2015\/\"]}]},{\"@type\":\"ImageObject\",\"inLanguage\":\"en-US\",\"@id\":\"https:\/\/guthardegg.at\/shop\/weine\/sekt-spezialitaeten\/forticus-2015\/#primaryimage\",\"url\":\"https:\/\/guthardegg.at\/wp-content\/uploads\/41_Hardegg_Forticus.jpg\",\"contentUrl\":\"https:\/\/guthardegg.at\/wp-content\/uploads\/41_Hardegg_Forticus.jpg\",\"width\":600,\"height\":800},{\"@type\":\"BreadcrumbList\",\"@id\":\"https:\/\/guthardegg.at\/shop\/weine\/sekt-spezialitaeten\/forticus-2015\/#breadcrumb\",\"itemListElement\":[{\"@type\":\"ListItem\",\"position\":1,\"name\":\"gut hardegg\",\"item\":\"https:\/\/guthardegg.at\/\"},{\"@type\":\"ListItem\",\"position\":2,\"name\":\"Shop\",\"item\":\"https:\/\/guthardegg.at\/shop\/\"},{\"@type\":\"ListItem\",\"position\":3,\"name\":\"Weine\",\"item\":\"https:\/\/guthardegg.at\/kategorie\/weine\/\"},{\"@type\":\"ListItem\",\"position\":4,\"name\":\"Sekt &amp; Spezialit\u00e4ten\",\"item\":\"https:\/\/guthardegg.at\/kategorie\/weine\/sekt-spezialitaeten\/\"},{\"@type\":\"ListItem\",\"position\":5,\"name\":\"FORTICUS\"}]},{\"@type\":\"WebSite\",\"@id\":\"https:\/\/guthardegg.at\/#website\",\"url\":\"https:\/\/guthardegg.at\/\",\"name\":\"Gut Hardegg\",\"description\":\"Gelebte Artenvielfalt\",\"publisher\":{\"@id\":\"https:\/\/guthardegg.at\/#organization\"},\"potentialAction\":[{\"@type\":\"SearchAction\",\"target\":{\"@type\":\"EntryPoint\",\"urlTemplate\":\"https:\/\/guthardegg.at\/?s={search_term_string}\"},\"query-input\":{\"@type\":\"PropertyValueSpecification\",\"valueRequired\":true,\"valueName\":\"search_term_string\"}}],\"inLanguage\":\"en-US\"},{\"@type\":\"Organization\",\"@id\":\"https:\/\/guthardegg.at\/#organization\",\"name\":\"Gut Hardegg\",\"url\":\"https:\/\/guthardegg.at\/\",\"logo\":{\"@type\":\"ImageObject\",\"inLanguage\":\"en-US\",\"@id\":\"https:\/\/guthardegg.at\/#\/schema\/logo\/image\/\",\"url\":\"https:\/\/guthardegg.at\/wp-content\/uploads\/2020\/05\/Gut-Hardegg-logo.png\",\"contentUrl\":\"https:\/\/guthardegg.at\/wp-content\/uploads\/2020\/05\/Gut-Hardegg-logo.png\",\"width\":945,\"height\":560,\"caption\":\"Gut Hardegg\"},\"image\":{\"@id\":\"https:\/\/guthardegg.at\/#\/schema\/logo\/image\/\"}}]}<\/script>\n<!-- \/ Yoast SEO plugin. -->","yoast_head_json":{"title":"FORTICUS - Gut Hardegg","description":"Ein \u201efortifizierter\u201c Wein von hochreifen und gesunden Merlot-Trauben, spontan- & maischevergoren, mit eigenem Weinbrand abgestoppt und mindestens 4 Jahre in Barriques gelagert. Dieser au\u00dfergew\u00f6hnliche Dessertwein ist fu\u0308r sehr lange Flaschenlagerung konzipiert. Er wird nur in den besten Rotweinjahren erzeugt! LIMITIERT! Als Dessertwein zu Blauschimmelk\u00e4se sowie Desserts mit N\u00fcssen und \u00c4pfeln. \"Einziger S\u00fc\u00dfwein \u00d6sterreichs, der zu Schokoladen-Desserts passt!\"","robots":{"index":"index","follow":"follow","max-snippet":"max-snippet:-1","max-image-preview":"max-image-preview:large","max-video-preview":"max-video-preview:-1"},"canonical":"https:\/\/guthardegg.at\/en\/shop\/weine\/sekt-spezialitaeten\/forticus-2015\/","og_locale":"en_US","og_type":"article","og_title":"FORTICUS - Gut Hardegg","og_description":"Ein \u201efortifizierter\u201c Wein von hochreifen und gesunden Merlot-Trauben, spontan- & maischevergoren, mit eigenem Weinbrand abgestoppt und mindestens 4 Jahre in Barriques gelagert. Dieser au\u00dfergew\u00f6hnliche Dessertwein ist fu\u0308r sehr lange Flaschenlagerung konzipiert. Er wird nur in den besten Rotweinjahren erzeugt! LIMITIERT! Als Dessertwein zu Blauschimmelk\u00e4se sowie Desserts mit N\u00fcssen und \u00c4pfeln. \"Einziger S\u00fc\u00dfwein \u00d6sterreichs, der zu Schokoladen-Desserts passt!\"","og_url":"https:\/\/guthardegg.at\/en\/shop\/weine\/sekt-spezialitaeten\/forticus-2015\/","og_site_name":"Gut Hardegg","article_modified_time":"2026-02-02T07:51:19+00:00","og_image":[{"width":600,"height":800,"url":"https:\/\/guthardegg.at\/wp-content\/uploads\/41_Hardegg_Forticus.jpg","type":"image\/jpeg"}],"twitter_card":"summary_large_image","twitter_misc":{"Est. reading time":"1 minute"},"schema":{"@context":"https:\/\/schema.org","@graph":[{"@type":"WebPage","@id":"https:\/\/guthardegg.at\/shop\/weine\/sekt-spezialitaeten\/forticus-2015\/","url":"https:\/\/guthardegg.at\/shop\/weine\/sekt-spezialitaeten\/forticus-2015\/","name":"FORTICUS - Gut Hardegg","isPartOf":{"@id":"https:\/\/guthardegg.at\/#website"},"primaryImageOfPage":{"@id":"https:\/\/guthardegg.at\/shop\/weine\/sekt-spezialitaeten\/forticus-2015\/#primaryimage"},"image":{"@id":"https:\/\/guthardegg.at\/shop\/weine\/sekt-spezialitaeten\/forticus-2015\/#primaryimage"},"thumbnailUrl":"https:\/\/guthardegg.at\/wp-content\/uploads\/41_Hardegg_Forticus.jpg","datePublished":"2020-06-01T05:46:18+00:00","dateModified":"2026-02-02T07:51:19+00:00","description":"Ein \u201efortifizierter\u201c Wein von hochreifen und gesunden Merlot-Trauben, spontan- & maischevergoren, mit eigenem Weinbrand abgestoppt und mindestens 4 Jahre in Barriques gelagert. Dieser au\u00dfergew\u00f6hnliche Dessertwein ist fu\u0308r sehr lange Flaschenlagerung konzipiert. Er wird nur in den besten Rotweinjahren erzeugt! LIMITIERT! Als Dessertwein zu Blauschimmelk\u00e4se sowie Desserts mit N\u00fcssen und \u00c4pfeln. \"Einziger S\u00fc\u00dfwein \u00d6sterreichs, der zu Schokoladen-Desserts passt!\"","breadcrumb":{"@id":"https:\/\/guthardegg.at\/shop\/weine\/sekt-spezialitaeten\/forticus-2015\/#breadcrumb"},"inLanguage":"en-US","potentialAction":[{"@type":"ReadAction","target":["https:\/\/guthardegg.at\/shop\/weine\/sekt-spezialitaeten\/forticus-2015\/"]}]},{"@type":"ImageObject","inLanguage":"en-US","@id":"https:\/\/guthardegg.at\/shop\/weine\/sekt-spezialitaeten\/forticus-2015\/#primaryimage","url":"https:\/\/guthardegg.at\/wp-content\/uploads\/41_Hardegg_Forticus.jpg","contentUrl":"https:\/\/guthardegg.at\/wp-content\/uploads\/41_Hardegg_Forticus.jpg","width":600,"height":800},{"@type":"BreadcrumbList","@id":"https:\/\/guthardegg.at\/shop\/weine\/sekt-spezialitaeten\/forticus-2015\/#breadcrumb","itemListElement":[{"@type":"ListItem","position":1,"name":"gut hardegg","item":"https:\/\/guthardegg.at\/"},{"@type":"ListItem","position":2,"name":"Shop","item":"https:\/\/guthardegg.at\/shop\/"},{"@type":"ListItem","position":3,"name":"Weine","item":"https:\/\/guthardegg.at\/kategorie\/weine\/"},{"@type":"ListItem","position":4,"name":"Sekt &amp; Spezialit\u00e4ten","item":"https:\/\/guthardegg.at\/kategorie\/weine\/sekt-spezialitaeten\/"},{"@type":"ListItem","position":5,"name":"FORTICUS"}]},{"@type":"WebSite","@id":"https:\/\/guthardegg.at\/#website","url":"https:\/\/guthardegg.at\/","name":"Gut Hardegg","description":"Gelebte Artenvielfalt","publisher":{"@id":"https:\/\/guthardegg.at\/#organization"},"potentialAction":[{"@type":"SearchAction","target":{"@type":"EntryPoint","urlTemplate":"https:\/\/guthardegg.at\/?s={search_term_string}"},"query-input":{"@type":"PropertyValueSpecification","valueRequired":true,"valueName":"search_term_string"}}],"inLanguage":"en-US"},{"@type":"Organization","@id":"https:\/\/guthardegg.at\/#organization","name":"Gut Hardegg","url":"https:\/\/guthardegg.at\/","logo":{"@type":"ImageObject","inLanguage":"en-US","@id":"https:\/\/guthardegg.at\/#\/schema\/logo\/image\/","url":"https:\/\/guthardegg.at\/wp-content\/uploads\/2020\/05\/Gut-Hardegg-logo.png","contentUrl":"https:\/\/guthardegg.at\/wp-content\/uploads\/2020\/05\/Gut-Hardegg-logo.png","width":945,"height":560,"caption":"Gut Hardegg"},"image":{"@id":"https:\/\/guthardegg.at\/#\/schema\/logo\/image\/"}}]}},"_links":{"self":[{"href":"https:\/\/guthardegg.at\/en\/wp-json\/wp\/v2\/product\/938","targetHints":{"allow":["GET"]}}],"collection":[{"href":"https:\/\/guthardegg.at\/en\/wp-json\/wp\/v2\/product"}],"about":[{"href":"https:\/\/guthardegg.at\/en\/wp-json\/wp\/v2\/types\/product"}],"wp:featuredmedia":[{"embeddable":true,"href":"https:\/\/guthardegg.at\/en\/wp-json\/wp\/v2\/media\/4600"}],"wp:attachment":[{"href":"https:\/\/guthardegg.at\/en\/wp-json\/wp\/v2\/media?parent=938"}],"wp:term":[{"taxonomy":"product_brand","embeddable":true,"href":"https:\/\/guthardegg.at\/en\/wp-json\/wp\/v2\/product_brand?post=938"},{"taxonomy":"product_cat","embeddable":true,"href":"https:\/\/guthardegg.at\/en\/wp-json\/wp\/v2\/product_cat?post=938"},{"taxonomy":"product_tag","embeddable":true,"href":"https:\/\/guthardegg.at\/en\/wp-json\/wp\/v2\/product_tag?post=938"}],"curies":[{"name":"wp","href":"https:\/\/api.w.org\/{rel}","templated":true}]}}