{"id":940,"date":"2020-06-01T07:46:18","date_gmt":"2020-06-01T05:46:18","guid":{"rendered":"https:\/\/guthardegg.at\/shop\/unkategorisiert\/natives-oel\/"},"modified":"2025-04-01T12:03:45","modified_gmt":"2025-04-01T10:03:45","slug":"natives-rapsoel","status":"publish","type":"product","link":"https:\/\/guthardegg.at\/en\/shop\/honig-mehl-oel\/natives-rapsoel\/","title":{"rendered":"NATIVES \u00d6L"},"content":{"rendered":"<p>Goldgelb, mild und feinwu\u0308rzig. Reich an unges\u00e4ttigten Fetts\u00e4uren. Unser Raps\u00f6l ist ein reines Naturprodukt, das durch Kaltpressung gewonnen wird. Sein hoher di\u00e4tetischer Wert, die Temperaturbest\u00e4ndigkeit und sein ausgewogenes Aroma machen es zum idealen Speise\u00f6l.<\/p>","protected":false},"excerpt":{"rendered":"<p>Goldgelb, mild und feinwu\u0308rzig. Reich an unges\u00e4ttigten Fetts\u00e4uren. Unser Raps\u00f6l ist ein reines Naturprodukt, das durch Kaltpressung gewonnen wird. Sein hoher di\u00e4tetischer Wert, die Temperaturbest\u00e4ndigkeit und sein ausgewogenes Aroma machen es zum idealen Speise\u00f6l.<\/p>","protected":false},"featured_media":4748,"template":"","meta":{"_acf_changed":false},"product_brand":[],"product_cat":[34],"product_tag":[],"class_list":{"0":"post-940","1":"product","2":"type-product","3":"status-publish","4":"has-post-thumbnail","6":"product_cat-honig-mehl-oel","8":"first","9":"instock","10":"taxable","11":"shipping-taxable","12":"purchasable","13":"product-type-simple"},"acf":[],"yoast_head":"<!-- This site is optimized with the Yoast SEO plugin v24.8.1 - https:\/\/yoast.com\/wordpress\/plugins\/seo\/ -->\n<title>NATIVES \u00d6L - Gut Hardegg<\/title>\n<meta name=\"robots\" content=\"index, follow, max-snippet:-1, max-image-preview:large, max-video-preview:-1\" \/>\n<link rel=\"canonical\" href=\"https:\/\/guthardegg.at\/en\/shop\/honig-mehl-oel\/natives-rapsoel\/\" \/>\n<meta property=\"og:locale\" content=\"en_US\" \/>\n<meta property=\"og:type\" content=\"article\" \/>\n<meta property=\"og:title\" content=\"NATIVES \u00d6L - Gut Hardegg\" \/>\n<meta property=\"og:description\" content=\"Goldgelb, mild und feinwu\u0308rzig. Reich an unges\u00e4ttigten Fetts\u00e4uren. Unser Raps\u00f6l ist ein reines Naturprodukt, das durch Kaltpressung gewonnen wird. Sein hoher di\u00e4tetischer Wert, die Temperaturbest\u00e4ndigkeit und sein ausgewogenes Aroma machen es zum idealen Speise\u00f6l.\" \/>\n<meta property=\"og:url\" content=\"https:\/\/guthardegg.at\/en\/shop\/honig-mehl-oel\/natives-rapsoel\/\" \/>\n<meta property=\"og:site_name\" content=\"Gut Hardegg\" \/>\n<meta property=\"article:modified_time\" content=\"2025-04-01T10:03:45+00:00\" \/>\n<meta property=\"og:image\" content=\"https:\/\/guthardegg.at\/wp-content\/uploads\/102_Hardegg_Rapsoel_Redesign-1.jpg\" \/>\n\t<meta property=\"og:image:width\" content=\"600\" \/>\n\t<meta property=\"og:image:height\" content=\"800\" \/>\n\t<meta property=\"og:image:type\" content=\"image\/jpeg\" \/>\n<meta name=\"twitter:card\" content=\"summary_large_image\" \/>\n<script type=\"application\/ld+json\" class=\"yoast-schema-graph\">{\"@context\":\"https:\/\/schema.org\",\"@graph\":[{\"@type\":\"WebPage\",\"@id\":\"https:\/\/guthardegg.at\/shop\/honig-mehl-oel\/natives-rapsoel\/\",\"url\":\"https:\/\/guthardegg.at\/shop\/honig-mehl-oel\/natives-rapsoel\/\",\"name\":\"NATIVES \u00d6L - Gut Hardegg\",\"isPartOf\":{\"@id\":\"https:\/\/guthardegg.at\/#website\"},\"primaryImageOfPage\":{\"@id\":\"https:\/\/guthardegg.at\/shop\/honig-mehl-oel\/natives-rapsoel\/#primaryimage\"},\"image\":{\"@id\":\"https:\/\/guthardegg.at\/shop\/honig-mehl-oel\/natives-rapsoel\/#primaryimage\"},\"thumbnailUrl\":\"https:\/\/guthardegg.at\/wp-content\/uploads\/102_Hardegg_Rapsoel_Redesign-1.jpg\",\"datePublished\":\"2020-06-01T05:46:18+00:00\",\"dateModified\":\"2025-04-01T10:03:45+00:00\",\"breadcrumb\":{\"@id\":\"https:\/\/guthardegg.at\/shop\/honig-mehl-oel\/natives-rapsoel\/#breadcrumb\"},\"inLanguage\":\"en-US\",\"potentialAction\":[{\"@type\":\"ReadAction\",\"target\":[\"https:\/\/guthardegg.at\/shop\/honig-mehl-oel\/natives-rapsoel\/\"]}]},{\"@type\":\"ImageObject\",\"inLanguage\":\"en-US\",\"@id\":\"https:\/\/guthardegg.at\/shop\/honig-mehl-oel\/natives-rapsoel\/#primaryimage\",\"url\":\"https:\/\/guthardegg.at\/wp-content\/uploads\/102_Hardegg_Rapsoel_Redesign-1.jpg\",\"contentUrl\":\"https:\/\/guthardegg.at\/wp-content\/uploads\/102_Hardegg_Rapsoel_Redesign-1.jpg\",\"width\":600,\"height\":800},{\"@type\":\"BreadcrumbList\",\"@id\":\"https:\/\/guthardegg.at\/shop\/honig-mehl-oel\/natives-rapsoel\/#breadcrumb\",\"itemListElement\":[{\"@type\":\"ListItem\",\"position\":1,\"name\":\"gut hardegg\",\"item\":\"https:\/\/guthardegg.at\/\"},{\"@type\":\"ListItem\",\"position\":2,\"name\":\"Shop\",\"item\":\"https:\/\/guthardegg.at\/shop\/\"},{\"@type\":\"ListItem\",\"position\":3,\"name\":\"Honig, Mehl &amp; \u00d6l\",\"item\":\"https:\/\/guthardegg.at\/kategorie\/honig-mehl-oel\/\"},{\"@type\":\"ListItem\",\"position\":4,\"name\":\"NATIVES \u00d6L\"}]},{\"@type\":\"WebSite\",\"@id\":\"https:\/\/guthardegg.at\/#website\",\"url\":\"https:\/\/guthardegg.at\/\",\"name\":\"Gut Hardegg\",\"description\":\"Gelebte Artenvielfalt\",\"publisher\":{\"@id\":\"https:\/\/guthardegg.at\/#organization\"},\"potentialAction\":[{\"@type\":\"SearchAction\",\"target\":{\"@type\":\"EntryPoint\",\"urlTemplate\":\"https:\/\/guthardegg.at\/?s={search_term_string}\"},\"query-input\":{\"@type\":\"PropertyValueSpecification\",\"valueRequired\":true,\"valueName\":\"search_term_string\"}}],\"inLanguage\":\"en-US\"},{\"@type\":\"Organization\",\"@id\":\"https:\/\/guthardegg.at\/#organization\",\"name\":\"Gut Hardegg\",\"url\":\"https:\/\/guthardegg.at\/\",\"logo\":{\"@type\":\"ImageObject\",\"inLanguage\":\"en-US\",\"@id\":\"https:\/\/guthardegg.at\/#\/schema\/logo\/image\/\",\"url\":\"https:\/\/guthardegg.at\/wp-content\/uploads\/2020\/05\/Gut-Hardegg-logo.png\",\"contentUrl\":\"https:\/\/guthardegg.at\/wp-content\/uploads\/2020\/05\/Gut-Hardegg-logo.png\",\"width\":945,\"height\":560,\"caption\":\"Gut Hardegg\"},\"image\":{\"@id\":\"https:\/\/guthardegg.at\/#\/schema\/logo\/image\/\"}}]}<\/script>\n<!-- \/ Yoast SEO plugin. -->","yoast_head_json":{"title":"NATIVES \u00d6L - Gut Hardegg","robots":{"index":"index","follow":"follow","max-snippet":"max-snippet:-1","max-image-preview":"max-image-preview:large","max-video-preview":"max-video-preview:-1"},"canonical":"https:\/\/guthardegg.at\/en\/shop\/honig-mehl-oel\/natives-rapsoel\/","og_locale":"en_US","og_type":"article","og_title":"NATIVES \u00d6L - Gut Hardegg","og_description":"Goldgelb, mild und feinwu\u0308rzig. Reich an unges\u00e4ttigten Fetts\u00e4uren. Unser Raps\u00f6l ist ein reines Naturprodukt, das durch Kaltpressung gewonnen wird. Sein hoher di\u00e4tetischer Wert, die Temperaturbest\u00e4ndigkeit und sein ausgewogenes Aroma machen es zum idealen Speise\u00f6l.","og_url":"https:\/\/guthardegg.at\/en\/shop\/honig-mehl-oel\/natives-rapsoel\/","og_site_name":"Gut Hardegg","article_modified_time":"2025-04-01T10:03:45+00:00","og_image":[{"width":600,"height":800,"url":"https:\/\/guthardegg.at\/wp-content\/uploads\/102_Hardegg_Rapsoel_Redesign-1.jpg","type":"image\/jpeg"}],"twitter_card":"summary_large_image","schema":{"@context":"https:\/\/schema.org","@graph":[{"@type":"WebPage","@id":"https:\/\/guthardegg.at\/shop\/honig-mehl-oel\/natives-rapsoel\/","url":"https:\/\/guthardegg.at\/shop\/honig-mehl-oel\/natives-rapsoel\/","name":"NATIVES \u00d6L - Gut Hardegg","isPartOf":{"@id":"https:\/\/guthardegg.at\/#website"},"primaryImageOfPage":{"@id":"https:\/\/guthardegg.at\/shop\/honig-mehl-oel\/natives-rapsoel\/#primaryimage"},"image":{"@id":"https:\/\/guthardegg.at\/shop\/honig-mehl-oel\/natives-rapsoel\/#primaryimage"},"thumbnailUrl":"https:\/\/guthardegg.at\/wp-content\/uploads\/102_Hardegg_Rapsoel_Redesign-1.jpg","datePublished":"2020-06-01T05:46:18+00:00","dateModified":"2025-04-01T10:03:45+00:00","breadcrumb":{"@id":"https:\/\/guthardegg.at\/shop\/honig-mehl-oel\/natives-rapsoel\/#breadcrumb"},"inLanguage":"en-US","potentialAction":[{"@type":"ReadAction","target":["https:\/\/guthardegg.at\/shop\/honig-mehl-oel\/natives-rapsoel\/"]}]},{"@type":"ImageObject","inLanguage":"en-US","@id":"https:\/\/guthardegg.at\/shop\/honig-mehl-oel\/natives-rapsoel\/#primaryimage","url":"https:\/\/guthardegg.at\/wp-content\/uploads\/102_Hardegg_Rapsoel_Redesign-1.jpg","contentUrl":"https:\/\/guthardegg.at\/wp-content\/uploads\/102_Hardegg_Rapsoel_Redesign-1.jpg","width":600,"height":800},{"@type":"BreadcrumbList","@id":"https:\/\/guthardegg.at\/shop\/honig-mehl-oel\/natives-rapsoel\/#breadcrumb","itemListElement":[{"@type":"ListItem","position":1,"name":"gut hardegg","item":"https:\/\/guthardegg.at\/"},{"@type":"ListItem","position":2,"name":"Shop","item":"https:\/\/guthardegg.at\/shop\/"},{"@type":"ListItem","position":3,"name":"Honig, Mehl &amp; \u00d6l","item":"https:\/\/guthardegg.at\/kategorie\/honig-mehl-oel\/"},{"@type":"ListItem","position":4,"name":"NATIVES \u00d6L"}]},{"@type":"WebSite","@id":"https:\/\/guthardegg.at\/#website","url":"https:\/\/guthardegg.at\/","name":"Gut Hardegg","description":"Gelebte Artenvielfalt","publisher":{"@id":"https:\/\/guthardegg.at\/#organization"},"potentialAction":[{"@type":"SearchAction","target":{"@type":"EntryPoint","urlTemplate":"https:\/\/guthardegg.at\/?s={search_term_string}"},"query-input":{"@type":"PropertyValueSpecification","valueRequired":true,"valueName":"search_term_string"}}],"inLanguage":"en-US"},{"@type":"Organization","@id":"https:\/\/guthardegg.at\/#organization","name":"Gut Hardegg","url":"https:\/\/guthardegg.at\/","logo":{"@type":"ImageObject","inLanguage":"en-US","@id":"https:\/\/guthardegg.at\/#\/schema\/logo\/image\/","url":"https:\/\/guthardegg.at\/wp-content\/uploads\/2020\/05\/Gut-Hardegg-logo.png","contentUrl":"https:\/\/guthardegg.at\/wp-content\/uploads\/2020\/05\/Gut-Hardegg-logo.png","width":945,"height":560,"caption":"Gut Hardegg"},"image":{"@id":"https:\/\/guthardegg.at\/#\/schema\/logo\/image\/"}}]}},"_links":{"self":[{"href":"https:\/\/guthardegg.at\/en\/wp-json\/wp\/v2\/product\/940","targetHints":{"allow":["GET"]}}],"collection":[{"href":"https:\/\/guthardegg.at\/en\/wp-json\/wp\/v2\/product"}],"about":[{"href":"https:\/\/guthardegg.at\/en\/wp-json\/wp\/v2\/types\/product"}],"wp:featuredmedia":[{"embeddable":true,"href":"https:\/\/guthardegg.at\/en\/wp-json\/wp\/v2\/media\/4748"}],"wp:attachment":[{"href":"https:\/\/guthardegg.at\/en\/wp-json\/wp\/v2\/media?parent=940"}],"wp:term":[{"taxonomy":"product_brand","embeddable":true,"href":"https:\/\/guthardegg.at\/en\/wp-json\/wp\/v2\/product_brand?post=940"},{"taxonomy":"product_cat","embeddable":true,"href":"https:\/\/guthardegg.at\/en\/wp-json\/wp\/v2\/product_cat?post=940"},{"taxonomy":"product_tag","embeddable":true,"href":"https:\/\/guthardegg.at\/en\/wp-json\/wp\/v2\/product_tag?post=940"}],"curies":[{"name":"wp","href":"https:\/\/api.w.org\/{rel}","templated":true}]}}