{"id":941,"date":"2020-06-01T07:46:18","date_gmt":"2020-06-01T05:46:18","guid":{"rendered":"https:\/\/guthardegg.at\/shop\/unkategorisiert\/brut\/"},"modified":"2025-12-01T10:14:03","modified_gmt":"2025-12-01T09:14:03","slug":"brut-grosse-reserve-2021","status":"publish","type":"product","link":"https:\/\/guthardegg.at\/en\/shop\/weine\/sekt-spezialitaeten\/brut-grosse-reserve-2021\/","title":{"rendered":"BRUT"},"content":{"rendered":"<p>Hell und klar, komplexes Bukett. Grapefruit, zarte Wu\u0308rze, leichte Hefe, am Gaumen dicht und straff. Feinste Perlage, nussiges Finish, Grapefruit im Abgang, gute L\u00e4nge.<\/p>\n<p><b>Speisenempfehlung<\/b><br \/>\nToll als Aperitiv, zu den Klassikern wie Kaviar, Austern und Meeresfr\u00fcchte. Durch seinen minimalen Restzuckergehalt und seine Kraft passt er auch perfekt zu Fleisch, Wild und Gefl\u00fcgel sowie zu K\u00e4se. Eine interessante und lohnenswerte Kombination als Begleitung zu Sushi oder nat\u00fcrlich pur zu jeder Gelegenheit.<\/p>","protected":false},"excerpt":{"rendered":"<p>Hell und klar, komplexes Bukett. Grapefruit, zarte Wu\u0308rze, leichte Hefe, am Gaumen dicht und straff. Feinste Perlage, nussiges Finish, Grapefruit im Abgang, gute L\u00e4nge. Speisenempfehlung Toll als Aperitiv, zu den Klassikern wie Kaviar, Austern und Meeresfr\u00fcchte. Durch seinen minimalen Restzuckergehalt und seine Kraft passt er auch perfekt zu Fleisch, Wild und Gefl\u00fcgel sowie zu K\u00e4se. [&#8230;]<\/p>","protected":false},"featured_media":5242,"template":"","meta":{"_acf_changed":false},"product_brand":[],"product_cat":[31,24],"product_tag":[],"class_list":{"0":"post-941","1":"product","2":"type-product","3":"status-publish","4":"has-post-thumbnail","6":"product_cat-sekt-spezialitaeten","7":"product_cat-weine","9":"first","10":"instock","11":"taxable","12":"shipping-taxable","13":"purchasable","14":"product-type-simple"},"acf":[],"yoast_head":"<!-- This site is optimized with the Yoast SEO plugin v24.8.1 - https:\/\/yoast.com\/wordpress\/plugins\/seo\/ -->\n<title>BRUT - Gut Hardegg<\/title>\n<meta name=\"description\" content=\"Hell und klar, komplexes Bukett. Grapefruit, zarte Wu\u0308rze, leichte Hefe, am Gaumen dicht und straff . Minimale Dosage aus einem reifen Viognier. Feinste Perlage, nussiges Finish, Grapefruit im Abgang, gute L\u00e4nge. Toll als Aperitiv, zu den Klassikern wie Kaviar, Austern und Meeresfr\u00fcchte. Durch seinen minimalen Restzuckergehalt und seine Kraft passt er auch perfekt zu Fleisch, Wild und Gefl\u00fcgel sowie zu K\u00e4se. Eine interessante und lohnenswerte Kombination als Begleitung zu Sushi oder nat\u00fcrlich pur zu jeder Gelegenheit.\" \/>\n<meta name=\"robots\" content=\"index, follow, max-snippet:-1, max-image-preview:large, max-video-preview:-1\" \/>\n<link rel=\"canonical\" href=\"https:\/\/guthardegg.at\/en\/shop\/weine\/sekt-spezialitaeten\/brut-grosse-reserve-2021\/\" \/>\n<meta property=\"og:locale\" content=\"en_US\" \/>\n<meta property=\"og:type\" content=\"article\" \/>\n<meta property=\"og:title\" content=\"BRUT - Gut Hardegg\" \/>\n<meta property=\"og:description\" content=\"Hell und klar, komplexes Bukett. Grapefruit, zarte Wu\u0308rze, leichte Hefe, am Gaumen dicht und straff . Minimale Dosage aus einem reifen Viognier. Feinste Perlage, nussiges Finish, Grapefruit im Abgang, gute L\u00e4nge. Toll als Aperitiv, zu den Klassikern wie Kaviar, Austern und Meeresfr\u00fcchte. Durch seinen minimalen Restzuckergehalt und seine Kraft passt er auch perfekt zu Fleisch, Wild und Gefl\u00fcgel sowie zu K\u00e4se. Eine interessante und lohnenswerte Kombination als Begleitung zu Sushi oder nat\u00fcrlich pur zu jeder Gelegenheit.\" \/>\n<meta property=\"og:url\" content=\"https:\/\/guthardegg.at\/en\/shop\/weine\/sekt-spezialitaeten\/brut-grosse-reserve-2021\/\" \/>\n<meta property=\"og:site_name\" content=\"Gut Hardegg\" \/>\n<meta property=\"article:modified_time\" content=\"2025-12-01T09:14:03+00:00\" \/>\n<meta property=\"og:image\" content=\"https:\/\/guthardegg.at\/wp-content\/uploads\/50_Hardegg_Sekt_Brut_Grosse_Reserve.jpg\" \/>\n\t<meta property=\"og:image:width\" content=\"600\" \/>\n\t<meta property=\"og:image:height\" content=\"800\" \/>\n\t<meta property=\"og:image:type\" content=\"image\/jpeg\" \/>\n<meta name=\"twitter:card\" content=\"summary_large_image\" \/>\n<meta name=\"twitter:label1\" content=\"Est. reading time\" \/>\n\t<meta name=\"twitter:data1\" content=\"1 minute\" \/>\n<script type=\"application\/ld+json\" class=\"yoast-schema-graph\">{\"@context\":\"https:\/\/schema.org\",\"@graph\":[{\"@type\":\"WebPage\",\"@id\":\"https:\/\/guthardegg.at\/shop\/weine\/sekt-spezialitaeten\/brut-grosse-reserve-2021\/\",\"url\":\"https:\/\/guthardegg.at\/shop\/weine\/sekt-spezialitaeten\/brut-grosse-reserve-2021\/\",\"name\":\"BRUT - Gut Hardegg\",\"isPartOf\":{\"@id\":\"https:\/\/guthardegg.at\/#website\"},\"primaryImageOfPage\":{\"@id\":\"https:\/\/guthardegg.at\/shop\/weine\/sekt-spezialitaeten\/brut-grosse-reserve-2021\/#primaryimage\"},\"image\":{\"@id\":\"https:\/\/guthardegg.at\/shop\/weine\/sekt-spezialitaeten\/brut-grosse-reserve-2021\/#primaryimage\"},\"thumbnailUrl\":\"https:\/\/guthardegg.at\/wp-content\/uploads\/50_Hardegg_Sekt_Brut_Grosse_Reserve.jpg\",\"datePublished\":\"2020-06-01T05:46:18+00:00\",\"dateModified\":\"2025-12-01T09:14:03+00:00\",\"description\":\"Hell und klar, komplexes Bukett. Grapefruit, zarte Wu\u0308rze, leichte Hefe, am Gaumen dicht und straff . Minimale Dosage aus einem reifen Viognier. Feinste Perlage, nussiges Finish, Grapefruit im Abgang, gute L\u00e4nge. Toll als Aperitiv, zu den Klassikern wie Kaviar, Austern und Meeresfr\u00fcchte. Durch seinen minimalen Restzuckergehalt und seine Kraft passt er auch perfekt zu Fleisch, Wild und Gefl\u00fcgel sowie zu K\u00e4se. Eine interessante und lohnenswerte Kombination als Begleitung zu Sushi oder nat\u00fcrlich pur zu jeder Gelegenheit.\",\"breadcrumb\":{\"@id\":\"https:\/\/guthardegg.at\/shop\/weine\/sekt-spezialitaeten\/brut-grosse-reserve-2021\/#breadcrumb\"},\"inLanguage\":\"en-US\",\"potentialAction\":[{\"@type\":\"ReadAction\",\"target\":[\"https:\/\/guthardegg.at\/shop\/weine\/sekt-spezialitaeten\/brut-grosse-reserve-2021\/\"]}]},{\"@type\":\"ImageObject\",\"inLanguage\":\"en-US\",\"@id\":\"https:\/\/guthardegg.at\/shop\/weine\/sekt-spezialitaeten\/brut-grosse-reserve-2021\/#primaryimage\",\"url\":\"https:\/\/guthardegg.at\/wp-content\/uploads\/50_Hardegg_Sekt_Brut_Grosse_Reserve.jpg\",\"contentUrl\":\"https:\/\/guthardegg.at\/wp-content\/uploads\/50_Hardegg_Sekt_Brut_Grosse_Reserve.jpg\",\"width\":600,\"height\":800},{\"@type\":\"BreadcrumbList\",\"@id\":\"https:\/\/guthardegg.at\/shop\/weine\/sekt-spezialitaeten\/brut-grosse-reserve-2021\/#breadcrumb\",\"itemListElement\":[{\"@type\":\"ListItem\",\"position\":1,\"name\":\"gut hardegg\",\"item\":\"https:\/\/guthardegg.at\/\"},{\"@type\":\"ListItem\",\"position\":2,\"name\":\"Shop\",\"item\":\"https:\/\/guthardegg.at\/shop\/\"},{\"@type\":\"ListItem\",\"position\":3,\"name\":\"Weine\",\"item\":\"https:\/\/guthardegg.at\/kategorie\/weine\/\"},{\"@type\":\"ListItem\",\"position\":4,\"name\":\"Sekt &amp; Spezialit\u00e4ten\",\"item\":\"https:\/\/guthardegg.at\/kategorie\/weine\/sekt-spezialitaeten\/\"},{\"@type\":\"ListItem\",\"position\":5,\"name\":\"BRUT\"}]},{\"@type\":\"WebSite\",\"@id\":\"https:\/\/guthardegg.at\/#website\",\"url\":\"https:\/\/guthardegg.at\/\",\"name\":\"Gut Hardegg\",\"description\":\"Gelebte Artenvielfalt\",\"publisher\":{\"@id\":\"https:\/\/guthardegg.at\/#organization\"},\"potentialAction\":[{\"@type\":\"SearchAction\",\"target\":{\"@type\":\"EntryPoint\",\"urlTemplate\":\"https:\/\/guthardegg.at\/?s={search_term_string}\"},\"query-input\":{\"@type\":\"PropertyValueSpecification\",\"valueRequired\":true,\"valueName\":\"search_term_string\"}}],\"inLanguage\":\"en-US\"},{\"@type\":\"Organization\",\"@id\":\"https:\/\/guthardegg.at\/#organization\",\"name\":\"Gut Hardegg\",\"url\":\"https:\/\/guthardegg.at\/\",\"logo\":{\"@type\":\"ImageObject\",\"inLanguage\":\"en-US\",\"@id\":\"https:\/\/guthardegg.at\/#\/schema\/logo\/image\/\",\"url\":\"https:\/\/guthardegg.at\/wp-content\/uploads\/2020\/05\/Gut-Hardegg-logo.png\",\"contentUrl\":\"https:\/\/guthardegg.at\/wp-content\/uploads\/2020\/05\/Gut-Hardegg-logo.png\",\"width\":945,\"height\":560,\"caption\":\"Gut Hardegg\"},\"image\":{\"@id\":\"https:\/\/guthardegg.at\/#\/schema\/logo\/image\/\"}}]}<\/script>\n<!-- \/ Yoast SEO plugin. -->","yoast_head_json":{"title":"BRUT - Gut Hardegg","description":"Hell und klar, komplexes Bukett. Grapefruit, zarte Wu\u0308rze, leichte Hefe, am Gaumen dicht und straff . Minimale Dosage aus einem reifen Viognier. Feinste Perlage, nussiges Finish, Grapefruit im Abgang, gute L\u00e4nge. Toll als Aperitiv, zu den Klassikern wie Kaviar, Austern und Meeresfr\u00fcchte. Durch seinen minimalen Restzuckergehalt und seine Kraft passt er auch perfekt zu Fleisch, Wild und Gefl\u00fcgel sowie zu K\u00e4se. Eine interessante und lohnenswerte Kombination als Begleitung zu Sushi oder nat\u00fcrlich pur zu jeder Gelegenheit.","robots":{"index":"index","follow":"follow","max-snippet":"max-snippet:-1","max-image-preview":"max-image-preview:large","max-video-preview":"max-video-preview:-1"},"canonical":"https:\/\/guthardegg.at\/en\/shop\/weine\/sekt-spezialitaeten\/brut-grosse-reserve-2021\/","og_locale":"en_US","og_type":"article","og_title":"BRUT - Gut Hardegg","og_description":"Hell und klar, komplexes Bukett. Grapefruit, zarte Wu\u0308rze, leichte Hefe, am Gaumen dicht und straff . Minimale Dosage aus einem reifen Viognier. Feinste Perlage, nussiges Finish, Grapefruit im Abgang, gute L\u00e4nge. Toll als Aperitiv, zu den Klassikern wie Kaviar, Austern und Meeresfr\u00fcchte. Durch seinen minimalen Restzuckergehalt und seine Kraft passt er auch perfekt zu Fleisch, Wild und Gefl\u00fcgel sowie zu K\u00e4se. Eine interessante und lohnenswerte Kombination als Begleitung zu Sushi oder nat\u00fcrlich pur zu jeder Gelegenheit.","og_url":"https:\/\/guthardegg.at\/en\/shop\/weine\/sekt-spezialitaeten\/brut-grosse-reserve-2021\/","og_site_name":"Gut Hardegg","article_modified_time":"2025-12-01T09:14:03+00:00","og_image":[{"width":600,"height":800,"url":"https:\/\/guthardegg.at\/wp-content\/uploads\/50_Hardegg_Sekt_Brut_Grosse_Reserve.jpg","type":"image\/jpeg"}],"twitter_card":"summary_large_image","twitter_misc":{"Est. reading time":"1 minute"},"schema":{"@context":"https:\/\/schema.org","@graph":[{"@type":"WebPage","@id":"https:\/\/guthardegg.at\/shop\/weine\/sekt-spezialitaeten\/brut-grosse-reserve-2021\/","url":"https:\/\/guthardegg.at\/shop\/weine\/sekt-spezialitaeten\/brut-grosse-reserve-2021\/","name":"BRUT - Gut Hardegg","isPartOf":{"@id":"https:\/\/guthardegg.at\/#website"},"primaryImageOfPage":{"@id":"https:\/\/guthardegg.at\/shop\/weine\/sekt-spezialitaeten\/brut-grosse-reserve-2021\/#primaryimage"},"image":{"@id":"https:\/\/guthardegg.at\/shop\/weine\/sekt-spezialitaeten\/brut-grosse-reserve-2021\/#primaryimage"},"thumbnailUrl":"https:\/\/guthardegg.at\/wp-content\/uploads\/50_Hardegg_Sekt_Brut_Grosse_Reserve.jpg","datePublished":"2020-06-01T05:46:18+00:00","dateModified":"2025-12-01T09:14:03+00:00","description":"Hell und klar, komplexes Bukett. Grapefruit, zarte Wu\u0308rze, leichte Hefe, am Gaumen dicht und straff . Minimale Dosage aus einem reifen Viognier. Feinste Perlage, nussiges Finish, Grapefruit im Abgang, gute L\u00e4nge. Toll als Aperitiv, zu den Klassikern wie Kaviar, Austern und Meeresfr\u00fcchte. Durch seinen minimalen Restzuckergehalt und seine Kraft passt er auch perfekt zu Fleisch, Wild und Gefl\u00fcgel sowie zu K\u00e4se. Eine interessante und lohnenswerte Kombination als Begleitung zu Sushi oder nat\u00fcrlich pur zu jeder Gelegenheit.","breadcrumb":{"@id":"https:\/\/guthardegg.at\/shop\/weine\/sekt-spezialitaeten\/brut-grosse-reserve-2021\/#breadcrumb"},"inLanguage":"en-US","potentialAction":[{"@type":"ReadAction","target":["https:\/\/guthardegg.at\/shop\/weine\/sekt-spezialitaeten\/brut-grosse-reserve-2021\/"]}]},{"@type":"ImageObject","inLanguage":"en-US","@id":"https:\/\/guthardegg.at\/shop\/weine\/sekt-spezialitaeten\/brut-grosse-reserve-2021\/#primaryimage","url":"https:\/\/guthardegg.at\/wp-content\/uploads\/50_Hardegg_Sekt_Brut_Grosse_Reserve.jpg","contentUrl":"https:\/\/guthardegg.at\/wp-content\/uploads\/50_Hardegg_Sekt_Brut_Grosse_Reserve.jpg","width":600,"height":800},{"@type":"BreadcrumbList","@id":"https:\/\/guthardegg.at\/shop\/weine\/sekt-spezialitaeten\/brut-grosse-reserve-2021\/#breadcrumb","itemListElement":[{"@type":"ListItem","position":1,"name":"gut hardegg","item":"https:\/\/guthardegg.at\/"},{"@type":"ListItem","position":2,"name":"Shop","item":"https:\/\/guthardegg.at\/shop\/"},{"@type":"ListItem","position":3,"name":"Weine","item":"https:\/\/guthardegg.at\/kategorie\/weine\/"},{"@type":"ListItem","position":4,"name":"Sekt &amp; Spezialit\u00e4ten","item":"https:\/\/guthardegg.at\/kategorie\/weine\/sekt-spezialitaeten\/"},{"@type":"ListItem","position":5,"name":"BRUT"}]},{"@type":"WebSite","@id":"https:\/\/guthardegg.at\/#website","url":"https:\/\/guthardegg.at\/","name":"Gut Hardegg","description":"Gelebte Artenvielfalt","publisher":{"@id":"https:\/\/guthardegg.at\/#organization"},"potentialAction":[{"@type":"SearchAction","target":{"@type":"EntryPoint","urlTemplate":"https:\/\/guthardegg.at\/?s={search_term_string}"},"query-input":{"@type":"PropertyValueSpecification","valueRequired":true,"valueName":"search_term_string"}}],"inLanguage":"en-US"},{"@type":"Organization","@id":"https:\/\/guthardegg.at\/#organization","name":"Gut Hardegg","url":"https:\/\/guthardegg.at\/","logo":{"@type":"ImageObject","inLanguage":"en-US","@id":"https:\/\/guthardegg.at\/#\/schema\/logo\/image\/","url":"https:\/\/guthardegg.at\/wp-content\/uploads\/2020\/05\/Gut-Hardegg-logo.png","contentUrl":"https:\/\/guthardegg.at\/wp-content\/uploads\/2020\/05\/Gut-Hardegg-logo.png","width":945,"height":560,"caption":"Gut Hardegg"},"image":{"@id":"https:\/\/guthardegg.at\/#\/schema\/logo\/image\/"}}]}},"_links":{"self":[{"href":"https:\/\/guthardegg.at\/en\/wp-json\/wp\/v2\/product\/941","targetHints":{"allow":["GET"]}}],"collection":[{"href":"https:\/\/guthardegg.at\/en\/wp-json\/wp\/v2\/product"}],"about":[{"href":"https:\/\/guthardegg.at\/en\/wp-json\/wp\/v2\/types\/product"}],"wp:featuredmedia":[{"embeddable":true,"href":"https:\/\/guthardegg.at\/en\/wp-json\/wp\/v2\/media\/5242"}],"wp:attachment":[{"href":"https:\/\/guthardegg.at\/en\/wp-json\/wp\/v2\/media?parent=941"}],"wp:term":[{"taxonomy":"product_brand","embeddable":true,"href":"https:\/\/guthardegg.at\/en\/wp-json\/wp\/v2\/product_brand?post=941"},{"taxonomy":"product_cat","embeddable":true,"href":"https:\/\/guthardegg.at\/en\/wp-json\/wp\/v2\/product_cat?post=941"},{"taxonomy":"product_tag","embeddable":true,"href":"https:\/\/guthardegg.at\/en\/wp-json\/wp\/v2\/product_tag?post=941"}],"curies":[{"name":"wp","href":"https:\/\/api.w.org\/{rel}","templated":true}]}}