{"id":953,"date":"2020-06-01T07:46:31","date_gmt":"2020-06-01T05:46:31","guid":{"rendered":"https:\/\/guthardegg.at\/shop\/unkategorisiert\/premium-wildvogelfutter\/"},"modified":"2023-02-13T13:38:17","modified_gmt":"2023-02-13T12:38:17","slug":"premium-wildvogelfutter","status":"publish","type":"product","link":"https:\/\/guthardegg.at\/en\/shop\/vogelfutter-co\/premium-wildvogelfutter\/","title":{"rendered":"PREMIUM WILDVOGELFUTTER"},"content":{"rendered":"<p><b>Mein Beitrag zur Artenvielfalt.<\/b><br \/>\nDurch die Ver\u00e4nderung vieler Naturlandschaften wird eine Ganzjahresf\u00fctterung f\u00fcr unsere heimischen Vogelarten immer wichtiger. Wildv\u00f6gel sind dabei ein besonders sensibler Indikator f\u00fcr die Artenvielfalt. Deshalb hat Gut Hardegg ein spezielles Vogelfutter entwickelt, das ganzj\u00e4hrig einsetzbar ist. Es ist speziell auf die Bed\u00fcrfnisse heimischer Arten abgestimmt. Wir verwenden daf\u00fcr nur hochwertige Zutaten aus der eigenen Landwirtschaft.<\/p>\n<p><b>Ganzjahresfutter.<\/b> Geeignet f\u00fcr Sing- und Wildv\u00f6gel. Ideal auch im eigenen Garten. Herkunft \u00d6sterreich.<\/p>\n<p>Durch die stets zeitnahe Abf\u00fcllung im eigenen Gutsbetrieb garantieren wir beste Qualit\u00e4t ohne \u00dcberlagerung! Trotzdem empfehlen wir die Verwendung innerhalb von 4\u20136 Monaten. K\u00fchl und trocken lagern.<\/p>","protected":false},"excerpt":{"rendered":"<p>Mein Beitrag zur Artenvielfalt. Durch die Ver\u00e4nderung vieler Naturlandschaften wird eine Ganzjahresf\u00fctterung f\u00fcr unsere heimischen Vogelarten immer wichtiger. Wildv\u00f6gel sind dabei ein besonders sensibler Indikator f\u00fcr die Artenvielfalt. Deshalb hat Gut Hardegg ein spezielles Vogelfutter entwickelt, das ganzj\u00e4hrig einsetzbar ist. Es ist speziell auf die Bed\u00fcrfnisse heimischer Arten abgestimmt. Wir verwenden daf\u00fcr nur hochwertige Zutaten [&#8230;]<\/p>","protected":false},"featured_media":910,"template":"","meta":{"_acf_changed":false},"product_brand":[],"product_cat":[22],"product_tag":[],"class_list":{"0":"post-953","1":"product","2":"type-product","3":"status-publish","4":"has-post-thumbnail","6":"product_cat-vogelfutter-co","7":"pa_groesse-1-kg-dose","8":"pa_groesse-2-kg-standbeutel","9":"pa_groesse-10-kg-sack","11":"first","12":"instock","13":"taxable","14":"shipping-taxable","15":"purchasable","16":"product-type-variable"},"acf":[],"yoast_head":"<!-- This site is optimized with the Yoast SEO plugin v24.8.1 - https:\/\/yoast.com\/wordpress\/plugins\/seo\/ -->\n<title>PREMIUM WILDVOGELFUTTER - Gut Hardegg<\/title>\n<meta name=\"description\" content=\"Mein Beitrag zur Artenvielfalt. Durch die Ver\u00e4nderung vieler Naturlandschaften wird eine Ganzjahresf\u00fctterung f\u00fcr unsere heimischen Vogelarten immer wichtiger. Wildv\u00f6gel sind dabei ein besonders sensibler Indikator f\u00fcr die Artenvielfalt. Deshalb hat Gut Hardegg ein spezielles Vogelfutter entwickelt, das ganzj\u00e4hrig einsetzbar ist. Es ist speziell auf die Bed\u00fcrfnisse heimischer Arten abgestimmt. Wir verwenden daf\u00fcr nur hochwertige Zutaten aus der eigenen Landwirtschaft.Ganzjahresfutter. Geeignet f\u00fcr Sing- und Wildv\u00f6gel. Ideal auch im eigenen Garten. Herkunft \u00d6sterreich.Durch die stets zeitnahe Abf\u00fcllung im eigenen Gutsbetrieb garantieren wir beste Qualit\u00e4t ohne \u00dcberlagerung! Trotzdem empfehlen wir die Verwendung innerhalb von 4\u20136 Monaten. K\u00fchl und trocken lagern.\" \/>\n<meta name=\"robots\" content=\"index, follow, max-snippet:-1, max-image-preview:large, max-video-preview:-1\" \/>\n<link rel=\"canonical\" href=\"https:\/\/guthardegg.at\/en\/shop\/vogelfutter-co\/premium-wildvogelfutter\/\" \/>\n<meta property=\"og:locale\" content=\"en_US\" \/>\n<meta property=\"og:type\" content=\"article\" \/>\n<meta property=\"og:title\" content=\"Mein Beitrag zur Artenvielfalt.\" \/>\n<meta property=\"og:description\" content=\"Durch die Ver\u00e4nderung vieler Naturlandschaften wird eine Ganzjahresf\u00fctterung f\u00fcr unsere heimischen Vogelarten immer wichtiger. Wildv\u00f6gel sind dabei ein besonders sensibler Indikator f\u00fcr die Artenvielfalt. Deshalb hat Gut Hardegg ein spezielles Vogelfutter entwickelt, das ganzj\u00e4hrig einsetzbar ist. Es ist speziell auf die Bed\u00fcrfnisse heimischer Arten abgestimmt. Wir verwenden daf\u00fcr nur hochwertige Zutaten aus der eigenen Landwirtschaft.Ganzjahresfutter. Geeignet f\u00fcr Sing- und Wildv\u00f6gel. Ideal auch im eigenen Garten. Herkunft \u00d6sterreich.Durch die stets zeitnahe Abf\u00fcllung im eigenen Gutsbetrieb garantieren wir beste Qualit\u00e4t ohne \u00dcberlagerung! Trotzdem empfehlen wir die Verwendung innerhalb von 4\u20136 Monaten. K\u00fchl und trocken lagern.\" \/>\n<meta property=\"og:url\" content=\"https:\/\/guthardegg.at\/en\/shop\/vogelfutter-co\/premium-wildvogelfutter\/\" \/>\n<meta property=\"og:site_name\" content=\"Gut Hardegg\" \/>\n<meta property=\"article:modified_time\" content=\"2023-02-13T12:38:17+00:00\" \/>\n<meta property=\"og:image\" content=\"https:\/\/guthardegg.at\/wp-content\/uploads\/GH22_FB_Posting_Stieglitz_1200x628px_202212148.jpg\" \/>\n\t<meta property=\"og:image:width\" content=\"1200\" \/>\n\t<meta property=\"og:image:height\" content=\"628\" \/>\n\t<meta property=\"og:image:type\" content=\"image\/jpeg\" \/>\n<meta name=\"twitter:card\" content=\"summary_large_image\" \/>\n<meta name=\"twitter:label1\" content=\"Est. reading time\" \/>\n\t<meta name=\"twitter:data1\" content=\"1 minute\" \/>\n<script type=\"application\/ld+json\" class=\"yoast-schema-graph\">{\"@context\":\"https:\/\/schema.org\",\"@graph\":[{\"@type\":\"WebPage\",\"@id\":\"https:\/\/guthardegg.at\/shop\/vogelfutter-co\/premium-wildvogelfutter\/\",\"url\":\"https:\/\/guthardegg.at\/shop\/vogelfutter-co\/premium-wildvogelfutter\/\",\"name\":\"PREMIUM WILDVOGELFUTTER - Gut Hardegg\",\"isPartOf\":{\"@id\":\"https:\/\/guthardegg.at\/#website\"},\"primaryImageOfPage\":{\"@id\":\"https:\/\/guthardegg.at\/shop\/vogelfutter-co\/premium-wildvogelfutter\/#primaryimage\"},\"image\":{\"@id\":\"https:\/\/guthardegg.at\/shop\/vogelfutter-co\/premium-wildvogelfutter\/#primaryimage\"},\"thumbnailUrl\":\"https:\/\/guthardegg.at\/wp-content\/uploads\/2020\/06\/110_Hardegg_Vogelfutter_Stillife.jpg\",\"datePublished\":\"2020-06-01T05:46:31+00:00\",\"dateModified\":\"2023-02-13T12:38:17+00:00\",\"description\":\"Mein Beitrag zur Artenvielfalt. Durch die Ver\u00e4nderung vieler Naturlandschaften wird eine Ganzjahresf\u00fctterung f\u00fcr unsere heimischen Vogelarten immer wichtiger. Wildv\u00f6gel sind dabei ein besonders sensibler Indikator f\u00fcr die Artenvielfalt. Deshalb hat Gut Hardegg ein spezielles Vogelfutter entwickelt, das ganzj\u00e4hrig einsetzbar ist. Es ist speziell auf die Bed\u00fcrfnisse heimischer Arten abgestimmt. Wir verwenden daf\u00fcr nur hochwertige Zutaten aus der eigenen Landwirtschaft.Ganzjahresfutter. Geeignet f\u00fcr Sing- und Wildv\u00f6gel. Ideal auch im eigenen Garten. Herkunft \u00d6sterreich.Durch die stets zeitnahe Abf\u00fcllung im eigenen Gutsbetrieb garantieren wir beste Qualit\u00e4t ohne \u00dcberlagerung! Trotzdem empfehlen wir die Verwendung innerhalb von 4\u20136 Monaten. K\u00fchl und trocken lagern.\",\"breadcrumb\":{\"@id\":\"https:\/\/guthardegg.at\/shop\/vogelfutter-co\/premium-wildvogelfutter\/#breadcrumb\"},\"inLanguage\":\"en-US\",\"potentialAction\":[{\"@type\":\"ReadAction\",\"target\":[\"https:\/\/guthardegg.at\/shop\/vogelfutter-co\/premium-wildvogelfutter\/\"]}]},{\"@type\":\"ImageObject\",\"inLanguage\":\"en-US\",\"@id\":\"https:\/\/guthardegg.at\/shop\/vogelfutter-co\/premium-wildvogelfutter\/#primaryimage\",\"url\":\"https:\/\/guthardegg.at\/wp-content\/uploads\/2020\/06\/110_Hardegg_Vogelfutter_Stillife.jpg\",\"contentUrl\":\"https:\/\/guthardegg.at\/wp-content\/uploads\/2020\/06\/110_Hardegg_Vogelfutter_Stillife.jpg\",\"width\":600,\"height\":800},{\"@type\":\"BreadcrumbList\",\"@id\":\"https:\/\/guthardegg.at\/shop\/vogelfutter-co\/premium-wildvogelfutter\/#breadcrumb\",\"itemListElement\":[{\"@type\":\"ListItem\",\"position\":1,\"name\":\"gut hardegg\",\"item\":\"https:\/\/guthardegg.at\/\"},{\"@type\":\"ListItem\",\"position\":2,\"name\":\"Shop\",\"item\":\"https:\/\/guthardegg.at\/shop\/\"},{\"@type\":\"ListItem\",\"position\":3,\"name\":\"Vogelfutter &amp; Co\",\"item\":\"https:\/\/guthardegg.at\/kategorie\/vogelfutter-co\/\"},{\"@type\":\"ListItem\",\"position\":4,\"name\":\"PREMIUM WILDVOGELFUTTER\"}]},{\"@type\":\"WebSite\",\"@id\":\"https:\/\/guthardegg.at\/#website\",\"url\":\"https:\/\/guthardegg.at\/\",\"name\":\"Gut Hardegg\",\"description\":\"Gelebte Artenvielfalt\",\"publisher\":{\"@id\":\"https:\/\/guthardegg.at\/#organization\"},\"potentialAction\":[{\"@type\":\"SearchAction\",\"target\":{\"@type\":\"EntryPoint\",\"urlTemplate\":\"https:\/\/guthardegg.at\/?s={search_term_string}\"},\"query-input\":{\"@type\":\"PropertyValueSpecification\",\"valueRequired\":true,\"valueName\":\"search_term_string\"}}],\"inLanguage\":\"en-US\"},{\"@type\":\"Organization\",\"@id\":\"https:\/\/guthardegg.at\/#organization\",\"name\":\"Gut Hardegg\",\"url\":\"https:\/\/guthardegg.at\/\",\"logo\":{\"@type\":\"ImageObject\",\"inLanguage\":\"en-US\",\"@id\":\"https:\/\/guthardegg.at\/#\/schema\/logo\/image\/\",\"url\":\"https:\/\/guthardegg.at\/wp-content\/uploads\/2020\/05\/Gut-Hardegg-logo.png\",\"contentUrl\":\"https:\/\/guthardegg.at\/wp-content\/uploads\/2020\/05\/Gut-Hardegg-logo.png\",\"width\":945,\"height\":560,\"caption\":\"Gut Hardegg\"},\"image\":{\"@id\":\"https:\/\/guthardegg.at\/#\/schema\/logo\/image\/\"}}]}<\/script>\n<!-- \/ Yoast SEO plugin. -->","yoast_head_json":{"title":"PREMIUM WILDVOGELFUTTER - Gut Hardegg","description":"Mein Beitrag zur Artenvielfalt. Durch die Ver\u00e4nderung vieler Naturlandschaften wird eine Ganzjahresf\u00fctterung f\u00fcr unsere heimischen Vogelarten immer wichtiger. Wildv\u00f6gel sind dabei ein besonders sensibler Indikator f\u00fcr die Artenvielfalt. Deshalb hat Gut Hardegg ein spezielles Vogelfutter entwickelt, das ganzj\u00e4hrig einsetzbar ist. Es ist speziell auf die Bed\u00fcrfnisse heimischer Arten abgestimmt. Wir verwenden daf\u00fcr nur hochwertige Zutaten aus der eigenen Landwirtschaft.Ganzjahresfutter. Geeignet f\u00fcr Sing- und Wildv\u00f6gel. Ideal auch im eigenen Garten. Herkunft \u00d6sterreich.Durch die stets zeitnahe Abf\u00fcllung im eigenen Gutsbetrieb garantieren wir beste Qualit\u00e4t ohne \u00dcberlagerung! Trotzdem empfehlen wir die Verwendung innerhalb von 4\u20136 Monaten. K\u00fchl und trocken lagern.","robots":{"index":"index","follow":"follow","max-snippet":"max-snippet:-1","max-image-preview":"max-image-preview:large","max-video-preview":"max-video-preview:-1"},"canonical":"https:\/\/guthardegg.at\/en\/shop\/vogelfutter-co\/premium-wildvogelfutter\/","og_locale":"en_US","og_type":"article","og_title":"Mein Beitrag zur Artenvielfalt.","og_description":"Durch die Ver\u00e4nderung vieler Naturlandschaften wird eine Ganzjahresf\u00fctterung f\u00fcr unsere heimischen Vogelarten immer wichtiger. Wildv\u00f6gel sind dabei ein besonders sensibler Indikator f\u00fcr die Artenvielfalt. Deshalb hat Gut Hardegg ein spezielles Vogelfutter entwickelt, das ganzj\u00e4hrig einsetzbar ist. Es ist speziell auf die Bed\u00fcrfnisse heimischer Arten abgestimmt. Wir verwenden daf\u00fcr nur hochwertige Zutaten aus der eigenen Landwirtschaft.Ganzjahresfutter. Geeignet f\u00fcr Sing- und Wildv\u00f6gel. Ideal auch im eigenen Garten. Herkunft \u00d6sterreich.Durch die stets zeitnahe Abf\u00fcllung im eigenen Gutsbetrieb garantieren wir beste Qualit\u00e4t ohne \u00dcberlagerung! Trotzdem empfehlen wir die Verwendung innerhalb von 4\u20136 Monaten. K\u00fchl und trocken lagern.","og_url":"https:\/\/guthardegg.at\/en\/shop\/vogelfutter-co\/premium-wildvogelfutter\/","og_site_name":"Gut Hardegg","article_modified_time":"2023-02-13T12:38:17+00:00","og_image":[{"width":1200,"height":628,"url":"https:\/\/guthardegg.at\/wp-content\/uploads\/GH22_FB_Posting_Stieglitz_1200x628px_202212148.jpg","type":"image\/jpeg"}],"twitter_card":"summary_large_image","twitter_misc":{"Est. reading time":"1 minute"},"schema":{"@context":"https:\/\/schema.org","@graph":[{"@type":"WebPage","@id":"https:\/\/guthardegg.at\/shop\/vogelfutter-co\/premium-wildvogelfutter\/","url":"https:\/\/guthardegg.at\/shop\/vogelfutter-co\/premium-wildvogelfutter\/","name":"PREMIUM WILDVOGELFUTTER - Gut Hardegg","isPartOf":{"@id":"https:\/\/guthardegg.at\/#website"},"primaryImageOfPage":{"@id":"https:\/\/guthardegg.at\/shop\/vogelfutter-co\/premium-wildvogelfutter\/#primaryimage"},"image":{"@id":"https:\/\/guthardegg.at\/shop\/vogelfutter-co\/premium-wildvogelfutter\/#primaryimage"},"thumbnailUrl":"https:\/\/guthardegg.at\/wp-content\/uploads\/2020\/06\/110_Hardegg_Vogelfutter_Stillife.jpg","datePublished":"2020-06-01T05:46:31+00:00","dateModified":"2023-02-13T12:38:17+00:00","description":"Mein Beitrag zur Artenvielfalt. Durch die Ver\u00e4nderung vieler Naturlandschaften wird eine Ganzjahresf\u00fctterung f\u00fcr unsere heimischen Vogelarten immer wichtiger. Wildv\u00f6gel sind dabei ein besonders sensibler Indikator f\u00fcr die Artenvielfalt. Deshalb hat Gut Hardegg ein spezielles Vogelfutter entwickelt, das ganzj\u00e4hrig einsetzbar ist. Es ist speziell auf die Bed\u00fcrfnisse heimischer Arten abgestimmt. Wir verwenden daf\u00fcr nur hochwertige Zutaten aus der eigenen Landwirtschaft.Ganzjahresfutter. Geeignet f\u00fcr Sing- und Wildv\u00f6gel. Ideal auch im eigenen Garten. Herkunft \u00d6sterreich.Durch die stets zeitnahe Abf\u00fcllung im eigenen Gutsbetrieb garantieren wir beste Qualit\u00e4t ohne \u00dcberlagerung! Trotzdem empfehlen wir die Verwendung innerhalb von 4\u20136 Monaten. K\u00fchl und trocken lagern.","breadcrumb":{"@id":"https:\/\/guthardegg.at\/shop\/vogelfutter-co\/premium-wildvogelfutter\/#breadcrumb"},"inLanguage":"en-US","potentialAction":[{"@type":"ReadAction","target":["https:\/\/guthardegg.at\/shop\/vogelfutter-co\/premium-wildvogelfutter\/"]}]},{"@type":"ImageObject","inLanguage":"en-US","@id":"https:\/\/guthardegg.at\/shop\/vogelfutter-co\/premium-wildvogelfutter\/#primaryimage","url":"https:\/\/guthardegg.at\/wp-content\/uploads\/2020\/06\/110_Hardegg_Vogelfutter_Stillife.jpg","contentUrl":"https:\/\/guthardegg.at\/wp-content\/uploads\/2020\/06\/110_Hardegg_Vogelfutter_Stillife.jpg","width":600,"height":800},{"@type":"BreadcrumbList","@id":"https:\/\/guthardegg.at\/shop\/vogelfutter-co\/premium-wildvogelfutter\/#breadcrumb","itemListElement":[{"@type":"ListItem","position":1,"name":"gut hardegg","item":"https:\/\/guthardegg.at\/"},{"@type":"ListItem","position":2,"name":"Shop","item":"https:\/\/guthardegg.at\/shop\/"},{"@type":"ListItem","position":3,"name":"Vogelfutter &amp; Co","item":"https:\/\/guthardegg.at\/kategorie\/vogelfutter-co\/"},{"@type":"ListItem","position":4,"name":"PREMIUM WILDVOGELFUTTER"}]},{"@type":"WebSite","@id":"https:\/\/guthardegg.at\/#website","url":"https:\/\/guthardegg.at\/","name":"Gut Hardegg","description":"Gelebte Artenvielfalt","publisher":{"@id":"https:\/\/guthardegg.at\/#organization"},"potentialAction":[{"@type":"SearchAction","target":{"@type":"EntryPoint","urlTemplate":"https:\/\/guthardegg.at\/?s={search_term_string}"},"query-input":{"@type":"PropertyValueSpecification","valueRequired":true,"valueName":"search_term_string"}}],"inLanguage":"en-US"},{"@type":"Organization","@id":"https:\/\/guthardegg.at\/#organization","name":"Gut Hardegg","url":"https:\/\/guthardegg.at\/","logo":{"@type":"ImageObject","inLanguage":"en-US","@id":"https:\/\/guthardegg.at\/#\/schema\/logo\/image\/","url":"https:\/\/guthardegg.at\/wp-content\/uploads\/2020\/05\/Gut-Hardegg-logo.png","contentUrl":"https:\/\/guthardegg.at\/wp-content\/uploads\/2020\/05\/Gut-Hardegg-logo.png","width":945,"height":560,"caption":"Gut Hardegg"},"image":{"@id":"https:\/\/guthardegg.at\/#\/schema\/logo\/image\/"}}]}},"_links":{"self":[{"href":"https:\/\/guthardegg.at\/en\/wp-json\/wp\/v2\/product\/953","targetHints":{"allow":["GET"]}}],"collection":[{"href":"https:\/\/guthardegg.at\/en\/wp-json\/wp\/v2\/product"}],"about":[{"href":"https:\/\/guthardegg.at\/en\/wp-json\/wp\/v2\/types\/product"}],"wp:featuredmedia":[{"embeddable":true,"href":"https:\/\/guthardegg.at\/en\/wp-json\/wp\/v2\/media\/910"}],"wp:attachment":[{"href":"https:\/\/guthardegg.at\/en\/wp-json\/wp\/v2\/media?parent=953"}],"wp:term":[{"taxonomy":"product_brand","embeddable":true,"href":"https:\/\/guthardegg.at\/en\/wp-json\/wp\/v2\/product_brand?post=953"},{"taxonomy":"product_cat","embeddable":true,"href":"https:\/\/guthardegg.at\/en\/wp-json\/wp\/v2\/product_cat?post=953"},{"taxonomy":"product_tag","embeddable":true,"href":"https:\/\/guthardegg.at\/en\/wp-json\/wp\/v2\/product_tag?post=953"}],"curies":[{"name":"wp","href":"https:\/\/api.w.org\/{rel}","templated":true}]}}