{"id":958,"date":"2020-06-01T07:46:31","date_gmt":"2020-06-01T05:46:31","guid":{"rendered":"https:\/\/guthardegg.at\/shop\/unkategorisiert\/vogelfutter-spender\/"},"modified":"2024-06-19T14:51:59","modified_gmt":"2024-06-19T12:51:59","slug":"vogelfutter-spender","status":"publish","type":"product","link":"https:\/\/guthardegg.at\/en\/shop\/vogelfutter-co\/vogelfutter-spender\/","title":{"rendered":"VOGELFUTTER-SPENDER"},"content":{"rendered":"<p><b>Mein Beitrag zur Artenvielfalt.<\/b><br \/>\nUnser bew\u00e4hrter Futterspender bietet den meisten Wildvogelarten einen idealen Fressplatz \u2013 ob stehend, sitzend oder fliegend: die artgerechte Futterentnahme ist durch die 5 \u00d6ffnungen, 2 davon haben eine Schraube, damit sich die V\u00f6gel setzen k\u00f6nnen, fu\u0308r alle gew\u00e4hrleistet. Der Ku\u0308bel wird ganz einfach von oben befu\u0308llt und kann eine Vorratsmenge von bis zu 20kg aufnehmen.<\/p>\n<p>Durch die ausgew\u00e4hlten Gru\u0308nt\u00f6ne \u2013 der Ku\u0308bel ist dunkelgru\u0308n, das Gestell in grau-oliv \u2013 fu\u0308gt sich die \u201eFutterkrippe\u201c fu\u0308r V\u00f6gel in nahezu jedes Landschaftsbild ein.<\/p>\n<p><b>Die Vorteile im \u00dcberblick<\/b><br \/>\n\u2022 besonders wildvogelfreundlich<br \/>\n\u2022 schu\u0308tzt vor Futterdiebstahl<br \/>\n\u2022 stabil, langlebig und wetterbest\u00e4ndig<br \/>\n\u2022 leicht zu befu\u0308llen, effiziente Vorratshaltung<br \/>\n\u2022 einfach zu transportieren<br \/>\n\u2022 ideal fu\u0308r land- und forstwirtschaftliche Betriebe<br \/>\n\u2022 sehr wirtschaftlich<br \/>\n\u2022 fu\u0308gt sich in die Landschaft ein<\/p>","protected":false},"excerpt":{"rendered":"<p>Mein Beitrag zur Artenvielfalt. Unser bew\u00e4hrter Futterspender bietet den meisten Wildvogelarten einen idealen Fressplatz \u2013 ob stehend, sitzend oder fliegend: die artgerechte Futterentnahme ist durch die 5 \u00d6ffnungen, 2 davon haben eine Schraube, damit sich die V\u00f6gel setzen k\u00f6nnen, fu\u0308r alle gew\u00e4hrleistet. Der Ku\u0308bel wird ganz einfach von oben befu\u0308llt und kann eine Vorratsmenge von [&#8230;]<\/p>","protected":false},"featured_media":5897,"template":"","meta":{"_acf_changed":false},"product_brand":[],"product_cat":[22],"product_tag":[],"class_list":{"0":"post-958","1":"product","2":"type-product","3":"status-publish","4":"has-post-thumbnail","6":"product_cat-vogelfutter-co","8":"first","9":"instock","10":"taxable","11":"shipping-taxable","12":"purchasable","13":"product-type-simple"},"acf":[],"yoast_head":"<!-- This site is optimized with the Yoast SEO plugin v24.8.1 - https:\/\/yoast.com\/wordpress\/plugins\/seo\/ -->\n<title>VOGELFUTTER-SPENDER - Gut Hardegg<\/title>\n<meta name=\"robots\" content=\"index, follow, max-snippet:-1, max-image-preview:large, max-video-preview:-1\" \/>\n<link rel=\"canonical\" href=\"https:\/\/guthardegg.at\/en\/shop\/vogelfutter-co\/vogelfutter-spender\/\" \/>\n<meta property=\"og:locale\" content=\"en_US\" \/>\n<meta property=\"og:type\" content=\"article\" \/>\n<meta property=\"og:title\" content=\"VOGELFUTTER-SPENDER - Gut Hardegg\" \/>\n<meta property=\"og:description\" content=\"Mein Beitrag zur Artenvielfalt. Unser bew\u00e4hrter Futterspender bietet den meisten Wildvogelarten einen idealen Fressplatz \u2013 ob stehend, sitzend oder fliegend: die artgerechte Futterentnahme ist durch die 5 \u00d6ffnungen, 2 davon haben eine Schraube, damit sich die V\u00f6gel setzen k\u00f6nnen, fu\u0308r alle gew\u00e4hrleistet. Der Ku\u0308bel wird ganz einfach von oben befu\u0308llt und kann eine Vorratsmenge von [...]\" \/>\n<meta property=\"og:url\" content=\"https:\/\/guthardegg.at\/en\/shop\/vogelfutter-co\/vogelfutter-spender\/\" \/>\n<meta property=\"og:site_name\" content=\"Gut Hardegg\" \/>\n<meta property=\"article:modified_time\" content=\"2024-06-19T12:51:59+00:00\" \/>\n<meta property=\"og:image\" content=\"https:\/\/guthardegg.at\/wp-content\/uploads\/114_Hardegg_Vogelfutter_Futterspender_012023.jpg\" \/>\n\t<meta property=\"og:image:width\" content=\"600\" \/>\n\t<meta property=\"og:image:height\" content=\"800\" \/>\n\t<meta property=\"og:image:type\" content=\"image\/jpeg\" \/>\n<meta name=\"twitter:card\" content=\"summary_large_image\" \/>\n<meta name=\"twitter:label1\" content=\"Est. reading time\" \/>\n\t<meta name=\"twitter:data1\" content=\"1 minute\" \/>\n<script type=\"application\/ld+json\" class=\"yoast-schema-graph\">{\"@context\":\"https:\/\/schema.org\",\"@graph\":[{\"@type\":\"WebPage\",\"@id\":\"https:\/\/guthardegg.at\/shop\/vogelfutter-co\/vogelfutter-spender\/\",\"url\":\"https:\/\/guthardegg.at\/shop\/vogelfutter-co\/vogelfutter-spender\/\",\"name\":\"VOGELFUTTER-SPENDER - Gut Hardegg\",\"isPartOf\":{\"@id\":\"https:\/\/guthardegg.at\/#website\"},\"primaryImageOfPage\":{\"@id\":\"https:\/\/guthardegg.at\/shop\/vogelfutter-co\/vogelfutter-spender\/#primaryimage\"},\"image\":{\"@id\":\"https:\/\/guthardegg.at\/shop\/vogelfutter-co\/vogelfutter-spender\/#primaryimage\"},\"thumbnailUrl\":\"https:\/\/guthardegg.at\/wp-content\/uploads\/114_Hardegg_Vogelfutter_Futterspender_012023.jpg\",\"datePublished\":\"2020-06-01T05:46:31+00:00\",\"dateModified\":\"2024-06-19T12:51:59+00:00\",\"breadcrumb\":{\"@id\":\"https:\/\/guthardegg.at\/shop\/vogelfutter-co\/vogelfutter-spender\/#breadcrumb\"},\"inLanguage\":\"en-US\",\"potentialAction\":[{\"@type\":\"ReadAction\",\"target\":[\"https:\/\/guthardegg.at\/shop\/vogelfutter-co\/vogelfutter-spender\/\"]}]},{\"@type\":\"ImageObject\",\"inLanguage\":\"en-US\",\"@id\":\"https:\/\/guthardegg.at\/shop\/vogelfutter-co\/vogelfutter-spender\/#primaryimage\",\"url\":\"https:\/\/guthardegg.at\/wp-content\/uploads\/114_Hardegg_Vogelfutter_Futterspender_012023.jpg\",\"contentUrl\":\"https:\/\/guthardegg.at\/wp-content\/uploads\/114_Hardegg_Vogelfutter_Futterspender_012023.jpg\",\"width\":600,\"height\":800},{\"@type\":\"BreadcrumbList\",\"@id\":\"https:\/\/guthardegg.at\/shop\/vogelfutter-co\/vogelfutter-spender\/#breadcrumb\",\"itemListElement\":[{\"@type\":\"ListItem\",\"position\":1,\"name\":\"gut hardegg\",\"item\":\"https:\/\/guthardegg.at\/\"},{\"@type\":\"ListItem\",\"position\":2,\"name\":\"Shop\",\"item\":\"https:\/\/guthardegg.at\/shop\/\"},{\"@type\":\"ListItem\",\"position\":3,\"name\":\"Vogelfutter &amp; Co\",\"item\":\"https:\/\/guthardegg.at\/kategorie\/vogelfutter-co\/\"},{\"@type\":\"ListItem\",\"position\":4,\"name\":\"VOGELFUTTER-SPENDER\"}]},{\"@type\":\"WebSite\",\"@id\":\"https:\/\/guthardegg.at\/#website\",\"url\":\"https:\/\/guthardegg.at\/\",\"name\":\"Gut Hardegg\",\"description\":\"Gelebte Artenvielfalt\",\"publisher\":{\"@id\":\"https:\/\/guthardegg.at\/#organization\"},\"potentialAction\":[{\"@type\":\"SearchAction\",\"target\":{\"@type\":\"EntryPoint\",\"urlTemplate\":\"https:\/\/guthardegg.at\/?s={search_term_string}\"},\"query-input\":{\"@type\":\"PropertyValueSpecification\",\"valueRequired\":true,\"valueName\":\"search_term_string\"}}],\"inLanguage\":\"en-US\"},{\"@type\":\"Organization\",\"@id\":\"https:\/\/guthardegg.at\/#organization\",\"name\":\"Gut Hardegg\",\"url\":\"https:\/\/guthardegg.at\/\",\"logo\":{\"@type\":\"ImageObject\",\"inLanguage\":\"en-US\",\"@id\":\"https:\/\/guthardegg.at\/#\/schema\/logo\/image\/\",\"url\":\"https:\/\/guthardegg.at\/wp-content\/uploads\/2020\/05\/Gut-Hardegg-logo.png\",\"contentUrl\":\"https:\/\/guthardegg.at\/wp-content\/uploads\/2020\/05\/Gut-Hardegg-logo.png\",\"width\":945,\"height\":560,\"caption\":\"Gut Hardegg\"},\"image\":{\"@id\":\"https:\/\/guthardegg.at\/#\/schema\/logo\/image\/\"}}]}<\/script>\n<!-- \/ Yoast SEO plugin. -->","yoast_head_json":{"title":"VOGELFUTTER-SPENDER - Gut Hardegg","robots":{"index":"index","follow":"follow","max-snippet":"max-snippet:-1","max-image-preview":"max-image-preview:large","max-video-preview":"max-video-preview:-1"},"canonical":"https:\/\/guthardegg.at\/en\/shop\/vogelfutter-co\/vogelfutter-spender\/","og_locale":"en_US","og_type":"article","og_title":"VOGELFUTTER-SPENDER - Gut Hardegg","og_description":"Mein Beitrag zur Artenvielfalt. Unser bew\u00e4hrter Futterspender bietet den meisten Wildvogelarten einen idealen Fressplatz \u2013 ob stehend, sitzend oder fliegend: die artgerechte Futterentnahme ist durch die 5 \u00d6ffnungen, 2 davon haben eine Schraube, damit sich die V\u00f6gel setzen k\u00f6nnen, fu\u0308r alle gew\u00e4hrleistet. Der Ku\u0308bel wird ganz einfach von oben befu\u0308llt und kann eine Vorratsmenge von [...]","og_url":"https:\/\/guthardegg.at\/en\/shop\/vogelfutter-co\/vogelfutter-spender\/","og_site_name":"Gut Hardegg","article_modified_time":"2024-06-19T12:51:59+00:00","og_image":[{"width":600,"height":800,"url":"https:\/\/guthardegg.at\/wp-content\/uploads\/114_Hardegg_Vogelfutter_Futterspender_012023.jpg","type":"image\/jpeg"}],"twitter_card":"summary_large_image","twitter_misc":{"Est. reading time":"1 minute"},"schema":{"@context":"https:\/\/schema.org","@graph":[{"@type":"WebPage","@id":"https:\/\/guthardegg.at\/shop\/vogelfutter-co\/vogelfutter-spender\/","url":"https:\/\/guthardegg.at\/shop\/vogelfutter-co\/vogelfutter-spender\/","name":"VOGELFUTTER-SPENDER - Gut Hardegg","isPartOf":{"@id":"https:\/\/guthardegg.at\/#website"},"primaryImageOfPage":{"@id":"https:\/\/guthardegg.at\/shop\/vogelfutter-co\/vogelfutter-spender\/#primaryimage"},"image":{"@id":"https:\/\/guthardegg.at\/shop\/vogelfutter-co\/vogelfutter-spender\/#primaryimage"},"thumbnailUrl":"https:\/\/guthardegg.at\/wp-content\/uploads\/114_Hardegg_Vogelfutter_Futterspender_012023.jpg","datePublished":"2020-06-01T05:46:31+00:00","dateModified":"2024-06-19T12:51:59+00:00","breadcrumb":{"@id":"https:\/\/guthardegg.at\/shop\/vogelfutter-co\/vogelfutter-spender\/#breadcrumb"},"inLanguage":"en-US","potentialAction":[{"@type":"ReadAction","target":["https:\/\/guthardegg.at\/shop\/vogelfutter-co\/vogelfutter-spender\/"]}]},{"@type":"ImageObject","inLanguage":"en-US","@id":"https:\/\/guthardegg.at\/shop\/vogelfutter-co\/vogelfutter-spender\/#primaryimage","url":"https:\/\/guthardegg.at\/wp-content\/uploads\/114_Hardegg_Vogelfutter_Futterspender_012023.jpg","contentUrl":"https:\/\/guthardegg.at\/wp-content\/uploads\/114_Hardegg_Vogelfutter_Futterspender_012023.jpg","width":600,"height":800},{"@type":"BreadcrumbList","@id":"https:\/\/guthardegg.at\/shop\/vogelfutter-co\/vogelfutter-spender\/#breadcrumb","itemListElement":[{"@type":"ListItem","position":1,"name":"gut hardegg","item":"https:\/\/guthardegg.at\/"},{"@type":"ListItem","position":2,"name":"Shop","item":"https:\/\/guthardegg.at\/shop\/"},{"@type":"ListItem","position":3,"name":"Vogelfutter &amp; Co","item":"https:\/\/guthardegg.at\/kategorie\/vogelfutter-co\/"},{"@type":"ListItem","position":4,"name":"VOGELFUTTER-SPENDER"}]},{"@type":"WebSite","@id":"https:\/\/guthardegg.at\/#website","url":"https:\/\/guthardegg.at\/","name":"Gut Hardegg","description":"Gelebte Artenvielfalt","publisher":{"@id":"https:\/\/guthardegg.at\/#organization"},"potentialAction":[{"@type":"SearchAction","target":{"@type":"EntryPoint","urlTemplate":"https:\/\/guthardegg.at\/?s={search_term_string}"},"query-input":{"@type":"PropertyValueSpecification","valueRequired":true,"valueName":"search_term_string"}}],"inLanguage":"en-US"},{"@type":"Organization","@id":"https:\/\/guthardegg.at\/#organization","name":"Gut Hardegg","url":"https:\/\/guthardegg.at\/","logo":{"@type":"ImageObject","inLanguage":"en-US","@id":"https:\/\/guthardegg.at\/#\/schema\/logo\/image\/","url":"https:\/\/guthardegg.at\/wp-content\/uploads\/2020\/05\/Gut-Hardegg-logo.png","contentUrl":"https:\/\/guthardegg.at\/wp-content\/uploads\/2020\/05\/Gut-Hardegg-logo.png","width":945,"height":560,"caption":"Gut Hardegg"},"image":{"@id":"https:\/\/guthardegg.at\/#\/schema\/logo\/image\/"}}]}},"_links":{"self":[{"href":"https:\/\/guthardegg.at\/en\/wp-json\/wp\/v2\/product\/958","targetHints":{"allow":["GET"]}}],"collection":[{"href":"https:\/\/guthardegg.at\/en\/wp-json\/wp\/v2\/product"}],"about":[{"href":"https:\/\/guthardegg.at\/en\/wp-json\/wp\/v2\/types\/product"}],"wp:featuredmedia":[{"embeddable":true,"href":"https:\/\/guthardegg.at\/en\/wp-json\/wp\/v2\/media\/5897"}],"wp:attachment":[{"href":"https:\/\/guthardegg.at\/en\/wp-json\/wp\/v2\/media?parent=958"}],"wp:term":[{"taxonomy":"product_brand","embeddable":true,"href":"https:\/\/guthardegg.at\/en\/wp-json\/wp\/v2\/product_brand?post=958"},{"taxonomy":"product_cat","embeddable":true,"href":"https:\/\/guthardegg.at\/en\/wp-json\/wp\/v2\/product_cat?post=958"},{"taxonomy":"product_tag","embeddable":true,"href":"https:\/\/guthardegg.at\/en\/wp-json\/wp\/v2\/product_tag?post=958"}],"curies":[{"name":"wp","href":"https:\/\/api.w.org\/{rel}","templated":true}]}}